{"id":5831,"date":"2024-05-27T17:43:35","date_gmt":"2024-05-27T09:43:35","guid":{"rendered":"https:\/\/timeway-hydraulics.com\/?post_type=product&#038;p=5831"},"modified":"2024-07-01T16:38:29","modified_gmt":"2024-07-01T08:38:29","slug":"a2fo-a2fm-a2fe","status":"publish","type":"product","link":"https:\/\/timeway-hydraulics.com\/vi\/product\/a2fo-a2fm-a2fe\/","title":{"rendered":"D\u00f2ng A2FO\/A2FM\/A2FE"},"content":{"rendered":"<h6 class=\"elementor-image-box-title\"><span style=\"color: #999999;\"><a style=\"color: #999999;\" href=\"https:\/\/timeway-hydraulics.com\/vi\/rexroth-series-2\/\">D\u00f2ng REXROTH<\/a><\/span><\/h6>\n<p><!--more--><\/p>\n<h5>A2FE A2FM A2FO B\u01a1m piston th\u1ee7y l\u1ef1c Rexroth A2FE28 A2FE45 A2FE160 A2FM32 A2FM45 A2FM56 A2FM80 A2FM107 A2FM160 A2FM180 A2FO10 A2FO12 A2FO16 A2FO23 A2FO32 A2FO45 A2FO56 A2FO125 A2FO180 Ph\u1ee5 t\u00f9ng thay th\u1ebf<\/h5>\n<p><!--more--><\/p>\n<table style=\"border-collapse: collapse; width: 567.02pt;\" border=\"0\" width=\"756\" cellspacing=\"0\" cellpadding=\"0\">\n<tbody>\n<tr style=\"height: 16.50pt;\">\n<td class=\"et3\" style=\"height: 16.50pt; width: 141.75pt;\" width=\"189\" height=\"22\"><strong>T\u00ean s\u1ea3n ph\u1ea9m:<\/strong><\/td>\n<td class=\"et4\" style=\"width: 425.25pt;\" colspan=\"3\" width=\"567\">Linh ki\u1ec7n b\u01a1m th\u1ee7y l\u1ef1c &amp; c\u1ee5m b\u01a1m<\/td>\n<\/tr>\n<tr style=\"height: 16.50pt;\">\n<td class=\"et3\" style=\"height: 16.50pt;\" height=\"22\"><strong>Ng\u01b0\u1eddi m\u1eabu:<\/strong><\/td>\n<td class=\"et4\" colspan=\"3\">Cung c\u1ea5p t\u1ea5t c\u1ea3 c\u00e1c ph\u1ee5 t\u00f9ng thay th\u1ebf c\u1ee7a th\u01b0\u01a1ng hi\u1ec7u, vui l\u00f2ng cho ch\u00fang t\u00f4i bi\u1ebft nhu c\u1ea7u c\u1ee7a b\u1ea1n<\/td>\n<\/tr>\n<tr style=\"height: 16.50pt;\">\n<td class=\"et3\" style=\"height: 16.50pt;\" height=\"22\"><strong>T\u1eeb kh\u00f3a:<\/strong><\/td>\n<td class=\"et4\" colspan=\"3\">Linh ki\u1ec7n \u0111\u1ed9ng c\u01a1 quay\/Linh ki\u1ec7n \u0111\u1ed9ng c\u01a1 du l\u1ecbch\/<\/td>\n<\/tr>\n<tr style=\"height: 16.50pt;\">\n<td class=\"et3\" style=\"height: 16.50pt;\" height=\"22\"><strong>Th\u1eddi gian giao h\u00e0ng:<\/strong><\/td>\n<td class=\"et4\" colspan=\"3\">1-3 ng\u00e0y \u0111\u1ed1i v\u1edbi h\u00e0ng c\u00f3 s\u1eb5n, 5-10 ng\u00e0y \u0111\u1ed1i v\u1edbi h\u00e0ng kh\u00f4ng c\u00f3 s\u1eb5n<\/td>\n<\/tr>\n<tr style=\"height: 16.50pt;\">\n<td class=\"et3\" style=\"height: 16.50pt;\" height=\"22\"><strong>\u0110i\u1ec1u kho\u1ea3n thanh to\u00e1n:<\/strong><\/td>\n<td class=\"et4\" colspan=\"3\">T\/T, Western Union, Paysend, LC, PAYPAL, v.v.<\/td>\n<\/tr>\n<tr style=\"height: 16.50pt;\">\n<td class=\"et3\" style=\"height: 16.50pt;\" height=\"22\"><strong>N\u01a1i xu\u1ea5t x\u1ee9:<\/strong><\/td>\n<td class=\"et4\">Trung Qu\u1ed1c<\/td>\n<td class=\"et3\"><strong>T\u00ean th\u01b0\u01a1ng hi\u1ec7u:<\/strong><\/td>\n<td class=\"et4\">TH\u1edcI GIAN<\/td>\n<\/tr>\n<tr style=\"height: 16.50pt;\">\n<td class=\"et3\" style=\"height: 16.50pt;\" height=\"22\"><strong>C\u00e1ch s\u1eed d\u1ee5ng:<\/strong><\/td>\n<td class=\"et4\">S\u1eeda ch\u1eefa m\u00e1y b\u01a1m<\/td>\n<td class=\"et3\"><strong>B\u1ea3o h\u00e0nh:<\/strong><\/td>\n<td class=\"et4\">6-12 th\u00e1ng<\/td>\n<\/tr>\n<tr style=\"height: 16.50pt;\">\n<td class=\"et3\" style=\"height: 16.50pt;\" height=\"22\"><strong>V\u1eadt li\u1ec7u:<\/strong><\/td>\n<td class=\"et4\">Th\u00e9p v\u00e0 \u0110\u1ed3ng<\/td>\n<td class=\"et3\"><strong>B\u01b0u ki\u1ec7n:<\/strong><\/td>\n<td class=\"et4\">V\u1ecf g\u1ed7\/H\u1ed9p c\u00e1c t\u00f4ng<\/td>\n<\/tr>\n<tr style=\"height: 16.50pt;\">\n<td class=\"et3\" style=\"height: 16.50pt;\" height=\"22\"><strong>S\u1ed1 l\u01b0\u1ee3ng \u0111\u1eb7t h\u00e0ng t\u1ed1i thi\u1ec3u:<\/strong><\/td>\n<td class=\"et4\">1<\/td>\n<td class=\"et3\"><strong>Ph\u01b0\u01a1ng th\u1ee9c giao h\u00e0ng:<\/strong><\/td>\n<td class=\"et4\">H\u00e0ng kh\u00f4ng\/ Chuy\u1ec3n ph\u00e1t nhanh\/ \u0110\u01b0\u1eddng bi\u1ec3n<\/td>\n<\/tr>\n<\/tbody>\n<\/table>\n<p><span style=\"color: #008000;\"><strong>Ch\u00fang t\u00f4i cung c\u1ea5p nhi\u1ec1u lo\u1ea1i ph\u1ee5 t\u00f9ng m\u00e1y x\u00fac c\u00f3 th\u1ec3 cung c\u1ea5p nhi\u1ec1u th\u00f4ng s\u1ed1 k\u1ef9 thu\u1eadt v\u00e0 k\u00edch th\u01b0\u1edbc h\u01a1n n\u1ebfu b\u1ea1n c\u1ea7n.<\/strong><\/span><\/p>\n<p><img fetchpriority=\"high\" decoding=\"async\" class=\"alignnone wp-image-7323\" src=\"https:\/\/timeway-hydraulics.com\/wp-content\/uploads\/2024\/05\/A2FM-A2FE-\u7cfb\u5217-\u6c34\u5370-186x300.jpg\" alt=\"\" width=\"826\" height=\"1332\" srcset=\"https:\/\/timeway-hydraulics.com\/wp-content\/uploads\/2024\/05\/A2FM-A2FE-\u7cfb\u5217-\u6c34\u5370-186x300.jpg 186w, https:\/\/timeway-hydraulics.com\/wp-content\/uploads\/2024\/05\/A2FM-A2FE-\u7cfb\u5217-\u6c34\u5370.jpg 368w\" sizes=\"(max-width: 826px) 100vw, 826px\" \/><\/p>\n<table width=\"648\">\n<tbody>\n<tr>\n<td colspan=\"4\" width=\"648\"><strong>C\u00f4ng ty ch\u00fang t\u00f4i hi\u1ec7n cung c\u1ea5p m\u1ed9t s\u1ed1 l\u01b0\u1ee3ng l\u1edbn b\u01a1m piston, \u0111\u1ed9ng c\u01a1, b\u1ed9 gi\u1ea3m t\u1ed1c v\u00e0 c\u00e1c ph\u1ee5 t\u00f9ng li\u00ean quan. C\u00e1c nh\u00e0 s\u1ea3n xu\u1ea5t ch\u00ednh l\u00e0: Rexroth, Hitachi, Komatsu, Kawasaki, Caterpillar, NACHI, Toshiba, Kobelco \/ Kato, v.v.<\/strong><\/td>\n<\/tr>\n<tr>\n<td style=\"text-align: center;\" colspan=\"4\" width=\"648\"><span style=\"color: #008000;\"><strong>C\u00e1c m\u00f4 h\u00ecnh c\u1ee5 th\u1ec3 l\u00e0:<\/strong><\/span><\/td>\n<\/tr>\n<tr>\n<td width=\"81\">D\u00f2ng Hitachi:<\/td>\n<td colspan=\"3\" width=\"567\">HPV050; HPV080; B\u01a1m ch\u00ednh ZX120-6 (HPK055); HPV091 (B\u01a1m \u0111\u01a1n EX200-2\/3, EX120-2); HPV102 (EX200-5\/6); HPV116 (EX200-1); HPV118 (B\u01a1m ch\u00ednh ZX200-3, ZX270) v.v.<\/td>\n<\/tr>\n<tr>\n<td width=\"81\">D\u00f2ng m\u00e1y b\u01a1m ch\u00ednh c\u1ee7a m\u00e1y x\u00fac Komatsu:<\/td>\n<td colspan=\"3\" width=\"567\">HPV35 (PC60); HPV55 (PC120); HPV90 (PC200-3); HPV90 (PC200-5); PHV95 (PC200-6, PC120-6 ngo\u1ea1i tr\u1eeb tr\u1ee5c b\u01a1m); HPV132 (PC300-7, PC400-6); HPV160 (PC300\/400-3\/5); HPV135; PC30UU; PC40-8 b\u01a1m ch\u00ednh; PC50; PC60, v.v.<\/td>\n<\/tr>\n<tr>\n<td width=\"81\">D\u00f2ng Caterpillar:<\/td>\n<td colspan=\"3\" width=\"567\">B\u01a1m \u0111\u00f4i VRD63 (CAT120); B\u01a1m ch\u00ednh SBS80 (CAT312C); B\u01a1m \u0111\u00f4i E200B (m\u1edbi); B\u01a1m \u0111\u00f4i AP-12; AP-14 (CAT325C); B\u01a1m \u0111\u00f4i CAT320C; B\u01a1m \u0111\u00f4i SPK10\/10 (E200B); B\u01a1m \u0111\u00f4i SPV10\/10 (MS180); \u0110\u1ed9ng c\u01a1 di chuy\u1ec3n CAT12G; CAT14G\/16G; CAT215; CAT245; CAT330B; PSV450 (AP-12) \u0111i b\u1ed9; CAT992; CAT330C \u0111i b\u1ed9; CAT385H.<\/td>\n<\/tr>\n<tr>\n<td width=\"81\">D\u00f2ng Kayab (KYB, kayaba):<\/td>\n<td colspan=\"3\" width=\"567\">PSVD2-16E (Shanhe Intelligent 1,6-2 t\u1ea5n); PSVD2-21C (KYB); M\u00e1y b\u01a1m ch\u00ednh \u0111\u00e0o nh\u1ecf PSVD2-21E (KYB) 4T\/SVD22; PSVD2-26E\/27E (KYB); KYB-25CC (Ishikawashima 45, Kubota K040\/K045); Ishikawajima 60; PSVL-54 (m\u00e1y \u0111\u00e0o KYB Kubota 6 t\u1ea5n 155).<\/td>\n<\/tr>\n<tr>\n<td width=\"81\">D\u00f2ng Nachi:<\/td>\n<td colspan=\"3\" width=\"567\">PVD-2B-32L; PVD-2B-34 di chuy\u1ec3n; PVD-2B-34L (m\u00e1y b\u01a1m ch\u00ednh \u0111\u00e0o nh\u1ecf); PVD-2B-36L\/38\/40; PVD-2B-42; PVD-2B-63; PVD45; 130; PVK-2B-505 (m\u00e1y b\u01a1m ch\u00ednh ZAX55); \u0110\u1ed9ng c\u01a1 quay \u0111\u00e0o nh\u1ecf Yuchai YC35-6; \u0110\u1ed9ng c\u01a1 di chuy\u1ec3n \u0111\u00e0o nh\u1ecf Yuchai YC35-6; PCL-200-18B (Yuchai 55 v\u00f2ng quay); M\u00e1y \u0111\u00e0o Bobcat 331 (Quay); Bobcat 337 (\u0111\u1ed9ng c\u01a1 di chuy\u1ec3n).<\/td>\n<\/tr>\n<tr>\n<td width=\"81\">D\u00f2ng s\u1ea3n ph\u1ea9m Toshiba:<\/td>\n<td colspan=\"3\" width=\"567\">SG02; SG025 (MFB40); SG04 (MFB80); SG08 (MFB160); SG12; SG20 (MFB250); PVB92 (PVC90RC08\/PVC70R) (m\u00e1y \u0111\u00e0o Toshiba 8 t\u1ea5n, Yuchai 8,5 t\u1ea5n); PV090; PV092 (PV080 universal); PSVS-90.<\/td>\n<\/tr>\n<tr>\n<td width=\"81\">D\u00f2ng JEIL:<\/td>\n<td colspan=\"3\" width=\"567\">JMV-44\/22; JMV-53\/34 (\u0111\u1ed9ng c\u01a1 di chuy\u1ec3n m\u00e1y x\u00fac nh\u1ecf 6-8 t\u1ea5n); JMF-64; JMV 147\/95; JMF-151-VBR (22SM1510117); JMF-155.<\/td>\n<\/tr>\n<tr>\n<td width=\"81\">D\u00f2ng Liebherr:<\/td>\n<td colspan=\"3\" width=\"567\">LPVD45; LPVD64; LPVD75; LPVD90; LPVD100; LPVD100 m\u1edbi (914); LPVD125; LPVD125 m\u1edbi; LPVD140; LPVD250; LPVD260.<\/td>\n<\/tr>\n<tr>\n<td width=\"81\">D\u00f2ng Kobelco\/Kato:<\/td>\n<td colspan=\"3\" width=\"567\">B\u01a1m ch\u00ednh SK250-8; \u0110\u1ed9ng c\u01a1 di chuy\u1ec3n SK200-1\/3; \u0110\u1ed9ng c\u01a1 di chuy\u1ec3n SK220-3 (MA340); \u0110\u1ed9ng c\u01a1 di chuy\u1ec3n SK200-6; \u0110\u1ed9ng c\u01a1 di chuy\u1ec3n SK200-6 m\u1edbi; \u0110\u1ed9ng c\u01a1 di chuy\u1ec3n SK320; \u0110\u1ed9ng c\u01a1 di chuy\u1ec3n M3V150 (SK220-2); \u0110\u1ed9ng c\u01a1 di chuy\u1ec3n SK430; \u0110\u1ed9ng c\u01a1 m\u00e1y x\u00fac Kato 400; HD450V-2 (Kato); HD3000; DH55 (\u0110\u1ed9ng c\u01a1 quay m\u00e1y x\u00fac Daewoo 55); \u0110\u1ed9ng c\u01a1 quay T3X128\/Daewoo 300-7; \u0110\u1ed9ng c\u01a1 di chuy\u1ec3n Daewoo 225-7; \u0110\u1ed9ng c\u01a1 quay Daewoo DH370; \u0110\u1ed9ng c\u01a1 quay Hyundai 60-7; \u0110\u1ed9ng c\u01a1 xoay 480 hi\u1ec7n \u0111\u1ea1i.<\/td>\n<\/tr>\n<tr>\n<td width=\"81\">D\u00f2ng xe Kawasaki:<\/td>\n<td colspan=\"3\" width=\"567\">M\u00e1y b\u01a1m ch\u00ednh m\u00e1y x\u00fac h\u1ea1ng trung 8 t\u1ea5n K3SP36C (SDV36); K3V63DT (K3V63BDT); K3V112DT; K3V140DT; K3V180DT; K3V280; K3VG280; K3VG180; K3VL45; K5V80; K5V140 (Doosan 300-7); K5V160 (m\u00e1y b\u01a1m ch\u00ednh 300-6 hi\u1ec7n \u0111\u1ea1i); M2X63; M2X96 (EX200-2); M2X120; M2X146 (EX200-5); M2X150\/170 (EX400); M2X210 (EX270\/280\/300); M5X130<\/td>\n<\/tr>\n<tr>\n<td width=\"81\">D\u00f2ng s\u1ea3n ph\u1ea9m Nabtesco:<\/td>\n<td colspan=\"3\" width=\"567\">GM05VL; GM05VA; GM06VL (60 Daewoo \u0111i b\u1ed9); GM07VA (Daewoo DH55, Komatsu \u0111i b\u1ed9 60-7); GM08 (Komatsu 60-3 \/ 5 \u0111i b\u1ed9); GM09 (MSPG06-025 \/ PC60-7 \u0111\u1ed9ng c\u01a1 di chuy\u1ec3n); GM10; GM17 (PC120-3 \/ 5 \u0111i b\u1ed9); GM18; GM23; GM30H; GM35VA; GM35VL (\u0111\u1ed9ng c\u01a1 di chuy\u1ec3n); GM38VB (SK200-8, \u0111\u1ed9ng c\u01a1 di chuy\u1ec3n Kato 1023-3); DNB08.<\/td>\n<\/tr>\n<tr>\n<td width=\"81\">D\u00f2ng Rexroth:<\/td>\n<td colspan=\"3\" width=\"567\">A4V40; A4V56; A4V71; A4V125; A4V250; A4VFO28; A4VSO40; A4VSO71; A4VSO125; A4VSO180; A4VSO250; A4VSO355; A4VSO500; A4VF500 \/ A4F500; A4VG28 (A4F028); A4VG50;; A4VG40; A4VG45 A4VG56; A4VG71; A4VTG71; A4VG90 (A4VT90HW \/ 32R); A4VHW90; A4VTG90 b\u01a1m s\u1ea1c (L\u1eafp d\u00e0y); A4VG125; A4VG125 b\u01a1m s\u1ea1c; A4VG125 b\u01a1m s\u1ea1c (lo\u1ea1i s\u1eed d\u1ee5ng chung); M\u00e1y b\u01a1m t\u0103ng \u00e1p A4VG125 (lo\u1ea1i d\u00e2y A10VO28); M\u00e1y b\u01a1m t\u0103ng \u00e1p A4VG12 (l\u1edbn).<\/td>\n<\/tr>\n<tr>\n<td width=\"81\">D\u00f2ng b\u01a1m tr\u1ee5c cong Rexroth:<\/td>\n<td colspan=\"3\" width=\"567\">A2F5;A2F12;A2F23;A2VK28;2VK28;A2F28;A2F55;A2F80;A2F107;A2F160;A2F200;<br \/>\nA2V225;A2F250;A2V500;A2V915;A2F355;A2F500;A2F1000;<br \/>\nA2FO10;A2FO12;A2FO16;A2FO23;A2FO28;A2FO32;A2FO45; A2FO56; A2FO63; A2FO80; A2FO90\/A2FE90; A2FO107; A2FO125 (A2FM125); A2FO200;; A2FO160; A2FO180 A2FO250;<br \/>\nA2FO500; A6V28; A7V55\/A8V55; A7V58; A7V80\/A8V80; A7V107\/A8V107; A7V160 \/ A8V160;A7V200; A7V225 ; A7V250; A7V355; A7V500; A6VM\/A7V1000; A6VM\/A7VO12; A7VO28; A7VO55; A7VO80; A7VO107; A7VO160; A6VM160; A6VE160; A6VM200; A6VM500; A7VO172; A7VO200; A7VO250; A7VO355; A7VO500.<\/td>\n<\/tr>\n<tr>\n<td width=\"81\">D\u00f2ng Sauer:<\/td>\n<td colspan=\"3\" width=\"567\">PV20; PV21 (PVD21); PV22; B\u01a1m k\u00e9p PVD22; PV23 (PVD23); PV24; SPV6 \/ 119; PV25; PV26; PV112; OPV27; MF16A; MFO35; MF500; MPVO46 \/ M46; MPR63; MPV45.<\/td>\n<\/tr>\n<tr>\n<td width=\"81\">D\u00f2ng Eaton:<\/td>\n<td colspan=\"3\" width=\"567\">3321\/3331 (Eaton 006); Eaton 3322 (EATON3322); 4621\/4621-007; 5421\/5431 (Eaton 23); V\u1ecf 1460 (CASE1460); V\u1ecf CS05A; Eaton 3932-243; Eaton 6423; 7621 (Eaton 24-7620); M\u00e1y lu \u0111\u01b0\u1eddng (Eaton 78462).<\/td>\n<\/tr>\n<tr>\n<td width=\"81\">Chu\u1ed7i Vickers:<\/td>\n<td colspan=\"3\" width=\"567\">PVE19;TA19;PVE21;PVH45;PVH57;PVH74;PVH81;PVH98;PVH106(HPN-1398);<br \/>\nPVH131;PVH141;PVB5;PVB6;PVB10;PVB15(PVQ32 m\u1ed9t s\u1ed1 lo\u1ea1i ph\u1ed5 bi\u1ebfn);PVB20;PVB29;PVBQA29-SR;PVQ40 \/50; PVB110; TB35; B45.<\/td>\n<\/tr>\n<tr>\n<td width=\"81\">D\u00f2ng s\u1ea3n ph\u1ea9m LINDE:<\/td>\n<td colspan=\"3\" width=\"567\">HPR55\/75\/105\/135\/165\/210\/280; MPV45-01 MPV63-01; HMR75\/105\/135\/165; MPF55-01; MPR28\/45\/63\/71; HPR75\/90\/100\/130\/160; BPV35\/50\/70\/100\/200; B2PV35\/50\/75\/105\/140;<br \/>\nBMF35\/55\/75\/105\/140;BMV35\/55\/75\/105\/135;<br \/>\nBPR55\/75\/105\/140\/186\/260; HPV55T\/75\/105\/135\/165\/210; HMF28\/35\/50\/55\/75\/105\/135\/165\/210;<br \/>\nHPV130-01.<\/td>\n<\/tr>\n<tr>\n<td width=\"81\">D\u00f2ng Parker:<\/td>\n<td colspan=\"3\" width=\"567\">PVP16\/23\/33\/41\/48\/60\/76\/100\/140; PVM16\/23\/28; PV016\/020\/023\/028\/032\/040\/046\/063; F11-005\/006\/012\/014\/019\/10\/28\/39\/80\/110\/150\/250; F12-030\/040\/060\/080\/110\/125\/150\/250; V12-060\/080 V14-110\/160; P2\/P3-060\/075\/105\/145; PAVC 33\/38\/65\/100<\/td>\n<\/tr>\n<\/tbody>\n<\/table>","protected":false},"excerpt":{"rendered":"<p>D\u00f2ng REXROTH<\/p>","protected":false},"featured_media":6349,"comment_status":"open","ping_status":"closed","template":"","meta":{"site-sidebar-layout":"default","site-content-layout":"default","ast-global-header-display":"","ast-main-header-display":"","ast-hfb-above-header-display":"","ast-hfb-below-header-display":"","ast-hfb-mobile-header-display":"","site-post-title":"","ast-breadcrumbs-content":"","ast-featured-img":"","footer-sml-layout":"","theme-transparent-header-meta":"default","adv-header-id-meta":"","stick-header-meta":"","header-above-stick-meta":"","header-main-stick-meta":"","header-below-stick-meta":""},"product_cat":[74],"product_tag":[],"class_list":{"0":"post-5831","1":"product","2":"type-product","3":"status-publish","4":"has-post-thumbnail","6":"product_cat-piston-pumpmotor-parts","7":"desktop-align-left","8":"tablet-align-left","9":"mobile-align-left","11":"first","12":"instock","13":"shipping-taxable","14":"product-type-simple"},"_links":{"self":[{"href":"https:\/\/timeway-hydraulics.com\/vi\/wp-json\/wp\/v2\/product\/5831","targetHints":{"allow":["GET"]}}],"collection":[{"href":"https:\/\/timeway-hydraulics.com\/vi\/wp-json\/wp\/v2\/product"}],"about":[{"href":"https:\/\/timeway-hydraulics.com\/vi\/wp-json\/wp\/v2\/types\/product"}],"replies":[{"embeddable":true,"href":"https:\/\/timeway-hydraulics.com\/vi\/wp-json\/wp\/v2\/comments?post=5831"}],"wp:featuredmedia":[{"embeddable":true,"href":"https:\/\/timeway-hydraulics.com\/vi\/wp-json\/wp\/v2\/media\/6349"}],"wp:attachment":[{"href":"https:\/\/timeway-hydraulics.com\/vi\/wp-json\/wp\/v2\/media?parent=5831"}],"wp:term":[{"taxonomy":"product_cat","embeddable":true,"href":"https:\/\/timeway-hydraulics.com\/vi\/wp-json\/wp\/v2\/product_cat?post=5831"},{"taxonomy":"product_tag","embeddable":true,"href":"https:\/\/timeway-hydraulics.com\/vi\/wp-json\/wp\/v2\/product_tag?post=5831"}],"curies":[{"name":"wp","href":"https:\/\/api.w.org\/{rel}","templated":true}]}}