{"id":1722,"date":"2024-03-09T16:59:48","date_gmt":"2024-03-09T08:59:48","guid":{"rendered":"https:\/\/timeway-hydraulics.com\/?post_type=product&#038;p=1722"},"modified":"2024-04-13T14:27:45","modified_gmt":"2024-04-13T06:27:45","slug":"pv16","status":"publish","type":"product","link":"https:\/\/timeway-hydraulics.com\/vi\/product\/pv16\/","title":{"rendered":"PV16"},"content":{"rendered":"<div class=\"detail-richtext1 richtext\">\n<h2>Chi ti\u1ebft v\u1ec1 c\u00e1c b\u1ed9 ph\u1eadn b\u01a1m th\u1ee7y l\u1ef1c Rexroth<\/h2>\n<ul class=\"list-paddingleft-2\">\n<li>Rexroth series 1 model: A4VSO40 \/ 45 \/ 50 \/ 56 \/ 71 \/ 125 \/ 180 \/ 250 \/ 355 \/ 500 \/ 750 \/ 100<\/li>\n<li>Rexroth Senes 2 M\u1eabu: A4VG28 \/ 40 \/ 56 \/ 71 \/ 90 \/ 125 \/ 180 \/ 250<\/li>\n<li>Rexroth series 3 model: A4V40 \/ 56 \/ 1 \/ 90 \/ 125 \/ 250 A4VO130 A4VD250<\/li>\n<li>M\u00f4 h\u00ecnh Rexroth4: A4VIG71 \/ 90<\/li>\n<li>Rexroth series 5 model: A10VSO18 \/ 28 \/ 45 \/ 71 \/ 100 \/ 140<\/li>\n<li>Rexroth series 6 model: A10V 10 \/ 28 \/ 45 \/ 60 \/ 63 \/ 85-52 \/ 53<\/li>\n<li>Rexroth series 7 model: A15VS0175 \/ 210<\/li>\n<li>Rexroth series 8 model: A20V0520 \/ 060<\/li>\n<li>Rexroth series 9 model: A11VO40 \/ 60 \/ 75 \/ 95 \/ 130 \/ 145 \/ 160 \/ 190 \/ 200 \/ 210 \/ 260<\/li>\n<li>Rexroth series 10 model: A11V0250Rexroth series 11 model: A11VG12 \/ 19 \/ 5<\/li>\n<li>Rexroth Series 12 Model: A10VG 18 \/ 28 \/ 45 \/ 63<\/li>\n<li>Rexroth series 14 model: A10F16 \/ 28 \/ 45 \/ 71<\/li>\n<li>B\u01a1m tr\u1ee5c nghi\u00eang Rexroth model 15: A2F<\/li>\n<li>B\u01a1m tr\u1ee5c nghi\u00eang Rexroth model 15: A2FE<\/li>\n<li>B\u01a1m tr\u1ee5c nghi\u00eang Rexroth model 16: A10VM18 \/ 35 \/ 63<\/li>\n<li>B\u01a1m tr\u1ee5c nghi\u00eang Rexroth model 17: A2V12 \/ 28DR A2VK12 \/ 28<\/li>\n<li>B\u01a1m tr\u1ee5c nghi\u00eang Rexroth 18 model: A2FO05 \/ 10 \/ 12 \/ 16 \/ 23 \/ 28 \/ 32 \/ 45 \/ 56 \/ 63 \/<\/li>\n<\/ul>\n<p>Rexroth l\u00e0 m\u1ed9t trong nh\u1eefng nh\u00e0 s\u1ea3n xu\u1ea5t b\u01a1m piston n\u1ed5i ti\u1ebfng nh\u1ea5t th\u1ebf gi\u1edbi.<\/p>\n<p>Elephant Fluid Power \u0111ang s\u1ea3n xu\u1ea5t \u0111\u1ea7y \u0111\u1ee7 c\u00e1c lo\u1ea1i ph\u1ee5 t\u00f9ng b\u01a1m piston Rexroth thay th\u1ebf \u0111\u1ec3 t\u00e1i s\u1ea3n xu\u1ea5t ho\u1eb7c s\u1eeda ch\u1eefa b\u01a1m trong m\u00e1y m\u00f3c x\u00e2y d\u1ef1ng v\u00e0 \u1ee9ng d\u1ee5ng c\u00f4ng nghi\u1ec7p.<\/p>\n<p>T\u1ea5t c\u1ea3 c\u00e1c ph\u1ee5 t\u00f9ng thay th\u1ebf c\u1ee7a b\u01a1m piston Rexroth \u0111\u1ec1u \u0111\u01b0\u1ee3c s\u1ea3n xu\u1ea5t theo b\u1ea3n v\u1ebd ph\u1ee5 t\u00f9ng ch\u00ednh h\u00e3ng. Elephant Fluid Power nh\u1eadn \u0111\u01b0\u1ee3c nhi\u1ec1u ph\u1ea3n h\u1ed3i t\u00edch c\u1ef1c t\u1eeb th\u1ecb tr\u01b0\u1eddng h\u1eadu m\u00e3i v\u1ec1 ch\u1ea5t l\u01b0\u1ee3ng ph\u1ee5 t\u00f9ng v\u00e0 d\u1ecbch v\u1ee5 c\u1ee7a ch\u00fang t\u00f4i.<\/p>\n<\/div>\n<div class=\"detail-richtext2 richtext\">\n<h2>Thu\u1ed9c t\u00ednh c\u1ee7a c\u00e1c b\u1ed9 ph\u1eadn b\u01a1m th\u1ee7y l\u1ef1c Rexroth<\/h2>\n<div class=\"table-over\">\n<table cellspacing=\"0\" cellpadding=\"0\">\n<colgroup>\n<col span=\"2\" \/><\/colgroup>\n<tbody>\n<tr class=\"firstRow\">\n<td>Thu\u1ed9c t\u00ednh<\/td>\n<td>Th\u00f4ng s\u1ed1 k\u1ef9 thu\u1eadt<\/td>\n<\/tr>\n<tr>\n<td>V\u1eadt li\u1ec7u<\/td>\n<td>Gang \u0111\u00fac\/gang d\u1ebbo, th\u00e9p, \u0111\u1ed3ng v\u00e0 c\u00e1c lo\u1ea1i kh\u00e1c<\/td>\n<\/tr>\n<tr>\n<td>C\u00e1c lo\u1ea1i<\/td>\n<td>Linh ki\u1ec7n thay th\u1ebf cho b\u01a1m piston th\u1ee7y l\u1ef1c<\/td>\n<\/tr>\n<tr>\n<td>Ch\u1ee9c n\u0103ng<\/td>\n<td>C\u00f3 th\u1ec3 ho\u00e1n \u0111\u1ed5i ho\u00e0n to\u00e0n v\u1edbi m\u00e1y b\u01a1m ban \u0111\u1ea7u<\/td>\n<\/tr>\n<tr>\n<td>T\u00ean c\u00e1c b\u1ed9 ph\u1eadn<\/td>\n<td>Kh\u1ed1i xi lanh, piston, t\u1ea5m gi\u1eef, thanh d\u1eabn bi, t\u1ea5m van, tr\u1ee5c truy\u1ec1n \u0111\u1ed9ng, \u0111\u0129a nghi\u00eang v\u00e0 nhi\u1ec1u b\u1ed9 ph\u1eadn kh\u00e1c<\/td>\n<\/tr>\n<tr>\n<td>K\u1ef9 thu\u1eadt ch\u1ebf bi\u1ebfn<\/td>\n<td>C\u1eaft, ti\u1ec7n, trung t\u00e2m gia c\u00f4ng, x\u1eed l\u00fd nhi\u1ec7t, m\u00e0i, m\u00e0i nh\u1eb5n, m\u00e0i g\u1edd, v.v.<\/td>\n<\/tr>\n<tr>\n<td>\u1ee9ng d\u1ee5ng<\/td>\n<td>ph\u1ee5 t\u00f9ng cho m\u00e1y san l\u1ea5p m\u1eb7t b\u1eb1ng, thi\u1ebft b\u1ecb x\u00e2y d\u1ef1ng, m\u00e1y m\u00f3c n\u00f4ng nghi\u1ec7p, m\u00e1y m\u00f3c l\u00e2m nghi\u1ec7p, m\u00e1y m\u00f3c khai th\u00e1c m\u1ecf, t\u00e0u c\u1ea3ng v\u00e0 c\u00e1c lo\u1ea1i m\u00e1y m\u00f3c kh\u00e1c.<\/td>\n<\/tr>\n<tr>\n<td>Nh\u00e3n hi\u1ec7u<\/td>\n<td>Elephant Fluid Power, nh\u00e3n trung t\u00ednh ho\u1eb7c theo y\u00eau c\u1ea7u c\u1ee7a kh\u00e1ch h\u00e0ng<\/td>\n<\/tr>\n<\/tbody>\n<\/table>\n<\/div>\n<\/div>\n<div class=\"detail-richtext3 richtext\">\n<h2>T\u00ednh n\u0103ng c\u1ee7a c\u00e1c b\u1ed9 ph\u1eadn b\u01a1m th\u1ee7y l\u1ef1c Rexroth<\/h2>\n<ul class=\"list-paddingleft-2\">\n<li>Kh\u00f4ng c\u00f3 tr\u1ee5c tr\u1eb7c<\/li>\n<li>S\u1eed d\u1ee5ng th\u00e9p kh\u00f4ng g\u1ec9, h\u00e0m l\u01b0\u1ee3ng \u0111\u1ed3ng 99.99%<\/li>\n<li>T\u01b0\u01a1ng th\u00edch v\u1edbi Rexroth<\/li>\n<li>Hi\u1ec7u su\u1ea5t ch\u00eanh l\u1ec7ch gi\u1eefa m\u00e1y b\u01a1m t\u00e2n trang v\u00e0 m\u00e1y b\u01a1m ban \u0111\u1ea7u l\u00e0 1-2%<\/li>\n<li>Chi ph\u00ed b\u1eb1ng 1\/5 c\u1ee7a Rexroth<\/li>\n<\/ul>\n<\/div>","protected":false},"excerpt":{"rendered":"<p>We produce the whole series of original Rexroth pump parts, strictly implement Rexroth&#8217;s manufacturing and testing standards, quality standards and product precision are matched with Rexroth pump parts. Our products are widely used in heavy machinery manufacturing, repair, maintenance, refurbishment, after-sales and other fields, which have been recognized by the market and favored by heavy machinery industry.<\/p>","protected":false},"featured_media":1723,"comment_status":"open","ping_status":"closed","template":"","meta":{"site-sidebar-layout":"default","site-content-layout":"default","ast-global-header-display":"","ast-main-header-display":"","ast-hfb-above-header-display":"","ast-hfb-below-header-display":"","ast-hfb-mobile-header-display":"","site-post-title":"","ast-breadcrumbs-content":"","ast-featured-img":"","footer-sml-layout":"","theme-transparent-header-meta":"default","adv-header-id-meta":"","stick-header-meta":"","header-above-stick-meta":"","header-main-stick-meta":"","header-below-stick-meta":""},"product_cat":[24],"product_tag":[],"class_list":{"0":"post-1722","1":"product","2":"type-product","3":"status-publish","4":"has-post-thumbnail","6":"product_cat-uncategorized","7":"desktop-align-left","8":"tablet-align-left","9":"mobile-align-left","11":"first","12":"instock","13":"shipping-taxable","14":"product-type-simple"},"_links":{"self":[{"href":"https:\/\/timeway-hydraulics.com\/vi\/wp-json\/wp\/v2\/product\/1722","targetHints":{"allow":["GET"]}}],"collection":[{"href":"https:\/\/timeway-hydraulics.com\/vi\/wp-json\/wp\/v2\/product"}],"about":[{"href":"https:\/\/timeway-hydraulics.com\/vi\/wp-json\/wp\/v2\/types\/product"}],"replies":[{"embeddable":true,"href":"https:\/\/timeway-hydraulics.com\/vi\/wp-json\/wp\/v2\/comments?post=1722"}],"wp:featuredmedia":[{"embeddable":true,"href":"https:\/\/timeway-hydraulics.com\/vi\/wp-json\/wp\/v2\/media\/1723"}],"wp:attachment":[{"href":"https:\/\/timeway-hydraulics.com\/vi\/wp-json\/wp\/v2\/media?parent=1722"}],"wp:term":[{"taxonomy":"product_cat","embeddable":true,"href":"https:\/\/timeway-hydraulics.com\/vi\/wp-json\/wp\/v2\/product_cat?post=1722"},{"taxonomy":"product_tag","embeddable":true,"href":"https:\/\/timeway-hydraulics.com\/vi\/wp-json\/wp\/v2\/product_tag?post=1722"}],"curies":[{"name":"wp","href":"https:\/\/api.w.org\/{rel}","templated":true}]}}