{"id":243,"date":"2023-04-23T16:15:22","date_gmt":"2023-04-23T08:15:22","guid":{"rendered":"http:\/\/timeway-hydraulics.com\/?page_id=243"},"modified":"2024-05-24T16:20:36","modified_gmt":"2024-05-24T08:20:36","slug":"application","status":"publish","type":"page","link":"https:\/\/timeway-hydraulics.com\/vi\/application\/","title":{"rendered":"\u1ee8ng d\u1ee5ng"},"content":{"rendered":"<div data-elementor-type=\"wp-page\" data-elementor-id=\"243\" class=\"elementor elementor-243\" data-elementor-post-type=\"page\">\n\t\t\t\t\t\t<section class=\"elementor-section elementor-top-section elementor-element elementor-element-48ad0693 elementor-section-content-bottom elementor-section-boxed elementor-section-height-default elementor-section-height-default elementor-invisible\" data-id=\"48ad0693\" data-element_type=\"section\" data-e-type=\"section\" data-settings=\"{&quot;animation&quot;:&quot;fadeIn&quot;,&quot;animation_delay&quot;:800}\">\n\t\t\t\t\t\t<div class=\"elementor-container elementor-column-gap-no\">\n\t\t\t\t\t<div class=\"elementor-column elementor-col-50 elementor-top-column elementor-element elementor-element-671e8bf4\" data-id=\"671e8bf4\" data-element_type=\"column\" data-e-type=\"column\">\n\t\t\t<div class=\"elementor-widget-wrap elementor-element-populated\">\n\t\t\t\t\t\t<div class=\"elementor-element elementor-element-42d9a94 elementor-widget elementor-widget-heading\" data-id=\"42d9a94\" data-element_type=\"widget\" data-e-type=\"widget\" data-widget_type=\"heading.default\">\n\t\t\t\t<div class=\"elementor-widget-container\">\n\t\t\t\t\t<h1 class=\"elementor-heading-title elementor-size-default\">Timeway cung c\u1ea5p nhi\u1ec1u thi\u1ebft b\u1ecb kh\u00e1c nhau<\/h1>\t\t\t\t<\/div>\n\t\t\t\t<\/div>\n\t\t\t\t\t<\/div>\n\t\t<\/div>\n\t\t\t\t<div class=\"elementor-column elementor-col-50 elementor-top-column elementor-element elementor-element-448ad8cf\" data-id=\"448ad8cf\" data-element_type=\"column\" data-e-type=\"column\">\n\t\t\t<div class=\"elementor-widget-wrap elementor-element-populated\">\n\t\t\t\t\t\t<div class=\"elementor-element elementor-element-4375eb01 elementor-widget elementor-widget-heading\" data-id=\"4375eb01\" data-element_type=\"widget\" data-e-type=\"widget\" data-widget_type=\"heading.default\">\n\t\t\t\t<div class=\"elementor-widget-container\">\n\t\t\t\t\t<div class=\"elementor-heading-title elementor-size-default\">Tr\u01b0ng b\u00e0y 5 khu v\u1ef1c\n<\/div>\t\t\t\t<\/div>\n\t\t\t\t<\/div>\n\t\t\t\t\t<\/div>\n\t\t<\/div>\n\t\t\t\t\t<\/div>\n\t\t<\/section>\n\t\t\t\t<section class=\"elementor-section elementor-top-section elementor-element elementor-element-6f6c793 elementor-section-height-min-height elementor-section-items-stretch elementor-section-content-top elementor-section-boxed elementor-section-height-default\" data-id=\"6f6c793\" data-element_type=\"section\" data-e-type=\"section\">\n\t\t\t\t\t\t<div class=\"elementor-container elementor-column-gap-no\">\n\t\t\t\t\t<div class=\"elementor-column elementor-col-50 elementor-top-column elementor-element elementor-element-4a6dcece\" data-id=\"4a6dcece\" data-element_type=\"column\" data-e-type=\"column\" data-settings=\"{&quot;background_background&quot;:&quot;classic&quot;,&quot;background_motion_fx_motion_fx_scrolling&quot;:&quot;yes&quot;,&quot;background_motion_fx_scale_effect&quot;:&quot;yes&quot;,&quot;background_motion_fx_scale_speed&quot;:{&quot;unit&quot;:&quot;px&quot;,&quot;size&quot;:1,&quot;sizes&quot;:[]},&quot;background_motion_fx_scale_range&quot;:{&quot;unit&quot;:&quot;%&quot;,&quot;size&quot;:&quot;&quot;,&quot;sizes&quot;:{&quot;start&quot;:0,&quot;end&quot;:100}},&quot;background_motion_fx_scale_direction&quot;:&quot;out-in&quot;,&quot;background_motion_fx_devices&quot;:[&quot;widescreen&quot;,&quot;desktop&quot;,&quot;laptop&quot;,&quot;tablet_extra&quot;,&quot;tablet&quot;,&quot;mobile&quot;]}\">\n\t\t\t<div class=\"elementor-widget-wrap elementor-element-populated\">\n\t\t\t\t\t\t<div class=\"elementor-element elementor-element-20fa42f4 elementor-widget elementor-widget-spacer\" data-id=\"20fa42f4\" data-element_type=\"widget\" data-e-type=\"widget\" data-widget_type=\"spacer.default\">\n\t\t\t\t<div class=\"elementor-widget-container\">\n\t\t\t\t\t\t\t<div class=\"elementor-spacer\">\n\t\t\t<div class=\"elementor-spacer-inner\"><\/div>\n\t\t<\/div>\n\t\t\t\t\t\t<\/div>\n\t\t\t\t<\/div>\n\t\t\t\t\t<\/div>\n\t\t<\/div>\n\t\t\t\t<div class=\"elementor-column elementor-col-50 elementor-top-column elementor-element elementor-element-459011e8\" data-id=\"459011e8\" data-element_type=\"column\" data-e-type=\"column\">\n\t\t\t<div class=\"elementor-widget-wrap elementor-element-populated\">\n\t\t\t\t\t\t<div class=\"elementor-element elementor-element-1f90579b elementor-widget elementor-widget-heading\" data-id=\"1f90579b\" data-element_type=\"widget\" data-e-type=\"widget\" data-widget_type=\"heading.default\">\n\t\t\t\t<div class=\"elementor-widget-container\">\n\t\t\t\t\t<h3 class=\"elementor-heading-title elementor-size-default\">S\u1eecA CH\u1eeeA VAN TH\u1ee6Y L\u1ef0C<\/h3>\t\t\t\t<\/div>\n\t\t\t\t<\/div>\n\t\t\t\t<div class=\"elementor-element elementor-element-701f4bd9 elementor-widget elementor-widget-text-editor\" data-id=\"701f4bd9\" data-element_type=\"widget\" data-e-type=\"widget\" data-widget_type=\"text-editor.default\">\n\t\t\t\t<div class=\"elementor-widget-container\">\n\t\t\t\t\t\t\t\t\t<p>Ch\u00fang t\u00f4i c\u00f3 kh\u1ea3 n\u0103ng s\u1eeda ch\u1eefa h\u1ea7u h\u1ebft t\u1ea5t c\u1ea3 c\u00e1c van th\u1ee7y l\u1ef1c (bao g\u1ed3m van \u0111\u1ecbnh h\u01b0\u1edbng, van \u0111i\u1ec1u khi\u1ec3n l\u01b0u l\u01b0\u1ee3ng, van \u0111i\u1ec1u khi\u1ec3n \u00e1p su\u1ea5t, van x\u1ea3, van ki\u1ec3m tra, van ng\u0103n x\u1ebfp) c\u00f3 tr\u00ean thi\u1ebft b\u1ecb c\u00f4ng nghi\u1ec7p v\u00e0 thi\u1ebft b\u1ecb di \u0111\u1ed9ng. M\u1ed7i van \u0111\u01b0\u1ee3c s\u1eeda ch\u1eefa \u0111\u1ec1u tr\u1ea3i qua c\u00e1c quy tr\u00ecnh th\u1eed nghi\u1ec7m c\u00f3 h\u1ec7 th\u1ed1ng theo th\u00f4ng s\u1ed1 k\u1ef9 thu\u1eadt c\u1ee7a OEM tr\u01b0\u1edbc khi r\u1eddi kh\u1ecfi c\u01a1 s\u1edf c\u1ee7a ch\u00fang t\u00f4i. Li\u00ean h\u1ec7 v\u1edbi ch\u00fang t\u00f4i \u0111\u1ec3 \u0111\u01b0\u1ee3c b\u00e1o gi\u00e1 s\u1eeda ch\u1eefa mi\u1ec5n ph\u00ed.<span class=\"notranslate immersive-translate-target-wrapper\" lang=\"zh-CN\" style=\"\" translate=\"no\" data-immersive-translate-loading-id=\"43\">\u00a0<\/span><\/p>\t\t\t\t\t\t\t\t<\/div>\n\t\t\t\t<\/div>\n\t\t\t\t\t<\/div>\n\t\t<\/div>\n\t\t\t\t\t<\/div>\n\t\t<\/section>\n\t\t\t\t<section class=\"elementor-section elementor-top-section elementor-element elementor-element-4b70e872 elementor-section-height-min-height elementor-section-items-stretch elementor-section-content-top elementor-section-boxed elementor-section-height-default\" data-id=\"4b70e872\" data-element_type=\"section\" data-e-type=\"section\">\n\t\t\t\t\t\t<div class=\"elementor-container elementor-column-gap-no\">\n\t\t\t\t\t<div class=\"elementor-column elementor-col-50 elementor-top-column elementor-element elementor-element-3dc2da5\" data-id=\"3dc2da5\" data-element_type=\"column\" data-e-type=\"column\" data-settings=\"{&quot;background_background&quot;:&quot;classic&quot;,&quot;background_motion_fx_motion_fx_scrolling&quot;:&quot;yes&quot;,&quot;background_motion_fx_scale_effect&quot;:&quot;yes&quot;,&quot;background_motion_fx_scale_speed&quot;:{&quot;unit&quot;:&quot;px&quot;,&quot;size&quot;:1,&quot;sizes&quot;:[]},&quot;background_motion_fx_scale_range&quot;:{&quot;unit&quot;:&quot;%&quot;,&quot;size&quot;:&quot;&quot;,&quot;sizes&quot;:{&quot;start&quot;:0,&quot;end&quot;:100}},&quot;background_motion_fx_scale_direction&quot;:&quot;out-in&quot;,&quot;background_motion_fx_devices&quot;:[&quot;widescreen&quot;,&quot;desktop&quot;,&quot;laptop&quot;,&quot;tablet_extra&quot;,&quot;tablet&quot;,&quot;mobile&quot;]}\">\n\t\t\t<div class=\"elementor-widget-wrap elementor-element-populated\">\n\t\t\t\t\t\t<div class=\"elementor-element elementor-element-4daefa88 elementor-widget elementor-widget-spacer\" data-id=\"4daefa88\" data-element_type=\"widget\" data-e-type=\"widget\" data-widget_type=\"spacer.default\">\n\t\t\t\t<div class=\"elementor-widget-container\">\n\t\t\t\t\t\t\t<div class=\"elementor-spacer\">\n\t\t\t<div class=\"elementor-spacer-inner\"><\/div>\n\t\t<\/div>\n\t\t\t\t\t\t<\/div>\n\t\t\t\t<\/div>\n\t\t\t\t\t<\/div>\n\t\t<\/div>\n\t\t\t\t<div class=\"elementor-column elementor-col-50 elementor-top-column elementor-element elementor-element-325a4e20\" data-id=\"325a4e20\" data-element_type=\"column\" data-e-type=\"column\">\n\t\t\t<div class=\"elementor-widget-wrap elementor-element-populated\">\n\t\t\t\t\t\t<div class=\"elementor-element elementor-element-44fbafa0 elementor-widget elementor-widget-heading\" data-id=\"44fbafa0\" data-element_type=\"widget\" data-e-type=\"widget\" data-widget_type=\"heading.default\">\n\t\t\t\t<div class=\"elementor-widget-container\">\n\t\t\t\t\t<h3 class=\"elementor-heading-title elementor-size-default\">S\u1eecA CH\u1eeeA VAN \u0110I\u1ec0U KHI\u1ec2N CH\u00cdNH TH\u1ee6Y L\u1ef0C<\/h3>\t\t\t\t<\/div>\n\t\t\t\t<\/div>\n\t\t\t\t<div class=\"elementor-element elementor-element-5294c62e elementor-widget elementor-widget-text-editor\" data-id=\"5294c62e\" data-element_type=\"widget\" data-e-type=\"widget\" data-widget_type=\"text-editor.default\">\n\t\t\t\t<div class=\"elementor-widget-container\">\n\t\t\t\t\t\t\t\t\t<p>Trong ng\u00e0nh s\u1eeda ch\u1eefa th\u1ee7y l\u1ef1c, van \u0111i\u1ec1u khi\u1ec3n ch\u00ednh l\u00e0 m\u1ed9t trong nh\u1eefng th\u00e0nh ph\u1ea7n kh\u00f3 ch\u1ebf t\u1ea1o l\u1ea1i nh\u1ea5t. Theo D\u1ecbch v\u1ee5 Timeway c\u1ee7a ch\u00fang t\u00f4i, ch\u00fang t\u00f4i c\u00f3 th\u1ec3 s\u1eeda ch\u1eefa v\u00e0 ch\u1ebf t\u1ea1o l\u1ea1i van \u0111i\u1ec1u khi\u1ec3n ch\u00ednh th\u1ee7y l\u1ef1c \u0111\u01b0\u1ee3c t\u00ecm th\u1ea5y tr\u00ean thi\u1ebft b\u1ecb x\u00e2y d\u1ef1ng di \u0111\u1ed9ng ng\u00e0y nay. B\u1ed9 ph\u1eadn van c\u1ee7a ch\u00fang t\u00f4i c\u00f3 chuy\u00ean m\u00f4n k\u1ef9 thu\u1eadt v\u00e0 thi\u1ebft b\u1ecb c\u1ea7n thi\u1ebft \u0111\u1ec3 s\u1eeda ch\u1eefa &amp; ch\u1ebf t\u1ea1o l\u1ea1i van \u0111i\u1ec1u khi\u1ec3n ch\u00ednh v\u1edbi chi ph\u00ed ti\u1ebft ki\u1ec7m \u0111\u00e1ng k\u1ec3 so v\u1edbi van m\u1edbi.<\/p>\t\t\t\t\t\t\t\t<\/div>\n\t\t\t\t<\/div>\n\t\t\t\t\t<\/div>\n\t\t<\/div>\n\t\t\t\t\t<\/div>\n\t\t<\/section>\n\t\t\t\t<section class=\"elementor-section elementor-top-section elementor-element elementor-element-f3e8014 elementor-section-height-min-height elementor-section-items-stretch elementor-section-content-top elementor-section-boxed elementor-section-height-default\" data-id=\"f3e8014\" data-element_type=\"section\" data-e-type=\"section\">\n\t\t\t\t\t\t<div class=\"elementor-container elementor-column-gap-no\">\n\t\t\t\t\t<div class=\"elementor-column elementor-col-50 elementor-top-column elementor-element elementor-element-14490fdb\" data-id=\"14490fdb\" data-element_type=\"column\" data-e-type=\"column\" data-settings=\"{&quot;background_background&quot;:&quot;classic&quot;,&quot;background_motion_fx_motion_fx_scrolling&quot;:&quot;yes&quot;,&quot;background_motion_fx_scale_effect&quot;:&quot;yes&quot;,&quot;background_motion_fx_scale_speed&quot;:{&quot;unit&quot;:&quot;px&quot;,&quot;size&quot;:1,&quot;sizes&quot;:[]},&quot;background_motion_fx_scale_range&quot;:{&quot;unit&quot;:&quot;%&quot;,&quot;size&quot;:&quot;&quot;,&quot;sizes&quot;:{&quot;start&quot;:0,&quot;end&quot;:100}},&quot;background_motion_fx_scale_direction&quot;:&quot;out-in&quot;,&quot;background_motion_fx_devices&quot;:[&quot;widescreen&quot;,&quot;desktop&quot;,&quot;laptop&quot;,&quot;tablet_extra&quot;,&quot;tablet&quot;,&quot;mobile&quot;]}\">\n\t\t\t<div class=\"elementor-widget-wrap elementor-element-populated\">\n\t\t\t\t\t\t<div class=\"elementor-element elementor-element-77d71fed elementor-widget elementor-widget-spacer\" data-id=\"77d71fed\" data-element_type=\"widget\" data-e-type=\"widget\" data-widget_type=\"spacer.default\">\n\t\t\t\t<div class=\"elementor-widget-container\">\n\t\t\t\t\t\t\t<div class=\"elementor-spacer\">\n\t\t\t<div class=\"elementor-spacer-inner\"><\/div>\n\t\t<\/div>\n\t\t\t\t\t\t<\/div>\n\t\t\t\t<\/div>\n\t\t\t\t\t<\/div>\n\t\t<\/div>\n\t\t\t\t<div class=\"elementor-column elementor-col-50 elementor-top-column elementor-element elementor-element-1c940c9d\" data-id=\"1c940c9d\" data-element_type=\"column\" data-e-type=\"column\">\n\t\t\t<div class=\"elementor-widget-wrap elementor-element-populated\">\n\t\t\t\t\t\t<div class=\"elementor-element elementor-element-cd7d0f6 elementor-widget elementor-widget-heading\" data-id=\"cd7d0f6\" data-element_type=\"widget\" data-e-type=\"widget\" data-widget_type=\"heading.default\">\n\t\t\t\t<div class=\"elementor-widget-container\">\n\t\t\t\t\t<h3 class=\"elementor-heading-title elementor-size-default\">S\u1eecA CH\u1eeeA VAN SERVO TH\u1ee6Y L\u1ef0C &amp; VAN T\u1ef6 L\u1ec6<\/h3>\t\t\t\t<\/div>\n\t\t\t\t<\/div>\n\t\t\t\t<div class=\"elementor-element elementor-element-5e55f82 elementor-widget elementor-widget-text-editor\" data-id=\"5e55f82\" data-element_type=\"widget\" data-e-type=\"widget\" data-widget_type=\"text-editor.default\">\n\t\t\t\t<div class=\"elementor-widget-container\">\n\t\t\t\t\t\t\t\t\t<p>\u0110i\u1ec1u \u0111\u00f3 kh\u00f4ng bao gi\u1edd r\u00f5 r\u00e0ng h\u01a1n cam k\u1ebft c\u1ee7a ch\u00fang t\u00f4i v\u1ec1 ch\u1ea5t l\u01b0\u1ee3ng trong ph\u00f2ng s\u1eeda ch\u1eefa Servo &amp; Proportional Valve c\u1ee7a ch\u00fang t\u00f4i. Ph\u00f2ng th\u00ed nghi\u1ec7m \u0111\u01b0\u1ee3c ki\u1ec3m so\u00e1t theo m\u00f4i tr\u01b0\u1eddng n\u00e0y \u0111\u01b0\u1ee3c trang b\u1ecb c\u00e1c gi\u00e1 th\u1eed nghi\u1ec7m \u0111\u01b0\u1ee3c ch\u1ebf t\u1ea1o ri\u00eang cho servo &amp; van t\u1ef7 l\u1ec7 v\u00e0 \u0111\u01b0\u1ee3c hi\u1ec7u chu\u1ea9n theo ti\u00eau chu\u1ea9n NIST, d\u00e0nh ri\u00eang cho vi\u1ec7c th\u1eed nghi\u1ec7m servo v\u00e0 van t\u1ef7 l\u1ec7. H\u01a1n n\u1eefa, c\u00e1c k\u1ef9 thu\u1eadt vi\u00ean chuy\u00ean gia c\u1ee7a ch\u00fang t\u00f4i \u0111\u01b0\u1ee3c nh\u00e0 m\u00e1y \u1ee7y quy\u1ec1n v\u00e0 \u0111\u00e0o t\u1ea1o, \u0111\u1ea3m b\u1ea3o b\u1ea1n th\u1ef1c s\u1ef1 trung th\u1ef1c, nh\u1eadn \u0111\u01b0\u1ee3c d\u1ecbch v\u1ee5 s\u1eeda ch\u1eefa h\u00e0ng \u0111\u1ea7u trong th\u1eddi gian ng\u1eafn nh\u1ea5t c\u00f3 th\u1ec3.<\/p>\t\t\t\t\t\t\t\t<\/div>\n\t\t\t\t<\/div>\n\t\t\t\t\t<\/div>\n\t\t<\/div>\n\t\t\t\t\t<\/div>\n\t\t<\/section>\n\t\t\t\t<section class=\"elementor-section elementor-top-section elementor-element elementor-element-2bf1b9 elementor-section-height-min-height elementor-section-items-stretch elementor-section-content-top elementor-section-boxed elementor-section-height-default\" data-id=\"2bf1b9\" data-element_type=\"section\" data-e-type=\"section\">\n\t\t\t\t\t\t<div class=\"elementor-container elementor-column-gap-no\">\n\t\t\t\t\t<div class=\"elementor-column elementor-col-50 elementor-top-column elementor-element elementor-element-579a3392\" data-id=\"579a3392\" data-element_type=\"column\" data-e-type=\"column\" data-settings=\"{&quot;background_background&quot;:&quot;classic&quot;,&quot;background_motion_fx_motion_fx_scrolling&quot;:&quot;yes&quot;,&quot;background_motion_fx_scale_effect&quot;:&quot;yes&quot;,&quot;background_motion_fx_scale_speed&quot;:{&quot;unit&quot;:&quot;px&quot;,&quot;size&quot;:1,&quot;sizes&quot;:[]},&quot;background_motion_fx_scale_range&quot;:{&quot;unit&quot;:&quot;%&quot;,&quot;size&quot;:&quot;&quot;,&quot;sizes&quot;:{&quot;start&quot;:0,&quot;end&quot;:100}},&quot;background_motion_fx_scale_direction&quot;:&quot;out-in&quot;,&quot;background_motion_fx_devices&quot;:[&quot;widescreen&quot;,&quot;desktop&quot;,&quot;laptop&quot;,&quot;tablet_extra&quot;,&quot;tablet&quot;,&quot;mobile&quot;]}\">\n\t\t\t<div class=\"elementor-widget-wrap elementor-element-populated\">\n\t\t\t\t\t\t<div class=\"elementor-element elementor-element-6f65d3a4 elementor-widget elementor-widget-spacer\" data-id=\"6f65d3a4\" data-element_type=\"widget\" data-e-type=\"widget\" data-widget_type=\"spacer.default\">\n\t\t\t\t<div class=\"elementor-widget-container\">\n\t\t\t\t\t\t\t<div class=\"elementor-spacer\">\n\t\t\t<div class=\"elementor-spacer-inner\"><\/div>\n\t\t<\/div>\n\t\t\t\t\t\t<\/div>\n\t\t\t\t<\/div>\n\t\t\t\t\t<\/div>\n\t\t<\/div>\n\t\t\t\t<div class=\"elementor-column elementor-col-50 elementor-top-column elementor-element elementor-element-543131b2\" data-id=\"543131b2\" data-element_type=\"column\" data-e-type=\"column\">\n\t\t\t<div class=\"elementor-widget-wrap elementor-element-populated\">\n\t\t\t\t\t\t<div class=\"elementor-element elementor-element-6869bec3 elementor-widget elementor-widget-heading\" data-id=\"6869bec3\" data-element_type=\"widget\" data-e-type=\"widget\" data-widget_type=\"heading.default\">\n\t\t\t\t<div class=\"elementor-widget-container\">\n\t\t\t\t\t<h3 class=\"elementor-heading-title elementor-size-default\">S\u1eecA CH\u1eeeA B\u1ed8 KHU\u1ebeCH \u0110\u1ea0I \u0110I\u1ec6N T\u1eec VAN T\u1ef6 L\u1ec6<\/h3>\t\t\t\t<\/div>\n\t\t\t\t<\/div>\n\t\t\t\t<div class=\"elementor-element elementor-element-15d846b5 elementor-widget elementor-widget-text-editor\" data-id=\"15d846b5\" data-element_type=\"widget\" data-e-type=\"widget\" data-widget_type=\"text-editor.default\">\n\t\t\t\t<div class=\"elementor-widget-container\">\n\t\t\t\t\t\t\t\t\t<p>Ch\u00fang t\u00f4i c\u00f3 kh\u1ea3 n\u0103ng s\u1eeda ch\u1eefa thi\u1ebft b\u1ecb \u0111i\u1ec7n t\u1eed c\u1ee7a nhi\u1ec1u m\u1eabu van t\u1ef7 l\u1ec7 kh\u00e1c nhau t\u1eeb nhi\u1ec1u nh\u00e0 s\u1ea3n xu\u1ea5t. Chuy\u00ean m\u00f4n v\u00e0 thi\u1ebft b\u1ecb c\u1ee7a ch\u00fang t\u00f4i mang \u0111\u1ebfn cho b\u1ea1n d\u1ecbch v\u1ee5 s\u1eeda ch\u1eefa ch\u1ea5t l\u01b0\u1ee3ng cao nh\u1ea5t c\u00f3 th\u1ec3. Linh ki\u1ec7n c\u1ee7a b\u1ea1n s\u1ebd kh\u00f4ng r\u1eddi kh\u1ecfi c\u01a1 s\u1edf c\u1ee7a ch\u00fang t\u00f4i cho \u0111\u1ebfn khi \u0111\u01b0\u1ee3c th\u1eed nghi\u1ec7m \u0111\u1ed9ng v\u1edbi van OEM ch\u00ednh x\u00e1c, \u0111\u1ea3m b\u1ea3o linh ki\u1ec7n \u0111\u01b0\u1ee3c t\u1ed1i \u01b0u h\u00f3a v\u00e0 s\u1eb5n s\u00e0ng s\u1eed d\u1ee5ng. H\u01a1n n\u1eefa, t\u1ea5t c\u1ea3 c\u00e1c d\u1ecbch v\u1ee5 s\u1eeda ch\u1eefa \u0111\u1ec1u \u0111\u01b0\u1ee3c th\u1ef1c hi\u1ec7n t\u1ea1i ch\u1ed7, gi\u00fap gi\u1ea3m thi\u1ec3u chi ph\u00ed v\u00e0 th\u1eddi gian ch\u1ebft. C\u00e1c d\u1ecbch v\u1ee5 s\u1eeda ch\u1eefa n\u00e0y c\u00f3 th\u1eddi gian ho\u00e0n th\u00e0nh ti\u00eau chu\u1ea9n l\u00e0 5 ng\u00e0y, tuy nhi\u00ean, ch\u00fang t\u00f4i c\u00f3 d\u1ecbch v\u1ee5 nhanh v\u1edbi m\u1ee9c ph\u00ed t\u1ed1i thi\u1ec3u.<\/p>\t\t\t\t\t\t\t\t<\/div>\n\t\t\t\t<\/div>\n\t\t\t\t\t<\/div>\n\t\t<\/div>\n\t\t\t\t\t<\/div>\n\t\t<\/section>\n\t\t\t\t<section class=\"elementor-section elementor-top-section elementor-element elementor-element-48ba8ed2 elementor-section-height-min-height elementor-section-items-stretch elementor-section-content-top elementor-section-boxed elementor-section-height-default\" data-id=\"48ba8ed2\" data-element_type=\"section\" data-e-type=\"section\">\n\t\t\t\t\t\t<div class=\"elementor-container elementor-column-gap-no\">\n\t\t\t\t\t<div class=\"elementor-column elementor-col-50 elementor-top-column elementor-element elementor-element-2b3152cc\" data-id=\"2b3152cc\" data-element_type=\"column\" data-e-type=\"column\" data-settings=\"{&quot;background_background&quot;:&quot;classic&quot;,&quot;background_motion_fx_motion_fx_scrolling&quot;:&quot;yes&quot;,&quot;background_motion_fx_scale_effect&quot;:&quot;yes&quot;,&quot;background_motion_fx_scale_speed&quot;:{&quot;unit&quot;:&quot;px&quot;,&quot;size&quot;:1,&quot;sizes&quot;:[]},&quot;background_motion_fx_scale_range&quot;:{&quot;unit&quot;:&quot;%&quot;,&quot;size&quot;:&quot;&quot;,&quot;sizes&quot;:{&quot;start&quot;:0,&quot;end&quot;:100}},&quot;background_motion_fx_scale_direction&quot;:&quot;out-in&quot;,&quot;background_motion_fx_devices&quot;:[&quot;widescreen&quot;,&quot;desktop&quot;,&quot;laptop&quot;,&quot;tablet_extra&quot;,&quot;tablet&quot;,&quot;mobile&quot;]}\">\n\t\t\t<div class=\"elementor-widget-wrap elementor-element-populated\">\n\t\t\t\t\t\t<div class=\"elementor-element elementor-element-21e61ea9 elementor-widget elementor-widget-spacer\" data-id=\"21e61ea9\" data-element_type=\"widget\" data-e-type=\"widget\" data-widget_type=\"spacer.default\">\n\t\t\t\t<div class=\"elementor-widget-container\">\n\t\t\t\t\t\t\t<div class=\"elementor-spacer\">\n\t\t\t<div class=\"elementor-spacer-inner\"><\/div>\n\t\t<\/div>\n\t\t\t\t\t\t<\/div>\n\t\t\t\t<\/div>\n\t\t\t\t\t<\/div>\n\t\t<\/div>\n\t\t\t\t<div class=\"elementor-column elementor-col-50 elementor-top-column elementor-element elementor-element-4d66d9e3\" data-id=\"4d66d9e3\" data-element_type=\"column\" data-e-type=\"column\">\n\t\t\t<div class=\"elementor-widget-wrap elementor-element-populated\">\n\t\t\t\t\t\t<div class=\"elementor-element elementor-element-2494b972 elementor-widget elementor-widget-heading\" data-id=\"2494b972\" data-element_type=\"widget\" data-e-type=\"widget\" data-widget_type=\"heading.default\">\n\t\t\t\t<div class=\"elementor-widget-container\">\n\t\t\t\t\t<h3 class=\"elementor-heading-title elementor-size-default\">S\u1eecA CH\u1eeeA \u0110\u1ed8NG C\u01a0 SERVO<\/h3>\t\t\t\t<\/div>\n\t\t\t\t<\/div>\n\t\t\t\t<div class=\"elementor-element elementor-element-40dc3118 elementor-widget elementor-widget-text-editor\" data-id=\"40dc3118\" data-element_type=\"widget\" data-e-type=\"widget\" data-widget_type=\"text-editor.default\">\n\t\t\t\t<div class=\"elementor-widget-container\">\n\t\t\t\t\t\t\t\t\t<p>\u0110\u1ed9i ng\u0169 chuy\u00ean gia c\u1ee7a ch\u00fang t\u00f4i c\u00f3 ki\u1ebfn th\u1ee9c v\u1ec1 ng\u00e0nh v\u00e0 linh ki\u1ec7n c\u1ea7n thi\u1ebft \u0111\u1ec3 cung c\u1ea5p d\u1ecbch v\u1ee5 s\u1eeda ch\u1eefa hi\u1ec7u qu\u1ea3, ch\u1ea5t l\u01b0\u1ee3ng cao cho \u0111\u1ed9ng c\u01a1 servo c\u1ee7a b\u1ea1n. Quy tr\u00ecnh c\u1ee7a ch\u00fang t\u00f4i bao g\u1ed3m ki\u1ec3m tra k\u1ef9 l\u01b0\u1ee1ng linh ki\u1ec7n c\u1ee7a b\u1ea1n tr\u01b0\u1edbc v\u00e0 sau khi s\u1eeda ch\u1eefa. Sau khi ho\u00e0n t\u1ea5t, ch\u00fang t\u00f4i hi\u1ec7u chu\u1ea9n t\u1ea5t c\u1ea3 c\u00e1c thi\u1ebft b\u1ecb ph\u1ea3n h\u1ed3i, ki\u1ec3m tra th\u1eddi gian, h\u00ecnh d\u1ea1ng, g\u00f3c l\u1ec7ch v\u00e0 bi\u00ean \u0111\u1ed9 th\u00edch h\u1ee3p. Cu\u1ed1i c\u00f9ng, linh ki\u1ec7n \u0111\u01b0\u1ee3c th\u1eed nghi\u1ec7m \u0111\u1ed9ng \u0111\u1ec3 \u0111\u1ea3m b\u1ea3o linh ki\u1ec7n \u0111\u01b0\u1ee3c t\u1ed1i \u01b0u h\u00f3a v\u00e0 s\u1eb5n s\u00e0ng \u0111\u01b0a v\u00e0o ho\u1ea1t \u0111\u1ed9ng tr\u1edf l\u1ea1i. Nh\u00ecn chung, kinh nghi\u1ec7m v\u00e0 chuy\u00ean m\u00f4n c\u1ee7a ch\u00fang t\u00f4i mang \u0111\u1ebfn cho b\u1ea1n d\u1ecbch v\u1ee5 s\u1eeda ch\u1eefa ch\u1ea5t l\u01b0\u1ee3ng cao nh\u1ea5t c\u00f3 th\u1ec3.<\/p>\t\t\t\t\t\t\t\t<\/div>\n\t\t\t\t<\/div>\n\t\t\t\t\t<\/div>\n\t\t<\/div>\n\t\t\t\t\t<\/div>\n\t\t<\/section>\n\t\t\t\t<\/div>","protected":false},"excerpt":{"rendered":"<p>Timeway Provides Various Equipment Showcasing 5 areas HYDRAULIC VALVE REPAIR We have the capabilities to repair most all hydraulic valves (including directional valves, flow control valves, pressure control valves, relief valves, check valves, stack valves) found on industrial and mobile equipment. Each repaired valve goes through systematic testing procedures in accordance with OEM specifications before &hellip;<\/p>\n<p class=\"read-more\"> <a class=\"\" href=\"https:\/\/timeway-hydraulics.com\/vi\/application\/\"> <span class=\"screen-reader-text\">\u1ee8ng d\u1ee5ng<\/span> Read More &raquo;<\/a><\/p>","protected":false},"author":1,"featured_media":0,"parent":0,"menu_order":0,"comment_status":"closed","ping_status":"closed","template":"","meta":{"site-sidebar-layout":"no-sidebar","site-content-layout":"page-builder","ast-global-header-display":"","ast-main-header-display":"","ast-hfb-above-header-display":"","ast-hfb-below-header-display":"","ast-hfb-mobile-header-display":"","site-post-title":"disabled","ast-breadcrumbs-content":"","ast-featured-img":"disabled","footer-sml-layout":"","theme-transparent-header-meta":"","adv-header-id-meta":"","stick-header-meta":"","header-above-stick-meta":"","header-main-stick-meta":"","header-below-stick-meta":"","footnotes":""},"class_list":["post-243","page","type-page","status-publish","hentry"],"_links":{"self":[{"href":"https:\/\/timeway-hydraulics.com\/vi\/wp-json\/wp\/v2\/pages\/243","targetHints":{"allow":["GET"]}}],"collection":[{"href":"https:\/\/timeway-hydraulics.com\/vi\/wp-json\/wp\/v2\/pages"}],"about":[{"href":"https:\/\/timeway-hydraulics.com\/vi\/wp-json\/wp\/v2\/types\/page"}],"author":[{"embeddable":true,"href":"https:\/\/timeway-hydraulics.com\/vi\/wp-json\/wp\/v2\/users\/1"}],"replies":[{"embeddable":true,"href":"https:\/\/timeway-hydraulics.com\/vi\/wp-json\/wp\/v2\/comments?post=243"}],"version-history":[{"count":13,"href":"https:\/\/timeway-hydraulics.com\/vi\/wp-json\/wp\/v2\/pages\/243\/revisions"}],"predecessor-version":[{"id":4917,"href":"https:\/\/timeway-hydraulics.com\/vi\/wp-json\/wp\/v2\/pages\/243\/revisions\/4917"}],"wp:attachment":[{"href":"https:\/\/timeway-hydraulics.com\/vi\/wp-json\/wp\/v2\/media?parent=243"}],"curies":[{"name":"wp","href":"https:\/\/api.w.org\/{rel}","templated":true}]}}