{"id":9360,"date":"2024-07-12T15:20:33","date_gmt":"2024-07-12T07:20:33","guid":{"rendered":"https:\/\/timeway-hydraulics.com\/?post_type=product&#038;p=9360"},"modified":"2024-07-15T13:56:41","modified_gmt":"2024-07-15T05:56:41","slug":"vq-series","status":"publish","type":"product","link":"https:\/\/timeway-hydraulics.com\/tr\/product\/vq-series\/","title":{"rendered":"VQ Serisi"},"content":{"rendered":"<p><!--more--><\/p>\n<h5><strong>VQ Serisi Hidrolik <\/strong>Kanatl\u0131 Pompa<\/h5>\n<p><!--more--><\/p>\n<table width=\"1039\">\n<tbody>\n<tr>\n<td width=\"259\"><strong>\u00dcr\u00fcn Ad\u0131:<\/strong><\/td>\n<td colspan=\"3\" width=\"779\">Hidrolik Kanatl\u0131 Pompa<\/td>\n<\/tr>\n<tr>\n<td><strong>Model:<\/strong><\/td>\n<td colspan=\"3\">T\u00fcm Marka Yedek Par\u00e7alar\u0131 Tedarik Edin, Plz L\u00fctfen Bize \u0130htiyac\u0131n\u0131z\u0131 S\u00f6yleyin<\/td>\n<\/tr>\n<tr>\n<td><strong>Anahtar kelime:<\/strong><\/td>\n<td colspan=\"3\">Kanatl\u0131 Pompa<\/td>\n<\/tr>\n<tr>\n<td><strong>Teslimat S\u00fcresi:<\/strong><\/td>\n<td colspan=\"3\">Stoklar i\u00e7in 1-3 g\u00fcn, stok d\u0131\u015f\u0131 \u00fcr\u00fcnler i\u00e7in 5-10 g\u00fcn<\/td>\n<\/tr>\n<tr>\n<td><strong>\u00d6deme Ko\u015fullar\u0131:<\/strong><\/td>\n<td colspan=\"3\">T \/ T, Western Union, Paysend, LC, PAYPAL vb.<\/td>\n<\/tr>\n<tr>\n<td><strong>Men\u015fe Yeri:<\/strong><\/td>\n<td>\u00c7in<\/td>\n<td><strong>Marka ad\u0131:<\/strong><\/td>\n<td>ZAMAN YOLU<\/td>\n<\/tr>\n<tr>\n<td><strong>Kullan\u0131m:<\/strong><\/td>\n<td>Pompalar\u0131 onar\u0131n<\/td>\n<td><strong>Garanti:<\/strong><\/td>\n<td>6-12 ay<\/td>\n<\/tr>\n<tr>\n<td><strong>Malzeme:<\/strong><\/td>\n<td>\u00c7elik ve Bak\u0131r<\/td>\n<td><strong>Paket:<\/strong><\/td>\n<td>Tahta sand\u0131k\/Karton kutu<\/td>\n<\/tr>\n<tr>\n<td><strong>Minimum Sipari\u015f Miktar\u0131:<\/strong><\/td>\n<td>1<\/td>\n<td><strong>Teslimat Y\u00f6ntemleri:<\/strong><\/td>\n<td>Hava\/ Ekspres\/ Deniz<\/td>\n<\/tr>\n<\/tbody>\n<\/table>\n<p><span style=\"color: #008000;\"><strong>\u00c7e\u015fitli Ekskavat\u00f6r Yedek Par\u00e7alar\u0131 Tedarik Ediyoruz, \u0130htiyac\u0131n\u0131z Varsa Daha Fazla \u00d6zellik ve Boyut Sa\u011flayabiliriz.<\/strong><\/span><\/p>\n<table width=\"972\">\n<tbody>\n<tr>\n<td colspan=\"4\" width=\"972\"><strong>Firmam\u0131z \u00e7ok say\u0131da pistonlu pompa, motor, red\u00fckt\u00f6r ve ilgili yedek par\u00e7a tedarik etmektedir. Ana \u00fcreticiler \u015funlard\u0131r: Rexroth, Hitachi, Komatsu, Kawasaki, Caterpillar, NACHI, Toshiba, Kobelco \/ Kato vb.<\/strong><\/td>\n<\/tr>\n<tr>\n<td style=\"text-align: center;\" colspan=\"4\" width=\"972\"><span style=\"color: #008000;\"><strong>Belirli modeller \u015funlard\u0131r:<\/strong><\/span><\/td>\n<\/tr>\n<tr>\n<td width=\"121\">Hitachi serisi:<\/td>\n<td colspan=\"3\" width=\"850\">HPV050; HPV080; ZX120-6 ana pompa (HPK055); HPV091 (EX200-2\/3, EX120-2 tek pompa); HPV102 (EX200-5\/6); HPV116 (EX200-1); HPV118 (ZX200-3, ZX270 ana pompa) vb.<\/td>\n<\/tr>\n<tr>\n<td width=\"121\">Komatsu ekskavat\u00f6r ana pompa serisi:<\/td>\n<td colspan=\"3\" width=\"850\">HPV35 (PC60); HPV55 (PC120); HPV90 (PC200-3); HPV90 (PC200-5); PHV95 (PC200-6, PC120-6 pompa mili hari\u00e7); HPV132 (PC300-7, PC400-6); HPV160 (PC300\/400-3\/5); HPV135; PC30UU; PC40-8 ana pompa; PC50; PC60, vb.<\/td>\n<\/tr>\n<tr>\n<td width=\"121\">Caterpillar serisi:<\/td>\n<td colspan=\"3\" width=\"850\">VRD63 (CAT120) \u00e7ift pompa; SBS80 (CAT312C) ana pompa; E200B (yeni) \u00e7ift pompa; AP-12 \u00e7ift pompa; AP-14 (CAT325C); CAT320C \u00e7ift pompa; SPK10\/10 (E200B) \u00e7ift pompa; SPV10\/10 (MS180) \u00e7ift pompa; CAT12G; CAT14G\/16G; CAT215; CAT245; CAT330B y\u00fcr\u00fcy\u00fc\u015f motoru; PSV450 (AP-12) y\u00fcr\u00fcy\u00fc\u015f; CAT992; CAT330C y\u00fcr\u00fcy\u00fc\u015f; CAT385H.<\/td>\n<\/tr>\n<tr>\n<td width=\"121\">Kayab (KYB, kayaba) serisi:<\/td>\n<td colspan=\"3\" width=\"850\">PSVD2-16E (Shanhe Intelligent 1,6-2 ton); PSVD2-21C (KYB); PSVD2-21E (KYB) 4T\/SVD22 k\u00fc\u00e7\u00fck kaz\u0131 ana pompas\u0131; PSVD2-26E\/27E (KYB); KYB-25CC (Ishikawashima 45, Kubota K040\/K045); Ishikawajima 60; PSVL-54 (KYB Kubota 6 ton 155 ekskavat\u00f6r).<\/td>\n<\/tr>\n<tr>\n<td width=\"121\">Nachi serisi:<\/td>\n<td colspan=\"3\" width=\"850\">PVD-2B-32L; PVD-2B-34 y\u00fcr\u00fcme; PVD-2B-34L (k\u00fc\u00e7\u00fck kazma ana pompas\u0131); PVD-2B-36L\/38\/40; PVD-2B-42; PVD-2B-63; PVD45; 130; PVK-2B-505 (ZAX55 ana pompas\u0131); YC35-6 Yuchai k\u00fc\u00e7\u00fck kazma d\u00f6ner motoru; YC35-6 Yuchai k\u00fc\u00e7\u00fck kazma hareket motoru; PCL-200-18B (Yuchai 55 devir); Bobcat 331 ekskavat\u00f6r (D\u00f6n\u00fc\u015f); Bobcat 337 (y\u00fcr\u00fcme motoru).<\/td>\n<\/tr>\n<tr>\n<td width=\"121\">Toshiba serisi:<\/td>\n<td colspan=\"3\" width=\"850\">SG02; SG025 (MFB40); SG04 (MFB80); SG08 (MFB160); SG12; SG20 (MFB250); PVB92 (PVC90RC08\/PVC70R) (Toshiba 8 ton, Yuchai 8,5 ton ekskavat\u00f6r); PV090; PV092 (PV080 \u00fcniversal); PSVS-90.<\/td>\n<\/tr>\n<tr>\n<td width=\"121\">JEIL serisi:<\/td>\n<td colspan=\"3\" width=\"850\">JMV-44\/22; JMV-53\/34 (6-8 tonluk k\u00fc\u00e7\u00fck ekskavat\u00f6r hareket motoru); JMF-64; JMV 147\/95; JMF-151-VBR (22SM1510117); JMF-155.<\/td>\n<\/tr>\n<tr>\n<td width=\"121\">Liebherr serisi:<\/td>\n<td colspan=\"3\" width=\"850\">LPVD45; LPVD64; LPVD75; LPVD90; LPVD100; LPVD100 yeni (914); LPVD125; LPVD125 yeni; LPVD140; LPVD250; LPVD260.<\/td>\n<\/tr>\n<tr>\n<td width=\"121\">Kobelco \/ Kato Serisi:<\/td>\n<td colspan=\"3\" width=\"850\">SK250-8 ana pompa; SK200-1\/3 seyahat motoru; SK220-3 (MA340 seyahat motoru); SK200-6 seyahat motoru; SK200-6 yeni y\u00fcr\u00fcy\u00fc\u015f; SK320 seyahat motoru; M3V150 (SK220-2) seyahat motoru; SK430 y\u00fcr\u00fcy\u00fc\u015f Motoru; Kato 400 ekskavat\u00f6r motoru; HD450V-2 (Kato); HD3000; DH55 (Daewoo 55 ekskavat\u00f6r \u00e7evirme motoru); T3X128\/Daewoo 300-7 \u00e7evirme; Daewoo 225-7 y\u00fcr\u00fcme; Daewoo DH370 \u00e7evirme; Hyundai 60-7 \u00e7evirme Motoru; modern 480 \u00e7evirme motoru.<\/td>\n<\/tr>\n<tr>\n<td width=\"121\">Kawasaki serisi:<\/td>\n<td colspan=\"3\" width=\"850\">K3SP36C (SDV36) 8 ton orta ekskavat\u00f6r ana pompas\u0131; K3V63DT (K3V63BDT); K3V112DT; K3V140DT; K3V180DT; K3V280; K3VG280; K3VG180; K3VL45; K5V80; K5V140 (Doosan 300-7); K5V160 (modern 300-6 ana pompa); M2X63; M2X96 (EX200-2); M2X120; M2X146 (EX200-5); M2X150\/170 (EX400); M2X210 (EX270\/280\/300); M5X130<\/td>\n<\/tr>\n<tr>\n<td width=\"121\">Nabtesco serisi:<\/td>\n<td colspan=\"3\" width=\"850\">GM05VL; GM05VA; GM06VL (60 Daewoo y\u00fcr\u00fcy\u00fc\u015f); GM07VA (Daewoo DH55, Komatsu y\u00fcr\u00fcy\u00fc\u015f 60-7); GM08 (Komatsu 60-3\/5 y\u00fcr\u00fcy\u00fc\u015f); GM09 (MSPG06-025 \/ PC60-7 seyahat motoru); GM10; GM17 (PC120-3\/5 y\u00fcr\u00fcy\u00fc\u015f); GM18; GM23; GM30H; GM35VA; GM35VL (seyahat motorlar\u0131); GM38VB (SK200-8, Kato seyahat motoru 1023-3); DNB08.<\/td>\n<\/tr>\n<tr>\n<td width=\"121\">Rexroth Serisi:<\/td>\n<td colspan=\"3\" width=\"850\">A4V40; A4V56; A4V71; A4V125; A4V250; A4VFO28; A4VSO40; A4VSO71; A4VSO125; A4VSO180; A4VSO250; A4VSO355; A4VSO500; A4VF500 \/ A4F500; A4VG28 (A4F028); A4VG50;; A4VG40; A4VG45 A4VG56; A4VG71; A4VTG71; A4VG90 (A4VT90HW \/ 32R); A4VHW90; A4VTG90 \u015farj pompas\u0131 (Kal\u0131n d\u00f6\u015fenmi\u015f); A4VG125; A4VG125 \u015earj pompas\u0131; A4VG125 \u015farj pompas\u0131 (genel kullan\u0131m tipi); A4VG125 \u015farj pompas\u0131 (A10VO28 dize tipi); A4VG12 \u015farj pompas\u0131 (b\u00fcy\u00fck).<\/td>\n<\/tr>\n<tr>\n<td width=\"121\">Rexroth b\u00fck\u00fclm\u00fc\u015f eksenli pompa serisi:<\/td>\n<td colspan=\"3\" width=\"850\">A2F5;A2F12;A2F23;A2VK28;2VK28;A2F28;A2F55;A2F80;A2F107;A2F160;A2F200;<br \/>\nA2V225;A2F250;A2V500;A2V915;A2F355;A2F500;A2F1000;<br \/>\nA2FO10; A2FO12; A2FO16; A2FO23; A2FO28; A2FO32; A2FO45; A2FO56; A2FO63; A2FO80; A2FO90 \/ A2FE90; A2FO107; A2FO125 (A2FM125); A2FO200;; A2FO160; A2FO180 A2FO250;<br \/>\nA2FO500; A6V28; A7V55 \/ A8V55; A7V58; A7V80 \/ A8V80; A7V107 \/ A8V107; A7V160 \/ A8V160; A7V200; A7V225; A7V250; A7V355; A7V500; A6VM \/ A7V1000; A6VM \/ A7VO12; A7VO28; A7VO55; A7VO80; A7VO107; A7VO160; A6VM160; A6VE160; A6VM200; A6VM500; A7VO172; A7VO200; A7VO250; A7VO355; A7VO500.<\/td>\n<\/tr>\n<tr>\n<td width=\"121\">Sauer Serisi:<\/td>\n<td colspan=\"3\" width=\"850\">PV20; PV21 (PVD21); PV22; PVD22 \u00e7ift pompa; PV23 (PVD23); PV24; SPV6 \/ 119; PV25; PV26; PV112; OPV27; MF16A; MFO35; MF500; MPVO46 \/ M46; MPR63; MPV45.<\/td>\n<\/tr>\n<tr>\n<td width=\"121\">Eaton Serisi:<\/td>\n<td colspan=\"3\" width=\"850\">3321\/3331 (Eaton 006); Eaton 3322 (EATON3322); 4621\/4621-007; 5421\/5431 (Eaton 23); Case 1460 (CASE1460); Case CS05A; Eaton 3932-243; Eaton 6423; 7621 (Eaton 24-7620); Yol silindiri (Eaton 78462).<\/td>\n<\/tr>\n<tr>\n<td width=\"121\">Vickers serisi:<\/td>\n<td colspan=\"3\" width=\"850\">PVE19;TA19;PVE21;PVH45;PVH57;PVH74;PVH81;PVH98;PVH106(HPN-1398);<br \/>\nPVH131; PVH141; PVB5; PVB6; PVB10; PVB15 (PVQ32 baz\u0131 yayg\u0131n); PVB20; PVB29; PVBQA29-SR; PVQ40 \/50; PVB110; TB35; B45.<\/td>\n<\/tr>\n<tr>\n<td width=\"121\">LINDE serisi:<\/td>\n<td colspan=\"3\" width=\"850\">HPR55\/75\/105\/135\/165\/210\/280 ;MPV45-01 MPV63-01; HMR75\/105\/135\/165;MPF55-01; MPR28\/45\/63\/71; HPR75\/90\/100\/130\/160;BPV35\/50\/70\/100\/200;B2PV35\/50\/75\/105\/140;<br \/>\nBMF35\/55\/75\/105\/140;BMV35\/55\/75\/105\/135;<br \/>\nBPR55\/75\/105\/140\/186\/260;HPV55T\/75\/105\/135\/165\/210; HMF28\/35\/50\/55\/75\/105\/135\/165\/210;<br \/>\nHPV130-01.<\/td>\n<\/tr>\n<tr>\n<td width=\"121\">Parker serisi:<\/td>\n<td colspan=\"3\" width=\"850\">PVP16\/23\/33\/41\/48\/60\/76\/100\/140;PVM16\/23\/28;PV016\/020\/023\/028\/032\/040\/046\/063;F11-005\/006\/012\/014\/019\/10\/28\/39\/80\/110\/150\/250;F12-030\/040\/060\/080\/110\/125\/150\/250;V12-060\/080 V14-110\/160;P2\/P3-060\/075\/105\/145;PAVC 33\/38\/65\/100<\/td>\n<\/tr>\n<\/tbody>\n<\/table>","protected":false},"excerpt":{"rendered":"","protected":false},"featured_media":9361,"comment_status":"open","ping_status":"closed","template":"","meta":{"site-sidebar-layout":"default","site-content-layout":"default","ast-global-header-display":"","ast-main-header-display":"","ast-hfb-above-header-display":"","ast-hfb-below-header-display":"","ast-hfb-mobile-header-display":"","site-post-title":"","ast-breadcrumbs-content":"","ast-featured-img":"","footer-sml-layout":"","theme-transparent-header-meta":"default","adv-header-id-meta":"","stick-header-meta":"","header-above-stick-meta":"","header-main-stick-meta":"","header-below-stick-meta":""},"product_cat":[31],"product_tag":[],"class_list":{"0":"post-9360","1":"product","2":"type-product","3":"status-publish","4":"has-post-thumbnail","6":"product_cat-vane-pump","7":"desktop-align-left","8":"tablet-align-left","9":"mobile-align-left","11":"first","12":"instock","13":"shipping-taxable","14":"product-type-simple"},"_links":{"self":[{"href":"https:\/\/timeway-hydraulics.com\/tr\/wp-json\/wp\/v2\/product\/9360","targetHints":{"allow":["GET"]}}],"collection":[{"href":"https:\/\/timeway-hydraulics.com\/tr\/wp-json\/wp\/v2\/product"}],"about":[{"href":"https:\/\/timeway-hydraulics.com\/tr\/wp-json\/wp\/v2\/types\/product"}],"replies":[{"embeddable":true,"href":"https:\/\/timeway-hydraulics.com\/tr\/wp-json\/wp\/v2\/comments?post=9360"}],"wp:featuredmedia":[{"embeddable":true,"href":"https:\/\/timeway-hydraulics.com\/tr\/wp-json\/wp\/v2\/media\/9361"}],"wp:attachment":[{"href":"https:\/\/timeway-hydraulics.com\/tr\/wp-json\/wp\/v2\/media?parent=9360"}],"wp:term":[{"taxonomy":"product_cat","embeddable":true,"href":"https:\/\/timeway-hydraulics.com\/tr\/wp-json\/wp\/v2\/product_cat?post=9360"},{"taxonomy":"product_tag","embeddable":true,"href":"https:\/\/timeway-hydraulics.com\/tr\/wp-json\/wp\/v2\/product_tag?post=9360"}],"curies":[{"name":"wp","href":"https:\/\/api.w.org\/{rel}","templated":true}]}}