{"id":1722,"date":"2024-03-09T16:59:48","date_gmt":"2024-03-09T08:59:48","guid":{"rendered":"https:\/\/timeway-hydraulics.com\/?post_type=product&#038;p=1722"},"modified":"2024-04-13T14:27:45","modified_gmt":"2024-04-13T06:27:45","slug":"pv16","status":"publish","type":"product","link":"https:\/\/timeway-hydraulics.com\/tr\/product\/pv16\/","title":{"rendered":"PV16"},"content":{"rendered":"<div class=\"detail-richtext1 richtext\">\n<h2>Rexroth Hidrolik Pompa Par\u00e7alar\u0131n\u0131n Detay\u0131<\/h2>\n<ul class=\"list-paddingleft-2\">\n<li>Rexroth serisi 1 model : A4VSO40 \/ 45 \/ 50 \/ 56 \/ 71 \/ 125 \/ 180 \/ 250 \/ 355 \/ 500 \/ 750 \/ 100<\/li>\n<li>Rexroth Senes 2 Model : A4VG28 \/ 40 \/ 56 \/ 71 \/ 90 \/ 125 \/ 180 \/ 250<\/li>\n<li>Rexroth serisi 3 model : A4V40 \/ 56 \/ 1 \/ 90 \/ 125 \/ 250 A4VO130 A4VD250<\/li>\n<li>Rexroth4 model : A4VIG71 \/ 90<\/li>\n<li>Rexroth serisi 5 model : A10VSO18 \/ 28 \/ 45 \/ 71 \/ 100 \/ 140<\/li>\n<li>Rexroth serisi 6 model : A10V 10 \/ 28 \/ 45 \/ 60 \/ 63 \/ 85-52 \/ 53<\/li>\n<li>Rexroth serisi 7 model : A15VS0175 \/ 210<\/li>\n<li>Rexroth serisi 8 model : A20V0520 \/ 060<\/li>\n<li>Rexroth serisi 9 model : A11VO40 \/ 60 \/ 75 \/ 95 \/ 130 \/ 145 \/ 160 \/ 190 \/ 200 \/ 210 \/ 260<\/li>\n<li>Rexroth serisi 10 model : A11V0250Rexroth serisi 11 model : A11VG12 \/ 19 \/ 5<\/li>\n<li>Rexroth Seri 12 Model : A10VG 18 \/ 28 \/ 45 \/ 63<\/li>\n<li>Rexroth serisi 14 model: A10F16 \/ 28 \/ 45 \/ 71<\/li>\n<li>Rexroth e\u011fimli eksen pompas\u013115 model: A2F<\/li>\n<li>Rexroth e\u011fimli eksen pompas\u0131 15 model: A2FE<\/li>\n<li>Rexroth e\u011fimli eksen pompas\u0131 16 model: A10VM18 \/ 35 \/ 63<\/li>\n<li>Rexroth e\u011fimli eksen pompas\u0131 17 model: A2V12 \/ 28DR A2VK12 \/ 28<\/li>\n<li>Rexroth e\u011fimli eksen pompas\u0131 18 model: A2FO05 \/ 10 \/ 12 \/ 16 \/ 23 \/ 28 \/ 32 \/ 45 \/ 56 \/ 63 \/<\/li>\n<\/ul>\n<p>Rexroth, d\u00fcnyan\u0131n en \u00fcnl\u00fc pistonlu pompa \u00fcreticilerinden biridir.<\/p>\n<p>Elephant Fluid Power, in\u015faat makineleri ve end\u00fcstri uygulamalar\u0131nda pompalar\u0131n yeniden imalat\u0131 veya onar\u0131m\u0131 i\u00e7in tam seri yedek Rexroth pistonlu pompa par\u00e7alar\u0131 \u00fcretmektedir.<\/p>\n<p>Rexroth pison pompalar\u0131n\u0131n t\u00fcm yedek par\u00e7alar\u0131 orijinal par\u00e7a \u00e7izimlerine uygun olarak \u00fcretilmektedir. Elephant Fluid Power, sat\u0131\u015f sonras\u0131 pazar\u0131ndan par\u00e7a kalitemiz ve servisimiz hakk\u0131nda \u00e7ok say\u0131da olumlu yan\u0131t almaktad\u0131r.<\/p>\n<\/div>\n<div class=\"detail-richtext2 richtext\">\n<h2>Rexroth Hidrolik Pompa Par\u00e7alar\u0131n\u0131n Niteli\u011fi<\/h2>\n<div class=\"table-over\">\n<table cellspacing=\"0\" cellpadding=\"0\">\n<colgroup>\n<col span=\"2\" \/><\/colgroup>\n<tbody>\n<tr class=\"firstRow\">\n<td>\u00d6znitelik<\/td>\n<td>Teknik \u00d6zellikler<\/td>\n<\/tr>\n<tr>\n<td>Malzeme<\/td>\n<td>D\u00f6kme\/Sfero d\u00f6k\u00fcm, \u00e7elik, bronz ve di\u011ferleri<\/td>\n<\/tr>\n<tr>\n<td>T\u00fcrleri<\/td>\n<td>Hidrolik piston pompas\u0131 i\u00e7in yedek par\u00e7alar<\/td>\n<\/tr>\n<tr>\n<td>Fonksiyon<\/td>\n<td>Orijinal pompa ile tamamen de\u011fi\u015ftirilebilir<\/td>\n<\/tr>\n<tr>\n<td>Par\u00e7a Ad\u0131<\/td>\n<td>Silindir blo\u011fu, piston, tutucu plaka, bilya k\u0131lavuzu, valf plakas\u0131, tahrik mili, swashplate ve daha fazlas\u0131<\/td>\n<\/tr>\n<tr>\n<td>\u0130\u015fleme Tekni\u011fi<\/td>\n<td>Kesme, torna, i\u015fleme merkezi, \u0131s\u0131l i\u015flem, ta\u015flama, honlama, \u00e7apak alma vb.<\/td>\n<\/tr>\n<tr>\n<td>uygulama<\/td>\n<td>hafriyat makineleri, in\u015faat ekipmanlar\u0131, tar\u0131m makineleri, ormanc\u0131l\u0131k makineleri, madencilik makineleri, liman gemileri ve di\u011fer makineler i\u00e7in yedek par\u00e7alar.<\/td>\n<\/tr>\n<tr>\n<td>Ticari Marka<\/td>\n<td>Elephant Fluid Power, Neutral etiketi veya m\u00fc\u015fterinin ihtiyac\u0131na g\u00f6re<\/td>\n<\/tr>\n<\/tbody>\n<\/table>\n<\/div>\n<\/div>\n<div class=\"detail-richtext3 richtext\">\n<h2>Rexroth Hidrolik Pompa Par\u00e7alar\u0131n\u0131n \u00d6zellikleri<\/h2>\n<ul class=\"list-paddingleft-2\">\n<li>Aksakl\u0131k yok<\/li>\n<li>Paslanmaz \u00e7elik kullan\u0131m\u0131, bak\u0131r i\u00e7eri\u011fi 99.99%<\/li>\n<li>Rexroth ile uyumlu<\/li>\n<li>Yenilenmi\u015f pompa ile orijinal pompa aras\u0131ndaki verimlilik fark\u0131 1-2%'dir<\/li>\n<li>Maliyet Rexroth'un 1\/5'i kadard\u0131r<\/li>\n<\/ul>\n<\/div>","protected":false},"excerpt":{"rendered":"<p>We produce the whole series of original Rexroth pump parts, strictly implement Rexroth&#8217;s manufacturing and testing standards, quality standards and product precision are matched with Rexroth pump parts. Our products are widely used in heavy machinery manufacturing, repair, maintenance, refurbishment, after-sales and other fields, which have been recognized by the market and favored by heavy machinery industry.<\/p>","protected":false},"featured_media":1723,"comment_status":"open","ping_status":"closed","template":"","meta":{"site-sidebar-layout":"default","site-content-layout":"default","ast-global-header-display":"","ast-main-header-display":"","ast-hfb-above-header-display":"","ast-hfb-below-header-display":"","ast-hfb-mobile-header-display":"","site-post-title":"","ast-breadcrumbs-content":"","ast-featured-img":"","footer-sml-layout":"","theme-transparent-header-meta":"default","adv-header-id-meta":"","stick-header-meta":"","header-above-stick-meta":"","header-main-stick-meta":"","header-below-stick-meta":""},"product_cat":[24],"product_tag":[],"class_list":{"0":"post-1722","1":"product","2":"type-product","3":"status-publish","4":"has-post-thumbnail","6":"product_cat-uncategorized","7":"desktop-align-left","8":"tablet-align-left","9":"mobile-align-left","11":"first","12":"instock","13":"shipping-taxable","14":"product-type-simple"},"_links":{"self":[{"href":"https:\/\/timeway-hydraulics.com\/tr\/wp-json\/wp\/v2\/product\/1722","targetHints":{"allow":["GET"]}}],"collection":[{"href":"https:\/\/timeway-hydraulics.com\/tr\/wp-json\/wp\/v2\/product"}],"about":[{"href":"https:\/\/timeway-hydraulics.com\/tr\/wp-json\/wp\/v2\/types\/product"}],"replies":[{"embeddable":true,"href":"https:\/\/timeway-hydraulics.com\/tr\/wp-json\/wp\/v2\/comments?post=1722"}],"wp:featuredmedia":[{"embeddable":true,"href":"https:\/\/timeway-hydraulics.com\/tr\/wp-json\/wp\/v2\/media\/1723"}],"wp:attachment":[{"href":"https:\/\/timeway-hydraulics.com\/tr\/wp-json\/wp\/v2\/media?parent=1722"}],"wp:term":[{"taxonomy":"product_cat","embeddable":true,"href":"https:\/\/timeway-hydraulics.com\/tr\/wp-json\/wp\/v2\/product_cat?post=1722"},{"taxonomy":"product_tag","embeddable":true,"href":"https:\/\/timeway-hydraulics.com\/tr\/wp-json\/wp\/v2\/product_tag?post=1722"}],"curies":[{"name":"wp","href":"https:\/\/api.w.org\/{rel}","templated":true}]}}