{"id":5898,"date":"2024-05-28T10:42:11","date_gmt":"2024-05-28T02:42:11","guid":{"rendered":"https:\/\/timeway-hydraulics.com\/?post_type=product&#038;p=5898"},"modified":"2024-07-10T16:30:11","modified_gmt":"2024-07-10T08:30:11","slug":"a10fl25","status":"publish","type":"product","link":"https:\/\/timeway-hydraulics.com\/pt\/product\/a10fl25\/","title":{"rendered":"A10FL25"},"content":{"rendered":"<h6 class=\"elementor-image-box-title\"><a href=\"https:\/\/timeway-hydraulics.com\/pt\/rexroth-series-2\/\"><span style=\"color: #999999;\">S\u00e9rie REXROTH<\/span><\/a><\/h6>\n<p><!--more--><\/p>\n<h5>A10FL Bomba de pist\u00e3o hidr\u00e1ulica Rexroth A10FL25 Pe\u00e7as sobressalentes<\/h5>\n<p><!--more--><\/p>\n<table style=\"border-collapse: collapse; width: 742px; height: 447px;\" border=\"0\" width=\"1039\" cellspacing=\"0\" cellpadding=\"0\">\n<tbody>\n<tr style=\"height: 14.50pt;\">\n<td class=\"et3\" style=\"height: 14.50pt; width: 129.95pt;\" width=\"259\" height=\"29\"><strong>Nome do produto:<\/strong><\/td>\n<td class=\"et4\" style=\"width: 389.85pt;\" colspan=\"3\" width=\"779\">Pe\u00e7as da bomba hidr\u00e1ulica e conjunto da bomba<\/td>\n<\/tr>\n<tr style=\"height: 14.50pt;\">\n<td class=\"et3\" style=\"height: 14.50pt;\" height=\"29\"><strong>Modelo:<\/strong><\/td>\n<td class=\"et4\" colspan=\"3\">Fornecimento de pe\u00e7as sobressalentes de todas as marcas, por favor, informe-nos sua necessidade<\/td>\n<\/tr>\n<tr style=\"height: 14.50pt;\">\n<td class=\"et3\" style=\"height: 14.50pt;\" height=\"29\"><strong>Palavra-chave:<\/strong><\/td>\n<td class=\"et4\" colspan=\"3\">Pe\u00e7as do motor rotativo\/Pe\u00e7as do motor de deslocamento \/<\/td>\n<\/tr>\n<tr style=\"height: 14.50pt;\">\n<td class=\"et3\" style=\"height: 14.50pt;\" height=\"29\"><strong>Prazo de entrega:<\/strong><\/td>\n<td class=\"et4\" colspan=\"3\">1-3 dias para estoques, 5-10 dias para n\u00e3o estoques<\/td>\n<\/tr>\n<tr style=\"height: 14.50pt;\">\n<td class=\"et3\" style=\"height: 14.50pt;\" height=\"29\"><strong>Condi\u00e7\u00f5es de pagamento:<\/strong><\/td>\n<td class=\"et4\" colspan=\"3\">T\/T, Western Union, Paysend, LC, PAYPAL etc.<\/td>\n<\/tr>\n<tr style=\"height: 14.50pt;\">\n<td class=\"et3\" style=\"height: 14.50pt;\" height=\"29\"><strong>Local de origem:<\/strong><\/td>\n<td class=\"et4\">China<\/td>\n<td class=\"et3\"><strong>Nome da marca:<\/strong><\/td>\n<td class=\"et4\">HOR\u00c1RIO<\/td>\n<\/tr>\n<tr style=\"height: 14.50pt;\">\n<td class=\"et3\" style=\"height: 14.50pt;\" height=\"29\"><strong>Uso:<\/strong><\/td>\n<td class=\"et4\">Reparo de bombas<\/td>\n<td class=\"et3\"><strong>Garantia:<\/strong><\/td>\n<td class=\"et4\">6-12 meses<\/td>\n<\/tr>\n<tr style=\"height: 14.50pt;\">\n<td class=\"et3\" style=\"height: 14.50pt;\" height=\"29\"><strong>Material:<\/strong><\/td>\n<td class=\"et4\">A\u00e7o e cobre<\/td>\n<td class=\"et3\"><strong>Pacote:<\/strong><\/td>\n<td class=\"et4\">Estojo de madeira\/caixa de papel\u00e3o<\/td>\n<\/tr>\n<tr style=\"height: 14.50pt;\">\n<td class=\"et3\" style=\"height: 14.50pt;\" height=\"29\"><strong>Quantidade m\u00ednima de pedidos:<\/strong><\/td>\n<td class=\"et4\">1<\/td>\n<td class=\"et3\"><strong>M\u00e9todos de entrega:<\/strong><\/td>\n<td class=\"et4\">A\u00e9reo\/ Expresso\/ Mar\u00edtimo<\/td>\n<\/tr>\n<\/tbody>\n<\/table>\n<p><span style=\"color: #008000;\"><strong>Fornecemos v\u00e1rias pe\u00e7as sobressalentes para escavadeiras e podemos fornecer mais especifica\u00e7\u00f5es e dimens\u00f5es, se voc\u00ea precisar.<\/strong><\/span><\/p>\n<table width=\"972\">\n<tbody>\n<tr>\n<td colspan=\"4\" width=\"972\"><strong>Nossa empresa fornece um grande n\u00famero de bombas de pist\u00e3o, motores, redutores e pe\u00e7as sobressalentes relacionadas. Os principais fabricantes s\u00e3o: Rexroth, Hitachi, Komatsu, Kawasaki, Caterpillar, NACHI, Toshiba, Kobelco \/ Kato etc.<\/strong><\/td>\n<\/tr>\n<tr>\n<td style=\"text-align: center;\" colspan=\"4\" width=\"972\"><span style=\"color: #008000;\"><strong>Os modelos espec\u00edficos s\u00e3o:<\/strong><\/span><\/td>\n<\/tr>\n<tr>\n<td width=\"121\">S\u00e9rie Hitachi:<\/td>\n<td colspan=\"3\" width=\"850\">HPV050; HPV080; bomba principal ZX120-6 (HPK055); HPV091 (bomba \u00fanica EX200-2\/3, EX120-2); HPV102 (EX200-5\/6); HPV116 (EX200-1); HPV118 (bomba principal ZX200-3, ZX270) etc.<\/td>\n<\/tr>\n<tr>\n<td width=\"121\">S\u00e9rie de bombas principais de escavadeiras Komatsu:<\/td>\n<td colspan=\"3\" width=\"850\">HPV35 (PC60); HPV55 (PC120); HPV90 (PC200-3); HPV90 (PC200-5); PHV95 (PC200-6, PC120-6, exceto o eixo da bomba); HPV132 (PC300-7, PC400-6); HPV160 (PC300\/400-3\/5); HPV135; PC30UU; bomba principal PC40-8; PC50; PC60, etc.<\/td>\n<\/tr>\n<tr>\n<td width=\"121\">S\u00e9rie Caterpillar:<\/td>\n<td colspan=\"3\" width=\"850\">Bomba dupla VRD63 (CAT120); bomba principal SBS80 (CAT312C); bomba dupla E200B (nova); bomba dupla AP-12; bomba dupla AP-14 (CAT325C); bomba dupla CAT320C; bomba dupla SPK10\/10 (E200B); bomba dupla SPV10\/10 (MS180); bomba dupla CAT12G; CAT14G\/16G; CAT215; CAT245; motor de deslocamento CAT330B; motor de deslocamento PSV450 (AP-12); CAT992; motor de deslocamento CAT330C; CAT385H.<\/td>\n<\/tr>\n<tr>\n<td width=\"121\">S\u00e9rie Kayab (KYB, kayaba):<\/td>\n<td colspan=\"3\" width=\"850\">PSVD2-16E (Shanhe Intelligent 1,6-2 toneladas); PSVD2-21C (KYB); PSVD2-21E (KYB) 4T\/SVD22 bomba principal de escava\u00e7\u00e3o pequena; PSVD2-26E\/27E (KYB); KYB-25CC (Ishikawashima 45, Kubota K040\/K045); Ishikawajima 60; PSVL-54 (KYB Kubota 6 ton 155 escavadeira).<\/td>\n<\/tr>\n<tr>\n<td width=\"121\">A s\u00e9rie Nachi:<\/td>\n<td colspan=\"3\" width=\"850\">PVD-2B-32L; PVD-2B-34 de deslocamento; PVD-2B-34L (bomba principal de escava\u00e7\u00e3o pequena); PVD-2B-36L\/38\/40; PVD-2B-42; PVD-2B-63; PVD45; 130; PVK-2B-505 (bomba principal ZAX55); Motor rotativo de escava\u00e7\u00e3o pequena YC35-6 Yuchai; motor de deslocamento de escava\u00e7\u00e3o pequena YC35-6 Yuchai; PCL-200-18B (rota\u00e7\u00e3o Yuchai 55); escavadeira Bobcat 331 (giro); Bobcat 337 (motor de deslocamento).<\/td>\n<\/tr>\n<tr>\n<td width=\"121\">S\u00e9rie Toshiba:<\/td>\n<td colspan=\"3\" width=\"850\">SG02; SG025 (MFB40); SG04 (MFB80); SG08 (MFB160); SG12; SG20 (MFB250); PVB92 (PVC90RC08\/PVC70R) (escavadeira Toshiba de 8 toneladas, Yuchai de 8,5 toneladas); PV090; PV092 (PV080 universal); PSVS-90.<\/td>\n<\/tr>\n<tr>\n<td width=\"121\">S\u00e9rie JEIL:<\/td>\n<td colspan=\"3\" width=\"850\">JMV-44\/22; JMV-53\/34 (motor de deslocamento de escavadeira pequena de 6-8 toneladas); JMF-64; JMV 147\/95; JMF-151-VBR (22SM1510117); JMF-155.<\/td>\n<\/tr>\n<tr>\n<td width=\"121\">S\u00e9rie Liebherr:<\/td>\n<td colspan=\"3\" width=\"850\">LPVD45; LPVD64; LPVD75; LPVD90; LPVD100; LPVD100 novo (914); LPVD125; LPVD125 novo; LPVD140; LPVD250; LPVD260.<\/td>\n<\/tr>\n<tr>\n<td width=\"121\">S\u00e9rie Kobelco \/ Kato:<\/td>\n<td colspan=\"3\" width=\"850\">Bomba principal SK250-8; motor de deslocamento SK200-1\/3; SK220-3 (motor de deslocamento MA340); motor de deslocamento SK200-6; SK200-6 walking new; motor de deslocamento SK320; motor de deslocamento M3V150 (SK220-2); motor de deslocamento SK430; motor de escavadeira Kato 400; HD450V-2 (Kato); HD3000; DH55 (motor de giro de escavadeira Daewoo 55); T3X128\/Daewoo 300-7; Daewoo 225-7; Daewoo DH370; motor de giro Hyundai 60-7; motor de giro moderno 480.<\/td>\n<\/tr>\n<tr>\n<td width=\"121\">S\u00e9rie Kawasaki:<\/td>\n<td colspan=\"3\" width=\"850\">K3SP36C (SDV36) Bomba principal de escavadeira m\u00e9dia de 8 toneladas; K3V63DT (K3V63BDT); K3V112DT; K3V140DT; K3V180DT; K3V280; K3VG280; K3VG180; K3VL45; K5V80; K5V140 (Doosan 300-7); K5V160 (bomba principal 300-6 moderna); M2X63; M2X96 (EX200-2); M2X120; M2X146 (EX200-5); M2X150\/170 (EX400); M2X210 (EX270\/280\/300); M5X130<\/td>\n<\/tr>\n<tr>\n<td width=\"121\">S\u00e9rie Nabtesco:<\/td>\n<td colspan=\"3\" width=\"850\">GM05VL; GM05VA; GM06VL (60 Daewoo walking); GM07VA (Daewoo DH55, Komatsu walking 60-7); GM08 (Komatsu 60-3 \/ 5 walking); GM09 (MSPG06-025 \/ PC60-7 travel motor); GM10; GM17 (PC120-3 \/ 5 walking); GM18; GM23; GM30H; GM35VA; GM35VL (travel motors); GM38VB (SK200-8, Kato travel motor 1023-3); DNB08.<\/td>\n<\/tr>\n<tr>\n<td width=\"121\">S\u00e9rie Rexroth:<\/td>\n<td colspan=\"3\" width=\"850\">A4V40; A4V56; A4V71; A4V125; A4V250; A4VFO28; A4VSO40; A4VSO71; A4VSO125; A4VSO180; A4VSO250; A4VSO355; A4VSO500; A4VF500 \/ A4F500; A4VG28 (A4F028); A4VG50;; A4VG40; A4VG45; A4VG56; A4VG71; A4VTG71; A4VG90 (A4VT90HW \/ 32R); A4VHW90; Bomba de carga A4VTG90 (Laid thick); A4VG125; Bomba de carga A4VG125; Bomba de carga A4VG125 (tipo de uso geral); Bomba de carga A4VG125 (tipo string A10VO28); Bomba de carga A4VG12 (grande).<\/td>\n<\/tr>\n<tr>\n<td width=\"121\">S\u00e9rie de bombas de eixo curvo Rexroth:<\/td>\n<td colspan=\"3\" width=\"850\">A2F5;A2F12;A2F23;A2VK28;2VK28;A2F28;A2F55;A2F80;A2F107;A2F160;A2F200;<br \/>\nA2V225;A2F250;A2V500;A2V915;A2F355;A2F500;A2F1000;<br \/>\nA2FO10;A2FO12;A2FO16;A2FO23;A2FO28;A2FO32;A2FO45; A2FO56; A2FO63; A2FO80; A2FO90 \/ A2FE90; A2FO107; A2FO125 (A2FM125); A2FO200;; A2FO160; A2FO180 A2FO250;<br \/>\nA2FO500; A6V28; A7V55 \/ A8V55; A7V58; A7V80 \/ A8V80; A7V107 \/ A8V107; A7V160 \/ A8V160; A7V200; A7V225; A7V250; A7V355; A7V500; A6VM \/ A7V1000; A6VM \/ A7VO12; A7VO28; A7VO55; A7VO80; A7VO107; A7VO160; A6VM160; A6VE160; A6VM200; A6VM500; A7VO172; A7VO200; A7VO250; A7VO355; A7VO500.<\/td>\n<\/tr>\n<tr>\n<td width=\"121\">S\u00e9rie Sauer:<\/td>\n<td colspan=\"3\" width=\"850\">PV20; PV21 (PVD21); PV22; bomba dupla PVD22; PV23 (PVD23); PV24; SPV6 \/ 119; PV25; PV26; PV112; OPV27; MF16A; MFO35; MF500; MPVO46 \/ M46; MPR63; MPV45.<\/td>\n<\/tr>\n<tr>\n<td width=\"121\">S\u00e9rie Eaton:<\/td>\n<td colspan=\"3\" width=\"850\">3321\/3331 (Eaton 006); Eaton 3322 (EATON3322); 4621\/4621-007; 5421\/5431 (Eaton 23); Case 1460 (CASE1460); Case CS05A; Eaton 3932-243; Eaton 6423; 7621 (Eaton 24-7620); Rolo compactador (Eaton 78462).<\/td>\n<\/tr>\n<tr>\n<td width=\"121\">S\u00e9rie Vickers:<\/td>\n<td colspan=\"3\" width=\"850\">PVE19;TA19;PVE21;PVH45;PVH57;PVH74;PVH81;PVH98;PVH106(HPN-1398);<br \/>\nPVH131;PVH141;PVB5;PVB6;PVB10;PVB15(PVQ32 alguns comuns);PVB20;PVB29;PVBQA29-SR;PVQ40 \/50; PVB110; TB35; B45.<\/td>\n<\/tr>\n<tr>\n<td width=\"121\">S\u00e9rie LINDE:<\/td>\n<td colspan=\"3\" width=\"850\">HPR55\/75\/105\/135\/165\/210\/280 ;MPV45-01 MPV63-01; HMR75\/105\/135\/165;MPF55-01; MPR28\/45\/63\/71; HPR75\/90\/100\/130\/160;BPV35\/50\/70\/100\/200;B2PV35\/50\/75\/105\/140;<br \/>\nBMF35\/55\/75\/105\/140;BMV35\/55\/75\/105\/135;<br \/>\nBPR55\/75\/105\/140\/186\/260;HPV55T\/75\/105\/135\/165\/210; HMF28\/35\/50\/55\/75\/105\/135\/165\/210;<br \/>\nHPV130-01.<\/td>\n<\/tr>\n<tr>\n<td width=\"121\">S\u00e9rie Parker:<\/td>\n<td colspan=\"3\" width=\"850\">PVP16\/23\/33\/41\/48\/60\/76\/100\/140;PVM16\/23\/28;PV016\/020\/023\/028\/032\/040\/046\/063;F11-005\/006\/012\/014\/019\/10\/28\/39\/80\/110\/150\/250;F12-030\/040\/060\/080\/110\/125\/150\/250;V12-060\/080 V14-110\/160;P2\/P3-060\/075\/105\/145;PAVC 33\/38\/65\/100<\/td>\n<\/tr>\n<\/tbody>\n<\/table>\n<p>&nbsp;<\/p>","protected":false},"excerpt":{"rendered":"<p>S\u00e9rie REXROTH<\/p>","protected":false},"featured_media":6397,"comment_status":"open","ping_status":"closed","template":"","meta":{"site-sidebar-layout":"default","site-content-layout":"default","ast-global-header-display":"","ast-main-header-display":"","ast-hfb-above-header-display":"","ast-hfb-below-header-display":"","ast-hfb-mobile-header-display":"","site-post-title":"","ast-breadcrumbs-content":"","ast-featured-img":"","footer-sml-layout":"","theme-transparent-header-meta":"default","adv-header-id-meta":"","stick-header-meta":"","header-above-stick-meta":"","header-main-stick-meta":"","header-below-stick-meta":""},"product_cat":[74],"product_tag":[],"class_list":{"0":"post-5898","1":"product","2":"type-product","3":"status-publish","4":"has-post-thumbnail","6":"product_cat-piston-pumpmotor-parts","7":"desktop-align-left","8":"tablet-align-left","9":"mobile-align-left","11":"first","12":"instock","13":"shipping-taxable","14":"product-type-simple"},"_links":{"self":[{"href":"https:\/\/timeway-hydraulics.com\/pt\/wp-json\/wp\/v2\/product\/5898","targetHints":{"allow":["GET"]}}],"collection":[{"href":"https:\/\/timeway-hydraulics.com\/pt\/wp-json\/wp\/v2\/product"}],"about":[{"href":"https:\/\/timeway-hydraulics.com\/pt\/wp-json\/wp\/v2\/types\/product"}],"replies":[{"embeddable":true,"href":"https:\/\/timeway-hydraulics.com\/pt\/wp-json\/wp\/v2\/comments?post=5898"}],"wp:featuredmedia":[{"embeddable":true,"href":"https:\/\/timeway-hydraulics.com\/pt\/wp-json\/wp\/v2\/media\/6397"}],"wp:attachment":[{"href":"https:\/\/timeway-hydraulics.com\/pt\/wp-json\/wp\/v2\/media?parent=5898"}],"wp:term":[{"taxonomy":"product_cat","embeddable":true,"href":"https:\/\/timeway-hydraulics.com\/pt\/wp-json\/wp\/v2\/product_cat?post=5898"},{"taxonomy":"product_tag","embeddable":true,"href":"https:\/\/timeway-hydraulics.com\/pt\/wp-json\/wp\/v2\/product_tag?post=5898"}],"curies":[{"name":"wp","href":"https:\/\/api.w.org\/{rel}","templated":true}]}}