{"id":1722,"date":"2024-03-09T16:59:48","date_gmt":"2024-03-09T08:59:48","guid":{"rendered":"https:\/\/timeway-hydraulics.com\/?post_type=product&#038;p=1722"},"modified":"2024-04-13T14:27:45","modified_gmt":"2024-04-13T06:27:45","slug":"pv16","status":"publish","type":"product","link":"https:\/\/timeway-hydraulics.com\/pt\/product\/pv16\/","title":{"rendered":"PV16"},"content":{"rendered":"<div class=\"detail-richtext1 richtext\">\n<h2>Detalhes das pe\u00e7as da bomba hidr\u00e1ulica Rexroth<\/h2>\n<ul class=\"list-paddingleft-2\">\n<li>Modelo Rexroth s\u00e9rie 1: A4VSO40 \/ 45 \/ 50 \/ 56 \/ 71 \/ 125 \/ 180 \/ 250 \/ 355 \/ 500 \/ 750 \/ 100<\/li>\n<li>Rexroth Senes 2 Modelo: A4VG28 \/ 40 \/ 56 \/ 71 \/ 90 \/ 125 \/ 180 \/ 250<\/li>\n<li>Modelo Rexroth s\u00e9rie 3: A4V40 \/ 56 \/ 1 \/ 90 \/ 125 \/ 250 A4VO130 A4VD250<\/li>\n<li>Modelo Rexroth4 : A4VIG71 \/ 90<\/li>\n<li>Modelo Rexroth s\u00e9rie 5: A10VSO18 \/ 28 \/ 45 \/ 71 \/ 100 \/ 140<\/li>\n<li>Modelo Rexroth s\u00e9rie 6: A10V 10 \/ 28 \/ 45 \/ 60 \/ 63 \/ 85-52 \/ 53<\/li>\n<li>Modelo Rexroth s\u00e9rie 7: A15VS0175 \/ 210<\/li>\n<li>Modelo Rexroth s\u00e9rie 8: A20V0520 \/ 060<\/li>\n<li>Modelo Rexroth s\u00e9rie 9: A11VO40 \/ 60 \/ 75 \/ 95 \/ 130 \/ 145 \/ 160 \/ 190 \/ 200 \/ 210 \/ 260<\/li>\n<li>Modelo Rexroth s\u00e9rie 10: A11V0250Modelo Rexroth s\u00e9rie 11: A11VG12 \/ 19 \/ 5<\/li>\n<li>Rexroth S\u00e9rie 12 Modelo: A10VG 18 \/ 28 \/ 45 \/ 63<\/li>\n<li>Modelo Rexroth s\u00e9rie 14: A10F16 \/ 28 \/ 45 \/ 71<\/li>\n<li>Bomba de eixo inclinado Rexroth modelo 15: A2F<\/li>\n<li>Bomba de eixo inclinado Rexroth modelo 15: A2FE<\/li>\n<li>Bomba de eixo inclinado Rexroth modelo 16: A10VM18 \/ 35 \/ 63<\/li>\n<li>Bomba de eixo inclinado Rexroth modelo 17: A2V12 \/ 28DR A2VK12 \/ 28<\/li>\n<li>Bomba de eixo inclinado Rexroth modelo 18: A2FO05 \/ 10 \/ 12 \/ 16 \/ 23 \/ 28 \/ 32 \/ 45 \/ 56 \/ 63 \/<\/li>\n<\/ul>\n<p>A Rexroth \u00e9 um dos mais famosos fabricantes de bombas de pist\u00e3o do mundo.<\/p>\n<p>A Elephant Fluid Power est\u00e1 fabricando uma s\u00e9rie completa de pe\u00e7as de reposi\u00e7\u00e3o para bombas de pist\u00e3o Rexroth para remanufatura ou reparo de bombas em m\u00e1quinas de constru\u00e7\u00e3o e aplica\u00e7\u00f5es industriais.<\/p>\n<p>Todas as pe\u00e7as de reposi\u00e7\u00e3o das bombas Rexroth pison s\u00e3o produzidas de acordo com os desenhos das pe\u00e7as genu\u00ednas. A Elephant Fluid Power recebe muitas respostas positivas do mercado de p\u00f3s-vendas sobre a qualidade e o servi\u00e7o de nossas pe\u00e7as.<\/p>\n<\/div>\n<div class=\"detail-richtext2 richtext\">\n<h2>Atributo das pe\u00e7as da bomba hidr\u00e1ulica Rexroth<\/h2>\n<div class=\"table-over\">\n<table cellspacing=\"0\" cellpadding=\"0\">\n<colgroup>\n<col span=\"2\" \/><\/colgroup>\n<tbody>\n<tr class=\"firstRow\">\n<td>Atributo<\/td>\n<td>Especifica\u00e7\u00f5es<\/td>\n<\/tr>\n<tr>\n<td>Material<\/td>\n<td>Ferro fundido\/d\u00factil, a\u00e7o, bronze e outros<\/td>\n<\/tr>\n<tr>\n<td>Tipos<\/td>\n<td>Pe\u00e7as de reposi\u00e7\u00e3o para a bomba de pist\u00e3o hidr\u00e1ulico<\/td>\n<\/tr>\n<tr>\n<td>Fun\u00e7\u00e3o<\/td>\n<td>Totalmente intercambi\u00e1vel com a bomba original<\/td>\n<\/tr>\n<tr>\n<td>Nome das pe\u00e7as<\/td>\n<td>Bloco de cilindros, pist\u00e3o, placa de reten\u00e7\u00e3o, guia esf\u00e9rica, placa de v\u00e1lvula, eixo de acionamento, placa oscilante e muito mais<\/td>\n<\/tr>\n<tr>\n<td>T\u00e9cnica de processamento<\/td>\n<td>Corte, torno, centro de usinagem, tratamento t\u00e9rmico, retifica\u00e7\u00e3o, afia\u00e7\u00e3o, rebarba\u00e7\u00e3o, etc.<\/td>\n<\/tr>\n<tr>\n<td>aplicativo<\/td>\n<td>pe\u00e7as sobressalentes para m\u00e1quinas de terraplenagem, equipamentos de constru\u00e7\u00e3o, m\u00e1quinas agr\u00edcolas, m\u00e1quinas florestais, m\u00e1quinas de minera\u00e7\u00e3o, navios portu\u00e1rios e outras m\u00e1quinas.<\/td>\n<\/tr>\n<tr>\n<td>Marca registrada<\/td>\n<td>Elephant Fluid Power, Neutral label ou de acordo com a exig\u00eancia do cliente<\/td>\n<\/tr>\n<\/tbody>\n<\/table>\n<\/div>\n<\/div>\n<div class=\"detail-richtext3 richtext\">\n<h2>Caracter\u00edsticas das pe\u00e7as da bomba hidr\u00e1ulica Rexroth<\/h2>\n<ul class=\"list-paddingleft-2\">\n<li>Sem falhas<\/li>\n<li>Usando a\u00e7o inoxid\u00e1vel, teor de cobre 99,99%<\/li>\n<li>Compat\u00edvel com Rexroth<\/li>\n<li>A diferen\u00e7a de efici\u00eancia entre a bomba reformada e a bomba original \u00e9 de 1-2%<\/li>\n<li>O custo \u00e9 de 1\/5 da Rexroth<\/li>\n<\/ul>\n<\/div>","protected":false},"excerpt":{"rendered":"<p>We produce the whole series of original Rexroth pump parts, strictly implement Rexroth&#8217;s manufacturing and testing standards, quality standards and product precision are matched with Rexroth pump parts. Our products are widely used in heavy machinery manufacturing, repair, maintenance, refurbishment, after-sales and other fields, which have been recognized by the market and favored by heavy machinery industry.<\/p>","protected":false},"featured_media":1723,"comment_status":"open","ping_status":"closed","template":"","meta":{"site-sidebar-layout":"default","site-content-layout":"default","ast-global-header-display":"","ast-main-header-display":"","ast-hfb-above-header-display":"","ast-hfb-below-header-display":"","ast-hfb-mobile-header-display":"","site-post-title":"","ast-breadcrumbs-content":"","ast-featured-img":"","footer-sml-layout":"","theme-transparent-header-meta":"default","adv-header-id-meta":"","stick-header-meta":"","header-above-stick-meta":"","header-main-stick-meta":"","header-below-stick-meta":""},"product_cat":[24],"product_tag":[],"class_list":{"0":"post-1722","1":"product","2":"type-product","3":"status-publish","4":"has-post-thumbnail","6":"product_cat-uncategorized","7":"desktop-align-left","8":"tablet-align-left","9":"mobile-align-left","11":"first","12":"instock","13":"shipping-taxable","14":"product-type-simple"},"_links":{"self":[{"href":"https:\/\/timeway-hydraulics.com\/pt\/wp-json\/wp\/v2\/product\/1722","targetHints":{"allow":["GET"]}}],"collection":[{"href":"https:\/\/timeway-hydraulics.com\/pt\/wp-json\/wp\/v2\/product"}],"about":[{"href":"https:\/\/timeway-hydraulics.com\/pt\/wp-json\/wp\/v2\/types\/product"}],"replies":[{"embeddable":true,"href":"https:\/\/timeway-hydraulics.com\/pt\/wp-json\/wp\/v2\/comments?post=1722"}],"wp:featuredmedia":[{"embeddable":true,"href":"https:\/\/timeway-hydraulics.com\/pt\/wp-json\/wp\/v2\/media\/1723"}],"wp:attachment":[{"href":"https:\/\/timeway-hydraulics.com\/pt\/wp-json\/wp\/v2\/media?parent=1722"}],"wp:term":[{"taxonomy":"product_cat","embeddable":true,"href":"https:\/\/timeway-hydraulics.com\/pt\/wp-json\/wp\/v2\/product_cat?post=1722"},{"taxonomy":"product_tag","embeddable":true,"href":"https:\/\/timeway-hydraulics.com\/pt\/wp-json\/wp\/v2\/product_tag?post=1722"}],"curies":[{"name":"wp","href":"https:\/\/api.w.org\/{rel}","templated":true}]}}