{"id":267,"date":"2023-04-23T17:12:12","date_gmt":"2023-04-23T09:12:12","guid":{"rendered":"http:\/\/timeway-hydraulics.com\/?page_id=267"},"modified":"2024-05-24T16:19:20","modified_gmt":"2024-05-24T08:19:20","slug":"customers-case","status":"publish","type":"page","link":"https:\/\/timeway-hydraulics.com\/pt\/customers-case\/","title":{"rendered":"Clientes \/ Caso"},"content":{"rendered":"<div data-elementor-type=\"wp-page\" data-elementor-id=\"267\" class=\"elementor elementor-267\" data-elementor-post-type=\"page\">\n\t\t\t\t\t\t<section class=\"elementor-section elementor-top-section elementor-element elementor-element-39c83207 elementor-section-height-min-height elementor-section-boxed elementor-section-height-default elementor-section-items-middle\" data-id=\"39c83207\" data-element_type=\"section\" data-e-type=\"section\" data-settings=\"{&quot;background_background&quot;:&quot;gradient&quot;,&quot;shape_divider_bottom&quot;:&quot;waves&quot;}\">\n\t\t\t\t\t\t\t<div class=\"elementor-background-overlay\"><\/div>\n\t\t\t\t\t\t<div class=\"elementor-shape elementor-shape-bottom\" aria-hidden=\"true\" data-negative=\"false\">\n\t\t\t<svg xmlns=\"http:\/\/www.w3.org\/2000\/svg\" viewbox=\"0 0 1000 100\" preserveaspectratio=\"none\">\n\t<path class=\"elementor-shape-fill\" d=\"M421.9,6.5c22.6-2.5,51.5,0.4,75.5,5.3c23.6,4.9,70.9,23.5,100.5,35.7c75.8,32.2,133.7,44.5,192.6,49.7\tc23.6,2.1,48.7,3.5,103.4-2.5c54.7-6,106.2-25.6,106.2-25.6V0H0v30.3c0,0,72,32.6,158.4,30.5c39.2-0.7,92.8-6.7,134-22.4\tc21.2-8.1,52.2-18.2,79.7-24.2C399.3,7.9,411.6,7.5,421.9,6.5z\"\/>\n<\/svg>\t\t<\/div>\n\t\t\t\t\t<div class=\"elementor-container elementor-column-gap-default\">\n\t\t\t\t\t<div class=\"elementor-column elementor-col-100 elementor-top-column elementor-element elementor-element-96aa8ff\" data-id=\"96aa8ff\" data-element_type=\"column\" data-e-type=\"column\">\n\t\t\t<div class=\"elementor-widget-wrap elementor-element-populated\">\n\t\t\t\t\t\t<div class=\"elementor-element elementor-element-65a61b3a elementor-widget elementor-widget-heading\" data-id=\"65a61b3a\" data-element_type=\"widget\" data-e-type=\"widget\" data-widget_type=\"heading.default\">\n\t\t\t\t<div class=\"elementor-widget-container\">\n\t\t\t\t\t<h1 class=\"elementor-heading-title elementor-size-default\">Caso do Timeway\n<\/h1>\t\t\t\t<\/div>\n\t\t\t\t<\/div>\n\t\t\t\t<div class=\"elementor-element elementor-element-28f87f6e elementor-widget elementor-widget-heading\" data-id=\"28f87f6e\" data-element_type=\"widget\" data-e-type=\"widget\" data-widget_type=\"heading.default\">\n\t\t\t\t<div class=\"elementor-widget-container\">\n\t\t\t\t\t<h3 class=\"elementor-heading-title elementor-size-default\">Como obter mais curtidas e compartilhamentos<\/h3>\t\t\t\t<\/div>\n\t\t\t\t<\/div>\n\t\t\t\t\t<\/div>\n\t\t<\/div>\n\t\t\t\t\t<\/div>\n\t\t<\/section>\n\t\t\t\t<section class=\"elementor-section elementor-top-section elementor-element elementor-element-7f6a6ee9 elementor-section-boxed elementor-section-height-default elementor-section-height-default\" data-id=\"7f6a6ee9\" data-element_type=\"section\" data-e-type=\"section\" data-settings=\"{&quot;background_background&quot;:&quot;classic&quot;}\">\n\t\t\t\t\t\t\t<div class=\"elementor-background-overlay\"><\/div>\n\t\t\t\t\t\t\t<div class=\"elementor-container elementor-column-gap-default\">\n\t\t\t\t\t<div class=\"elementor-column elementor-col-100 elementor-top-column elementor-element elementor-element-3bad28a4\" data-id=\"3bad28a4\" data-element_type=\"column\" data-e-type=\"column\">\n\t\t\t<div class=\"elementor-widget-wrap elementor-element-populated\">\n\t\t\t\t\t\t<div class=\"elementor-element elementor-element-4248eb54 elementor-widget elementor-widget-heading\" data-id=\"4248eb54\" data-element_type=\"widget\" data-e-type=\"widget\" data-widget_type=\"heading.default\">\n\t\t\t\t<div class=\"elementor-widget-container\">\n\t\t\t\t\t<h4 class=\"elementor-heading-title elementor-size-default\">Atraia clientes adicionando displays de produtos<\/h4>\t\t\t\t<\/div>\n\t\t\t\t<\/div>\n\t\t\t\t<div class=\"elementor-element elementor-element-72904bd8 elementor-widget elementor-widget-heading\" data-id=\"72904bd8\" data-element_type=\"widget\" data-e-type=\"widget\" data-widget_type=\"heading.default\">\n\t\t\t\t<div class=\"elementor-widget-container\">\n\t\t\t\t\t<h2 class=\"elementor-heading-title elementor-size-default\">Saiba mais sobre nossa estrat\u00e9gia de marketing de m\u00eddia social<\/h2>\t\t\t\t<\/div>\n\t\t\t\t<\/div>\n\t\t\t\t<section class=\"elementor-section elementor-inner-section elementor-element elementor-element-70a868a0 elementor-reverse-tablet elementor-reverse-mobile elementor-section-boxed elementor-section-height-default elementor-section-height-default\" data-id=\"70a868a0\" data-element_type=\"section\" data-e-type=\"section\">\n\t\t\t\t\t\t<div class=\"elementor-container elementor-column-gap-default\">\n\t\t\t\t\t<div class=\"elementor-column elementor-col-50 elementor-inner-column elementor-element elementor-element-18e288a1\" data-id=\"18e288a1\" data-element_type=\"column\" data-e-type=\"column\">\n\t\t\t<div class=\"elementor-widget-wrap elementor-element-populated\">\n\t\t\t\t\t\t<div class=\"elementor-element elementor-element-72acf31 elementor-widget elementor-widget-image\" data-id=\"72acf31\" data-element_type=\"widget\" data-e-type=\"widget\" data-settings=\"{&quot;motion_fx_motion_fx_scrolling&quot;:&quot;yes&quot;,&quot;motion_fx_translateY_effect&quot;:&quot;yes&quot;,&quot;motion_fx_translateY_speed&quot;:{&quot;unit&quot;:&quot;px&quot;,&quot;size&quot;:&quot;1&quot;,&quot;sizes&quot;:[]},&quot;motion_fx_translateY_affectedRange&quot;:{&quot;unit&quot;:&quot;%&quot;,&quot;size&quot;:&quot;&quot;,&quot;sizes&quot;:{&quot;start&quot;:0,&quot;end&quot;:100}},&quot;motion_fx_devices&quot;:[&quot;widescreen&quot;,&quot;desktop&quot;,&quot;laptop&quot;,&quot;tablet_extra&quot;,&quot;tablet&quot;,&quot;mobile&quot;]}\" data-widget_type=\"image.default\">\n\t\t\t\t<div class=\"elementor-widget-container\">\n\t\t\t\t\t\t\t\t\t\t\t\t\t\t\t<img fetchpriority=\"high\" decoding=\"async\" width=\"1380\" height=\"920\" src=\"https:\/\/timeway-hydraulics.com\/wp-content\/uploads\/2024\/03\/sdf.png\" class=\"attachment-full size-full wp-image-1659\" alt=\"\" srcset=\"https:\/\/timeway-hydraulics.com\/wp-content\/uploads\/2024\/03\/sdf.png 1380w, https:\/\/timeway-hydraulics.com\/wp-content\/uploads\/2024\/03\/sdf-300x200.png 300w, https:\/\/timeway-hydraulics.com\/wp-content\/uploads\/2024\/03\/sdf-1024x683.png 1024w, https:\/\/timeway-hydraulics.com\/wp-content\/uploads\/2024\/03\/sdf-768x512.png 768w, https:\/\/timeway-hydraulics.com\/wp-content\/uploads\/2024\/03\/sdf-600x400.png 600w\" sizes=\"(max-width: 1380px) 100vw, 1380px\" \/>\t\t\t\t\t\t\t\t\t\t\t\t\t\t\t<\/div>\n\t\t\t\t<\/div>\n\t\t\t\t\t<\/div>\n\t\t<\/div>\n\t\t\t\t<div class=\"elementor-column elementor-col-50 elementor-inner-column elementor-element elementor-element-5134bf13\" data-id=\"5134bf13\" data-element_type=\"column\" data-e-type=\"column\">\n\t\t\t<div class=\"elementor-widget-wrap elementor-element-populated\">\n\t\t\t\t\t\t<div class=\"elementor-element elementor-element-4a66656e elementor-widget elementor-widget-heading\" data-id=\"4a66656e\" data-element_type=\"widget\" data-e-type=\"widget\" data-widget_type=\"heading.default\">\n\t\t\t\t<div class=\"elementor-widget-container\">\n\t\t\t\t\t<h3 class=\"elementor-heading-title elementor-size-default\">Qualidade das bombas da s\u00e9rie Kawasaki<\/h3>\t\t\t\t<\/div>\n\t\t\t\t<\/div>\n\t\t\t\t<div class=\"elementor-element elementor-element-490df054 elementor-widget elementor-widget-text-editor\" data-id=\"490df054\" data-element_type=\"widget\" data-e-type=\"widget\" data-widget_type=\"text-editor.default\">\n\t\t\t\t<div class=\"elementor-widget-container\">\n\t\t\t\t\t\t\t\t\t<p>A Timeway produz pist\u00f5es da s\u00e9rie Kawasaki e sua composi\u00e7\u00e3o e manuten\u00e7\u00e3o reduzem os custos mais altos para os fabricantes de vigas e usu\u00e1rios finais, pist\u00f5es da s\u00e9rie Elephant Fluid Power Kawasaki e qualidade e colunas originais Kawasaki A bomba de pist\u00e3o e a troca de qualidade nos permitem atend\u00ea-lo rapidamente, bons neg\u00f3cios come\u00e7am com voc\u00ea na Timeway.<span class=\"notranslate immersive-translate-target-wrapper\" lang=\"zh-CN\" style=\"\" translate=\"no\" data-immersive-translate-loading-id=\"1\">\u00a0<\/span><\/p>\t\t\t\t\t\t\t\t<\/div>\n\t\t\t\t<\/div>\n\t\t\t\t\t<\/div>\n\t\t<\/div>\n\t\t\t\t\t<\/div>\n\t\t<\/section>\n\t\t\t\t\t<\/div>\n\t\t<\/div>\n\t\t\t\t\t<\/div>\n\t\t<\/section>\n\t\t\t\t<section class=\"elementor-section elementor-top-section elementor-element elementor-element-48fc7220 elementor-reverse-mobile elementor-section-height-min-height elementor-section-boxed elementor-section-height-default elementor-section-items-middle\" data-id=\"48fc7220\" data-element_type=\"section\" data-e-type=\"section\" data-settings=\"{&quot;background_background&quot;:&quot;classic&quot;}\">\n\t\t\t\t\t\t\t<div class=\"elementor-background-overlay\"><\/div>\n\t\t\t\t\t\t\t<div class=\"elementor-container elementor-column-gap-default\">\n\t\t\t\t\t<div class=\"elementor-column elementor-col-50 elementor-top-column elementor-element elementor-element-31b99efa\" data-id=\"31b99efa\" data-element_type=\"column\" data-e-type=\"column\">\n\t\t\t<div class=\"elementor-widget-wrap elementor-element-populated\">\n\t\t\t\t\t\t<div class=\"elementor-element elementor-element-2ed2360a elementor-widget elementor-widget-image\" data-id=\"2ed2360a\" data-element_type=\"widget\" data-e-type=\"widget\" data-settings=\"{&quot;motion_fx_motion_fx_scrolling&quot;:&quot;yes&quot;,&quot;motion_fx_translateY_effect&quot;:&quot;yes&quot;,&quot;motion_fx_translateY_direction&quot;:&quot;negative&quot;,&quot;motion_fx_translateY_speed&quot;:{&quot;unit&quot;:&quot;px&quot;,&quot;size&quot;:&quot;0.6&quot;,&quot;sizes&quot;:[]},&quot;motion_fx_devices&quot;:[&quot;desktop&quot;],&quot;motion_fx_translateY_affectedRange&quot;:{&quot;unit&quot;:&quot;%&quot;,&quot;size&quot;:&quot;&quot;,&quot;sizes&quot;:{&quot;start&quot;:0,&quot;end&quot;:100}}}\" data-widget_type=\"image.default\">\n\t\t\t\t<div class=\"elementor-widget-container\">\n\t\t\t\t\t\t\t\t\t\t\t\t\t\t\t<img decoding=\"async\" width=\"740\" height=\"740\" src=\"https:\/\/timeway-hydraulics.com\/wp-content\/uploads\/2024\/05\/\u5fae\u4fe1\u56fe\u7247_20240509095054.png\" class=\"attachment-full size-full wp-image-1925\" alt=\"\" srcset=\"https:\/\/timeway-hydraulics.com\/wp-content\/uploads\/2024\/05\/\u5fae\u4fe1\u56fe\u7247_20240509095054.png 740w, https:\/\/timeway-hydraulics.com\/wp-content\/uploads\/2024\/05\/\u5fae\u4fe1\u56fe\u7247_20240509095054-300x300.png 300w, https:\/\/timeway-hydraulics.com\/wp-content\/uploads\/2024\/05\/\u5fae\u4fe1\u56fe\u7247_20240509095054-150x150.png 150w, https:\/\/timeway-hydraulics.com\/wp-content\/uploads\/2024\/05\/\u5fae\u4fe1\u56fe\u7247_20240509095054-600x600.png 600w, https:\/\/timeway-hydraulics.com\/wp-content\/uploads\/2024\/05\/\u5fae\u4fe1\u56fe\u7247_20240509095054-100x100.png 100w\" sizes=\"(max-width: 740px) 100vw, 740px\" \/>\t\t\t\t\t\t\t\t\t\t\t\t\t\t\t<\/div>\n\t\t\t\t<\/div>\n\t\t\t\t<div class=\"elementor-element elementor-element-61b4416d elementor-widget elementor-widget-image\" data-id=\"61b4416d\" data-element_type=\"widget\" data-e-type=\"widget\" data-settings=\"{&quot;motion_fx_motion_fx_scrolling&quot;:&quot;yes&quot;,&quot;motion_fx_translateY_effect&quot;:&quot;yes&quot;,&quot;motion_fx_translateY_speed&quot;:{&quot;unit&quot;:&quot;px&quot;,&quot;size&quot;:&quot;0.7&quot;,&quot;sizes&quot;:[]},&quot;motion_fx_devices&quot;:[&quot;desktop&quot;],&quot;motion_fx_translateY_affectedRange&quot;:{&quot;unit&quot;:&quot;%&quot;,&quot;size&quot;:&quot;&quot;,&quot;sizes&quot;:{&quot;start&quot;:0,&quot;end&quot;:100}}}\" data-widget_type=\"image.default\">\n\t\t\t\t<div class=\"elementor-widget-container\">\n\t\t\t\t\t\t\t\t\t\t\t\t\t\t\t<img decoding=\"async\" width=\"1380\" height=\"773\" src=\"https:\/\/timeway-hydraulics.com\/wp-content\/uploads\/2024\/05\/\u5fae\u4fe1\u56fe\u7247_20240509095100.png\" class=\"attachment-full size-full wp-image-1926\" alt=\"\" srcset=\"https:\/\/timeway-hydraulics.com\/wp-content\/uploads\/2024\/05\/\u5fae\u4fe1\u56fe\u7247_20240509095100.png 1380w, https:\/\/timeway-hydraulics.com\/wp-content\/uploads\/2024\/05\/\u5fae\u4fe1\u56fe\u7247_20240509095100-300x168.png 300w, https:\/\/timeway-hydraulics.com\/wp-content\/uploads\/2024\/05\/\u5fae\u4fe1\u56fe\u7247_20240509095100-1024x574.png 1024w, https:\/\/timeway-hydraulics.com\/wp-content\/uploads\/2024\/05\/\u5fae\u4fe1\u56fe\u7247_20240509095100-768x430.png 768w, https:\/\/timeway-hydraulics.com\/wp-content\/uploads\/2024\/05\/\u5fae\u4fe1\u56fe\u7247_20240509095100-600x336.png 600w\" sizes=\"(max-width: 1380px) 100vw, 1380px\" \/>\t\t\t\t\t\t\t\t\t\t\t\t\t\t\t<\/div>\n\t\t\t\t<\/div>\n\t\t\t\t\t<\/div>\n\t\t<\/div>\n\t\t\t\t<div class=\"elementor-column elementor-col-50 elementor-top-column elementor-element elementor-element-4b706118\" data-id=\"4b706118\" data-element_type=\"column\" data-e-type=\"column\">\n\t\t\t<div class=\"elementor-widget-wrap elementor-element-populated\">\n\t\t\t\t\t\t<div class=\"elementor-element elementor-element-115588a1 elementor-widget elementor-widget-heading\" data-id=\"115588a1\" data-element_type=\"widget\" data-e-type=\"widget\" data-widget_type=\"heading.default\">\n\t\t\t\t<div class=\"elementor-widget-container\">\n\t\t\t\t\t<h3 class=\"elementor-heading-title elementor-size-default\">Clientes sob medida<\/h3>\t\t\t\t<\/div>\n\t\t\t\t<\/div>\n\t\t\t\t<div class=\"elementor-element elementor-element-5b8f3ef1 elementor-widget elementor-widget-heading\" data-id=\"5b8f3ef1\" data-element_type=\"widget\" data-e-type=\"widget\" data-settings=\"{&quot;motion_fx_motion_fx_scrolling&quot;:&quot;yes&quot;,&quot;motion_fx_translateY_effect&quot;:&quot;yes&quot;,&quot;motion_fx_translateY_speed&quot;:{&quot;unit&quot;:&quot;px&quot;,&quot;size&quot;:&quot;0.5&quot;,&quot;sizes&quot;:[]},&quot;motion_fx_translateY_affectedRange&quot;:{&quot;unit&quot;:&quot;%&quot;,&quot;size&quot;:&quot;&quot;,&quot;sizes&quot;:{&quot;start&quot;:&quot;0&quot;,&quot;end&quot;:&quot;50&quot;}},&quot;motion_fx_opacity_effect&quot;:&quot;yes&quot;,&quot;motion_fx_opacity_range&quot;:{&quot;unit&quot;:&quot;%&quot;,&quot;size&quot;:&quot;&quot;,&quot;sizes&quot;:{&quot;start&quot;:&quot;0&quot;,&quot;end&quot;:&quot;50&quot;}},&quot;motion_fx_opacity_direction&quot;:&quot;out-in&quot;,&quot;motion_fx_opacity_level&quot;:{&quot;unit&quot;:&quot;px&quot;,&quot;size&quot;:10,&quot;sizes&quot;:[]},&quot;motion_fx_devices&quot;:[&quot;widescreen&quot;,&quot;desktop&quot;,&quot;laptop&quot;,&quot;tablet_extra&quot;,&quot;tablet&quot;,&quot;mobile&quot;]}\" data-widget_type=\"heading.default\">\n\t\t\t\t<div class=\"elementor-widget-container\">\n\t\t\t\t\t<h2 class=\"elementor-heading-title elementor-size-default\">A bomba hidr\u00e1ulica de palhetas<\/h2>\t\t\t\t<\/div>\n\t\t\t\t<\/div>\n\t\t\t\t<div class=\"elementor-element elementor-element-70e24fa4 elementor-widget elementor-widget-text-editor\" data-id=\"70e24fa4\" data-element_type=\"widget\" data-e-type=\"widget\" data-widget_type=\"text-editor.default\">\n\t\t\t\t<div class=\"elementor-widget-container\">\n\t\t\t\t\t\t\t\t\t<p>Timeway A bomba hidr\u00e1ulica de palhetas e o Orbitrol produzidos para a carregadeira tamb\u00e9m s\u00e3o usados para manuten\u00e7\u00e3o da carregadeira, qualidade, pre\u00e7o mais adequado e servi\u00e7o p\u00f3s-venda perfeito; a Timeway produz bombas hidr\u00e1ulicas de palhetas e o Orbital \u00e9 curto, portanto, \u00e9 necess\u00e1rio entrar em contato com o gerente de vendas para organizar seu plano de aquisi\u00e7\u00e3o quando precisar comprar uma bomba de palhetas e um Orbital, ou a dura\u00e7\u00e3o do tempo de fabrica\u00e7\u00e3o.<\/p>\t\t\t\t\t\t\t\t<\/div>\n\t\t\t\t<\/div>\n\t\t\t\t<div class=\"elementor-element elementor-element-26e2ce5 elementor-align-left elementor-mobile-align-center elementor-widget elementor-widget-button\" data-id=\"26e2ce5\" data-element_type=\"widget\" data-e-type=\"widget\" data-widget_type=\"button.default\">\n\t\t\t\t<div class=\"elementor-widget-container\">\n\t\t\t\t\t\t\t\t\t<div class=\"elementor-button-wrapper\">\n\t\t\t\t\t<a class=\"elementor-button elementor-button-link elementor-size-sm\" href=\"https:\/\/timeway-hydraulics.com\/pt\/vane-pump\/\">\n\t\t\t\t\t\t<span class=\"elementor-button-content-wrapper\">\n\t\t\t\t\t\t<span class=\"elementor-button-icon\">\n\t\t\t\t<i aria-hidden=\"true\" class=\"fas fa-arrow-right\"><\/i>\t\t\t<\/span>\n\t\t\t\t\t\t\t\t\t<span class=\"elementor-button-text\">ver mais<\/span>\n\t\t\t\t\t<\/span>\n\t\t\t\t\t<\/a>\n\t\t\t\t<\/div>\n\t\t\t\t\t\t\t\t<\/div>\n\t\t\t\t<\/div>\n\t\t\t\t\t<\/div>\n\t\t<\/div>\n\t\t\t\t\t<\/div>\n\t\t<\/section>\n\t\t\t\t<section class=\"elementor-section elementor-top-section elementor-element elementor-element-16176bda elementor-section-boxed elementor-section-height-default elementor-section-height-default\" data-id=\"16176bda\" data-element_type=\"section\" data-e-type=\"section\" data-settings=\"{&quot;background_background&quot;:&quot;gradient&quot;,&quot;shape_divider_top&quot;:&quot;waves&quot;}\">\n\t\t\t\t\t\t\t<div class=\"elementor-background-overlay\"><\/div>\n\t\t\t\t\t\t<div class=\"elementor-shape elementor-shape-top\" aria-hidden=\"true\" data-negative=\"false\">\n\t\t\t<svg xmlns=\"http:\/\/www.w3.org\/2000\/svg\" viewbox=\"0 0 1000 100\" preserveaspectratio=\"none\">\n\t<path class=\"elementor-shape-fill\" d=\"M421.9,6.5c22.6-2.5,51.5,0.4,75.5,5.3c23.6,4.9,70.9,23.5,100.5,35.7c75.8,32.2,133.7,44.5,192.6,49.7\tc23.6,2.1,48.7,3.5,103.4-2.5c54.7-6,106.2-25.6,106.2-25.6V0H0v30.3c0,0,72,32.6,158.4,30.5c39.2-0.7,92.8-6.7,134-22.4\tc21.2-8.1,52.2-18.2,79.7-24.2C399.3,7.9,411.6,7.5,421.9,6.5z\"\/>\n<\/svg>\t\t<\/div>\n\t\t\t\t\t<div class=\"elementor-container elementor-column-gap-default\">\n\t\t\t\t\t<div class=\"elementor-column elementor-col-50 elementor-top-column elementor-element elementor-element-623f1af3\" data-id=\"623f1af3\" data-element_type=\"column\" data-e-type=\"column\">\n\t\t\t<div class=\"elementor-widget-wrap elementor-element-populated\">\n\t\t\t\t\t\t<div class=\"elementor-element elementor-element-7b7146c1 elementor-widget elementor-widget-heading\" data-id=\"7b7146c1\" data-element_type=\"widget\" data-e-type=\"widget\" data-widget_type=\"heading.default\">\n\t\t\t\t<div class=\"elementor-widget-container\">\n\t\t\t\t\t<h4 class=\"elementor-heading-title elementor-size-default\">Deseja impulsionar seus neg\u00f3cios hoje?<\/h4>\t\t\t\t<\/div>\n\t\t\t\t<\/div>\n\t\t\t\t<div class=\"elementor-element elementor-element-3b28f144 elementor-widget elementor-widget-heading\" data-id=\"3b28f144\" data-element_type=\"widget\" data-e-type=\"widget\" data-widget_type=\"heading.default\">\n\t\t\t\t<div class=\"elementor-widget-container\">\n\t\t\t\t\t<h2 class=\"elementor-heading-title elementor-size-default\">envie-nos uma mensagem e mantenha contato<\/h2>\t\t\t\t<\/div>\n\t\t\t\t<\/div>\n\t\t\t\t<div class=\"elementor-element elementor-element-d21b6c1 elementor-align-left elementor-laptop-align-right elementor-mobile-align-center elementor-widget elementor-widget-button\" data-id=\"d21b6c1\" data-element_type=\"widget\" data-e-type=\"widget\" data-widget_type=\"button.default\">\n\t\t\t\t<div class=\"elementor-widget-container\">\n\t\t\t\t\t\t\t\t\t<div class=\"elementor-button-wrapper\">\n\t\t\t\t\t<a class=\"elementor-button elementor-button-link elementor-size-sm\" href=\"#elementor-action:action=popup:open&settings=eyJpZCI6IjE5NSIsInRvZ2dsZSI6ZmFsc2V9\">\n\t\t\t\t\t\t<span class=\"elementor-button-content-wrapper\">\n\t\t\t\t\t\t<span class=\"elementor-button-icon\">\n\t\t\t\t<i aria-hidden=\"true\" class=\"fas fa-arrow-right\"><\/i>\t\t\t<\/span>\n\t\t\t\t\t\t\t\t\t<span class=\"elementor-button-text\">Entre em contato conosco<\/span>\n\t\t\t\t\t<\/span>\n\t\t\t\t\t<\/a>\n\t\t\t\t<\/div>\n\t\t\t\t\t\t\t\t<\/div>\n\t\t\t\t<\/div>\n\t\t\t\t\t<\/div>\n\t\t<\/div>\n\t\t\t\t<div class=\"elementor-column elementor-col-50 elementor-top-column elementor-element elementor-element-71b1689\" data-id=\"71b1689\" data-element_type=\"column\" data-e-type=\"column\">\n\t\t\t<div class=\"elementor-widget-wrap elementor-element-populated\">\n\t\t\t\t\t\t<div class=\"elementor-element elementor-element-28fc334c elementor-widget elementor-widget-image\" data-id=\"28fc334c\" data-element_type=\"widget\" data-e-type=\"widget\" data-settings=\"{&quot;motion_fx_motion_fx_scrolling&quot;:&quot;yes&quot;,&quot;motion_fx_translateY_effect&quot;:&quot;yes&quot;,&quot;motion_fx_translateY_direction&quot;:&quot;negative&quot;,&quot;motion_fx_translateY_speed&quot;:{&quot;unit&quot;:&quot;px&quot;,&quot;size&quot;:&quot;1&quot;,&quot;sizes&quot;:[]},&quot;motion_fx_devices&quot;:[&quot;desktop&quot;,&quot;tablet&quot;],&quot;motion_fx_translateY_affectedRange&quot;:{&quot;unit&quot;:&quot;%&quot;,&quot;size&quot;:&quot;&quot;,&quot;sizes&quot;:{&quot;start&quot;:&quot;0&quot;,&quot;end&quot;:&quot;50&quot;}}}\" data-widget_type=\"image.default\">\n\t\t\t\t<div class=\"elementor-widget-container\">\n\t\t\t\t\t\t\t\t\t\t\t\t\t\t\t<img loading=\"lazy\" decoding=\"async\" width=\"1480\" height=\"740\" src=\"https:\/\/timeway-hydraulics.com\/wp-content\/uploads\/2024\/05\/\u5fae\u4fe1\u56fe\u7247_20240509095655.png\" class=\"attachment-full size-full wp-image-1927\" alt=\"\" srcset=\"https:\/\/timeway-hydraulics.com\/wp-content\/uploads\/2024\/05\/\u5fae\u4fe1\u56fe\u7247_20240509095655.png 1480w, https:\/\/timeway-hydraulics.com\/wp-content\/uploads\/2024\/05\/\u5fae\u4fe1\u56fe\u7247_20240509095655-300x150.png 300w, https:\/\/timeway-hydraulics.com\/wp-content\/uploads\/2024\/05\/\u5fae\u4fe1\u56fe\u7247_20240509095655-1024x512.png 1024w, https:\/\/timeway-hydraulics.com\/wp-content\/uploads\/2024\/05\/\u5fae\u4fe1\u56fe\u7247_20240509095655-768x384.png 768w, https:\/\/timeway-hydraulics.com\/wp-content\/uploads\/2024\/05\/\u5fae\u4fe1\u56fe\u7247_20240509095655-600x300.png 600w\" sizes=\"(max-width: 1480px) 100vw, 1480px\" \/>\t\t\t\t\t\t\t\t\t\t\t\t\t\t\t<\/div>\n\t\t\t\t<\/div>\n\t\t\t\t\t<\/div>\n\t\t<\/div>\n\t\t\t\t\t<\/div>\n\t\t<\/section>\n\t\t\t\t<\/div>","protected":false},"excerpt":{"rendered":"<p>Case Of Timeway How to get more likes and shares Attract customers by adding product displays Learn About Our Social Media Marketing Strategy Kawasaki Series Pumps Quality Timeway Produces Kawasaki Series Pistons and Its Makeup and Maintenance Reduced Higher Costs for Vigorinescers and End Users, Elephant Fluid Power Kawasaki Series Pistons and Quality and Kawasaki &hellip;<\/p>\n<p class=\"read-more\"> <a class=\"\" href=\"https:\/\/timeway-hydraulics.com\/pt\/customers-case\/\"> <span class=\"screen-reader-text\">Clientes \/ Caso<\/span> Leia mais \"<\/a><\/p>","protected":false},"author":1,"featured_media":0,"parent":0,"menu_order":0,"comment_status":"closed","ping_status":"closed","template":"","meta":{"site-sidebar-layout":"no-sidebar","site-content-layout":"page-builder","ast-global-header-display":"","ast-main-header-display":"","ast-hfb-above-header-display":"","ast-hfb-below-header-display":"","ast-hfb-mobile-header-display":"","site-post-title":"disabled","ast-breadcrumbs-content":"","ast-featured-img":"disabled","footer-sml-layout":"","theme-transparent-header-meta":"","adv-header-id-meta":"","stick-header-meta":"","header-above-stick-meta":"","header-main-stick-meta":"","header-below-stick-meta":"","footnotes":""},"class_list":["post-267","page","type-page","status-publish","hentry"],"_links":{"self":[{"href":"https:\/\/timeway-hydraulics.com\/pt\/wp-json\/wp\/v2\/pages\/267","targetHints":{"allow":["GET"]}}],"collection":[{"href":"https:\/\/timeway-hydraulics.com\/pt\/wp-json\/wp\/v2\/pages"}],"about":[{"href":"https:\/\/timeway-hydraulics.com\/pt\/wp-json\/wp\/v2\/types\/page"}],"author":[{"embeddable":true,"href":"https:\/\/timeway-hydraulics.com\/pt\/wp-json\/wp\/v2\/users\/1"}],"replies":[{"embeddable":true,"href":"https:\/\/timeway-hydraulics.com\/pt\/wp-json\/wp\/v2\/comments?post=267"}],"version-history":[{"count":46,"href":"https:\/\/timeway-hydraulics.com\/pt\/wp-json\/wp\/v2\/pages\/267\/revisions"}],"predecessor-version":[{"id":4914,"href":"https:\/\/timeway-hydraulics.com\/pt\/wp-json\/wp\/v2\/pages\/267\/revisions\/4914"}],"wp:attachment":[{"href":"https:\/\/timeway-hydraulics.com\/pt\/wp-json\/wp\/v2\/media?parent=267"}],"curies":[{"name":"wp","href":"https:\/\/api.w.org\/{rel}","templated":true}]}}