{"id":157,"date":"2023-04-21T17:03:12","date_gmt":"2023-04-21T09:03:12","guid":{"rendered":"http:\/\/timeway-hydraulics.com\/?page_id=157"},"modified":"2024-06-07T20:34:46","modified_gmt":"2024-06-07T12:34:46","slug":"about","status":"publish","type":"page","link":"https:\/\/timeway-hydraulics.com\/pt\/about\/","title":{"rendered":"Sobre"},"content":{"rendered":"<div data-elementor-type=\"wp-page\" data-elementor-id=\"157\" class=\"elementor elementor-157\" data-elementor-post-type=\"page\">\n\t\t\t\t\t\t<section class=\"elementor-section elementor-top-section elementor-element elementor-element-1fc8c17 elementor-section-height-min-height elementor-section-boxed elementor-section-height-default elementor-section-items-middle\" data-id=\"1fc8c17\" data-element_type=\"section\" data-e-type=\"section\" data-settings=\"{&quot;background_background&quot;:&quot;video&quot;,&quot;background_video_link&quot;:&quot;http:\\\/\\\/timeway-hydraulics.com\\\/wp-content\\\/uploads\\\/2023\\\/05\\\/5\\u670819\\u65e5-1.mp4&quot;,&quot;background_play_on_mobile&quot;:&quot;yes&quot;}\">\n\t\t\t\t\t\t\t\t<div class=\"elementor-background-video-container\">\n\t\t\t\t\t\t\t\t\t\t\t\t\t<video class=\"elementor-background-video-hosted\" role=\"presentation\" autoplay muted playsinline loop><\/video>\n\t\t\t\t\t\t\t\t\t\t\t<\/div>\n\t\t\t\t\t\t\t\t<div class=\"elementor-container elementor-column-gap-default\">\n\t\t\t\t\t<div class=\"elementor-column elementor-col-100 elementor-top-column elementor-element elementor-element-34668c8\" data-id=\"34668c8\" data-element_type=\"column\" data-e-type=\"column\">\n\t\t\t<div class=\"elementor-widget-wrap\">\n\t\t\t\t\t\t\t<\/div>\n\t\t<\/div>\n\t\t\t\t\t<\/div>\n\t\t<\/section>\n\t\t\t\t<section class=\"elementor-section elementor-top-section elementor-element elementor-element-2c1ca9e0 elementor-section-content-middle elementor-section-boxed elementor-section-height-default elementor-section-height-default\" data-id=\"2c1ca9e0\" data-element_type=\"section\" data-e-type=\"section\">\n\t\t\t\t\t\t<div class=\"elementor-container elementor-column-gap-no\">\n\t\t\t\t\t<div class=\"elementor-column elementor-col-100 elementor-top-column elementor-element elementor-element-4bc4d0df\" data-id=\"4bc4d0df\" data-element_type=\"column\" data-e-type=\"column\">\n\t\t\t<div class=\"elementor-widget-wrap elementor-element-populated\">\n\t\t\t\t\t\t<div class=\"elementor-element elementor-element-2b5c187a elementor-widget elementor-widget-heading\" data-id=\"2b5c187a\" data-element_type=\"widget\" data-e-type=\"widget\" data-widget_type=\"heading.default\">\n\t\t\t\t<div class=\"elementor-widget-container\">\n\t\t\t\t\t<h1 class=\"elementor-heading-title elementor-size-default\">Sobre a empresa<\/h1>\t\t\t\t<\/div>\n\t\t\t\t<\/div>\n\t\t\t\t<div class=\"elementor-element elementor-element-4f57e094 elementor-widget elementor-widget-text-editor\" data-id=\"4f57e094\" data-element_type=\"widget\" data-e-type=\"widget\" data-widget_type=\"text-editor.default\">\n\t\t\t\t<div class=\"elementor-widget-container\">\n\t\t\t\t\t\t\t\t\t<p>A Changzhou Quanshi Hydraulic Equipment Co., Ltd, como detentora da marca registrada TIMEWAY, est\u00e1 profundamente comprometida com o campo da tecnologia hidr\u00e1ulica desde sua funda\u00e7\u00e3o. Nossa sede est\u00e1 localizada em Changzhou, China, e temos f\u00e1bricas cooperativas avan\u00e7adas em Yixing, Taixing e Huai'an, na prov\u00edncia de Jiangsu, China. Essas f\u00e1bricas s\u00e3o nosso forte apoio \u00e0 produ\u00e7\u00e3o, e adotamos o modo de gerenciamento moderno para garantir que a capacidade de produ\u00e7\u00e3o e a qualidade andem de m\u00e3os dadas. Nosso foco \u00e9 a inova\u00e7\u00e3o tecnol\u00f3gica. Embora nossas organiza\u00e7\u00f5es de P&amp;D estejam atualmente concentradas na China, continuamos a prestar aten\u00e7\u00e3o e a absorver tecnologias avan\u00e7adas internacionais para manter a competitividade dos produtos TIMEWAY no mercado global.<\/p><p>A marca TIMEWAY abrange bombas hidr\u00e1ulicas, motores hidr\u00e1ulicos, v\u00e1lvulas hidr\u00e1ulicas, cilindros hidr\u00e1ulicos, sistemas hidr\u00e1ulicos completos e todos os tipos de acess\u00f3rios profissionais, que s\u00e3o amplamente utilizados nos setores de maquin\u00e1rio de constru\u00e7\u00e3o, metalurgia, processamento de pl\u00e1stico, constru\u00e7\u00e3o naval, energia e\u00f3lica e minera\u00e7\u00e3o. Fornecemos n\u00e3o apenas produtos padr\u00e3o, mas tamb\u00e9m solu\u00e7\u00f5es personalizadas para atender \u00e0s necessidades diversificadas do mercado.\u00a0 \u00a0 \u00a0<\/p><p>Cumprimos rigorosamente o sistema de gerenciamento de qualidade ISO9001 e implementamos procedimentos rigorosos de controle de qualidade, desde a sele\u00e7\u00e3o de mat\u00e9rias-primas at\u00e9 a entrega dos produtos acabados. O uso de equipamentos de teste avan\u00e7ados garante que cada produto atenda aos mais altos padr\u00f5es do setor.\u00a0<\/p>\t\t\t\t\t\t\t\t<\/div>\n\t\t\t\t<\/div>\n\t\t\t\t<div class=\"elementor-element elementor-element-f51df58 elementor-widget elementor-widget-image\" data-id=\"f51df58\" data-element_type=\"widget\" data-e-type=\"widget\" data-widget_type=\"image.default\">\n\t\t\t\t<div class=\"elementor-widget-container\">\n\t\t\t\t\t\t\t\t\t\t\t\t\t\t\t<img fetchpriority=\"high\" decoding=\"async\" width=\"1442\" height=\"771\" src=\"https:\/\/timeway-hydraulics.com\/wp-content\/uploads\/2024\/06\/51bb3f597e74418169c40926204af8f.png\" class=\"attachment-1536x1536 size-1536x1536 wp-image-6868\" alt=\"\" srcset=\"https:\/\/timeway-hydraulics.com\/wp-content\/uploads\/2024\/06\/51bb3f597e74418169c40926204af8f.png 1442w, https:\/\/timeway-hydraulics.com\/wp-content\/uploads\/2024\/06\/51bb3f597e74418169c40926204af8f-300x160.png 300w, https:\/\/timeway-hydraulics.com\/wp-content\/uploads\/2024\/06\/51bb3f597e74418169c40926204af8f-1024x548.png 1024w, https:\/\/timeway-hydraulics.com\/wp-content\/uploads\/2024\/06\/51bb3f597e74418169c40926204af8f-768x411.png 768w, https:\/\/timeway-hydraulics.com\/wp-content\/uploads\/2024\/06\/51bb3f597e74418169c40926204af8f-600x321.png 600w\" sizes=\"(max-width: 1442px) 100vw, 1442px\" \/>\t\t\t\t\t\t\t\t\t\t\t\t\t\t\t<\/div>\n\t\t\t\t<\/div>\n\t\t\t\t<section class=\"elementor-section elementor-inner-section elementor-element elementor-element-3be8aa68 elementor-section-boxed elementor-section-height-default elementor-section-height-default\" data-id=\"3be8aa68\" data-element_type=\"section\" data-e-type=\"section\">\n\t\t\t\t\t\t<div class=\"elementor-container elementor-column-gap-default\">\n\t\t\t\t\t<div class=\"elementor-column elementor-col-50 elementor-inner-column elementor-element elementor-element-21bb3a55\" data-id=\"21bb3a55\" data-element_type=\"column\" data-e-type=\"column\">\n\t\t\t<div class=\"elementor-widget-wrap elementor-element-populated\">\n\t\t\t\t\t\t<div class=\"elementor-element elementor-element-5c6a5ed3 elementor-widget__width-initial elementor-widget elementor-widget-text-editor\" data-id=\"5c6a5ed3\" data-element_type=\"widget\" data-e-type=\"widget\" data-widget_type=\"text-editor.default\">\n\t\t\t\t<div class=\"elementor-widget-container\">\n\t\t\t\t\t\t\t\t\t<p>A TIMEWAY entende a complexidade e os desafios do sourcing globalizado e, por isso, n\u00e3o s\u00f3 tem uma equipe de com\u00e9rcio internacional altamente qualificada, mas tamb\u00e9m est\u00e1 comprometida em fornecer solu\u00e7\u00f5es de sourcing completas para atender \u00e0s necessidades diversificadas de nossos clientes.<\/p><p>N\u00e3o s\u00f3 fornecemos uma linha completa de produtos hidr\u00e1ulicos sob nossa pr\u00f3pria marca TIMEWAY, mas tamb\u00e9m realizamos servi\u00e7os de aquisi\u00e7\u00e3o de acordo com as necessidades do cliente, integrando efetivamente os recursos da cadeia de suprimentos global, incluindo, entre outros, especifica\u00e7\u00f5es espec\u00edficas de componentes hidr\u00e1ulicos, acess\u00f3rios e equipamentos relacionados para garantir a compatibilidade do produto e a efici\u00eancia do sistema.<\/p><p>Utilizamos nossa experi\u00eancia no setor e nossa ampla rede de coopera\u00e7\u00e3o para ajudar os clientes a otimizar o processo de aquisi\u00e7\u00e3o e reduzir os v\u00ednculos intermedi\u00e1rios, reduzindo significativamente os custos gerais de aquisi\u00e7\u00e3o.<\/p><p>Estamos envolvidos em todo o processo, desde a consulta, a aquisi\u00e7\u00e3o, a inspe\u00e7\u00e3o de mercadorias, o arranjo log\u00edstico at\u00e9 o servi\u00e7o p\u00f3s-venda final, para garantir transpar\u00eancia e alta efici\u00eancia em todas as etapas, de modo que nossos clientes possam desfrutar de uma experi\u00eancia de servi\u00e7o \u00fanico conveniente e tranquilizadora em escala global.<\/p>\t\t\t\t\t\t\t\t<\/div>\n\t\t\t\t<\/div>\n\t\t\t\t<div class=\"elementor-element elementor-element-406f7ec elementor-widget elementor-widget-image\" data-id=\"406f7ec\" data-element_type=\"widget\" data-e-type=\"widget\" data-widget_type=\"image.default\">\n\t\t\t\t<div class=\"elementor-widget-container\">\n\t\t\t\t\t\t\t\t\t\t\t\t\t\t\t<img decoding=\"async\" width=\"888\" height=\"858\" src=\"https:\/\/timeway-hydraulics.com\/wp-content\/uploads\/2024\/06\/2101900d3d27204ad0b148a50153364.png\" class=\"attachment-large size-large wp-image-6869\" alt=\"\" srcset=\"https:\/\/timeway-hydraulics.com\/wp-content\/uploads\/2024\/06\/2101900d3d27204ad0b148a50153364.png 888w, https:\/\/timeway-hydraulics.com\/wp-content\/uploads\/2024\/06\/2101900d3d27204ad0b148a50153364-300x290.png 300w, https:\/\/timeway-hydraulics.com\/wp-content\/uploads\/2024\/06\/2101900d3d27204ad0b148a50153364-768x742.png 768w, https:\/\/timeway-hydraulics.com\/wp-content\/uploads\/2024\/06\/2101900d3d27204ad0b148a50153364-600x580.png 600w\" sizes=\"(max-width: 888px) 100vw, 888px\" \/>\t\t\t\t\t\t\t\t\t\t\t\t\t\t\t<\/div>\n\t\t\t\t<\/div>\n\t\t\t\t\t<\/div>\n\t\t<\/div>\n\t\t\t\t<div class=\"elementor-column elementor-col-50 elementor-inner-column elementor-element elementor-element-8fa0d74\" data-id=\"8fa0d74\" data-element_type=\"column\" data-e-type=\"column\">\n\t\t\t<div class=\"elementor-widget-wrap elementor-element-populated\">\n\t\t\t\t\t\t<div class=\"elementor-element elementor-element-68fb3901 elementor-widget elementor-widget-text-editor\" data-id=\"68fb3901\" data-element_type=\"widget\" data-e-type=\"widget\" data-widget_type=\"text-editor.default\">\n\t\t\t\t<div class=\"elementor-widget-container\">\n\t\t\t\t\t\t\t\t\t<p>Al\u00e9m disso, tamb\u00e9m fornecemos servi\u00e7os de consultoria em cadeia de suprimentos para ajudar os clientes a entender melhor a din\u00e2mica do mercado internacional, evitar riscos e obter o gerenciamento ideal da cadeia de suprimentos.<\/p><p>A TIMEWAY n\u00e3o \u00e9 apenas seu fornecedor de equipamentos hidr\u00e1ulicos, mas tamb\u00e9m seu parceiro confi\u00e1vel no mercado global.<\/p><p>Em conjunto com a demanda do mercado, tamb\u00e9m fornecemos servi\u00e7os de consultoria em cadeia de suprimentos para ajudar os clientes a compreender a din\u00e2mica do mercado, otimizar a estrat\u00e9gia de aquisi\u00e7\u00e3o e obter o refinamento e a efici\u00eancia do gerenciamento da cadeia de suprimentos.<\/p><p>A Changzhou Quanshi Hydraulic Equipment Co., Ltd (TIMEWAY) tem o compromisso de se tornar a principal fornecedora mundial de tecnologia e solu\u00e7\u00f5es hidr\u00e1ulicas, por meio de inova\u00e7\u00e3o cont\u00ednua, produtos de qualidade e servi\u00e7os excelentes, e clientes em todo o mundo para promover o progresso e o desenvolvimento cont\u00ednuos do setor hidr\u00e1ulico.<\/p><p>Visite nosso site oficial ou entre em contato conosco diretamente por e-mail ou telefone para saber mais sobre os produtos da marca TIMEWAY e oportunidades de coopera\u00e7\u00e3o. Junte-se \u00e0 TIMEWAY para criar um novo cap\u00edtulo na tecnologia hidr\u00e1ulica.<\/p>\t\t\t\t\t\t\t\t<\/div>\n\t\t\t\t<\/div>\n\t\t\t\t<div class=\"elementor-element elementor-element-9681d60 elementor-widget elementor-widget-image\" data-id=\"9681d60\" data-element_type=\"widget\" data-e-type=\"widget\" data-widget_type=\"image.default\">\n\t\t\t\t<div class=\"elementor-widget-container\">\n\t\t\t\t\t\t\t\t\t\t\t\t\t\t\t<img decoding=\"async\" width=\"1022\" height=\"1024\" src=\"https:\/\/timeway-hydraulics.com\/wp-content\/uploads\/2024\/06\/d22190ab447a3d39adeeeb163dd448b-1022x1024.png\" class=\"attachment-large size-large wp-image-6870\" alt=\"\" srcset=\"https:\/\/timeway-hydraulics.com\/wp-content\/uploads\/2024\/06\/d22190ab447a3d39adeeeb163dd448b-1022x1024.png 1022w, https:\/\/timeway-hydraulics.com\/wp-content\/uploads\/2024\/06\/d22190ab447a3d39adeeeb163dd448b-300x300.png 300w, https:\/\/timeway-hydraulics.com\/wp-content\/uploads\/2024\/06\/d22190ab447a3d39adeeeb163dd448b-150x150.png 150w, https:\/\/timeway-hydraulics.com\/wp-content\/uploads\/2024\/06\/d22190ab447a3d39adeeeb163dd448b-768x769.png 768w, https:\/\/timeway-hydraulics.com\/wp-content\/uploads\/2024\/06\/d22190ab447a3d39adeeeb163dd448b-600x601.png 600w, https:\/\/timeway-hydraulics.com\/wp-content\/uploads\/2024\/06\/d22190ab447a3d39adeeeb163dd448b-100x100.png 100w, https:\/\/timeway-hydraulics.com\/wp-content\/uploads\/2024\/06\/d22190ab447a3d39adeeeb163dd448b.png 1065w\" sizes=\"(max-width: 1022px) 100vw, 1022px\" \/>\t\t\t\t\t\t\t\t\t\t\t\t\t\t\t<\/div>\n\t\t\t\t<\/div>\n\t\t\t\t\t<\/div>\n\t\t<\/div>\n\t\t\t\t\t<\/div>\n\t\t<\/section>\n\t\t\t\t\t<\/div>\n\t\t<\/div>\n\t\t\t\t\t<\/div>\n\t\t<\/section>\n\t\t\t\t<section class=\"elementor-section elementor-top-section elementor-element elementor-element-1c0504ae elementor-section-content-middle elementor-section-boxed elementor-section-height-default elementor-section-height-default\" data-id=\"1c0504ae\" data-element_type=\"section\" data-e-type=\"section\">\n\t\t\t\t\t\t<div class=\"elementor-container elementor-column-gap-no\">\n\t\t\t\t\t<div class=\"elementor-column elementor-col-33 elementor-top-column elementor-element elementor-element-660e9004\" data-id=\"660e9004\" data-element_type=\"column\" data-e-type=\"column\" data-settings=\"{&quot;background_background&quot;:&quot;classic&quot;}\">\n\t\t\t<div class=\"elementor-widget-wrap elementor-element-populated\">\n\t\t\t\t\t\t<div class=\"elementor-element elementor-element-745f93ea elementor-widget elementor-widget-text-editor\" data-id=\"745f93ea\" data-element_type=\"widget\" data-e-type=\"widget\" data-widget_type=\"text-editor.default\">\n\t\t\t\t<div class=\"elementor-widget-container\">\n\t\t\t\t\t\t\t\t\t<p>Nosso sobre<\/p>\t\t\t\t\t\t\t\t<\/div>\n\t\t\t\t<\/div>\n\t\t\t\t<div class=\"elementor-element elementor-element-67a290e4 elementor-widget elementor-widget-heading\" data-id=\"67a290e4\" data-element_type=\"widget\" data-e-type=\"widget\" data-widget_type=\"heading.default\">\n\t\t\t\t<div class=\"elementor-widget-container\">\n\t\t\t\t\t<h3 class=\"elementor-heading-title elementor-size-default\">Exposi\u00e7\u00e3o da f\u00e1brica<\/h3>\t\t\t\t<\/div>\n\t\t\t\t<\/div>\n\t\t\t\t<div class=\"elementor-element elementor-element-78de648b elementor-widget-divider--view-line elementor-widget elementor-widget-divider\" data-id=\"78de648b\" data-element_type=\"widget\" data-e-type=\"widget\" data-widget_type=\"divider.default\">\n\t\t\t\t<div class=\"elementor-widget-container\">\n\t\t\t\t\t\t\t<div class=\"elementor-divider\">\n\t\t\t<span class=\"elementor-divider-separator\">\n\t\t\t\t\t\t<\/span>\n\t\t<\/div>\n\t\t\t\t\t\t<\/div>\n\t\t\t\t<\/div>\n\t\t\t\t\t<\/div>\n\t\t<\/div>\n\t\t\t\t<div class=\"elementor-column elementor-col-33 elementor-top-column elementor-element elementor-element-d591e67\" data-id=\"d591e67\" data-element_type=\"column\" data-e-type=\"column\" data-settings=\"{&quot;background_background&quot;:&quot;classic&quot;}\">\n\t\t\t<div class=\"elementor-widget-wrap elementor-element-populated\">\n\t\t\t\t\t\t<div class=\"elementor-element elementor-element-4dc2e898 elementor-widget elementor-widget-image\" data-id=\"4dc2e898\" data-element_type=\"widget\" data-e-type=\"widget\" data-widget_type=\"image.default\">\n\t\t\t\t<div class=\"elementor-widget-container\">\n\t\t\t\t\t\t\t\t\t\t\t\t\t\t\t<img loading=\"lazy\" decoding=\"async\" width=\"1380\" height=\"603\" src=\"https:\/\/timeway-hydraulics.com\/wp-content\/uploads\/2024\/05\/\u5fae\u4fe1\u56fe\u7247_20240508170639.png\" class=\"elementor-animation-grow attachment-full size-full wp-image-1913\" alt=\"\" srcset=\"https:\/\/timeway-hydraulics.com\/wp-content\/uploads\/2024\/05\/\u5fae\u4fe1\u56fe\u7247_20240508170639.png 1380w, https:\/\/timeway-hydraulics.com\/wp-content\/uploads\/2024\/05\/\u5fae\u4fe1\u56fe\u7247_20240508170639-300x131.png 300w, https:\/\/timeway-hydraulics.com\/wp-content\/uploads\/2024\/05\/\u5fae\u4fe1\u56fe\u7247_20240508170639-1024x447.png 1024w, https:\/\/timeway-hydraulics.com\/wp-content\/uploads\/2024\/05\/\u5fae\u4fe1\u56fe\u7247_20240508170639-768x336.png 768w, https:\/\/timeway-hydraulics.com\/wp-content\/uploads\/2024\/05\/\u5fae\u4fe1\u56fe\u7247_20240508170639-600x262.png 600w\" sizes=\"(max-width: 1380px) 100vw, 1380px\" \/>\t\t\t\t\t\t\t\t\t\t\t\t\t\t\t<\/div>\n\t\t\t\t<\/div>\n\t\t\t\t<div class=\"elementor-element elementor-element-61a80cbb elementor-widget elementor-widget-text-editor\" data-id=\"61a80cbb\" data-element_type=\"widget\" data-e-type=\"widget\" data-widget_type=\"text-editor.default\">\n\t\t\t\t<div class=\"elementor-widget-container\">\n\t\t\t\t\t\t\t\t\t<p>A Timeway fabrica todas as pe\u00e7as sobressalentes para bombas de pist\u00e3o, conjuntos rotativos de motores de pist\u00e3o e algumas pe\u00e7as de bombas para marcas alem\u00e3s de bombas de pist\u00e3o.<\/p><p>A Timeway Hydraulics produz: bombas hidr\u00e1ulicas de pist\u00e3o, redutores, bombas de palhetas, motores orbitais e v\u00e1lvulas de revers\u00e3o.<\/p>\t\t\t\t\t\t\t\t<\/div>\n\t\t\t\t<\/div>\n\t\t\t\t\t<\/div>\n\t\t<\/div>\n\t\t\t\t<div class=\"elementor-column elementor-col-33 elementor-top-column elementor-element elementor-element-7cfebf66\" data-id=\"7cfebf66\" data-element_type=\"column\" data-e-type=\"column\" data-settings=\"{&quot;background_background&quot;:&quot;classic&quot;}\">\n\t\t\t<div class=\"elementor-widget-wrap elementor-element-populated\">\n\t\t\t\t\t\t<div class=\"elementor-element elementor-element-4e913e07 elementor-widget elementor-widget-text-editor\" data-id=\"4e913e07\" data-element_type=\"widget\" data-e-type=\"widget\" data-widget_type=\"text-editor.default\">\n\t\t\t\t<div class=\"elementor-widget-container\">\n\t\t\t\t\t\t\t\t\t<p>A All Time Hydraulics tem 4 lojas de produ\u00e7\u00e3o e mais de 1.500 produtos em estoque. H\u00e1 30 engenheiros hidr\u00e1ulicos \u00e0 sua disposi\u00e7\u00e3o 24 horas por dia. Entrega r\u00e1pida, 15 meses de servi\u00e7o com tr\u00eas garantias de qualidade do produto. A All Time Hydraulics \u00e9 sempre sua especialista em servi\u00e7os de energia hidr\u00e1ulica.<\/p>\t\t\t\t\t\t\t\t<\/div>\n\t\t\t\t<\/div>\n\t\t\t\t<div class=\"elementor-element elementor-element-63562d04 elementor-widget elementor-widget-image\" data-id=\"63562d04\" data-element_type=\"widget\" data-e-type=\"widget\" data-widget_type=\"image.default\">\n\t\t\t\t<div class=\"elementor-widget-container\">\n\t\t\t\t\t\t\t\t\t\t\t\t\t\t\t<img loading=\"lazy\" decoding=\"async\" width=\"1380\" height=\"789\" src=\"https:\/\/timeway-hydraulics.com\/wp-content\/uploads\/2024\/05\/\u5fae\u4fe1\u56fe\u7247_20240508170643.png\" class=\"elementor-animation-grow attachment-full size-full wp-image-1914\" alt=\"\" srcset=\"https:\/\/timeway-hydraulics.com\/wp-content\/uploads\/2024\/05\/\u5fae\u4fe1\u56fe\u7247_20240508170643.png 1380w, https:\/\/timeway-hydraulics.com\/wp-content\/uploads\/2024\/05\/\u5fae\u4fe1\u56fe\u7247_20240508170643-300x172.png 300w, https:\/\/timeway-hydraulics.com\/wp-content\/uploads\/2024\/05\/\u5fae\u4fe1\u56fe\u7247_20240508170643-1024x585.png 1024w, https:\/\/timeway-hydraulics.com\/wp-content\/uploads\/2024\/05\/\u5fae\u4fe1\u56fe\u7247_20240508170643-768x439.png 768w, https:\/\/timeway-hydraulics.com\/wp-content\/uploads\/2024\/05\/\u5fae\u4fe1\u56fe\u7247_20240508170643-600x343.png 600w\" sizes=\"(max-width: 1380px) 100vw, 1380px\" \/>\t\t\t\t\t\t\t\t\t\t\t\t\t\t\t<\/div>\n\t\t\t\t<\/div>\n\t\t\t\t\t<\/div>\n\t\t<\/div>\n\t\t\t\t\t<\/div>\n\t\t<\/section>\n\t\t\t\t<section class=\"elementor-section elementor-top-section elementor-element elementor-element-1b6670f2 elementor-section-boxed elementor-section-height-default elementor-section-height-default\" data-id=\"1b6670f2\" data-element_type=\"section\" data-e-type=\"section\" data-settings=\"{&quot;background_background&quot;:&quot;classic&quot;}\">\n\t\t\t\t\t\t<div class=\"elementor-container elementor-column-gap-default\">\n\t\t\t\t\t<div class=\"elementor-column elementor-col-100 elementor-top-column elementor-element elementor-element-5a614403\" data-id=\"5a614403\" data-element_type=\"column\" data-e-type=\"column\" data-settings=\"{&quot;background_background&quot;:&quot;classic&quot;}\">\n\t\t\t<div class=\"elementor-widget-wrap elementor-element-populated\">\n\t\t\t\t\t\t<div class=\"elementor-element elementor-element-52ed4224 elementor-widget elementor-widget-heading\" data-id=\"52ed4224\" data-element_type=\"widget\" data-e-type=\"widget\" data-widget_type=\"heading.default\">\n\t\t\t\t<div class=\"elementor-widget-container\">\n\t\t\t\t\t<h2 class=\"elementor-heading-title elementor-size-default\">Sua escolha para bombas hidr\u00e1ulicas de qualidade\nBombas e pe\u00e7as hidr\u00e1ulicas<\/h2>\t\t\t\t<\/div>\n\t\t\t\t<\/div>\n\t\t\t\t<div class=\"elementor-element elementor-element-543b5784 elementor-widget elementor-widget-text-editor\" data-id=\"543b5784\" data-element_type=\"widget\" data-e-type=\"widget\" data-widget_type=\"text-editor.default\">\n\t\t\t\t<div class=\"elementor-widget-container\">\n\t\t\t\t\t\t\t\t\t<p>Os produtos s\u00e3o adequados para escavadeiras, m\u00e1quinas de pavimenta\u00e7\u00e3o, m\u00e1quinas de moldagem por inje\u00e7\u00e3o, rolos, caminh\u00f5es-bomba de concreto, misturadores de concreto, prensas, m\u00e1quinas de guindastes, m\u00e1quinas de cer\u00e2mica, a\u00e7o, m\u00e1quinas, m\u00e1quinas farmac\u00eauticas, constru\u00e7\u00e3o naval, m\u00e1quinas, m\u00e1quinas de minera\u00e7\u00e3o e metalurgia, como equipamentos hidr\u00e1ulicos. ......<\/p>\t\t\t\t\t\t\t\t<\/div>\n\t\t\t\t<\/div>\n\t\t\t\t<section class=\"elementor-section elementor-inner-section elementor-element elementor-element-56d5d55b elementor-section-boxed elementor-section-height-default elementor-section-height-default\" data-id=\"56d5d55b\" data-element_type=\"section\" data-e-type=\"section\">\n\t\t\t\t\t\t<div class=\"elementor-container elementor-column-gap-default\">\n\t\t\t\t\t<div class=\"elementor-column elementor-col-50 elementor-inner-column elementor-element elementor-element-4a90f697\" data-id=\"4a90f697\" data-element_type=\"column\" data-e-type=\"column\">\n\t\t\t<div class=\"elementor-widget-wrap elementor-element-populated\">\n\t\t\t\t\t\t<div class=\"elementor-element elementor-element-5f1336d3 elementor-align-right elementor-mobile-align-center elementor-widget elementor-widget-button\" data-id=\"5f1336d3\" data-element_type=\"widget\" data-e-type=\"widget\" data-widget_type=\"button.default\">\n\t\t\t\t<div class=\"elementor-widget-container\">\n\t\t\t\t\t\t\t\t\t<div class=\"elementor-button-wrapper\">\n\t\t\t\t\t<a class=\"elementor-button elementor-button-link elementor-size-sm\" href=\"https:\/\/timeway-hydraulics.com\/pt\/about\/\">\n\t\t\t\t\t\t<span class=\"elementor-button-content-wrapper\">\n\t\t\t\t\t\t<span class=\"elementor-button-icon\">\n\t\t\t\t<i aria-hidden=\"true\" class=\"fas fa-arrow-right\"><\/i>\t\t\t<\/span>\n\t\t\t\t\t\t\t\t\t<span class=\"elementor-button-text\">Saiba mais<\/span>\n\t\t\t\t\t<\/span>\n\t\t\t\t\t<\/a>\n\t\t\t\t<\/div>\n\t\t\t\t\t\t\t\t<\/div>\n\t\t\t\t<\/div>\n\t\t\t\t\t<\/div>\n\t\t<\/div>\n\t\t\t\t<div class=\"elementor-column elementor-col-50 elementor-inner-column elementor-element elementor-element-52ccc6c7\" data-id=\"52ccc6c7\" data-element_type=\"column\" data-e-type=\"column\">\n\t\t\t<div class=\"elementor-widget-wrap elementor-element-populated\">\n\t\t\t\t\t\t<div class=\"elementor-element elementor-element-7fed6dc3 elementor-align-left elementor-mobile-align-center elementor-widget elementor-widget-button\" data-id=\"7fed6dc3\" data-element_type=\"widget\" data-e-type=\"widget\" data-widget_type=\"button.default\">\n\t\t\t\t<div class=\"elementor-widget-container\">\n\t\t\t\t\t\t\t\t\t<div class=\"elementor-button-wrapper\">\n\t\t\t\t\t<a class=\"elementor-button elementor-button-link elementor-size-sm\" href=\"#elementor-action:action=popup:open&settings=eyJpZCI6IjE5NSIsInRvZ2dsZSI6ZmFsc2V9\">\n\t\t\t\t\t\t<span class=\"elementor-button-content-wrapper\">\n\t\t\t\t\t\t<span class=\"elementor-button-icon\">\n\t\t\t\t<i aria-hidden=\"true\" class=\"fas fa-arrow-right\"><\/i>\t\t\t<\/span>\n\t\t\t\t\t\t\t\t\t<span class=\"elementor-button-text\">Obter cota\u00e7\u00e3o instant\u00e2nea<\/span>\n\t\t\t\t\t<\/span>\n\t\t\t\t\t<\/a>\n\t\t\t\t<\/div>\n\t\t\t\t\t\t\t\t<\/div>\n\t\t\t\t<\/div>\n\t\t\t\t\t<\/div>\n\t\t<\/div>\n\t\t\t\t\t<\/div>\n\t\t<\/section>\n\t\t\t\t\t<\/div>\n\t\t<\/div>\n\t\t\t\t\t<\/div>\n\t\t<\/section>\n\t\t\t\t<\/div>","protected":false},"excerpt":{"rendered":"<p>About the company Changzhou Quanshi Hydraulic Equipment Co., Ltd, as the holder of the TIMEWAY trademark, has been deeply committed to the field of hydraulic technology since its foundation. Our headquarter is located in Changzhou, China, and we have advanced co-operative factories in Yixing, Taixing and Huai&#8217;an in Jiangsu Province, China. These factories are our &hellip;<\/p>\n<p class=\"read-more\"> <a class=\"\" href=\"https:\/\/timeway-hydraulics.com\/pt\/about\/\"> <span class=\"screen-reader-text\">Sobre<\/span> Leia mais \"<\/a><\/p>","protected":false},"author":1,"featured_media":0,"parent":0,"menu_order":0,"comment_status":"closed","ping_status":"closed","template":"","meta":{"site-sidebar-layout":"no-sidebar","site-content-layout":"page-builder","ast-global-header-display":"","ast-main-header-display":"","ast-hfb-above-header-display":"","ast-hfb-below-header-display":"","ast-hfb-mobile-header-display":"","site-post-title":"disabled","ast-breadcrumbs-content":"","ast-featured-img":"disabled","footer-sml-layout":"","theme-transparent-header-meta":"","adv-header-id-meta":"","stick-header-meta":"","header-above-stick-meta":"","header-main-stick-meta":"","header-below-stick-meta":"","footnotes":""},"class_list":["post-157","page","type-page","status-publish","hentry"],"_links":{"self":[{"href":"https:\/\/timeway-hydraulics.com\/pt\/wp-json\/wp\/v2\/pages\/157","targetHints":{"allow":["GET"]}}],"collection":[{"href":"https:\/\/timeway-hydraulics.com\/pt\/wp-json\/wp\/v2\/pages"}],"about":[{"href":"https:\/\/timeway-hydraulics.com\/pt\/wp-json\/wp\/v2\/types\/page"}],"author":[{"embeddable":true,"href":"https:\/\/timeway-hydraulics.com\/pt\/wp-json\/wp\/v2\/users\/1"}],"replies":[{"embeddable":true,"href":"https:\/\/timeway-hydraulics.com\/pt\/wp-json\/wp\/v2\/comments?post=157"}],"version-history":[{"count":64,"href":"https:\/\/timeway-hydraulics.com\/pt\/wp-json\/wp\/v2\/pages\/157\/revisions"}],"predecessor-version":[{"id":6873,"href":"https:\/\/timeway-hydraulics.com\/pt\/wp-json\/wp\/v2\/pages\/157\/revisions\/6873"}],"wp:attachment":[{"href":"https:\/\/timeway-hydraulics.com\/pt\/wp-json\/wp\/v2\/media?parent=157"}],"curies":[{"name":"wp","href":"https:\/\/api.w.org\/{rel}","templated":true}]}}