{"id":10369,"date":"2025-02-14T11:15:58","date_gmt":"2025-02-14T03:15:58","guid":{"rendered":"https:\/\/timeway-hydraulics.com\/?post_type=product&#038;p=10369"},"modified":"2025-02-14T11:15:58","modified_gmt":"2025-02-14T03:15:58","slug":"426f-307-3063","status":"publish","type":"product","link":"https:\/\/timeway-hydraulics.com\/pl\/product\/426f-307-3063\/","title":{"rendered":"426F-307-3063"},"content":{"rendered":"<h5><!--more--><strong>426F-307-3063 Hydraulic <\/strong>Pompa t\u0142okowa<\/h5>\n<p><!--more--><\/p>\n<table style=\"border-collapse: collapse; width: 749px; height: 448px;\" border=\"0\" width=\"1039\" cellspacing=\"0\" cellpadding=\"0\">\n<tbody>\n<tr style=\"height: 14.50pt;\">\n<td class=\"et3\" style=\"height: 14.50pt; width: 129.95pt;\" width=\"259\" height=\"29\"><strong>Nazwa produktu:<\/strong><\/td>\n<td class=\"et4\" style=\"width: 389.85pt;\" colspan=\"3\" width=\"779\">Zesp\u00f3\u0142 hydraulicznej pompy t\u0142okowej i silnika<\/td>\n<\/tr>\n<tr style=\"height: 14.50pt;\">\n<td class=\"et3\" style=\"height: 14.50pt;\" height=\"29\"><strong>Model:<\/strong><\/td>\n<td class=\"et4\" colspan=\"3\">Dostarcz wszystkie cz\u0119\u015bci zamienne marki, Plz Uprzejmie powiedz nam swoje potrzeby<\/td>\n<\/tr>\n<tr style=\"height: 14.50pt;\">\n<td class=\"et3\" style=\"height: 14.50pt;\" height=\"29\"><strong>S\u0142owo kluczowe:<\/strong><\/td>\n<td class=\"et4\" colspan=\"3\">Pompa t\u0142okowa\/silnik t\u0142okowy<\/td>\n<\/tr>\n<tr style=\"height: 14.50pt;\">\n<td class=\"et3\" style=\"height: 14.50pt;\" height=\"29\"><strong>Czas dostawy:<\/strong><\/td>\n<td class=\"et4\" colspan=\"3\">1-3 dni w przypadku zapas\u00f3w, 5-10 dni w przypadku braku zapas\u00f3w<\/td>\n<\/tr>\n<tr style=\"height: 14.50pt;\">\n<td class=\"et3\" style=\"height: 14.50pt;\" height=\"29\"><strong>Warunki p\u0142atno\u015bci:<\/strong><\/td>\n<td class=\"et4\" colspan=\"3\">T \/ T, Western Union, Paysend, LC, PAYPAL itp.<\/td>\n<\/tr>\n<tr style=\"height: 14.50pt;\">\n<td class=\"et3\" style=\"height: 14.50pt;\" height=\"29\"><strong>Miejsce pochodzenia:<\/strong><\/td>\n<td class=\"et4\">Chiny<\/td>\n<td class=\"et3\"><strong>Nazwa marki:<\/strong><\/td>\n<td class=\"et4\">TIMEWAY<\/td>\n<\/tr>\n<tr style=\"height: 14.50pt;\">\n<td class=\"et3\" style=\"height: 14.50pt;\" height=\"29\"><strong>Zastosowanie:<\/strong><\/td>\n<td class=\"et4\">Pompy naprawcze<\/td>\n<td class=\"et3\"><strong>Gwarancja:<\/strong><\/td>\n<td class=\"et4\">6-12 miesi\u0119cy<\/td>\n<\/tr>\n<tr style=\"height: 14.50pt;\">\n<td class=\"et3\" style=\"height: 14.50pt;\" height=\"29\"><strong>Materia\u0142:<\/strong><\/td>\n<td class=\"et4\">Stal i mied\u017a<\/td>\n<td class=\"et3\"><strong>Pakiet:<\/strong><\/td>\n<td class=\"et4\">Drewniane pude\u0142ko\/karton<\/td>\n<\/tr>\n<tr style=\"height: 14.50pt;\">\n<td class=\"et3\" style=\"height: 14.50pt;\" height=\"29\"><strong>Minimalna ilo\u015b\u0107 zam\u00f3wienia:<\/strong><\/td>\n<td class=\"et4\">1<\/td>\n<td class=\"et3\"><strong>Metody dostawy:<\/strong><\/td>\n<td class=\"et4\">Lotniczy\/Ekspresowy\/Morski<\/td>\n<\/tr>\n<\/tbody>\n<\/table>\n<p><span style=\"color: #008000;\"><strong>Dostarczamy r\u00f3\u017cne cz\u0119\u015bci zamienne do koparek, kt\u00f3re mog\u0105 zapewni\u0107 wi\u0119cej specyfikacji i wymiar\u00f3w, je\u015bli tego potrzebujesz.<\/strong><\/span><\/p>\n<table width=\"972\">\n<tbody>\n<tr>\n<td colspan=\"4\" width=\"972\"><strong>Nasza firma dostarcza du\u017c\u0105 liczb\u0119 pomp t\u0142okowych, silnik\u00f3w, reduktor\u00f3w i powi\u0105zanych cz\u0119\u015bci zamiennych. G\u0142\u00f3wnymi producentami s\u0105: Rexroth, Hitachi, Komatsu, Kawasaki, Caterpillar, NACHI, Toshiba, Kobelco \/ Kato itp.<\/strong><\/td>\n<\/tr>\n<tr>\n<td style=\"text-align: center;\" colspan=\"4\" width=\"972\"><span style=\"color: #008000;\"><strong>Konkretne modele to:<\/strong><\/span><\/td>\n<\/tr>\n<tr>\n<td width=\"121\">Seria Hitachi:<\/td>\n<td colspan=\"3\" width=\"850\">HPV050; HPV080; pompa g\u0142\u00f3wna ZX120-6 (HPK055); HPV091 (pojedyncza pompa EX200-2\/3, EX120-2); HPV102 (EX200-5\/6); HPV116 (EX200-1); HPV118 (pompa g\u0142\u00f3wna ZX200-3, ZX270) itp.<\/td>\n<\/tr>\n<tr>\n<td width=\"121\">Seria pomp g\u0142\u00f3wnych do koparek Komatsu:<\/td>\n<td colspan=\"3\" width=\"850\">HPV35 (PC60); HPV55 (PC120); HPV90 (PC200-3); HPV90 (PC200-5); PHV95 (PC200-6, PC120-6 z wyj\u0105tkiem wa\u0142u pompy); HPV132 (PC300-7, PC400-6); HPV160 (PC300\/400-3\/5); HPV135; PC30UU; PC40-8 pompa g\u0142\u00f3wna; PC50; PC60 itp.<\/td>\n<\/tr>\n<tr>\n<td width=\"121\">Seria Caterpillar:<\/td>\n<td colspan=\"3\" width=\"850\">VRD63 (CAT120) pompa podw\u00f3jna; SBS80 (CAT312C) pompa g\u0142\u00f3wna; E200B (nowa) pompa podw\u00f3jna; AP-12 pompa podw\u00f3jna; AP-14 (CAT325C); CAT320C pompa podw\u00f3jna; SPK10\/10 (E200B) pompa podw\u00f3jna; SPV10\/10 (MS180) pompa podw\u00f3jna; CAT12G; CAT14G\/16G; CAT215; CAT245; CAT330B silnik jezdny; PSV450 (AP-12) chodz\u0105cy; CAT992; CAT330C chodz\u0105cy; CAT385H.<\/td>\n<\/tr>\n<tr>\n<td width=\"121\">Seria Kayab (KYB, kayaba):<\/td>\n<td colspan=\"3\" width=\"850\">PSVD2-16E (Shanhe Intelligent 1,6-2 tony); PSVD2-21C (KYB); PSVD2-21E (KYB) 4T\/SVD22 ma\u0142a pompa g\u0142\u00f3wna do kopania; PSVD2-26E\/27E (KYB); KYB-25CC (Ishikawashima 45, Kubota K040\/K045); Ishikawajima 60; PSVL-54 (KYB Kubota 6 ton 155 koparka).<\/td>\n<\/tr>\n<tr>\n<td width=\"121\">Seria Nachi:<\/td>\n<td colspan=\"3\" width=\"850\">PVD-2B-32L; PVD-2B-34 chodz\u0105cy; PVD-2B-34L (ma\u0142a pompa g\u0142\u00f3wna do kopania); PVD-2B-36L\/38\/40; PVD-2B-42; PVD-2B-63; PVD45; 130; PVK-2B-505 (pompa g\u0142\u00f3wna ZAX55); YC35-6 Yuchai ma\u0142y silnik obrotowy do kopania; YC35-6 Yuchai ma\u0142y silnik jezdny do kopania; PCL-200-18B (Yuchai 55 obrot\u00f3w); Koparka Bobcat 331 (obr\u00f3t); Bobcat 337 (silnik krocz\u0105cy).<\/td>\n<\/tr>\n<tr>\n<td width=\"121\">Seria Toshiba:<\/td>\n<td colspan=\"3\" width=\"850\">SG02; SG025 (MFB40); SG04 (MFB80); SG08 (MFB160); SG12; SG20 (MFB250); PVB92 (PVC90RC08\/PVC70R) (koparka Toshiba 8 ton, Yuchai 8,5 tony); PV090; PV092 (uniwersalna PV080) ;PSVS-90.<\/td>\n<\/tr>\n<tr>\n<td width=\"121\">Seria JEIL:<\/td>\n<td colspan=\"3\" width=\"850\">JMV-44\/22; JMV-53\/34 (silnik jezdny ma\u0142ej koparki 6-8 ton); JMF-64; JMV 147\/95; JMF-151-VBR (22SM1510117); JMF-155.<\/td>\n<\/tr>\n<tr>\n<td width=\"121\">Seria Liebherr:<\/td>\n<td colspan=\"3\" width=\"850\">LPVD45; LPVD64; LPVD75; LPVD90; LPVD100; LPVD100 new (914); LPVD125; LPVD125 new; LPVD140; LPVD250; LPVD260.<\/td>\n<\/tr>\n<tr>\n<td width=\"121\">Kobelco \/ Kato Seria:<\/td>\n<td colspan=\"3\" width=\"850\">SK250-8 pompa g\u0142\u00f3wna; SK200-1\/3 silnik jezdny; SK220-3 (MA340 silnik jezdny); SK200-6 silnik jezdny; SK200-6 silnik krocz\u0105cy nowy; SK320 silnik jezdny; M3V150 (SK220-2) silnik jezdny; SK430 silnik krocz\u0105cy; Kato 400 silnik koparki; HD450V-2 (Kato); HD3000; DH55 (silnik obrotowy koparki Daewoo 55); T3X128\/Daewoo 300-7 obrotowy; Daewoo 225-7 krocz\u0105cy; Daewoo DH370 obrotowy; Hyundai 60-7 obrotowy; nowoczesny silnik obrotowy 480.<\/td>\n<\/tr>\n<tr>\n<td width=\"121\">Seria Kawasaki:<\/td>\n<td colspan=\"3\" width=\"850\">K3SP36C (SDV36) 8-tonowa pompa g\u0142\u00f3wna do \u015bredniej koparki; K3V63DT (K3V63BDT); K3V112DT; K3V140DT; K3V180DT; K3V280; K3VG280; K3VG180; K3VL45; K5V80; K5V140 (Doosan 300-7); K5V160 (nowoczesna pompa g\u0142\u00f3wna 300-6); M2X63; M2X96 (EX200-2); M2X120; M2X146 (EX200-5); M2X150\/170 (EX400); M2X210 (EX270\/280\/300); M5X130<\/td>\n<\/tr>\n<tr>\n<td width=\"121\">Seria Nabtesco:<\/td>\n<td colspan=\"3\" width=\"850\">GM05VL; GM05VA; GM06VL (60 Daewoo walking); GM07VA (Daewoo DH55, Komatsu walking 60-7); GM08 (Komatsu 60-3 \/ 5 walking); GM09 (MSPG06-025 \/ PC60-7 travel motor); GM10; GM17 (PC120-3 \/ 5 walking); GM18; GM23; GM30H; GM35VA; GM35VL (travel motors); GM38VB (SK200-8, Kato travel motor 1023-3); DNB08.<\/td>\n<\/tr>\n<tr>\n<td width=\"121\">Seria Rexroth:<\/td>\n<td colspan=\"3\" width=\"850\">A4V40; A4V56; A4V71; A4V125; A4V250; A4VFO28; A4VSO40; A4VSO71; A4VSO125; A4VSO180; A4VSO250; A4VSO355; A4VSO500; A4VF500 \/ A4F500; A4VG28 (A4F028); A4VG50;; A4VG40; A4VG45 A4VG56; A4VG71; A4VTG71; A4VG90 (A4VT90HW \/ 32R); A4VHW90; Pompa \u0142aduj\u0105ca A4VTG90 (grubo\u015b\u0107 warstwy); A4VG125; Pompa \u0142aduj\u0105ca A4VG125; Pompa \u0142aduj\u0105ca A4VG125 (typ og\u00f3lnego zastosowania); Pompa \u0142aduj\u0105ca A4VG125 (typ \u0142a\u0144cucha A10VO28); Pompa \u0142aduj\u0105ca A4VG12 (du\u017ca).<\/td>\n<\/tr>\n<tr>\n<td width=\"121\">Seria pomp Rexroth z osi\u0105 gi\u0119t\u0105:<\/td>\n<td colspan=\"3\" width=\"850\">A2F5;A2F12;A2F23;A2VK28;2VK28;A2F28;A2F55;A2F80;A2F107;A2F160;A2F200;<br \/>\nA2V225;A2F250;A2V500;A2V915;A2F355;A2F500;A2F1000;<br \/>\nA2FO10;A2FO12;A2FO16;A2FO23;A2FO28;A2FO32;A2FO45; A2FO56; A2FO63; A2FO80; A2FO90 \/ A2FE90; A2FO107; A2FO125 (A2FM125); A2FO200;; A2FO160; A2FO180 A2FO250;<br \/>\nA2FO500; A6V28; A7V55 \/ A8V55; A7V58; A7V80 \/ A8V80; A7V107 \/ A8V107; A7V160 \/ A8V160; A7V200; A7V225; A7V250; A7V355; A7V500; A6VM \/ A7V1000; A6VM \/ A7VO12; A7VO28; A7VO55; A7VO80; A7VO107; A7VO160; A6VM160; A6VE160; A6VM200; A6VM500; A7VO172; A7VO200; A7VO250; A7VO355; A7VO500.<\/td>\n<\/tr>\n<tr>\n<td width=\"121\">Seria Sauer:<\/td>\n<td colspan=\"3\" width=\"850\">PV20; PV21 (PVD21); PV22; PVD22 dual pump; PV23 (PVD23); PV24; SPV6 \/ 119; PV25; PV26; PV112; OPV27; MF16A; MFO35; MF500; MPVO46 \/ M46; MPR63; MPV45.<\/td>\n<\/tr>\n<tr>\n<td width=\"121\">Seria Eaton:<\/td>\n<td colspan=\"3\" width=\"850\">3321\/3331 (Eaton 006); Eaton 3322 (EATON3322); 4621\/4621-007; 5421\/5431 (Eaton 23); Case 1460 (CASE1460); Case CS05A; Eaton 3932-243; Eaton 6423; 7621 (Eaton 24-7620); Walec drogowy (Eaton 78462).<\/td>\n<\/tr>\n<tr>\n<td width=\"121\">Seria Vickers:<\/td>\n<td colspan=\"3\" width=\"850\">PVE19;TA19;PVE21;PVH45;PVH57;PVH74;PVH81;PVH98;PVH106(HPN-1398);<br \/>\nPVH131;PVH141;PVB5;PVB6;PVB10;PVB15(PVQ32 niekt\u00f3re wsp\u00f3lne);PVB20;PVB29;PVBQA29-SR;PVQ40 \/50; PVB110; TB35; B45.<\/td>\n<\/tr>\n<tr>\n<td width=\"121\">Seria LINDE:<\/td>\n<td colspan=\"3\" width=\"850\">HPR55\/75\/105\/135\/165\/210\/280 ;MPV45-01 MPV63-01; HMR75\/105\/135\/165;MPF55-01; MPR28\/45\/63\/71; HPR75\/90\/100\/130\/160;BPV35\/50\/70\/100\/200;B2PV35\/50\/75\/105\/140;<br \/>\nBMF35\/55\/75\/105\/140;BMV35\/55\/75\/105\/135;<br \/>\nBPR55\/75\/105\/140\/186\/260;HPV55T\/75\/105\/135\/165\/210; HMF28\/35\/50\/55\/75\/105\/135\/165\/210;<br \/>\nHPV130-01.<\/td>\n<\/tr>\n<tr>\n<td width=\"121\">Seria Parker:<\/td>\n<td colspan=\"3\" width=\"850\">PVP16\/23\/33\/41\/48\/60\/76\/100\/140;PVM16\/23\/28;PV016\/020\/023\/028\/032\/040\/046\/063;F11-005\/006\/012\/014\/019\/10\/28\/39\/80\/110\/150\/250;F12-030\/040\/060\/080\/110\/125\/150\/250;V12-060\/080 V14-110\/160;P2\/P3-060\/075\/105\/145;PAVC 33\/38\/65\/100<\/td>\n<\/tr>\n<\/tbody>\n<\/table>","protected":false},"excerpt":{"rendered":"","protected":false},"featured_media":10370,"comment_status":"open","ping_status":"closed","template":"","meta":{"site-sidebar-layout":"default","site-content-layout":"default","ast-global-header-display":"","ast-main-header-display":"","ast-hfb-above-header-display":"","ast-hfb-below-header-display":"","ast-hfb-mobile-header-display":"","site-post-title":"","ast-breadcrumbs-content":"","ast-featured-img":"","footer-sml-layout":"","theme-transparent-header-meta":"default","adv-header-id-meta":"","stick-header-meta":"","header-above-stick-meta":"","header-main-stick-meta":"","header-below-stick-meta":""},"product_cat":[29],"product_tag":[],"class_list":{"0":"post-10369","1":"product","2":"type-product","3":"status-publish","4":"has-post-thumbnail","6":"product_cat-piston-pumpmotor-assembly","7":"desktop-align-left","8":"tablet-align-left","9":"mobile-align-left","11":"first","12":"instock","13":"shipping-taxable","14":"product-type-simple"},"_links":{"self":[{"href":"https:\/\/timeway-hydraulics.com\/pl\/wp-json\/wp\/v2\/product\/10369","targetHints":{"allow":["GET"]}}],"collection":[{"href":"https:\/\/timeway-hydraulics.com\/pl\/wp-json\/wp\/v2\/product"}],"about":[{"href":"https:\/\/timeway-hydraulics.com\/pl\/wp-json\/wp\/v2\/types\/product"}],"replies":[{"embeddable":true,"href":"https:\/\/timeway-hydraulics.com\/pl\/wp-json\/wp\/v2\/comments?post=10369"}],"wp:featuredmedia":[{"embeddable":true,"href":"https:\/\/timeway-hydraulics.com\/pl\/wp-json\/wp\/v2\/media\/10370"}],"wp:attachment":[{"href":"https:\/\/timeway-hydraulics.com\/pl\/wp-json\/wp\/v2\/media?parent=10369"}],"wp:term":[{"taxonomy":"product_cat","embeddable":true,"href":"https:\/\/timeway-hydraulics.com\/pl\/wp-json\/wp\/v2\/product_cat?post=10369"},{"taxonomy":"product_tag","embeddable":true,"href":"https:\/\/timeway-hydraulics.com\/pl\/wp-json\/wp\/v2\/product_tag?post=10369"}],"curies":[{"name":"wp","href":"https:\/\/api.w.org\/{rel}","templated":true}]}}