{"id":157,"date":"2023-04-21T17:03:12","date_gmt":"2023-04-21T09:03:12","guid":{"rendered":"http:\/\/timeway-hydraulics.com\/?page_id=157"},"modified":"2024-06-07T20:34:46","modified_gmt":"2024-06-07T12:34:46","slug":"about","status":"publish","type":"page","link":"https:\/\/timeway-hydraulics.com\/pl\/about\/","title":{"rendered":"O"},"content":{"rendered":"<div data-elementor-type=\"wp-page\" data-elementor-id=\"157\" class=\"elementor elementor-157\" data-elementor-post-type=\"page\">\n\t\t\t\t\t\t<section class=\"elementor-section elementor-top-section elementor-element elementor-element-1fc8c17 elementor-section-height-min-height elementor-section-boxed elementor-section-height-default elementor-section-items-middle\" data-id=\"1fc8c17\" data-element_type=\"section\" data-e-type=\"section\" data-settings=\"{&quot;background_background&quot;:&quot;video&quot;,&quot;background_video_link&quot;:&quot;http:\\\/\\\/timeway-hydraulics.com\\\/wp-content\\\/uploads\\\/2023\\\/05\\\/5\\u670819\\u65e5-1.mp4&quot;,&quot;background_play_on_mobile&quot;:&quot;yes&quot;}\">\n\t\t\t\t\t\t\t\t<div class=\"elementor-background-video-container\">\n\t\t\t\t\t\t\t\t\t\t\t\t\t<video class=\"elementor-background-video-hosted\" role=\"presentation\" autoplay muted playsinline loop><\/video>\n\t\t\t\t\t\t\t\t\t\t\t<\/div>\n\t\t\t\t\t\t\t\t<div class=\"elementor-container elementor-column-gap-default\">\n\t\t\t\t\t<div class=\"elementor-column elementor-col-100 elementor-top-column elementor-element elementor-element-34668c8\" data-id=\"34668c8\" data-element_type=\"column\" data-e-type=\"column\">\n\t\t\t<div class=\"elementor-widget-wrap\">\n\t\t\t\t\t\t\t<\/div>\n\t\t<\/div>\n\t\t\t\t\t<\/div>\n\t\t<\/section>\n\t\t\t\t<section class=\"elementor-section elementor-top-section elementor-element elementor-element-2c1ca9e0 elementor-section-content-middle elementor-section-boxed elementor-section-height-default elementor-section-height-default\" data-id=\"2c1ca9e0\" data-element_type=\"section\" data-e-type=\"section\">\n\t\t\t\t\t\t<div class=\"elementor-container elementor-column-gap-no\">\n\t\t\t\t\t<div class=\"elementor-column elementor-col-100 elementor-top-column elementor-element elementor-element-4bc4d0df\" data-id=\"4bc4d0df\" data-element_type=\"column\" data-e-type=\"column\">\n\t\t\t<div class=\"elementor-widget-wrap elementor-element-populated\">\n\t\t\t\t\t\t<div class=\"elementor-element elementor-element-2b5c187a elementor-widget elementor-widget-heading\" data-id=\"2b5c187a\" data-element_type=\"widget\" data-e-type=\"widget\" data-widget_type=\"heading.default\">\n\t\t\t\t<div class=\"elementor-widget-container\">\n\t\t\t\t\t<h1 class=\"elementor-heading-title elementor-size-default\">O firmie<\/h1>\t\t\t\t<\/div>\n\t\t\t\t<\/div>\n\t\t\t\t<div class=\"elementor-element elementor-element-4f57e094 elementor-widget elementor-widget-text-editor\" data-id=\"4f57e094\" data-element_type=\"widget\" data-e-type=\"widget\" data-widget_type=\"text-editor.default\">\n\t\t\t\t<div class=\"elementor-widget-container\">\n\t\t\t\t\t\t\t\t\t<p>Changzhou Quanshi Hydraulic Equipment Co., Ltd, jako posiadacz znaku towarowego TIMEWAY, od samego pocz\u0105tku jest g\u0142\u0119boko zaanga\u017cowany w dziedzin\u0119 technologii hydraulicznej. Nasza g\u0142\u00f3wna siedziba znajduje si\u0119 w Changzhou w Chinach i posiadamy zaawansowane fabryki kooperacyjne w Yixing, Taixing i Huai'an w prowincji Jiangsu w Chinach. Fabryki te s\u0105 naszym silnym zapleczem produkcyjnym, a my przyjmujemy nowoczesny tryb zarz\u0105dzania, aby zapewni\u0107, \u017ce zdolno\u015b\u0107 produkcyjna i jako\u015b\u0107 id\u0105 w parze. Koncentrujemy si\u0119 na innowacjach technologicznych. Chocia\u017c nasze organizacje badawczo-rozwojowe s\u0105 obecnie skoncentrowane w Chinach, nadal zwracamy uwag\u0119 i absorbujemy mi\u0119dzynarodowe zaawansowane technologie, aby utrzyma\u0107 konkurencyjno\u015b\u0107 produkt\u00f3w TIMEWAY na rynku globalnym.<\/p><p>Marka TIMEWAY obejmuje pompy hydrauliczne, silniki hydrauliczne, zawory hydrauliczne, si\u0142owniki hydrauliczne, kompletne systemy hydrauliczne i wszelkiego rodzaju profesjonalne akcesoria, kt\u00f3re s\u0105 szeroko stosowane w przemy\u015ble maszyn budowlanych, metalurgii, przetw\u00f3rstwie tworzyw sztucznych, przemy\u015ble stoczniowym, energetyce wiatrowej i g\u00f3rnictwie. Dostarczamy nie tylko standardowe produkty, ale tak\u017ce niestandardowe rozwi\u0105zania spe\u0142niaj\u0105ce zr\u00f3\u017cnicowane potrzeby rynku.\u00a0 \u00a0 \u00a0<\/p><p>\u015aci\u015ble przestrzegamy systemu zarz\u0105dzania jako\u015bci\u0105 ISO9001 i wdra\u017camy \u015bcis\u0142e procedury kontroli jako\u015bci od wyboru surowc\u00f3w po dostaw\u0119 gotowych produkt\u00f3w. Zastosowanie zaawansowanego sprz\u0119tu testuj\u0105cego gwarantuje, \u017ce ka\u017cdy produkt spe\u0142nia najwy\u017csze standardy w bran\u017cy.\u00a0<\/p>\t\t\t\t\t\t\t\t<\/div>\n\t\t\t\t<\/div>\n\t\t\t\t<div class=\"elementor-element elementor-element-f51df58 elementor-widget elementor-widget-image\" data-id=\"f51df58\" data-element_type=\"widget\" data-e-type=\"widget\" data-widget_type=\"image.default\">\n\t\t\t\t<div class=\"elementor-widget-container\">\n\t\t\t\t\t\t\t\t\t\t\t\t\t\t\t<img fetchpriority=\"high\" decoding=\"async\" width=\"1442\" height=\"771\" src=\"https:\/\/timeway-hydraulics.com\/wp-content\/uploads\/2024\/06\/51bb3f597e74418169c40926204af8f.png\" class=\"attachment-1536x1536 size-1536x1536 wp-image-6868\" alt=\"\" srcset=\"https:\/\/timeway-hydraulics.com\/wp-content\/uploads\/2024\/06\/51bb3f597e74418169c40926204af8f.png 1442w, https:\/\/timeway-hydraulics.com\/wp-content\/uploads\/2024\/06\/51bb3f597e74418169c40926204af8f-300x160.png 300w, https:\/\/timeway-hydraulics.com\/wp-content\/uploads\/2024\/06\/51bb3f597e74418169c40926204af8f-1024x548.png 1024w, https:\/\/timeway-hydraulics.com\/wp-content\/uploads\/2024\/06\/51bb3f597e74418169c40926204af8f-768x411.png 768w, https:\/\/timeway-hydraulics.com\/wp-content\/uploads\/2024\/06\/51bb3f597e74418169c40926204af8f-600x321.png 600w\" sizes=\"(max-width: 1442px) 100vw, 1442px\" \/>\t\t\t\t\t\t\t\t\t\t\t\t\t\t\t<\/div>\n\t\t\t\t<\/div>\n\t\t\t\t<section class=\"elementor-section elementor-inner-section elementor-element elementor-element-3be8aa68 elementor-section-boxed elementor-section-height-default elementor-section-height-default\" data-id=\"3be8aa68\" data-element_type=\"section\" data-e-type=\"section\">\n\t\t\t\t\t\t<div class=\"elementor-container elementor-column-gap-default\">\n\t\t\t\t\t<div class=\"elementor-column elementor-col-50 elementor-inner-column elementor-element elementor-element-21bb3a55\" data-id=\"21bb3a55\" data-element_type=\"column\" data-e-type=\"column\">\n\t\t\t<div class=\"elementor-widget-wrap elementor-element-populated\">\n\t\t\t\t\t\t<div class=\"elementor-element elementor-element-5c6a5ed3 elementor-widget__width-initial elementor-widget elementor-widget-text-editor\" data-id=\"5c6a5ed3\" data-element_type=\"widget\" data-e-type=\"widget\" data-widget_type=\"text-editor.default\">\n\t\t\t\t<div class=\"elementor-widget-container\">\n\t\t\t\t\t\t\t\t\t<p>TIMEWAY rozumie z\u0142o\u017cono\u015b\u0107 i wyzwania zwi\u0105zane ze zglobalizowanym zaopatrzeniem, dlatego nie tylko posiadamy wysoko wykwalifikowany zesp\u00f3\u0142 ds. handlu mi\u0119dzynarodowego, ale tak\u017ce jeste\u015bmy zaanga\u017cowani w dostarczanie kompleksowych rozwi\u0105za\u0144 w zakresie zaopatrzenia, aby zaspokoi\u0107 zr\u00f3\u017cnicowane potrzeby naszych klient\u00f3w.<\/p><p>Nie tylko dostarczamy pe\u0142n\u0105 gam\u0119 produkt\u00f3w hydraulicznych pod w\u0142asn\u0105 mark\u0105 TIMEWAY, ale tak\u017ce \u015bwiadczymy us\u0142ugi zaopatrzenia zgodnie z potrzebami klient\u00f3w, skutecznie integruj\u0105c globalne zasoby \u0142a\u0144cucha dostaw, w tym mi\u0119dzy innymi okre\u015blone specyfikacje komponent\u00f3w hydraulicznych, akcesori\u00f3w i powi\u0105zanego sprz\u0119tu, aby zapewni\u0107 kompatybilno\u015b\u0107 produkt\u00f3w i wydajno\u015b\u0107 systemu.<\/p><p>Korzystamy z naszego do\u015bwiadczenia w bran\u017cy i rozleg\u0142ej sieci wsp\u00f3\u0142pracy, aby pom\u00f3c klientom zoptymalizowa\u0107 proces zaopatrzenia i zmniejszy\u0107 liczb\u0119 ogniw po\u015brednich, a tym samym znacznie obni\u017cy\u0107 og\u00f3lne koszty zaopatrzenia.<\/p><p>Jeste\u015bmy zaanga\u017cowani w ca\u0142y proces, od zapytania ofertowego, zaopatrzenia, kontroli towar\u00f3w, organizacji logistyki po ko\u0144cow\u0105 obs\u0142ug\u0119 posprzeda\u017cow\u0105, aby zapewni\u0107 przejrzysto\u015b\u0107 i wysok\u0105 wydajno\u015b\u0107 na ka\u017cdym etapie, dzi\u0119ki czemu nasi klienci mog\u0105 cieszy\u0107 si\u0119 wygodn\u0105 i pewn\u0105 kompleksow\u0105 obs\u0142ug\u0105 w skali globalnej.<\/p>\t\t\t\t\t\t\t\t<\/div>\n\t\t\t\t<\/div>\n\t\t\t\t<div class=\"elementor-element elementor-element-406f7ec elementor-widget elementor-widget-image\" data-id=\"406f7ec\" data-element_type=\"widget\" data-e-type=\"widget\" data-widget_type=\"image.default\">\n\t\t\t\t<div class=\"elementor-widget-container\">\n\t\t\t\t\t\t\t\t\t\t\t\t\t\t\t<img decoding=\"async\" width=\"888\" height=\"858\" src=\"https:\/\/timeway-hydraulics.com\/wp-content\/uploads\/2024\/06\/2101900d3d27204ad0b148a50153364.png\" class=\"attachment-large size-large wp-image-6869\" alt=\"\" srcset=\"https:\/\/timeway-hydraulics.com\/wp-content\/uploads\/2024\/06\/2101900d3d27204ad0b148a50153364.png 888w, https:\/\/timeway-hydraulics.com\/wp-content\/uploads\/2024\/06\/2101900d3d27204ad0b148a50153364-300x290.png 300w, https:\/\/timeway-hydraulics.com\/wp-content\/uploads\/2024\/06\/2101900d3d27204ad0b148a50153364-768x742.png 768w, https:\/\/timeway-hydraulics.com\/wp-content\/uploads\/2024\/06\/2101900d3d27204ad0b148a50153364-600x580.png 600w\" sizes=\"(max-width: 888px) 100vw, 888px\" \/>\t\t\t\t\t\t\t\t\t\t\t\t\t\t\t<\/div>\n\t\t\t\t<\/div>\n\t\t\t\t\t<\/div>\n\t\t<\/div>\n\t\t\t\t<div class=\"elementor-column elementor-col-50 elementor-inner-column elementor-element elementor-element-8fa0d74\" data-id=\"8fa0d74\" data-element_type=\"column\" data-e-type=\"column\">\n\t\t\t<div class=\"elementor-widget-wrap elementor-element-populated\">\n\t\t\t\t\t\t<div class=\"elementor-element elementor-element-68fb3901 elementor-widget elementor-widget-text-editor\" data-id=\"68fb3901\" data-element_type=\"widget\" data-e-type=\"widget\" data-widget_type=\"text-editor.default\">\n\t\t\t\t<div class=\"elementor-widget-container\">\n\t\t\t\t\t\t\t\t\t<p>Ponadto \u015bwiadczymy r\u00f3wnie\u017c us\u0142ugi doradcze w zakresie \u0142a\u0144cucha dostaw, aby pom\u00f3c klientom lepiej zrozumie\u0107 dynamik\u0119 rynku mi\u0119dzynarodowego, unikn\u0105\u0107 ryzyka i osi\u0105gn\u0105\u0107 optymalne zarz\u0105dzanie \u0142a\u0144cuchem dostaw.<\/p><p>TIMEWAY jest nie tylko dostawc\u0105 sprz\u0119tu hydraulicznego, ale tak\u017ce niezawodnym partnerem na rynku globalnym.<\/p><p>W po\u0142\u0105czeniu z zapotrzebowaniem rynku \u015bwiadczymy r\u00f3wnie\u017c us\u0142ugi konsultingowe w zakresie \u0142a\u0144cucha dostaw, aby pom\u00f3c klientom zrozumie\u0107 dynamik\u0119 rynku, zoptymalizowa\u0107 strategi\u0119 zaopatrzenia oraz osi\u0105gn\u0105\u0107 udoskonalenie i efektywno\u015b\u0107 zarz\u0105dzania \u0142a\u0144cuchem dostaw.<\/p><p>Changzhou Quanshi Hydraulic Equipment Co., Ltd (TIMEWAY) d\u0105\u017cy do tego, aby sta\u0107 si\u0119 wiod\u0105cym na \u015bwiecie dostawc\u0105 technologii i rozwi\u0105za\u0144 hydraulicznych, poprzez ci\u0105g\u0142e innowacje, wysokiej jako\u015bci produkty i doskona\u0142\u0105 obs\u0142ug\u0119, a tak\u017ce klient\u00f3w na ca\u0142ym \u015bwiecie, aby promowa\u0107 ci\u0105g\u0142y post\u0119p i rozw\u00f3j bran\u017cy hydraulicznej.<\/p><p>Zapraszamy do odwiedzenia naszej oficjalnej strony internetowej lub skontaktowania si\u0119 z nami bezpo\u015brednio przez e-mail lub telefon, aby dowiedzie\u0107 si\u0119 wi\u0119cej o produktach marki TIMEWAY i mo\u017cliwo\u015bciach wsp\u00f3\u0142pracy. Do\u0142\u0105cz do TIMEWAY, aby stworzy\u0107 nowy rozdzia\u0142 w technologii hydraulicznej.<\/p>\t\t\t\t\t\t\t\t<\/div>\n\t\t\t\t<\/div>\n\t\t\t\t<div class=\"elementor-element elementor-element-9681d60 elementor-widget elementor-widget-image\" data-id=\"9681d60\" data-element_type=\"widget\" data-e-type=\"widget\" data-widget_type=\"image.default\">\n\t\t\t\t<div class=\"elementor-widget-container\">\n\t\t\t\t\t\t\t\t\t\t\t\t\t\t\t<img decoding=\"async\" width=\"1022\" height=\"1024\" src=\"https:\/\/timeway-hydraulics.com\/wp-content\/uploads\/2024\/06\/d22190ab447a3d39adeeeb163dd448b-1022x1024.png\" class=\"attachment-large size-large wp-image-6870\" alt=\"\" srcset=\"https:\/\/timeway-hydraulics.com\/wp-content\/uploads\/2024\/06\/d22190ab447a3d39adeeeb163dd448b-1022x1024.png 1022w, https:\/\/timeway-hydraulics.com\/wp-content\/uploads\/2024\/06\/d22190ab447a3d39adeeeb163dd448b-300x300.png 300w, https:\/\/timeway-hydraulics.com\/wp-content\/uploads\/2024\/06\/d22190ab447a3d39adeeeb163dd448b-150x150.png 150w, https:\/\/timeway-hydraulics.com\/wp-content\/uploads\/2024\/06\/d22190ab447a3d39adeeeb163dd448b-768x769.png 768w, https:\/\/timeway-hydraulics.com\/wp-content\/uploads\/2024\/06\/d22190ab447a3d39adeeeb163dd448b-600x601.png 600w, https:\/\/timeway-hydraulics.com\/wp-content\/uploads\/2024\/06\/d22190ab447a3d39adeeeb163dd448b-100x100.png 100w, https:\/\/timeway-hydraulics.com\/wp-content\/uploads\/2024\/06\/d22190ab447a3d39adeeeb163dd448b.png 1065w\" sizes=\"(max-width: 1022px) 100vw, 1022px\" \/>\t\t\t\t\t\t\t\t\t\t\t\t\t\t\t<\/div>\n\t\t\t\t<\/div>\n\t\t\t\t\t<\/div>\n\t\t<\/div>\n\t\t\t\t\t<\/div>\n\t\t<\/section>\n\t\t\t\t\t<\/div>\n\t\t<\/div>\n\t\t\t\t\t<\/div>\n\t\t<\/section>\n\t\t\t\t<section class=\"elementor-section elementor-top-section elementor-element elementor-element-1c0504ae elementor-section-content-middle elementor-section-boxed elementor-section-height-default elementor-section-height-default\" data-id=\"1c0504ae\" data-element_type=\"section\" data-e-type=\"section\">\n\t\t\t\t\t\t<div class=\"elementor-container elementor-column-gap-no\">\n\t\t\t\t\t<div class=\"elementor-column elementor-col-33 elementor-top-column elementor-element elementor-element-660e9004\" data-id=\"660e9004\" data-element_type=\"column\" data-e-type=\"column\" data-settings=\"{&quot;background_background&quot;:&quot;classic&quot;}\">\n\t\t\t<div class=\"elementor-widget-wrap elementor-element-populated\">\n\t\t\t\t\t\t<div class=\"elementor-element elementor-element-745f93ea elementor-widget elementor-widget-text-editor\" data-id=\"745f93ea\" data-element_type=\"widget\" data-e-type=\"widget\" data-widget_type=\"text-editor.default\">\n\t\t\t\t<div class=\"elementor-widget-container\">\n\t\t\t\t\t\t\t\t\t<p>Nasze informacje<\/p>\t\t\t\t\t\t\t\t<\/div>\n\t\t\t\t<\/div>\n\t\t\t\t<div class=\"elementor-element elementor-element-67a290e4 elementor-widget elementor-widget-heading\" data-id=\"67a290e4\" data-element_type=\"widget\" data-e-type=\"widget\" data-widget_type=\"heading.default\">\n\t\t\t\t<div class=\"elementor-widget-container\">\n\t\t\t\t\t<h3 class=\"elementor-heading-title elementor-size-default\">Factory Show<\/h3>\t\t\t\t<\/div>\n\t\t\t\t<\/div>\n\t\t\t\t<div class=\"elementor-element elementor-element-78de648b elementor-widget-divider--view-line elementor-widget elementor-widget-divider\" data-id=\"78de648b\" data-element_type=\"widget\" data-e-type=\"widget\" data-widget_type=\"divider.default\">\n\t\t\t\t<div class=\"elementor-widget-container\">\n\t\t\t\t\t\t\t<div class=\"elementor-divider\">\n\t\t\t<span class=\"elementor-divider-separator\">\n\t\t\t\t\t\t<\/span>\n\t\t<\/div>\n\t\t\t\t\t\t<\/div>\n\t\t\t\t<\/div>\n\t\t\t\t\t<\/div>\n\t\t<\/div>\n\t\t\t\t<div class=\"elementor-column elementor-col-33 elementor-top-column elementor-element elementor-element-d591e67\" data-id=\"d591e67\" data-element_type=\"column\" data-e-type=\"column\" data-settings=\"{&quot;background_background&quot;:&quot;classic&quot;}\">\n\t\t\t<div class=\"elementor-widget-wrap elementor-element-populated\">\n\t\t\t\t\t\t<div class=\"elementor-element elementor-element-4dc2e898 elementor-widget elementor-widget-image\" data-id=\"4dc2e898\" data-element_type=\"widget\" data-e-type=\"widget\" data-widget_type=\"image.default\">\n\t\t\t\t<div class=\"elementor-widget-container\">\n\t\t\t\t\t\t\t\t\t\t\t\t\t\t\t<img loading=\"lazy\" decoding=\"async\" width=\"1380\" height=\"603\" src=\"https:\/\/timeway-hydraulics.com\/wp-content\/uploads\/2024\/05\/\u5fae\u4fe1\u56fe\u7247_20240508170639.png\" class=\"elementor-animation-grow attachment-full size-full wp-image-1913\" alt=\"\" srcset=\"https:\/\/timeway-hydraulics.com\/wp-content\/uploads\/2024\/05\/\u5fae\u4fe1\u56fe\u7247_20240508170639.png 1380w, https:\/\/timeway-hydraulics.com\/wp-content\/uploads\/2024\/05\/\u5fae\u4fe1\u56fe\u7247_20240508170639-300x131.png 300w, https:\/\/timeway-hydraulics.com\/wp-content\/uploads\/2024\/05\/\u5fae\u4fe1\u56fe\u7247_20240508170639-1024x447.png 1024w, https:\/\/timeway-hydraulics.com\/wp-content\/uploads\/2024\/05\/\u5fae\u4fe1\u56fe\u7247_20240508170639-768x336.png 768w, https:\/\/timeway-hydraulics.com\/wp-content\/uploads\/2024\/05\/\u5fae\u4fe1\u56fe\u7247_20240508170639-600x262.png 600w\" sizes=\"(max-width: 1380px) 100vw, 1380px\" \/>\t\t\t\t\t\t\t\t\t\t\t\t\t\t\t<\/div>\n\t\t\t\t<\/div>\n\t\t\t\t<div class=\"elementor-element elementor-element-61a80cbb elementor-widget elementor-widget-text-editor\" data-id=\"61a80cbb\" data-element_type=\"widget\" data-e-type=\"widget\" data-widget_type=\"text-editor.default\">\n\t\t\t\t<div class=\"elementor-widget-container\">\n\t\t\t\t\t\t\t\t\t<p>Timeway produkuje wszystkie cz\u0119\u015bci zamienne do pomp t\u0142okowych, zestawy obrotowe do silnik\u00f3w t\u0142okowych oraz niekt\u00f3re cz\u0119\u015bci do pomp t\u0142okowych niemieckich marek.<\/p><p>Timeway Hydraulics produkuje: hydrauliczne pompy t\u0142okowe, reduktory, pompy \u0142opatkowe, silniki orbitalne i zawory zwrotne.<\/p>\t\t\t\t\t\t\t\t<\/div>\n\t\t\t\t<\/div>\n\t\t\t\t\t<\/div>\n\t\t<\/div>\n\t\t\t\t<div class=\"elementor-column elementor-col-33 elementor-top-column elementor-element elementor-element-7cfebf66\" data-id=\"7cfebf66\" data-element_type=\"column\" data-e-type=\"column\" data-settings=\"{&quot;background_background&quot;:&quot;classic&quot;}\">\n\t\t\t<div class=\"elementor-widget-wrap elementor-element-populated\">\n\t\t\t\t\t\t<div class=\"elementor-element elementor-element-4e913e07 elementor-widget elementor-widget-text-editor\" data-id=\"4e913e07\" data-element_type=\"widget\" data-e-type=\"widget\" data-widget_type=\"text-editor.default\">\n\t\t\t\t<div class=\"elementor-widget-container\">\n\t\t\t\t\t\t\t\t\t<p>All Time Hydraulics posiada 4 zak\u0142ady produkcyjne i ponad 1500 produkt\u00f3w w magazynie. 30 in\u017cynier\u00f3w hydraulik\u00f3w jest do Pa\u0144stwa dyspozycji 24 godziny na dob\u0119. Szybka dostawa, 15-miesi\u0119czna gwarancja jako\u015bci produktu. All Time Hydraulics jest zawsze ekspertem w dziedzinie hydrauliki si\u0142owej.<\/p>\t\t\t\t\t\t\t\t<\/div>\n\t\t\t\t<\/div>\n\t\t\t\t<div class=\"elementor-element elementor-element-63562d04 elementor-widget elementor-widget-image\" data-id=\"63562d04\" data-element_type=\"widget\" data-e-type=\"widget\" data-widget_type=\"image.default\">\n\t\t\t\t<div class=\"elementor-widget-container\">\n\t\t\t\t\t\t\t\t\t\t\t\t\t\t\t<img loading=\"lazy\" decoding=\"async\" width=\"1380\" height=\"789\" src=\"https:\/\/timeway-hydraulics.com\/wp-content\/uploads\/2024\/05\/\u5fae\u4fe1\u56fe\u7247_20240508170643.png\" class=\"elementor-animation-grow attachment-full size-full wp-image-1914\" alt=\"\" srcset=\"https:\/\/timeway-hydraulics.com\/wp-content\/uploads\/2024\/05\/\u5fae\u4fe1\u56fe\u7247_20240508170643.png 1380w, https:\/\/timeway-hydraulics.com\/wp-content\/uploads\/2024\/05\/\u5fae\u4fe1\u56fe\u7247_20240508170643-300x172.png 300w, https:\/\/timeway-hydraulics.com\/wp-content\/uploads\/2024\/05\/\u5fae\u4fe1\u56fe\u7247_20240508170643-1024x585.png 1024w, https:\/\/timeway-hydraulics.com\/wp-content\/uploads\/2024\/05\/\u5fae\u4fe1\u56fe\u7247_20240508170643-768x439.png 768w, https:\/\/timeway-hydraulics.com\/wp-content\/uploads\/2024\/05\/\u5fae\u4fe1\u56fe\u7247_20240508170643-600x343.png 600w\" sizes=\"(max-width: 1380px) 100vw, 1380px\" \/>\t\t\t\t\t\t\t\t\t\t\t\t\t\t\t<\/div>\n\t\t\t\t<\/div>\n\t\t\t\t\t<\/div>\n\t\t<\/div>\n\t\t\t\t\t<\/div>\n\t\t<\/section>\n\t\t\t\t<section class=\"elementor-section elementor-top-section elementor-element elementor-element-1b6670f2 elementor-section-boxed elementor-section-height-default elementor-section-height-default\" data-id=\"1b6670f2\" data-element_type=\"section\" data-e-type=\"section\" data-settings=\"{&quot;background_background&quot;:&quot;classic&quot;}\">\n\t\t\t\t\t\t<div class=\"elementor-container elementor-column-gap-default\">\n\t\t\t\t\t<div class=\"elementor-column elementor-col-100 elementor-top-column elementor-element elementor-element-5a614403\" data-id=\"5a614403\" data-element_type=\"column\" data-e-type=\"column\" data-settings=\"{&quot;background_background&quot;:&quot;classic&quot;}\">\n\t\t\t<div class=\"elementor-widget-wrap elementor-element-populated\">\n\t\t\t\t\t\t<div class=\"elementor-element elementor-element-52ed4224 elementor-widget elementor-widget-heading\" data-id=\"52ed4224\" data-element_type=\"widget\" data-e-type=\"widget\" data-widget_type=\"heading.default\">\n\t\t\t\t<div class=\"elementor-widget-container\">\n\t\t\t\t\t<h2 class=\"elementor-heading-title elementor-size-default\">Wyb\u00f3r wysokiej jako\u015bci pomp hydraulicznych\nPompy i cz\u0119\u015bci<\/h2>\t\t\t\t<\/div>\n\t\t\t\t<\/div>\n\t\t\t\t<div class=\"elementor-element elementor-element-543b5784 elementor-widget elementor-widget-text-editor\" data-id=\"543b5784\" data-element_type=\"widget\" data-e-type=\"widget\" data-widget_type=\"text-editor.default\">\n\t\t\t\t<div class=\"elementor-widget-container\">\n\t\t\t\t\t\t\t\t\t<p>Produkty nadaj\u0105 si\u0119 do koparek, maszyn brukarskich, wtryskarek, walc\u00f3w, pomp do betonu, betoniarek, pras, d\u017awig\u00f3w, maszyn ceramicznych, stalowych, maszyn, maszyn farmaceutycznych, przemys\u0142u stoczniowego, maszyn, maszyn g\u00f3rniczych i metalurgicznych, takich jak sprz\u0119t hydrauliczny ......<\/p>\t\t\t\t\t\t\t\t<\/div>\n\t\t\t\t<\/div>\n\t\t\t\t<section class=\"elementor-section elementor-inner-section elementor-element elementor-element-56d5d55b elementor-section-boxed elementor-section-height-default elementor-section-height-default\" data-id=\"56d5d55b\" data-element_type=\"section\" data-e-type=\"section\">\n\t\t\t\t\t\t<div class=\"elementor-container elementor-column-gap-default\">\n\t\t\t\t\t<div class=\"elementor-column elementor-col-50 elementor-inner-column elementor-element elementor-element-4a90f697\" data-id=\"4a90f697\" data-element_type=\"column\" data-e-type=\"column\">\n\t\t\t<div class=\"elementor-widget-wrap elementor-element-populated\">\n\t\t\t\t\t\t<div class=\"elementor-element elementor-element-5f1336d3 elementor-align-right elementor-mobile-align-center elementor-widget elementor-widget-button\" data-id=\"5f1336d3\" data-element_type=\"widget\" data-e-type=\"widget\" data-widget_type=\"button.default\">\n\t\t\t\t<div class=\"elementor-widget-container\">\n\t\t\t\t\t\t\t\t\t<div class=\"elementor-button-wrapper\">\n\t\t\t\t\t<a class=\"elementor-button elementor-button-link elementor-size-sm\" href=\"https:\/\/timeway-hydraulics.com\/pl\/about\/\">\n\t\t\t\t\t\t<span class=\"elementor-button-content-wrapper\">\n\t\t\t\t\t\t<span class=\"elementor-button-icon\">\n\t\t\t\t<i aria-hidden=\"true\" class=\"fas fa-arrow-right\"><\/i>\t\t\t<\/span>\n\t\t\t\t\t\t\t\t\t<span class=\"elementor-button-text\">Dowiedz si\u0119 wi\u0119cej<\/span>\n\t\t\t\t\t<\/span>\n\t\t\t\t\t<\/a>\n\t\t\t\t<\/div>\n\t\t\t\t\t\t\t\t<\/div>\n\t\t\t\t<\/div>\n\t\t\t\t\t<\/div>\n\t\t<\/div>\n\t\t\t\t<div class=\"elementor-column elementor-col-50 elementor-inner-column elementor-element elementor-element-52ccc6c7\" data-id=\"52ccc6c7\" data-element_type=\"column\" data-e-type=\"column\">\n\t\t\t<div class=\"elementor-widget-wrap elementor-element-populated\">\n\t\t\t\t\t\t<div class=\"elementor-element elementor-element-7fed6dc3 elementor-align-left elementor-mobile-align-center elementor-widget elementor-widget-button\" data-id=\"7fed6dc3\" data-element_type=\"widget\" data-e-type=\"widget\" data-widget_type=\"button.default\">\n\t\t\t\t<div class=\"elementor-widget-container\">\n\t\t\t\t\t\t\t\t\t<div class=\"elementor-button-wrapper\">\n\t\t\t\t\t<a class=\"elementor-button elementor-button-link elementor-size-sm\" href=\"#elementor-action:action=popup:open&settings=eyJpZCI6IjE5NSIsInRvZ2dsZSI6ZmFsc2V9\">\n\t\t\t\t\t\t<span class=\"elementor-button-content-wrapper\">\n\t\t\t\t\t\t<span class=\"elementor-button-icon\">\n\t\t\t\t<i aria-hidden=\"true\" class=\"fas fa-arrow-right\"><\/i>\t\t\t<\/span>\n\t\t\t\t\t\t\t\t\t<span class=\"elementor-button-text\">Natychmiastowa wycena<\/span>\n\t\t\t\t\t<\/span>\n\t\t\t\t\t<\/a>\n\t\t\t\t<\/div>\n\t\t\t\t\t\t\t\t<\/div>\n\t\t\t\t<\/div>\n\t\t\t\t\t<\/div>\n\t\t<\/div>\n\t\t\t\t\t<\/div>\n\t\t<\/section>\n\t\t\t\t\t<\/div>\n\t\t<\/div>\n\t\t\t\t\t<\/div>\n\t\t<\/section>\n\t\t\t\t<\/div>","protected":false},"excerpt":{"rendered":"<p>About the company Changzhou Quanshi Hydraulic Equipment Co., Ltd, as the holder of the TIMEWAY trademark, has been deeply committed to the field of hydraulic technology since its foundation. Our headquarter is located in Changzhou, China, and we have advanced co-operative factories in Yixing, Taixing and Huai&#8217;an in Jiangsu Province, China. These factories are our &hellip;<\/p>\n<p class=\"read-more\"> <a class=\"\" href=\"https:\/\/timeway-hydraulics.com\/pl\/about\/\"> <span class=\"screen-reader-text\">O<\/span> Czytaj wi\u0119cej \"<\/a><\/p>","protected":false},"author":1,"featured_media":0,"parent":0,"menu_order":0,"comment_status":"closed","ping_status":"closed","template":"","meta":{"site-sidebar-layout":"no-sidebar","site-content-layout":"page-builder","ast-global-header-display":"","ast-main-header-display":"","ast-hfb-above-header-display":"","ast-hfb-below-header-display":"","ast-hfb-mobile-header-display":"","site-post-title":"disabled","ast-breadcrumbs-content":"","ast-featured-img":"disabled","footer-sml-layout":"","theme-transparent-header-meta":"","adv-header-id-meta":"","stick-header-meta":"","header-above-stick-meta":"","header-main-stick-meta":"","header-below-stick-meta":"","footnotes":""},"class_list":["post-157","page","type-page","status-publish","hentry"],"_links":{"self":[{"href":"https:\/\/timeway-hydraulics.com\/pl\/wp-json\/wp\/v2\/pages\/157","targetHints":{"allow":["GET"]}}],"collection":[{"href":"https:\/\/timeway-hydraulics.com\/pl\/wp-json\/wp\/v2\/pages"}],"about":[{"href":"https:\/\/timeway-hydraulics.com\/pl\/wp-json\/wp\/v2\/types\/page"}],"author":[{"embeddable":true,"href":"https:\/\/timeway-hydraulics.com\/pl\/wp-json\/wp\/v2\/users\/1"}],"replies":[{"embeddable":true,"href":"https:\/\/timeway-hydraulics.com\/pl\/wp-json\/wp\/v2\/comments?post=157"}],"version-history":[{"count":64,"href":"https:\/\/timeway-hydraulics.com\/pl\/wp-json\/wp\/v2\/pages\/157\/revisions"}],"predecessor-version":[{"id":6873,"href":"https:\/\/timeway-hydraulics.com\/pl\/wp-json\/wp\/v2\/pages\/157\/revisions\/6873"}],"wp:attachment":[{"href":"https:\/\/timeway-hydraulics.com\/pl\/wp-json\/wp\/v2\/media?parent=157"}],"curies":[{"name":"wp","href":"https:\/\/api.w.org\/{rel}","templated":true}]}}