{"id":157,"date":"2023-04-21T17:03:12","date_gmt":"2023-04-21T09:03:12","guid":{"rendered":"http:\/\/timeway-hydraulics.com\/?page_id=157"},"modified":"2024-06-07T20:34:46","modified_gmt":"2024-06-07T12:34:46","slug":"about","status":"publish","type":"page","link":"https:\/\/timeway-hydraulics.com\/it\/about\/","title":{"rendered":"Circa"},"content":{"rendered":"<div data-elementor-type=\"wp-page\" data-elementor-id=\"157\" class=\"elementor elementor-157\" data-elementor-post-type=\"page\">\n\t\t\t\t\t\t<section class=\"elementor-section elementor-top-section elementor-element elementor-element-1fc8c17 elementor-section-height-min-height elementor-section-boxed elementor-section-height-default elementor-section-items-middle\" data-id=\"1fc8c17\" data-element_type=\"section\" data-e-type=\"section\" data-settings=\"{&quot;background_background&quot;:&quot;video&quot;,&quot;background_video_link&quot;:&quot;http:\\\/\\\/timeway-hydraulics.com\\\/wp-content\\\/uploads\\\/2023\\\/05\\\/5\\u670819\\u65e5-1.mp4&quot;,&quot;background_play_on_mobile&quot;:&quot;yes&quot;}\">\n\t\t\t\t\t\t\t\t<div class=\"elementor-background-video-container\">\n\t\t\t\t\t\t\t\t\t\t\t\t\t<video class=\"elementor-background-video-hosted\" role=\"presentation\" autoplay muted playsinline loop><\/video>\n\t\t\t\t\t\t\t\t\t\t\t<\/div>\n\t\t\t\t\t\t\t\t<div class=\"elementor-container elementor-column-gap-default\">\n\t\t\t\t\t<div class=\"elementor-column elementor-col-100 elementor-top-column elementor-element elementor-element-34668c8\" data-id=\"34668c8\" data-element_type=\"column\" data-e-type=\"column\">\n\t\t\t<div class=\"elementor-widget-wrap\">\n\t\t\t\t\t\t\t<\/div>\n\t\t<\/div>\n\t\t\t\t\t<\/div>\n\t\t<\/section>\n\t\t\t\t<section class=\"elementor-section elementor-top-section elementor-element elementor-element-2c1ca9e0 elementor-section-content-middle elementor-section-boxed elementor-section-height-default elementor-section-height-default\" data-id=\"2c1ca9e0\" data-element_type=\"section\" data-e-type=\"section\">\n\t\t\t\t\t\t<div class=\"elementor-container elementor-column-gap-no\">\n\t\t\t\t\t<div class=\"elementor-column elementor-col-100 elementor-top-column elementor-element elementor-element-4bc4d0df\" data-id=\"4bc4d0df\" data-element_type=\"column\" data-e-type=\"column\">\n\t\t\t<div class=\"elementor-widget-wrap elementor-element-populated\">\n\t\t\t\t\t\t<div class=\"elementor-element elementor-element-2b5c187a elementor-widget elementor-widget-heading\" data-id=\"2b5c187a\" data-element_type=\"widget\" data-e-type=\"widget\" data-widget_type=\"heading.default\">\n\t\t\t\t<div class=\"elementor-widget-container\">\n\t\t\t\t\t<h1 class=\"elementor-heading-title elementor-size-default\">Informazioni sull'azienda<\/h1>\t\t\t\t<\/div>\n\t\t\t\t<\/div>\n\t\t\t\t<div class=\"elementor-element elementor-element-4f57e094 elementor-widget elementor-widget-text-editor\" data-id=\"4f57e094\" data-element_type=\"widget\" data-e-type=\"widget\" data-widget_type=\"text-editor.default\">\n\t\t\t\t<div class=\"elementor-widget-container\">\n\t\t\t\t\t\t\t\t\t<p>Changzhou Quanshi Hydraulic Equipment Co., Ltd, in qualit\u00e0 di titolare del marchio TIMEWAY, \u00e8 profondamente impegnata nel campo della tecnologia idraulica sin dalla sua fondazione. La nostra sede centrale si trova a Changzhou, in Cina, e disponiamo di fabbriche cooperative avanzate a Yixing, Taixing e Huai'an nella provincia di Jiangsu, in Cina. Queste fabbriche sono il nostro forte sostegno alla produzione e adottiamo una modalit\u00e0 di gestione moderna per garantire che la capacit\u00e0 produttiva e la qualit\u00e0 vadano di pari passo. Ci concentriamo sull'innovazione tecnologica. Sebbene le nostre organizzazioni di R&amp;S siano attualmente concentrate in Cina, continuiamo a prestare attenzione e ad assorbire le tecnologie avanzate internazionali per mantenere la competitivit\u00e0 dei prodotti TIMEWAY nel mercato globale.<\/p><p>Il marchio TIMEWAY comprende pompe idrauliche, motori idraulici, valvole idrauliche, cilindri idraulici, sistemi idraulici completi e tutti i tipi di accessori professionali, ampiamente utilizzati nei settori delle macchine edili, della metallurgia, della lavorazione della plastica, della costruzione navale, dell'energia eolica e dell'industria mineraria. Non forniamo solo prodotti standard, ma anche soluzioni personalizzate per soddisfare le diverse esigenze del mercato.\u00a0 \u00a0 \u00a0<\/p><p>Rispettiamo rigorosamente il sistema di gestione della qualit\u00e0 ISO9001 e attuiamo rigorose procedure di controllo della qualit\u00e0 dalla selezione delle materie prime alla consegna dei prodotti finiti. L'uso di attrezzature di prova avanzate garantisce che ogni prodotto soddisfi gli standard pi\u00f9 elevati del settore.\u00a0<\/p>\t\t\t\t\t\t\t\t<\/div>\n\t\t\t\t<\/div>\n\t\t\t\t<div class=\"elementor-element elementor-element-f51df58 elementor-widget elementor-widget-image\" data-id=\"f51df58\" data-element_type=\"widget\" data-e-type=\"widget\" data-widget_type=\"image.default\">\n\t\t\t\t<div class=\"elementor-widget-container\">\n\t\t\t\t\t\t\t\t\t\t\t\t\t\t\t<img fetchpriority=\"high\" decoding=\"async\" width=\"1442\" height=\"771\" src=\"https:\/\/timeway-hydraulics.com\/wp-content\/uploads\/2024\/06\/51bb3f597e74418169c40926204af8f.png\" class=\"attachment-1536x1536 size-1536x1536 wp-image-6868\" alt=\"\" srcset=\"https:\/\/timeway-hydraulics.com\/wp-content\/uploads\/2024\/06\/51bb3f597e74418169c40926204af8f.png 1442w, https:\/\/timeway-hydraulics.com\/wp-content\/uploads\/2024\/06\/51bb3f597e74418169c40926204af8f-300x160.png 300w, https:\/\/timeway-hydraulics.com\/wp-content\/uploads\/2024\/06\/51bb3f597e74418169c40926204af8f-1024x548.png 1024w, https:\/\/timeway-hydraulics.com\/wp-content\/uploads\/2024\/06\/51bb3f597e74418169c40926204af8f-768x411.png 768w, https:\/\/timeway-hydraulics.com\/wp-content\/uploads\/2024\/06\/51bb3f597e74418169c40926204af8f-600x321.png 600w\" sizes=\"(max-width: 1442px) 100vw, 1442px\" \/>\t\t\t\t\t\t\t\t\t\t\t\t\t\t\t<\/div>\n\t\t\t\t<\/div>\n\t\t\t\t<section class=\"elementor-section elementor-inner-section elementor-element elementor-element-3be8aa68 elementor-section-boxed elementor-section-height-default elementor-section-height-default\" data-id=\"3be8aa68\" data-element_type=\"section\" data-e-type=\"section\">\n\t\t\t\t\t\t<div class=\"elementor-container elementor-column-gap-default\">\n\t\t\t\t\t<div class=\"elementor-column elementor-col-50 elementor-inner-column elementor-element elementor-element-21bb3a55\" data-id=\"21bb3a55\" data-element_type=\"column\" data-e-type=\"column\">\n\t\t\t<div class=\"elementor-widget-wrap elementor-element-populated\">\n\t\t\t\t\t\t<div class=\"elementor-element elementor-element-5c6a5ed3 elementor-widget__width-initial elementor-widget elementor-widget-text-editor\" data-id=\"5c6a5ed3\" data-element_type=\"widget\" data-e-type=\"widget\" data-widget_type=\"text-editor.default\">\n\t\t\t\t<div class=\"elementor-widget-container\">\n\t\t\t\t\t\t\t\t\t<p>TIMEWAY comprende la complessit\u00e0 e le sfide del sourcing globalizzato, quindi non solo dispone di un team altamente qualificato per il commercio internazionale, ma si impegna anche a fornire soluzioni di sourcing one-stop per soddisfare le esigenze diversificate dei nostri clienti.<\/p><p>Non solo forniamo una gamma completa di prodotti idraulici con il nostro marchio TIMEWAY, ma svolgiamo anche servizi di approvvigionamento in base alle esigenze dei clienti, integrando efficacemente le risorse della catena di fornitura globale, comprese, ma non solo, le specifiche dei componenti idraulici, degli accessori e delle attrezzature correlate per garantire la compatibilit\u00e0 dei prodotti e l'efficienza del sistema.<\/p><p>Sfruttiamo la nostra esperienza nel settore e la nostra vasta rete di collaborazione per aiutare i clienti a ottimizzare il processo di approvvigionamento e a ridurre i collegamenti intermedi, riducendo cos\u00ec in modo significativo i costi complessivi di approvvigionamento.<\/p><p>Siamo coinvolti nell'intero processo, dalla richiesta di informazioni, all'approvvigionamento, all'ispezione delle merci, all'organizzazione della logistica fino all'assistenza post-vendita finale, per garantire trasparenza ed elevata efficienza in ogni fase, in modo che i nostri clienti possano godere di un'esperienza di servizio unico conveniente e rassicurante su scala globale.<\/p>\t\t\t\t\t\t\t\t<\/div>\n\t\t\t\t<\/div>\n\t\t\t\t<div class=\"elementor-element elementor-element-406f7ec elementor-widget elementor-widget-image\" data-id=\"406f7ec\" data-element_type=\"widget\" data-e-type=\"widget\" data-widget_type=\"image.default\">\n\t\t\t\t<div class=\"elementor-widget-container\">\n\t\t\t\t\t\t\t\t\t\t\t\t\t\t\t<img decoding=\"async\" width=\"888\" height=\"858\" src=\"https:\/\/timeway-hydraulics.com\/wp-content\/uploads\/2024\/06\/2101900d3d27204ad0b148a50153364.png\" class=\"attachment-large size-large wp-image-6869\" alt=\"\" srcset=\"https:\/\/timeway-hydraulics.com\/wp-content\/uploads\/2024\/06\/2101900d3d27204ad0b148a50153364.png 888w, https:\/\/timeway-hydraulics.com\/wp-content\/uploads\/2024\/06\/2101900d3d27204ad0b148a50153364-300x290.png 300w, https:\/\/timeway-hydraulics.com\/wp-content\/uploads\/2024\/06\/2101900d3d27204ad0b148a50153364-768x742.png 768w, https:\/\/timeway-hydraulics.com\/wp-content\/uploads\/2024\/06\/2101900d3d27204ad0b148a50153364-600x580.png 600w\" sizes=\"(max-width: 888px) 100vw, 888px\" \/>\t\t\t\t\t\t\t\t\t\t\t\t\t\t\t<\/div>\n\t\t\t\t<\/div>\n\t\t\t\t\t<\/div>\n\t\t<\/div>\n\t\t\t\t<div class=\"elementor-column elementor-col-50 elementor-inner-column elementor-element elementor-element-8fa0d74\" data-id=\"8fa0d74\" data-element_type=\"column\" data-e-type=\"column\">\n\t\t\t<div class=\"elementor-widget-wrap elementor-element-populated\">\n\t\t\t\t\t\t<div class=\"elementor-element elementor-element-68fb3901 elementor-widget elementor-widget-text-editor\" data-id=\"68fb3901\" data-element_type=\"widget\" data-e-type=\"widget\" data-widget_type=\"text-editor.default\">\n\t\t\t\t<div class=\"elementor-widget-container\">\n\t\t\t\t\t\t\t\t\t<p>Inoltre, forniamo anche servizi di consulenza sulla catena di fornitura per aiutare i clienti a comprendere meglio le dinamiche del mercato internazionale, evitare i rischi e ottenere una gestione ottimale della catena di fornitura.<\/p><p>TIMEWAY non \u00e8 solo il vostro fornitore di attrezzature idrauliche, ma anche il vostro partner affidabile nel mercato globale.<\/p><p>In linea con la domanda del mercato, forniamo anche servizi di consulenza sulla catena di approvvigionamento per aiutare i clienti a comprendere le dinamiche del mercato, ottimizzare la strategia di approvvigionamento e ottenere il perfezionamento e l'efficienza della gestione della catena di approvvigionamento.<\/p><p>Changzhou Quanshi Hydraulic Equipment Co., Ltd (TIMEWAY) si impegna a diventare il fornitore leader mondiale di tecnologia e soluzioni idrauliche, attraverso una continua innovazione, prodotti di qualit\u00e0 e un servizio eccellente, e i clienti di tutto il mondo a promuovere il continuo progresso e sviluppo dell'industria idraulica.<\/p><p>Vi invitiamo a visitare il nostro sito ufficiale o a contattarci direttamente via e-mail o telefono per saperne di pi\u00f9 sui prodotti a marchio TIMEWAY e sulle opportunit\u00e0 di collaborazione. Unitevi a TIMEWAY per creare un nuovo capitolo nella tecnologia idraulica.<\/p>\t\t\t\t\t\t\t\t<\/div>\n\t\t\t\t<\/div>\n\t\t\t\t<div class=\"elementor-element elementor-element-9681d60 elementor-widget elementor-widget-image\" data-id=\"9681d60\" data-element_type=\"widget\" data-e-type=\"widget\" data-widget_type=\"image.default\">\n\t\t\t\t<div class=\"elementor-widget-container\">\n\t\t\t\t\t\t\t\t\t\t\t\t\t\t\t<img decoding=\"async\" width=\"1022\" height=\"1024\" src=\"https:\/\/timeway-hydraulics.com\/wp-content\/uploads\/2024\/06\/d22190ab447a3d39adeeeb163dd448b-1022x1024.png\" class=\"attachment-large size-large wp-image-6870\" alt=\"\" srcset=\"https:\/\/timeway-hydraulics.com\/wp-content\/uploads\/2024\/06\/d22190ab447a3d39adeeeb163dd448b-1022x1024.png 1022w, https:\/\/timeway-hydraulics.com\/wp-content\/uploads\/2024\/06\/d22190ab447a3d39adeeeb163dd448b-300x300.png 300w, https:\/\/timeway-hydraulics.com\/wp-content\/uploads\/2024\/06\/d22190ab447a3d39adeeeb163dd448b-150x150.png 150w, https:\/\/timeway-hydraulics.com\/wp-content\/uploads\/2024\/06\/d22190ab447a3d39adeeeb163dd448b-768x769.png 768w, https:\/\/timeway-hydraulics.com\/wp-content\/uploads\/2024\/06\/d22190ab447a3d39adeeeb163dd448b-600x601.png 600w, https:\/\/timeway-hydraulics.com\/wp-content\/uploads\/2024\/06\/d22190ab447a3d39adeeeb163dd448b-100x100.png 100w, https:\/\/timeway-hydraulics.com\/wp-content\/uploads\/2024\/06\/d22190ab447a3d39adeeeb163dd448b.png 1065w\" sizes=\"(max-width: 1022px) 100vw, 1022px\" \/>\t\t\t\t\t\t\t\t\t\t\t\t\t\t\t<\/div>\n\t\t\t\t<\/div>\n\t\t\t\t\t<\/div>\n\t\t<\/div>\n\t\t\t\t\t<\/div>\n\t\t<\/section>\n\t\t\t\t\t<\/div>\n\t\t<\/div>\n\t\t\t\t\t<\/div>\n\t\t<\/section>\n\t\t\t\t<section class=\"elementor-section elementor-top-section elementor-element elementor-element-1c0504ae elementor-section-content-middle elementor-section-boxed elementor-section-height-default elementor-section-height-default\" data-id=\"1c0504ae\" data-element_type=\"section\" data-e-type=\"section\">\n\t\t\t\t\t\t<div class=\"elementor-container elementor-column-gap-no\">\n\t\t\t\t\t<div class=\"elementor-column elementor-col-33 elementor-top-column elementor-element elementor-element-660e9004\" data-id=\"660e9004\" data-element_type=\"column\" data-e-type=\"column\" data-settings=\"{&quot;background_background&quot;:&quot;classic&quot;}\">\n\t\t\t<div class=\"elementor-widget-wrap elementor-element-populated\">\n\t\t\t\t\t\t<div class=\"elementor-element elementor-element-745f93ea elementor-widget elementor-widget-text-editor\" data-id=\"745f93ea\" data-element_type=\"widget\" data-e-type=\"widget\" data-widget_type=\"text-editor.default\">\n\t\t\t\t<div class=\"elementor-widget-container\">\n\t\t\t\t\t\t\t\t\t<p>Il nostro su<\/p>\t\t\t\t\t\t\t\t<\/div>\n\t\t\t\t<\/div>\n\t\t\t\t<div class=\"elementor-element elementor-element-67a290e4 elementor-widget elementor-widget-heading\" data-id=\"67a290e4\" data-element_type=\"widget\" data-e-type=\"widget\" data-widget_type=\"heading.default\">\n\t\t\t\t<div class=\"elementor-widget-container\">\n\t\t\t\t\t<h3 class=\"elementor-heading-title elementor-size-default\">Mostra della fabbrica<\/h3>\t\t\t\t<\/div>\n\t\t\t\t<\/div>\n\t\t\t\t<div class=\"elementor-element elementor-element-78de648b elementor-widget-divider--view-line elementor-widget elementor-widget-divider\" data-id=\"78de648b\" data-element_type=\"widget\" data-e-type=\"widget\" data-widget_type=\"divider.default\">\n\t\t\t\t<div class=\"elementor-widget-container\">\n\t\t\t\t\t\t\t<div class=\"elementor-divider\">\n\t\t\t<span class=\"elementor-divider-separator\">\n\t\t\t\t\t\t<\/span>\n\t\t<\/div>\n\t\t\t\t\t\t<\/div>\n\t\t\t\t<\/div>\n\t\t\t\t\t<\/div>\n\t\t<\/div>\n\t\t\t\t<div class=\"elementor-column elementor-col-33 elementor-top-column elementor-element elementor-element-d591e67\" data-id=\"d591e67\" data-element_type=\"column\" data-e-type=\"column\" data-settings=\"{&quot;background_background&quot;:&quot;classic&quot;}\">\n\t\t\t<div class=\"elementor-widget-wrap elementor-element-populated\">\n\t\t\t\t\t\t<div class=\"elementor-element elementor-element-4dc2e898 elementor-widget elementor-widget-image\" data-id=\"4dc2e898\" data-element_type=\"widget\" data-e-type=\"widget\" data-widget_type=\"image.default\">\n\t\t\t\t<div class=\"elementor-widget-container\">\n\t\t\t\t\t\t\t\t\t\t\t\t\t\t\t<img loading=\"lazy\" decoding=\"async\" width=\"1380\" height=\"603\" src=\"https:\/\/timeway-hydraulics.com\/wp-content\/uploads\/2024\/05\/\u5fae\u4fe1\u56fe\u7247_20240508170639.png\" class=\"elementor-animation-grow attachment-full size-full wp-image-1913\" alt=\"\" srcset=\"https:\/\/timeway-hydraulics.com\/wp-content\/uploads\/2024\/05\/\u5fae\u4fe1\u56fe\u7247_20240508170639.png 1380w, https:\/\/timeway-hydraulics.com\/wp-content\/uploads\/2024\/05\/\u5fae\u4fe1\u56fe\u7247_20240508170639-300x131.png 300w, https:\/\/timeway-hydraulics.com\/wp-content\/uploads\/2024\/05\/\u5fae\u4fe1\u56fe\u7247_20240508170639-1024x447.png 1024w, https:\/\/timeway-hydraulics.com\/wp-content\/uploads\/2024\/05\/\u5fae\u4fe1\u56fe\u7247_20240508170639-768x336.png 768w, https:\/\/timeway-hydraulics.com\/wp-content\/uploads\/2024\/05\/\u5fae\u4fe1\u56fe\u7247_20240508170639-600x262.png 600w\" sizes=\"(max-width: 1380px) 100vw, 1380px\" \/>\t\t\t\t\t\t\t\t\t\t\t\t\t\t\t<\/div>\n\t\t\t\t<\/div>\n\t\t\t\t<div class=\"elementor-element elementor-element-61a80cbb elementor-widget elementor-widget-text-editor\" data-id=\"61a80cbb\" data-element_type=\"widget\" data-e-type=\"widget\" data-widget_type=\"text-editor.default\">\n\t\t\t\t<div class=\"elementor-widget-container\">\n\t\t\t\t\t\t\t\t\t<p>Timeway produce tutti i pezzi di ricambio per pompe a pistoni, set rotativi per motori a pistoni e alcuni pezzi di ricambio per pompe di marche tedesche.<\/p><p>Timeway Hydraulics produce: pompe idrauliche a pistoni, riduttori, pompe a palette, motori orbitali e valvole di inversione.<\/p>\t\t\t\t\t\t\t\t<\/div>\n\t\t\t\t<\/div>\n\t\t\t\t\t<\/div>\n\t\t<\/div>\n\t\t\t\t<div class=\"elementor-column elementor-col-33 elementor-top-column elementor-element elementor-element-7cfebf66\" data-id=\"7cfebf66\" data-element_type=\"column\" data-e-type=\"column\" data-settings=\"{&quot;background_background&quot;:&quot;classic&quot;}\">\n\t\t\t<div class=\"elementor-widget-wrap elementor-element-populated\">\n\t\t\t\t\t\t<div class=\"elementor-element elementor-element-4e913e07 elementor-widget elementor-widget-text-editor\" data-id=\"4e913e07\" data-element_type=\"widget\" data-e-type=\"widget\" data-widget_type=\"text-editor.default\">\n\t\t\t\t<div class=\"elementor-widget-container\">\n\t\t\t\t\t\t\t\t\t<p>All Time Hydraulics ha 4 officine di produzione e oltre 1500 prodotti in magazzino. Ci sono 30 ingegneri idraulici al vostro servizio 24 ore al giorno. Consegna rapida, 15 mesi di garanzia sulla qualit\u00e0 dei prodotti. All Time Hydraulics \u00e8 sempre il vostro esperto di assistenza idraulica.<\/p>\t\t\t\t\t\t\t\t<\/div>\n\t\t\t\t<\/div>\n\t\t\t\t<div class=\"elementor-element elementor-element-63562d04 elementor-widget elementor-widget-image\" data-id=\"63562d04\" data-element_type=\"widget\" data-e-type=\"widget\" data-widget_type=\"image.default\">\n\t\t\t\t<div class=\"elementor-widget-container\">\n\t\t\t\t\t\t\t\t\t\t\t\t\t\t\t<img loading=\"lazy\" decoding=\"async\" width=\"1380\" height=\"789\" src=\"https:\/\/timeway-hydraulics.com\/wp-content\/uploads\/2024\/05\/\u5fae\u4fe1\u56fe\u7247_20240508170643.png\" class=\"elementor-animation-grow attachment-full size-full wp-image-1914\" alt=\"\" srcset=\"https:\/\/timeway-hydraulics.com\/wp-content\/uploads\/2024\/05\/\u5fae\u4fe1\u56fe\u7247_20240508170643.png 1380w, https:\/\/timeway-hydraulics.com\/wp-content\/uploads\/2024\/05\/\u5fae\u4fe1\u56fe\u7247_20240508170643-300x172.png 300w, https:\/\/timeway-hydraulics.com\/wp-content\/uploads\/2024\/05\/\u5fae\u4fe1\u56fe\u7247_20240508170643-1024x585.png 1024w, https:\/\/timeway-hydraulics.com\/wp-content\/uploads\/2024\/05\/\u5fae\u4fe1\u56fe\u7247_20240508170643-768x439.png 768w, https:\/\/timeway-hydraulics.com\/wp-content\/uploads\/2024\/05\/\u5fae\u4fe1\u56fe\u7247_20240508170643-600x343.png 600w\" sizes=\"(max-width: 1380px) 100vw, 1380px\" \/>\t\t\t\t\t\t\t\t\t\t\t\t\t\t\t<\/div>\n\t\t\t\t<\/div>\n\t\t\t\t\t<\/div>\n\t\t<\/div>\n\t\t\t\t\t<\/div>\n\t\t<\/section>\n\t\t\t\t<section class=\"elementor-section elementor-top-section elementor-element elementor-element-1b6670f2 elementor-section-boxed elementor-section-height-default elementor-section-height-default\" data-id=\"1b6670f2\" data-element_type=\"section\" data-e-type=\"section\" data-settings=\"{&quot;background_background&quot;:&quot;classic&quot;}\">\n\t\t\t\t\t\t<div class=\"elementor-container elementor-column-gap-default\">\n\t\t\t\t\t<div class=\"elementor-column elementor-col-100 elementor-top-column elementor-element elementor-element-5a614403\" data-id=\"5a614403\" data-element_type=\"column\" data-e-type=\"column\" data-settings=\"{&quot;background_background&quot;:&quot;classic&quot;}\">\n\t\t\t<div class=\"elementor-widget-wrap elementor-element-populated\">\n\t\t\t\t\t\t<div class=\"elementor-element elementor-element-52ed4224 elementor-widget elementor-widget-heading\" data-id=\"52ed4224\" data-element_type=\"widget\" data-e-type=\"widget\" data-widget_type=\"heading.default\">\n\t\t\t\t<div class=\"elementor-widget-container\">\n\t\t\t\t\t<h2 class=\"elementor-heading-title elementor-size-default\">La vostra scelta per una pompa idraulica di qualit\u00e0\nPompe e ricambi idraulici di qualit\u00e0<\/h2>\t\t\t\t<\/div>\n\t\t\t\t<\/div>\n\t\t\t\t<div class=\"elementor-element elementor-element-543b5784 elementor-widget elementor-widget-text-editor\" data-id=\"543b5784\" data-element_type=\"widget\" data-e-type=\"widget\" data-widget_type=\"text-editor.default\">\n\t\t\t\t<div class=\"elementor-widget-container\">\n\t\t\t\t\t\t\t\t\t<p>I prodotti sono adatti per escavatori, macchine per la lavorazione del legno, macchine per lo stampaggio a iniezione, rulli, camion pompa per calcestruzzo, betoniere, presse, macchinari per gru, macchinari per la ceramica, acciaio, macchinari, macchinari farmaceutici, costruzioni navali, macchinari, macchinari per l'industria mineraria e metallurgica, come le attrezzature idrauliche ......<\/p>\t\t\t\t\t\t\t\t<\/div>\n\t\t\t\t<\/div>\n\t\t\t\t<section class=\"elementor-section elementor-inner-section elementor-element elementor-element-56d5d55b elementor-section-boxed elementor-section-height-default elementor-section-height-default\" data-id=\"56d5d55b\" data-element_type=\"section\" data-e-type=\"section\">\n\t\t\t\t\t\t<div class=\"elementor-container elementor-column-gap-default\">\n\t\t\t\t\t<div class=\"elementor-column elementor-col-50 elementor-inner-column elementor-element elementor-element-4a90f697\" data-id=\"4a90f697\" data-element_type=\"column\" data-e-type=\"column\">\n\t\t\t<div class=\"elementor-widget-wrap elementor-element-populated\">\n\t\t\t\t\t\t<div class=\"elementor-element elementor-element-5f1336d3 elementor-align-right elementor-mobile-align-center elementor-widget elementor-widget-button\" data-id=\"5f1336d3\" data-element_type=\"widget\" data-e-type=\"widget\" data-widget_type=\"button.default\">\n\t\t\t\t<div class=\"elementor-widget-container\">\n\t\t\t\t\t\t\t\t\t<div class=\"elementor-button-wrapper\">\n\t\t\t\t\t<a class=\"elementor-button elementor-button-link elementor-size-sm\" href=\"https:\/\/timeway-hydraulics.com\/it\/about\/\">\n\t\t\t\t\t\t<span class=\"elementor-button-content-wrapper\">\n\t\t\t\t\t\t<span class=\"elementor-button-icon\">\n\t\t\t\t<i aria-hidden=\"true\" class=\"fas fa-arrow-right\"><\/i>\t\t\t<\/span>\n\t\t\t\t\t\t\t\t\t<span class=\"elementor-button-text\">Per saperne di pi\u00f9<\/span>\n\t\t\t\t\t<\/span>\n\t\t\t\t\t<\/a>\n\t\t\t\t<\/div>\n\t\t\t\t\t\t\t\t<\/div>\n\t\t\t\t<\/div>\n\t\t\t\t\t<\/div>\n\t\t<\/div>\n\t\t\t\t<div class=\"elementor-column elementor-col-50 elementor-inner-column elementor-element elementor-element-52ccc6c7\" data-id=\"52ccc6c7\" data-element_type=\"column\" data-e-type=\"column\">\n\t\t\t<div class=\"elementor-widget-wrap elementor-element-populated\">\n\t\t\t\t\t\t<div class=\"elementor-element elementor-element-7fed6dc3 elementor-align-left elementor-mobile-align-center elementor-widget elementor-widget-button\" data-id=\"7fed6dc3\" data-element_type=\"widget\" data-e-type=\"widget\" data-widget_type=\"button.default\">\n\t\t\t\t<div class=\"elementor-widget-container\">\n\t\t\t\t\t\t\t\t\t<div class=\"elementor-button-wrapper\">\n\t\t\t\t\t<a class=\"elementor-button elementor-button-link elementor-size-sm\" href=\"#elementor-action:action=popup:open&settings=eyJpZCI6IjE5NSIsInRvZ2dsZSI6ZmFsc2V9\">\n\t\t\t\t\t\t<span class=\"elementor-button-content-wrapper\">\n\t\t\t\t\t\t<span class=\"elementor-button-icon\">\n\t\t\t\t<i aria-hidden=\"true\" class=\"fas fa-arrow-right\"><\/i>\t\t\t<\/span>\n\t\t\t\t\t\t\t\t\t<span class=\"elementor-button-text\">Richiedi un preventivo immediato<\/span>\n\t\t\t\t\t<\/span>\n\t\t\t\t\t<\/a>\n\t\t\t\t<\/div>\n\t\t\t\t\t\t\t\t<\/div>\n\t\t\t\t<\/div>\n\t\t\t\t\t<\/div>\n\t\t<\/div>\n\t\t\t\t\t<\/div>\n\t\t<\/section>\n\t\t\t\t\t<\/div>\n\t\t<\/div>\n\t\t\t\t\t<\/div>\n\t\t<\/section>\n\t\t\t\t<\/div>","protected":false},"excerpt":{"rendered":"<p>About the company Changzhou Quanshi Hydraulic Equipment Co., Ltd, as the holder of the TIMEWAY trademark, has been deeply committed to the field of hydraulic technology since its foundation. Our headquarter is located in Changzhou, China, and we have advanced co-operative factories in Yixing, Taixing and Huai&#8217;an in Jiangsu Province, China. These factories are our &hellip;<\/p>\n<p class=\"read-more\"> <a class=\"\" href=\"https:\/\/timeway-hydraulics.com\/it\/about\/\"> <span class=\"screen-reader-text\">Circa<\/span> Leggi altro &raquo;<\/a><\/p>","protected":false},"author":1,"featured_media":0,"parent":0,"menu_order":0,"comment_status":"closed","ping_status":"closed","template":"","meta":{"site-sidebar-layout":"no-sidebar","site-content-layout":"page-builder","ast-global-header-display":"","ast-main-header-display":"","ast-hfb-above-header-display":"","ast-hfb-below-header-display":"","ast-hfb-mobile-header-display":"","site-post-title":"disabled","ast-breadcrumbs-content":"","ast-featured-img":"disabled","footer-sml-layout":"","theme-transparent-header-meta":"","adv-header-id-meta":"","stick-header-meta":"","header-above-stick-meta":"","header-main-stick-meta":"","header-below-stick-meta":"","footnotes":""},"class_list":["post-157","page","type-page","status-publish","hentry"],"_links":{"self":[{"href":"https:\/\/timeway-hydraulics.com\/it\/wp-json\/wp\/v2\/pages\/157","targetHints":{"allow":["GET"]}}],"collection":[{"href":"https:\/\/timeway-hydraulics.com\/it\/wp-json\/wp\/v2\/pages"}],"about":[{"href":"https:\/\/timeway-hydraulics.com\/it\/wp-json\/wp\/v2\/types\/page"}],"author":[{"embeddable":true,"href":"https:\/\/timeway-hydraulics.com\/it\/wp-json\/wp\/v2\/users\/1"}],"replies":[{"embeddable":true,"href":"https:\/\/timeway-hydraulics.com\/it\/wp-json\/wp\/v2\/comments?post=157"}],"version-history":[{"count":64,"href":"https:\/\/timeway-hydraulics.com\/it\/wp-json\/wp\/v2\/pages\/157\/revisions"}],"predecessor-version":[{"id":6873,"href":"https:\/\/timeway-hydraulics.com\/it\/wp-json\/wp\/v2\/pages\/157\/revisions\/6873"}],"wp:attachment":[{"href":"https:\/\/timeway-hydraulics.com\/it\/wp-json\/wp\/v2\/media?parent=157"}],"curies":[{"name":"wp","href":"https:\/\/api.w.org\/{rel}","templated":true}]}}