{"id":9373,"date":"2024-07-12T15:22:31","date_gmt":"2024-07-12T07:22:31","guid":{"rendered":"https:\/\/timeway-hydraulics.com\/?post_type=product&#038;p=9373"},"modified":"2024-07-15T13:56:53","modified_gmt":"2024-07-15T05:56:53","slug":"v-series","status":"publish","type":"product","link":"https:\/\/timeway-hydraulics.com\/fr_fr\/product\/v-series\/","title":{"rendered":"S\u00e9rie V"},"content":{"rendered":"<p><!--more--><\/p>\n<h5><strong>S\u00e9rie V Hydraulique <\/strong>Pompe \u00e0 palettes<\/h5>\n<p><!--more--><\/p>\n<table width=\"1039\">\n<tbody>\n<tr>\n<td width=\"259\"><strong>Nom du produit :<\/strong><\/td>\n<td colspan=\"3\" width=\"779\">Pompe hydraulique \u00e0 palettes<\/td>\n<\/tr>\n<tr>\n<td><strong>Mod\u00e8le :<\/strong><\/td>\n<td colspan=\"3\">Fourniture de pi\u00e8ces d\u00e9tach\u00e9es de toutes marques, veuillez nous faire part de vos besoins<\/td>\n<\/tr>\n<tr>\n<td><strong>Mot-cl\u00e9 :<\/strong><\/td>\n<td colspan=\"3\">Pompe \u00e0 palettes<\/td>\n<\/tr>\n<tr>\n<td><strong>D\u00e9lai de livraison :<\/strong><\/td>\n<td colspan=\"3\">1-3 jours pour les stocks, 5-10 jours pour les non-stocks<\/td>\n<\/tr>\n<tr>\n<td><strong>Conditions de paiement :<\/strong><\/td>\n<td colspan=\"3\">T\/T, Western Union, Paysend, LC, PAYPAL, etc.<\/td>\n<\/tr>\n<tr>\n<td><strong>Lieu d'origine :<\/strong><\/td>\n<td>Chine<\/td>\n<td><strong>Nom de marque :<\/strong><\/td>\n<td>D\u00c9LAI D'ATTENTE<\/td>\n<\/tr>\n<tr>\n<td><strong>Utilisation :<\/strong><\/td>\n<td>R\u00e9parer les pompes<\/td>\n<td><strong>Garantie :<\/strong><\/td>\n<td>6-12 mois<\/td>\n<\/tr>\n<tr>\n<td><strong>Mat\u00e9riau :<\/strong><\/td>\n<td>Acier et cuivre<\/td>\n<td><strong>Paquet :<\/strong><\/td>\n<td>Coffret en bois\/bo\u00eete en carton<\/td>\n<\/tr>\n<tr>\n<td><strong>Quantit\u00e9 minimale de commande :<\/strong><\/td>\n<td>1<\/td>\n<td><strong>M\u00e9thodes de livraison :<\/strong><\/td>\n<td>Air\/ Express\/ Mer<\/td>\n<\/tr>\n<\/tbody>\n<\/table>\n<p><span style=\"color: #008000;\"><strong>Nous fournissons diverses pi\u00e8ces d\u00e9tach\u00e9es pour pelles hydrauliques. Nous pouvons vous fournir plus de sp\u00e9cifications et de dimensions, si vous en avez besoin.<\/strong><\/span><\/p>\n<table width=\"972\">\n<tbody>\n<tr>\n<td colspan=\"4\" width=\"972\"><strong>Notre soci\u00e9t\u00e9 fournit un grand nombre de pompes \u00e0 piston, de moteurs, de r\u00e9ducteurs et de pi\u00e8ces d\u00e9tach\u00e9es connexes. Les principaux fabricants sont : Rexroth, Hitachi, Komatsu, Kawasaki, Caterpillar, NACHI, Toshiba, Kobelco \/ Kato, etc.<\/strong><\/td>\n<\/tr>\n<tr>\n<td style=\"text-align: center;\" colspan=\"4\" width=\"972\"><span style=\"color: #008000;\"><strong>Les mod\u00e8les sp\u00e9cifiques sont les suivants :<\/strong><\/span><\/td>\n<\/tr>\n<tr>\n<td width=\"121\">S\u00e9rie Hitachi :<\/td>\n<td colspan=\"3\" width=\"850\">HPV050 ; HPV080 ; pompe principale ZX120-6 (HPK055) ; HPV091 (EX200-2\/3, EX120-2 pompe simple) ; HPV102 (EX200-5\/6) ; HPV116 (EX200-1) ; HPV118 (ZX200-3, ZX270 pompe principale) etc.<\/td>\n<\/tr>\n<tr>\n<td width=\"121\">S\u00e9rie de pompes principales pour excavateurs Komatsu :<\/td>\n<td colspan=\"3\" width=\"850\">HPV35 (PC60) ; HPV55 (PC120) ; HPV90 (PC200-3) ; HPV90 (PC200-5) ; PHV95 (PC200-6, PC120-6 sauf l'arbre de la pompe) ; HPV132 (PC300-7, PC400-6) ; HPV160 (PC300\/400-3\/5) ; HPV135 ; PC30UU ; pompe principale PC40-8 ; PC50 ; PC60, etc.<\/td>\n<\/tr>\n<tr>\n<td width=\"121\">S\u00e9rie Caterpillar :<\/td>\n<td colspan=\"3\" width=\"850\">VRD63 (CAT120) double pompe ; SBS80 (CAT312C) pompe principale ; E200B (nouveau) double pompe ; AP-12 double pompe ; AP-14 (CAT325C) ; CAT320C double pompe ; SPK10\/10 (E200B) double pompe ; SPV10\/10 (MS180) double pompe ; CAT12G ; CAT14G\/16G ; CAT215 ; CAT245 ; CAT330B moteur de d\u00e9placement ; PSV450 (AP-12) marche ; CAT992 ; CAT330C marche ; CAT385H.<\/td>\n<\/tr>\n<tr>\n<td width=\"121\">S\u00e9rie Kayab (KYB, kayaba) :<\/td>\n<td colspan=\"3\" width=\"850\">PSVD2-16E (Shanhe Intelligent 1,6-2 tonnes) ; PSVD2-21C (KYB) ; PSVD2-21E (KYB) 4T\/SVD22 petite pompe principale d'excavation ; PSVD2-26E\/27E (KYB) ; KYB-25CC (Ishikawashima 45, Kubota K040\/K045) ; Ishikawajima 60 ; PSVL-54 (KYB Kubota 6 tonnes 155 excavateur).<\/td>\n<\/tr>\n<tr>\n<td width=\"121\">La s\u00e9rie Nachi :<\/td>\n<td colspan=\"3\" width=\"850\">PVD-2B-32L ; PVD-2B-34 marchant ; PVD-2B-34L (pompe principale de petite excavation) ; PVD-2B-36L\/38\/40 ; PVD-2B-42 ; PVD-2B-63 ; PVD45 ; 130 ; PVK-2B-505 (pompe principale ZAX55) ; YC35-6 Yuchai petit moteur rotatif d'excavation ; YC35-6 Yuchai petit moteur de translation d'excavation ; PCL-200-18B (Yuchai 55 revolution) ; Bobcat 331 excavateur ( Turn) ; Bobcat 337 (moteur de marche).<\/td>\n<\/tr>\n<tr>\n<td width=\"121\">S\u00e9rie Toshiba :<\/td>\n<td colspan=\"3\" width=\"850\">SG02 ; SG025 (MFB40) ; SG04 (MFB80) ; SG08 (MFB160) ; SG12 ; SG20 (MFB250) ; PVB92 (PVC90RC08\/PVC70R) (Toshiba 8 tonnes, Yuchai 8,5 tonnes excavateur) ; PV090 ; PV092 (PV080 universel) ;PSVS-90.<\/td>\n<\/tr>\n<tr>\n<td width=\"121\">S\u00e9rie JEIL :<\/td>\n<td colspan=\"3\" width=\"850\">JMV-44\/22 ; JMV-53\/34 (moteur de translation pour petite excavatrice de 6 \u00e0 8 tonnes) ; JMF-64 ; JMV 147\/95 ; JMF-151-VBR (22SM1510117) ; JMF-155.<\/td>\n<\/tr>\n<tr>\n<td width=\"121\">S\u00e9rie Liebherr :<\/td>\n<td colspan=\"3\" width=\"850\">LPVD45 ; LPVD64 ; LPVD75 ; LPVD90 ; LPVD100 ; LPVD100 nouveau (914) ; LPVD125 ; LPVD125 nouveau ; LPVD140 ; LPVD250 ; LPVD260.<\/td>\n<\/tr>\n<tr>\n<td width=\"121\">Kobelco \/ Kato S\u00e9rie :<\/td>\n<td colspan=\"3\" width=\"850\">SK250-8 pompe principale ; SK200-1\/3 moteur de translation ; SK220-3 (MA340 moteur de translation) ; SK200-6 moteur de translation ; SK200-6 moteur de marche neuf ; SK320 moteur de translation ; M3V150 (SK220-2) moteur de translation ; SK430 moteur de marche ; Kato 400 moteur d'excavateur ; HD450V-2 (Kato) ; HD3000 ; DH55 (moteur d'orientation d'excavateur Daewoo 55) ; T3X128\/Daewoo 300-7 orientation ; Daewoo 225-7 marche ; Daewoo DH370 orientation ; moteur d'orientation Hyundai 60-7 ; moteur d'orientation moderne 480.<\/td>\n<\/tr>\n<tr>\n<td width=\"121\">S\u00e9rie Kawasaki :<\/td>\n<td colspan=\"3\" width=\"850\">K3SP36C (SDV36) pompe principale pour excavateur moyen de 8 tonnes ; K3V63DT (K3V63BDT) ; K3V112DT ; K3V140DT ; K3V180DT ; K3V280 ; K3VG280 ; K3VG180 ; K3VL45 ; K5V80 ; K5V140 (Doosan 300-7) ; K5V160 (pompe principale moderne 300-6) ; M2X63 ; M2X96 (EX200-2) ; M2X120 ; M2X146 (EX200-5) ; M2X150\/170 (EX400) ; M2X210 (EX270\/280\/300) ; M5X130<\/td>\n<\/tr>\n<tr>\n<td width=\"121\">S\u00e9rie Nabtesco :<\/td>\n<td colspan=\"3\" width=\"850\">GM05VL ; GM05VA ; GM06VL (60 Daewoo walking) ; GM07VA (Daewoo DH55, Komatsu walking 60-7) ; GM08 (Komatsu 60-3 \/ 5 walking) ; GM09 (MSPG06-025 \/ PC60-7 travel motor) ; GM10 ; GM17 (PC120-3 \/ 5 walking) ; GM18 ; GM23 ; GM30H ; GM35VA ; GM35VL (travel motors) ; GM38VB (SK200-8, Kato travel motor 1023-3) ; DNB08.<\/td>\n<\/tr>\n<tr>\n<td width=\"121\">Rexroth Series :<\/td>\n<td colspan=\"3\" width=\"850\">A4V40 ; A4V56 ; A4V71 ; A4V125 ; A4V250 ; A4VFO28 ; A4VSO40 ; A4VSO71 ; A4VSO125 ; A4VSO180 ; A4VSO250 ; A4VSO355 ; A4VSO500 ; A4VF500 \/ A4F500 ; A4VG28 (A4F028) ; A4VG50; ; A4VG40 ; A4VG45 A4VG56 ; A4VG71 ; A4VTG71 ; A4VG90 (A4VT90HW \/ 32R) ; A4VHW90 ; Pompe de charge A4VTG90 (\u00e9paisse) ; A4VG125 ; Pompe de charge A4VG125 ; Pompe de charge A4VG125 (type d'utilisation g\u00e9n\u00e9rale) ; Pompe de charge A4VG125 (type de cha\u00eene A10VO28) ; Pompe de charge A4VG12 (grande).<\/td>\n<\/tr>\n<tr>\n<td width=\"121\">S\u00e9rie de pompes \u00e0 axe courbe Rexroth :<\/td>\n<td colspan=\"3\" width=\"850\">A2F5;A2F12;A2F23;A2VK28;2VK28;A2F28;A2F55;A2F80;A2F107;A2F160;A2F200;<br \/>\nA2V225;A2F250;A2V500;A2V915;A2F355;A2F500;A2F1000;<br \/>\nA2FO10;A2FO12;A2FO16;A2FO23;A2FO28;A2FO32;A2FO45 ; A2FO56 ; A2FO63 ; A2FO80 ; A2FO90 \/ A2FE90 ; A2FO107 ; A2FO125 (A2FM125) ; A2FO200; ; A2FO160 ; A2FO180 A2FO250 ;<br \/>\nA2FO500 ; A6V28 ; A7V55 \/ A8V55 ; A7V58 ; A7V80 \/ A8V80 ; A7V107 \/ A8V107 ; A7V160 \/ A8V160;A7V200 ; A7V225 ; A7V250 ; A7V355 ; A7V500 ; A6VM \/ A7V1000 ; A6VM \/ A7VO12 ; A7VO28 ; A7VO55 ; A7VO80 ; A7VO107 ; A7VO160 ; A6VM160 ; A6VE160 ; A6VM200 ; A6VM500 ; A7VO172 ; A7VO200 ; A7VO250 ; A7VO355 ; A7VO500.<\/td>\n<\/tr>\n<tr>\n<td width=\"121\">S\u00e9rie Sauer :<\/td>\n<td colspan=\"3\" width=\"850\">PV20 ; PV21 (PVD21) ; PV22 ; PVD22 pompe double ; PV23 (PVD23) ; PV24 ; SPV6 \/ 119 ; PV25 ; PV26 ; PV112 ; OPV27 ; MF16A ; MFO35 ; MF500 ; MPVO46 \/ M46 ; MPR63 ; MPV45.<\/td>\n<\/tr>\n<tr>\n<td width=\"121\">S\u00e9rie Eaton :<\/td>\n<td colspan=\"3\" width=\"850\">3321\/3331 (Eaton 006) ; Eaton 3322 (EATON3322) ; 4621\/4621-007 ; 5421\/5431 (Eaton 23) ; Case 1460 (CASE1460) ; Case CS05A ; Eaton 3932-243 ; Eaton 6423 ; 7621 (Eaton 24-7620) ; rouleau compresseur (Eaton 78462).<\/td>\n<\/tr>\n<tr>\n<td width=\"121\">S\u00e9rie Vickers :<\/td>\n<td colspan=\"3\" width=\"850\">PVE19;TA19;PVE21;PVH45;PVH57;PVH74;PVH81;PVH98;PVH106(HPN-1398);<br \/>\nPVH131;PVH141;PVB5;PVB6;PVB10;PVB15(PVQ32 plus courant);PVB20;PVB29;PVBQA29-SR;PVQ40 \/50 ; PVB110 ; TB35 ; B45.<\/td>\n<\/tr>\n<tr>\n<td width=\"121\">S\u00e9rie LINDE :<\/td>\n<td colspan=\"3\" width=\"850\">HPR55\/75\/105\/135\/165\/210\/280 ;MPV45-01 MPV63-01; HMR75\/105\/135\/165;MPF55-01; MPR28\/45\/63\/71; HPR75\/90\/100\/130\/160;BPV35\/50\/70\/100\/200;B2PV35\/50\/75\/105\/140;<br \/>\nBMF35\/55\/75\/105\/140;BMV35\/55\/75\/105\/135;<br \/>\nBPR55\/75\/105\/140\/186\/260;HPV55T\/75\/105\/135\/165\/210; HMF28\/35\/50\/55\/75\/105\/135\/165\/210;<br \/>\nHPV130-01.<\/td>\n<\/tr>\n<tr>\n<td width=\"121\">S\u00e9rie Parker :<\/td>\n<td colspan=\"3\" width=\"850\">PVP16\/23\/33\/41\/48\/60\/76\/100\/140;PVM16\/23\/28;PV016\/020\/023\/028\/032\/040\/046\/063;F11-005\/006\/012\/014\/019\/10\/28\/39\/80\/110\/150\/250;F12-030\/040\/060\/080\/110\/125\/150\/250;V12-060\/080 V14-110\/160;P2\/P3-060\/075\/105\/145;PAVC 33\/38\/65\/100<\/td>\n<\/tr>\n<\/tbody>\n<\/table>","protected":false},"excerpt":{"rendered":"","protected":false},"featured_media":9379,"comment_status":"open","ping_status":"closed","template":"","meta":{"site-sidebar-layout":"default","site-content-layout":"default","ast-global-header-display":"","ast-main-header-display":"","ast-hfb-above-header-display":"","ast-hfb-below-header-display":"","ast-hfb-mobile-header-display":"","site-post-title":"","ast-breadcrumbs-content":"","ast-featured-img":"","footer-sml-layout":"","theme-transparent-header-meta":"default","adv-header-id-meta":"","stick-header-meta":"","header-above-stick-meta":"","header-main-stick-meta":"","header-below-stick-meta":""},"product_cat":[31],"product_tag":[],"class_list":{"0":"post-9373","1":"product","2":"type-product","3":"status-publish","4":"has-post-thumbnail","6":"product_cat-vane-pump","7":"desktop-align-left","8":"tablet-align-left","9":"mobile-align-left","11":"first","12":"instock","13":"shipping-taxable","14":"product-type-simple"},"_links":{"self":[{"href":"https:\/\/timeway-hydraulics.com\/fr_fr\/wp-json\/wp\/v2\/product\/9373","targetHints":{"allow":["GET"]}}],"collection":[{"href":"https:\/\/timeway-hydraulics.com\/fr_fr\/wp-json\/wp\/v2\/product"}],"about":[{"href":"https:\/\/timeway-hydraulics.com\/fr_fr\/wp-json\/wp\/v2\/types\/product"}],"replies":[{"embeddable":true,"href":"https:\/\/timeway-hydraulics.com\/fr_fr\/wp-json\/wp\/v2\/comments?post=9373"}],"wp:featuredmedia":[{"embeddable":true,"href":"https:\/\/timeway-hydraulics.com\/fr_fr\/wp-json\/wp\/v2\/media\/9379"}],"wp:attachment":[{"href":"https:\/\/timeway-hydraulics.com\/fr_fr\/wp-json\/wp\/v2\/media?parent=9373"}],"wp:term":[{"taxonomy":"product_cat","embeddable":true,"href":"https:\/\/timeway-hydraulics.com\/fr_fr\/wp-json\/wp\/v2\/product_cat?post=9373"},{"taxonomy":"product_tag","embeddable":true,"href":"https:\/\/timeway-hydraulics.com\/fr_fr\/wp-json\/wp\/v2\/product_tag?post=9373"}],"curies":[{"name":"wp","href":"https:\/\/api.w.org\/{rel}","templated":true}]}}