{"id":1722,"date":"2024-03-09T16:59:48","date_gmt":"2024-03-09T08:59:48","guid":{"rendered":"https:\/\/timeway-hydraulics.com\/?post_type=product&#038;p=1722"},"modified":"2024-04-13T14:27:45","modified_gmt":"2024-04-13T06:27:45","slug":"pv16","status":"publish","type":"product","link":"https:\/\/timeway-hydraulics.com\/fr_fr\/product\/pv16\/","title":{"rendered":"PV16"},"content":{"rendered":"<div class=\"detail-richtext1 richtext\">\n<h2>D\u00e9tail des pi\u00e8ces de la pompe hydraulique Rexroth<\/h2>\n<ul class=\"list-paddingleft-2\">\n<li>Rexroth s\u00e9rie 1 mod\u00e8le : A4VSO40 \/ 45 \/ 50 \/ 56 \/ 71 \/ 125 \/ 180 \/ 250 \/ 355 \/ 500 \/ 750 \/ 100<\/li>\n<li>Rexroth Senes 2 Mod\u00e8le : A4VG28 \/ 40 \/ 56 \/ 71 \/ 90 \/ 125 \/ 180 \/ 250<\/li>\n<li>Rexroth s\u00e9rie 3 mod\u00e8le : A4V40 \/ 56 \/ 1 \/ 90 \/ 125 \/ 250 A4VO130 A4VD250<\/li>\n<li>Mod\u00e8le Rexroth4 : A4VIG71 \/ 90<\/li>\n<li>Rexroth s\u00e9rie 5 mod\u00e8le : A10VSO18 \/ 28 \/ 45 \/ 71 \/ 100 \/ 140<\/li>\n<li>Rexroth s\u00e9rie 6 mod\u00e8le : A10V 10 \/ 28 \/ 45 \/ 60 \/ 63 \/ 85-52 \/ 53<\/li>\n<li>Rexroth s\u00e9rie 7 mod\u00e8le : A15VS0175 \/ 210<\/li>\n<li>Rexroth s\u00e9rie 8 mod\u00e8le : A20V0520 \/ 060<\/li>\n<li>Rexroth s\u00e9rie 9 mod\u00e8le : A11VO40 \/ 60 \/ 75 \/ 95 \/ 130 \/ 145 \/ 160 \/ 190 \/ 200 \/ 210 \/ 260<\/li>\n<li>Rexroth s\u00e9rie 10 Mod\u00e8le : A11V0250Rexroth s\u00e9rie 11 Mod\u00e8le : A11VG12 \/ 19 \/ 5<\/li>\n<li>Rexroth Series 12 Mod\u00e8le : A10VG 18 \/ 28 \/ 45 \/ 63<\/li>\n<li>Rexroth s\u00e9rie 14 mod\u00e8le : A10F16 \/ 28 \/ 45 \/ 71<\/li>\n<li>Pompe Rexroth \u00e0 axe inclin\u00e915 mod\u00e8le : A2F<\/li>\n<li>Pompe \u00e0 axe inclin\u00e9 Rexroth 15 mod\u00e8le : A2FE<\/li>\n<li>Pompe Rexroth \u00e0 axe inclin\u00e9 16 mod\u00e8le : A10VM18 \/ 35 \/ 63<\/li>\n<li>Pompe Rexroth \u00e0 axe inclin\u00e9 17 mod\u00e8le : A2V12 \/ 28DR A2VK12 \/ 28<\/li>\n<li>Pompe Rexroth \u00e0 axe inclin\u00e9 18 mod\u00e8le : A2FO05 \/ 10 \/ 12 \/ 16 \/ 23 \/ 28 \/ 32 \/ 45 \/ 56 \/ 63 \/<\/li>\n<\/ul>\n<p>Rexroth est l'un des fabricants de pompes \u00e0 piston les plus connus au monde.<\/p>\n<p>Elephant Fluid Power fabrique une gamme compl\u00e8te de pi\u00e8ces de rechange pour les pompes \u00e0 piston Rexroth destin\u00e9es \u00e0 la r\u00e9novation ou \u00e0 la r\u00e9paration de pompes pour les engins de chantier et les applications industrielles.<\/p>\n<p>Toutes les pi\u00e8ces de rechange des pompes pison Rexroth sont produites conform\u00e9ment aux plans des pi\u00e8ces d'origine. Elephant Fluid Power re\u00e7oit de nombreuses r\u00e9ponses positives du march\u00e9 de l'apr\u00e8s-vente concernant la qualit\u00e9 de nos pi\u00e8ces et de notre service.<\/p>\n<\/div>\n<div class=\"detail-richtext2 richtext\">\n<h2>Attributs des pi\u00e8ces de la pompe hydraulique Rexroth<\/h2>\n<div class=\"table-over\">\n<table cellspacing=\"0\" cellpadding=\"0\">\n<colgroup>\n<col span=\"2\" \/><\/colgroup>\n<tbody>\n<tr class=\"firstRow\">\n<td>Attribut<\/td>\n<td>Sp\u00e9cifications<\/td>\n<\/tr>\n<tr>\n<td>Mat\u00e9riau<\/td>\n<td>Fonte\/Ductile, acier, bronze et autres<\/td>\n<\/tr>\n<tr>\n<td>Les types<\/td>\n<td>Pi\u00e8ces de rechange pour la pompe \u00e0 piston hydraulique<\/td>\n<\/tr>\n<tr>\n<td>Fonction<\/td>\n<td>Compl\u00e8tement interchangeable avec la pompe d'origine<\/td>\n<\/tr>\n<tr>\n<td>Nom des pi\u00e8ces<\/td>\n<td>Bloc-cylindres, piston, plaque de retenue, guide-bille, plaque de soupape, arbre d'entra\u00eenement, plateau cyclique, etc.<\/td>\n<\/tr>\n<tr>\n<td>Technique de traitement<\/td>\n<td>Coupe, tour, centre d'usinage, traitement thermique, rectification, honage, \u00e9barbage, etc.<\/td>\n<\/tr>\n<tr>\n<td>application<\/td>\n<td>des pi\u00e8ces de rechange pour les engins de terrassement, les \u00e9quipements de construction, les machines agricoles, les machines foresti\u00e8res, les machines mini\u00e8res, les navires portuaires et d'autres machines.<\/td>\n<\/tr>\n<tr>\n<td>Marque d\u00e9pos\u00e9e<\/td>\n<td>Elephant Fluid Power, Neutral label, ou selon la demande du client<\/td>\n<\/tr>\n<\/tbody>\n<\/table>\n<\/div>\n<\/div>\n<div class=\"detail-richtext3 richtext\">\n<h2>Caract\u00e9ristiques des pi\u00e8ces de la pompe hydraulique Rexroth<\/h2>\n<ul class=\"list-paddingleft-2\">\n<li>Aucun probl\u00e8me<\/li>\n<li>Utilisation d'acier inoxydable, teneur en cuivre 99,99%<\/li>\n<li>Compatible avec Rexroth<\/li>\n<li>La diff\u00e9rence de rendement entre la pompe r\u00e9nov\u00e9e et la pompe d'origine est de 1-2%.<\/li>\n<li>Le co\u00fbt est de 1 \/ 5 de Rexroth<\/li>\n<\/ul>\n<\/div>","protected":false},"excerpt":{"rendered":"<p>We produce the whole series of original Rexroth pump parts, strictly implement Rexroth&#8217;s manufacturing and testing standards, quality standards and product precision are matched with Rexroth pump parts. Our products are widely used in heavy machinery manufacturing, repair, maintenance, refurbishment, after-sales and other fields, which have been recognized by the market and favored by heavy machinery industry.<\/p>","protected":false},"featured_media":1723,"comment_status":"open","ping_status":"closed","template":"","meta":{"site-sidebar-layout":"default","site-content-layout":"default","ast-global-header-display":"","ast-main-header-display":"","ast-hfb-above-header-display":"","ast-hfb-below-header-display":"","ast-hfb-mobile-header-display":"","site-post-title":"","ast-breadcrumbs-content":"","ast-featured-img":"","footer-sml-layout":"","theme-transparent-header-meta":"default","adv-header-id-meta":"","stick-header-meta":"","header-above-stick-meta":"","header-main-stick-meta":"","header-below-stick-meta":""},"product_cat":[24],"product_tag":[],"class_list":{"0":"post-1722","1":"product","2":"type-product","3":"status-publish","4":"has-post-thumbnail","6":"product_cat-uncategorized","7":"desktop-align-left","8":"tablet-align-left","9":"mobile-align-left","11":"first","12":"instock","13":"shipping-taxable","14":"product-type-simple"},"_links":{"self":[{"href":"https:\/\/timeway-hydraulics.com\/fr_fr\/wp-json\/wp\/v2\/product\/1722","targetHints":{"allow":["GET"]}}],"collection":[{"href":"https:\/\/timeway-hydraulics.com\/fr_fr\/wp-json\/wp\/v2\/product"}],"about":[{"href":"https:\/\/timeway-hydraulics.com\/fr_fr\/wp-json\/wp\/v2\/types\/product"}],"replies":[{"embeddable":true,"href":"https:\/\/timeway-hydraulics.com\/fr_fr\/wp-json\/wp\/v2\/comments?post=1722"}],"wp:featuredmedia":[{"embeddable":true,"href":"https:\/\/timeway-hydraulics.com\/fr_fr\/wp-json\/wp\/v2\/media\/1723"}],"wp:attachment":[{"href":"https:\/\/timeway-hydraulics.com\/fr_fr\/wp-json\/wp\/v2\/media?parent=1722"}],"wp:term":[{"taxonomy":"product_cat","embeddable":true,"href":"https:\/\/timeway-hydraulics.com\/fr_fr\/wp-json\/wp\/v2\/product_cat?post=1722"},{"taxonomy":"product_tag","embeddable":true,"href":"https:\/\/timeway-hydraulics.com\/fr_fr\/wp-json\/wp\/v2\/product_tag?post=1722"}],"curies":[{"name":"wp","href":"https:\/\/api.w.org\/{rel}","templated":true}]}}