{"id":6000,"date":"2024-05-28T11:35:39","date_gmt":"2024-05-28T03:35:39","guid":{"rendered":"https:\/\/timeway-hydraulics.com\/?post_type=product&#038;p=6000"},"modified":"2024-07-10T17:34:35","modified_gmt":"2024-07-10T09:34:35","slug":"hpv","status":"publish","type":"product","link":"https:\/\/timeway-hydraulics.com\/es\/product\/hpv\/","title":{"rendered":"VPH"},"content":{"rendered":"<h6 class=\"elementor-image-box-title\"><span style=\"color: #999999;\"><a style=\"color: #999999;\" href=\"https:\/\/timeway-hydraulics.com\/es\/hitachi-series\/\">Serie HITACHI<\/a><\/span><\/h6>\n<p><!--more--><\/p>\n<h3 class=\"post-title\">PIEZAS HIDR\u00c1ULICAS DE RECAMBIO PARA HITACHI<\/h3>\n<hr \/>\n<p>Las bombas hidr\u00e1ulicas Hitachi se encuentran habitualmente en muchas de las m\u00e1quinas m\u00f3viles de construcci\u00f3n actuales. Tenemos en stock la mayor\u00eda de las piezas de desgaste comunes para las series Hitachi HPV102, HPV116 y HPV145. Las piezas en stock incluyen: Cojinetes, ejes de transmisi\u00f3n, ejes tensores, pasadores centrales o ejes centrales, pistones, bloques de cilindros, placas de v\u00e1lvulas, servopistones, tapas de culata, kits de juntas y, en algunos casos, carcasas.<\/p>\n<p>\u00bfNo encuentra lo que busca? Nuestro inventario cambia constantemente, ll\u00e1menos - es posible que a\u00fan lo tengamos o que podamos conseguirlo para usted. Vea nuestros desgloses de piezas a continuaci\u00f3n en la pesta\u00f1a de literatura.<\/p>\n<hr \/>\n<h5>HPV Bomba hidr\u00e1ulica de pist\u00f3n HITACHI HPV091 Bomba simple HPV091 Bomba doble HPV102 HPV116 HPV118 HPV125B HPV145 Repuestos<\/h5>\n<p><!--more--><\/p>\n<table style=\"border-collapse: collapse; width: 743px; height: 446px;\" border=\"0\" width=\"1039\" cellspacing=\"0\" cellpadding=\"0\">\n<tbody>\n<tr style=\"height: 14.50pt;\">\n<td class=\"et3\" style=\"height: 14.50pt; width: 129.95pt;\" width=\"259\" height=\"29\"><strong>Nombre del producto:<\/strong><\/td>\n<td class=\"et4\" style=\"width: 389.85pt;\" colspan=\"3\" width=\"779\">Piezas de bombas hidr\u00e1ulicas y conjuntos de bombas<\/td>\n<\/tr>\n<tr style=\"height: 14.50pt;\">\n<td class=\"et3\" style=\"height: 14.50pt;\" height=\"29\"><strong>Modelo:<\/strong><\/td>\n<td class=\"et4\" colspan=\"3\">Suministro Todas las piezas de repuesto de marca, Plz Amablemente D\u00edganos Su Necesidad<\/td>\n<\/tr>\n<tr style=\"height: 14.50pt;\">\n<td class=\"et3\" style=\"height: 14.50pt;\" height=\"29\"><strong>Palabra clave:<\/strong><\/td>\n<td class=\"et4\" colspan=\"3\">Piezas de motores rotativos\/Piezas de motores de traslaci\u00f3n \/<\/td>\n<\/tr>\n<tr style=\"height: 14.50pt;\">\n<td class=\"et3\" style=\"height: 14.50pt;\" height=\"29\"><strong>Plazo de entrega:<\/strong><\/td>\n<td class=\"et4\" colspan=\"3\">1-3 d\u00edas para existencias, 5-10 d\u00edas para no existencias<\/td>\n<\/tr>\n<tr style=\"height: 14.50pt;\">\n<td class=\"et3\" style=\"height: 14.50pt;\" height=\"29\"><strong>Condiciones de pago:<\/strong><\/td>\n<td class=\"et4\" colspan=\"3\">T\/T, Western Union, Paysend, LC,PAYPAL etc<\/td>\n<\/tr>\n<tr style=\"height: 14.50pt;\">\n<td class=\"et3\" style=\"height: 14.50pt;\" height=\"29\"><strong>Lugar de origen:<\/strong><\/td>\n<td class=\"et4\">China<\/td>\n<td class=\"et3\"><strong>Marca:<\/strong><\/td>\n<td class=\"et4\">HORARIO<\/td>\n<\/tr>\n<tr style=\"height: 14.50pt;\">\n<td class=\"et3\" style=\"height: 14.50pt;\" height=\"29\"><strong>Uso:<\/strong><\/td>\n<td class=\"et4\">Reparaci\u00f3n de bombas<\/td>\n<td class=\"et3\"><strong>Garant\u00eda:<\/strong><\/td>\n<td class=\"et4\">6-12 meses<\/td>\n<\/tr>\n<tr style=\"height: 14.50pt;\">\n<td class=\"et3\" style=\"height: 14.50pt;\" height=\"29\"><strong>Material:<\/strong><\/td>\n<td class=\"et4\">Acero y cobre<\/td>\n<td class=\"et3\"><strong>Paquete:<\/strong><\/td>\n<td class=\"et4\">Estuche de madera\/Caja de cart\u00f3n<\/td>\n<\/tr>\n<tr style=\"height: 14.50pt;\">\n<td class=\"et3\" style=\"height: 14.50pt;\" height=\"29\"><strong>Cantidad m\u00ednima de pedido:<\/strong><\/td>\n<td class=\"et4\">1<\/td>\n<td class=\"et3\"><strong>M\u00e9todos de entrega:<\/strong><\/td>\n<td class=\"et4\">A\u00e9reo\/ Expr\u00e9s\/ Mar\u00edtimo<\/td>\n<\/tr>\n<\/tbody>\n<\/table>\n<p><span style=\"color: #008000;\"><strong>Suministramos varias piezas de repuesto de excavadora puede proporcionar m\u00e1s Specifiions y dimensiones, si usted lo necesita.<\/strong><\/span><\/p>\n<p><img fetchpriority=\"high\" decoding=\"async\" class=\"alignnone wp-image-7527\" src=\"https:\/\/timeway-hydraulics.com\/wp-content\/uploads\/2024\/05\/HPV050-102-105-116-118-135-\u6c34\u5370-178x300.jpg\" alt=\"\" width=\"743\" height=\"1252\" srcset=\"https:\/\/timeway-hydraulics.com\/wp-content\/uploads\/2024\/05\/HPV050-102-105-116-118-135-\u6c34\u5370-178x300.jpg 178w, https:\/\/timeway-hydraulics.com\/wp-content\/uploads\/2024\/05\/HPV050-102-105-116-118-135-\u6c34\u5370.jpg 477w\" sizes=\"(max-width: 743px) 100vw, 743px\" \/><\/p>\n<table width=\"972\">\n<tbody>\n<tr>\n<td colspan=\"4\" width=\"972\"><strong>Nuestra empresa suministra un gran n\u00famero de bombas de pist\u00f3n, motores, reductores y piezas de repuesto relacionadas. Los principales fabricantes son: Rexroth, Hitachi, Komatsu, Kawasaki, Caterpillar, NACHI, Toshiba, Kobelco \/ Kato etc.<\/strong><\/td>\n<\/tr>\n<tr>\n<td style=\"text-align: center;\" colspan=\"4\" width=\"972\"><span style=\"color: #008000;\"><strong>Los modelos espec\u00edficos son:<\/strong><\/span><\/td>\n<\/tr>\n<tr>\n<td width=\"121\">Serie Hitachi:<\/td>\n<td colspan=\"3\" width=\"850\">HPV050; HPV080; bomba principal ZX120-6 (HPK055); HPV091 (EX200-2\/3, EX120-2 bomba simple); HPV102 (EX200-5\/6); HPV116 (EX200-1); HPV118 (ZX200-3, ZX270 bomba principal)etc.<\/td>\n<\/tr>\n<tr>\n<td width=\"121\">Serie de bombas principales para excavadoras Komatsu:<\/td>\n<td colspan=\"3\" width=\"850\">HPV35 (PC60); HPV55 (PC120); HPV90 (PC200-3); HPV90 (PC200-5); PHV95 (PC200-6, PC120-6 excepto el eje de la bomba); HPV132 (PC300-7, PC400-6); HPV160 (PC300\/400-3\/5); HPV135; PC30UU; PC40-8 bomba principal; PC50; PC60, etc.<\/td>\n<\/tr>\n<tr>\n<td width=\"121\">Serie Caterpillar:<\/td>\n<td colspan=\"3\" width=\"850\">VRD63 (CAT120) bomba doble; SBS80 (CAT312C) bomba principal; E200B (nueva) bomba doble; AP-12 bomba doble; AP-14 (CAT325C); CAT320C bomba doble; SPK10\/10 (E200B) bomba doble; SPV10\/10 (MS180) bomba doble; CAT12G; CAT14G\/16G; CAT215; CAT245; CAT330B motor de traslaci\u00f3n; PSV450 (AP-12) de traslaci\u00f3n; CAT992; CAT330C de traslaci\u00f3n; CAT385H.<\/td>\n<\/tr>\n<tr>\n<td width=\"121\">Serie Kayab (KYB, kayaba):<\/td>\n<td colspan=\"3\" width=\"850\">PSVD2-16E (Shanhe inteligente 1,6-2 toneladas); PSVD2-21C (KYB); PSVD2-21E (KYB) 4T\/SVD22 peque\u00f1a bomba principal de excavaci\u00f3n; PSVD2-26E\/27E (KYB); KYB-25CC (Ishikawashima 45, Kubota K040\/K045); Ishikawajima 60; PSVL-54 (KYB Kubota 6 toneladas 155 excavadora).<\/td>\n<\/tr>\n<tr>\n<td width=\"121\">La serie Nachi:<\/td>\n<td colspan=\"3\" width=\"850\">PVD-2B-32L; PVD-2B-34 de desplazamiento; PVD-2B-34L (bomba principal de excavaci\u00f3n peque\u00f1a); PVD-2B-36L\/38\/40; PVD-2B-42; PVD-2B-63; PVD45; 130; PVK-2B-505 (bomba principal ZAX55); YC35-6 Yuchai motor rotativo de excavaci\u00f3n peque\u00f1a; YC35-6 Yuchai motor de traslaci\u00f3n de excavaci\u00f3n peque\u00f1a; PCL-200-18B (Yuchai 55 revoluci\u00f3n); Bobcat 331 excavadora ( Giro); Bobcat 337 (motor de traslaci\u00f3n).<\/td>\n<\/tr>\n<tr>\n<td width=\"121\">Serie Toshiba:<\/td>\n<td colspan=\"3\" width=\"850\">SG02; SG025 (MFB40); SG04 (MFB80); SG08 (MFB160); SG12; SG20 (MFB250); PVB92 (PVC90RC08\/PVC70R) (excavadora Toshiba de 8 toneladas, Yuchai de 8,5 toneladas); PV090; PV092 (PV080 universal) ;PSVS-90.<\/td>\n<\/tr>\n<tr>\n<td width=\"121\">Serie JEIL:<\/td>\n<td colspan=\"3\" width=\"850\">JMV-44\/22; JMV-53\/34 (motor de desplazamiento de excavadora peque\u00f1a de 6-8 toneladas); JMF-64; JMV 147\/95; JMF-151-VBR (22SM1510117); JMF-155.<\/td>\n<\/tr>\n<tr>\n<td width=\"121\">Serie Liebherr:<\/td>\n<td colspan=\"3\" width=\"850\">LPVD45; LPVD64; LPVD75; LPVD90; LPVD100; LPVD100 nuevo (914); LPVD125; LPVD125 nuevo; LPVD140; LPVD250; LPVD260.<\/td>\n<\/tr>\n<tr>\n<td width=\"121\">Serie Kobelco \/ Kato:<\/td>\n<td colspan=\"3\" width=\"850\">Bomba principal SK250-8; Motor de traslaci\u00f3n SK200-1\/3; Motor de traslaci\u00f3n SK220-3 (motor de traslaci\u00f3n MA340); Motor de traslaci\u00f3n SK200-6; Motor de traslaci\u00f3n SK200-6 nuevo; Motor de traslaci\u00f3n SK320; Motor de traslaci\u00f3n M3V150 (SK220-2); Motor de traslaci\u00f3n SK430; Motor de excavadora Kato 400; HD450V-2 (Kato); HD3000; DH55 (motor de giro de excavadora Daewoo 55); motor de giro T3X128\/Daewoo 300-7; motor de giro Daewoo 225-7; motor de giro Daewoo DH370; motor de giro Hyundai 60-7; moderno motor de giro 480.<\/td>\n<\/tr>\n<tr>\n<td width=\"121\">Serie Kawasaki:<\/td>\n<td colspan=\"3\" width=\"850\">K3SP36C (SDV36) Bomba principal de excavadora mediana de 8 toneladas; K3V63DT (K3V63BDT); K3V112DT; K3V140DT; K3V180DT; K3V280; K3VG280; K3VG180; K3VL45; K5V80; K5V140 (Doosan 300-7); K5V160 (bomba principal moderna 300-6) ; M2X63; M2X96 (EX200-2); M2X120; M2X146 (EX200-5); M2X150\/170 (EX400); M2X210 (EX270\/280\/300); M5X130<\/td>\n<\/tr>\n<tr>\n<td width=\"121\">Serie Nabtesco:<\/td>\n<td colspan=\"3\" width=\"850\">GM05VL; GM05VA; GM06VL (60 Daewoo caminando); GM07VA (Daewoo DH55, Komatsu 60-7 caminando); GM08 (Komatsu 60-3 \/ 5 caminando); GM09 (MSPG06-025 \/ PC60-7 motor de desplazamiento); GM10; GM17 (PC120-3 \/ 5 caminando); GM18; GM23; GM30H; GM35VA; GM35VL (motores de desplazamiento); GM38VB (SK200-8, Kato motor de desplazamiento 1023-3); DNB08.<\/td>\n<\/tr>\n<tr>\n<td width=\"121\">Serie Rexroth:<\/td>\n<td colspan=\"3\" width=\"850\">A4V40; A4V56; A4V71; A4V125; A4V250; A4VFO28; A4VSO40; A4VSO71; A4VSO125; A4VSO180; A4VSO250; A4VSO355; A4VSO500; A4VF500 \/ A4F500; A4VG28 (A4F028); A4VG50;; A4VG40; A4VG45 A4VG56; A4VG71; A4VTG71; A4VG90 (A4VT90HW \/ 32R); A4VHW90; A4VTG90 bomba de carga (Laid thick); A4VG125; A4VG125 bomba de carga; A4VG125 bomba de carga (tipo de uso general); A4VG125 bomba de carga (A10VO28 tipo cadena); A4VG12 bomba de carga (grande).<\/td>\n<\/tr>\n<tr>\n<td width=\"121\">Serie de bombas de eje acodado Rexroth:<\/td>\n<td colspan=\"3\" width=\"850\">A2F5;A2F12;A2F23;A2VK28;2VK28;A2F28;A2F55;A2F80;A2F107;A2F160;A2F200;<br \/>\nA2V225;A2F250;A2V500;A2V915;A2F355;A2F500;A2F1000;<br \/>\nA2FO10;A2FO12;A2FO16;A2FO23;A2FO28;A2FO32;A2FO45; A2FO56; A2FO63; A2FO80; A2FO90 \/ A2FE90; A2FO107; A2FO125 (A2FM125); A2FO200;; A2FO160; A2FO180 A2FO250;<br \/>\nA2FO500; A6V28; A7V55 \/ A8V55; A7V58; A7V80 \/ A8V80; A7V107 \/ A8V107; A7V160 \/ A8V160;A7V200; A7V225 ; A7V250; A7V355; A7V500; A6VM \/ A7V1000; A6VM \/ A7VO12; A7VO28; A7VO55; A7VO80; A7VO107; A7VO160; A6VM160; A6VE160; A6VM200; A6VM500; A7VO172; A7VO200; A7VO250; A7VO355; A7VO500.<\/td>\n<\/tr>\n<tr>\n<td width=\"121\">Serie Sauer:<\/td>\n<td colspan=\"3\" width=\"850\">PV20; PV21 (PVD21); PV22; PVD22 bomba doble; PV23 (PVD23); PV24; SPV6 \/ 119; PV25; PV26; PV112; OPV27; MF16A; MFO35; MF500; MPVO46 \/ M46; MPR63; MPV45.<\/td>\n<\/tr>\n<tr>\n<td width=\"121\">Serie Eaton:<\/td>\n<td colspan=\"3\" width=\"850\">3321\/3331 (Eaton 006); Eaton 3322 (EATON3322); 4621\/4621-007; 5421\/5431 (Eaton 23); Case 1460 (CASE1460); Case CS05A; Eaton 3932-243; Eaton 6423; 7621 (Eaton 24-7620); Apisonadora (Eaton 78462).<\/td>\n<\/tr>\n<tr>\n<td width=\"121\">Serie Vickers:<\/td>\n<td colspan=\"3\" width=\"850\">PVE19;TA19;PVE21;PVH45;PVH57;PVH74;PVH81;PVH98;PVH106(HPN-1398);<br \/>\nPVH131;PVH141;PVB5;PVB6;PVB10;PVB15(PVQ32 algunos comunes);PVB20;PVB29;PVBQA29-SR;PVQ40 \/50; PVB110; TB35; B45.<\/td>\n<\/tr>\n<tr>\n<td width=\"121\">Serie LINDE:<\/td>\n<td colspan=\"3\" width=\"850\">HPR55\/75\/105\/135\/165\/210\/280 ;MPV45-01 MPV63-01; HMR75\/105\/135\/165;MPF55-01; MPR28\/45\/63\/71; HPR75\/90\/100\/130\/160;BPV35\/50\/70\/100\/200;B2PV35\/50\/75\/105\/140;<br \/>\nBMF35\/55\/75\/105\/140;BMV35\/55\/75\/105\/135;<br \/>\nBPR55\/75\/105\/140\/186\/260;HPV55T\/75\/105\/135\/165\/210; HMF28\/35\/50\/55\/75\/105\/135\/165\/210;<br \/>\nHPV130-01.<\/td>\n<\/tr>\n<tr>\n<td width=\"121\">Serie Parker:<\/td>\n<td colspan=\"3\" width=\"850\">PVP16\/23\/33\/41\/48\/60\/76\/100\/140;PVM16\/23\/28;PV016\/020\/023\/028\/032\/040\/046\/063;F11-005\/006\/012\/014\/019\/10\/28\/39\/80\/110\/150\/250;F12-030\/040\/060\/080\/110\/125\/150\/250;V12-060\/080 V14-110\/160;P2\/P3-060\/075\/105\/145;PAVC 33\/38\/65\/100<\/td>\n<\/tr>\n<\/tbody>\n<\/table>","protected":false},"excerpt":{"rendered":"<p>Serie HITACHI<\/p>","protected":false},"featured_media":6045,"comment_status":"open","ping_status":"closed","template":"","meta":{"site-sidebar-layout":"default","site-content-layout":"default","ast-global-header-display":"","ast-main-header-display":"","ast-hfb-above-header-display":"","ast-hfb-below-header-display":"","ast-hfb-mobile-header-display":"","site-post-title":"","ast-breadcrumbs-content":"","ast-featured-img":"","footer-sml-layout":"","theme-transparent-header-meta":"default","adv-header-id-meta":"","stick-header-meta":"","header-above-stick-meta":"","header-main-stick-meta":"","header-below-stick-meta":""},"product_cat":[74],"product_tag":[],"class_list":{"0":"post-6000","1":"product","2":"type-product","3":"status-publish","4":"has-post-thumbnail","6":"product_cat-piston-pumpmotor-parts","7":"desktop-align-left","8":"tablet-align-left","9":"mobile-align-left","11":"first","12":"instock","13":"shipping-taxable","14":"product-type-simple"},"_links":{"self":[{"href":"https:\/\/timeway-hydraulics.com\/es\/wp-json\/wp\/v2\/product\/6000","targetHints":{"allow":["GET"]}}],"collection":[{"href":"https:\/\/timeway-hydraulics.com\/es\/wp-json\/wp\/v2\/product"}],"about":[{"href":"https:\/\/timeway-hydraulics.com\/es\/wp-json\/wp\/v2\/types\/product"}],"replies":[{"embeddable":true,"href":"https:\/\/timeway-hydraulics.com\/es\/wp-json\/wp\/v2\/comments?post=6000"}],"wp:featuredmedia":[{"embeddable":true,"href":"https:\/\/timeway-hydraulics.com\/es\/wp-json\/wp\/v2\/media\/6045"}],"wp:attachment":[{"href":"https:\/\/timeway-hydraulics.com\/es\/wp-json\/wp\/v2\/media?parent=6000"}],"wp:term":[{"taxonomy":"product_cat","embeddable":true,"href":"https:\/\/timeway-hydraulics.com\/es\/wp-json\/wp\/v2\/product_cat?post=6000"},{"taxonomy":"product_tag","embeddable":true,"href":"https:\/\/timeway-hydraulics.com\/es\/wp-json\/wp\/v2\/product_tag?post=6000"}],"curies":[{"name":"wp","href":"https:\/\/api.w.org\/{rel}","templated":true}]}}