{"id":1722,"date":"2024-03-09T16:59:48","date_gmt":"2024-03-09T08:59:48","guid":{"rendered":"https:\/\/timeway-hydraulics.com\/?post_type=product&#038;p=1722"},"modified":"2024-04-13T14:27:45","modified_gmt":"2024-04-13T06:27:45","slug":"pv16","status":"publish","type":"product","link":"https:\/\/timeway-hydraulics.com\/es\/product\/pv16\/","title":{"rendered":"PV16"},"content":{"rendered":"<div class=\"detail-richtext1 richtext\">\n<h2>Detalle de las piezas de la bomba hidr\u00e1ulica Rexroth<\/h2>\n<ul class=\"list-paddingleft-2\">\n<li>Modelo Rexroth serie 1 : A4VSO40 \/ 45 \/ 50 \/ 56 \/ 71 \/ 125 \/ 180 \/ 250 \/ 355 \/ 500 \/ 750 \/ 100<\/li>\n<li>Rexroth Senes 2 Modelo : A4VG28 \/ 40 \/ 56 \/ 71 \/ 90 \/ 125 \/ 180 \/ 250<\/li>\n<li>Rexroth serie 3 modelo : A4V40 \/ 56 \/ 1 \/ 90 \/ 125 \/ 250 A4VO130 A4VD250<\/li>\n<li>Rexroth4 modelo : A4VIG71 \/ 90<\/li>\n<li>Rexroth serie 5 modelo : A10VSO18 \/ 28 \/ 45 \/ 71 \/ 100 \/ 140<\/li>\n<li>Rexroth serie 6 modelo : A10V 10 \/ 28 \/ 45 \/ 60 \/ 63 \/ 85-52 \/ 53<\/li>\n<li>Rexroth serie 7 modelo : A15VS0175 \/ 210<\/li>\n<li>Rexroth serie 8 modelo : A20V0520 \/ 060<\/li>\n<li>Rexroth serie 9 modelo : A11VO40 \/ 60 \/ 75 \/ 95 \/ 130 \/ 145 \/ 160 \/ 190 \/ 200 \/ 210 \/ 260<\/li>\n<li>Rexroth serie 10 modelo : A11V0250Rexroth serie 11 modelo : A11VG12 \/ 19 \/ 5<\/li>\n<li>Rexroth Serie 12 Modelo : A10VG 18 \/ 28 \/ 45 \/ 63<\/li>\n<li>Rexroth serie 14 modelo: A10F16 \/ 28 \/ 45 \/ 71<\/li>\n<li>Bomba de eje inclinado Rexroth15 modelo: A2F<\/li>\n<li>Bomba de eje inclinado Rexroth 15 modelo: A2FE<\/li>\n<li>Rexroth eje inclinado bomba 16 modelo: A10VM18 \/ 35 \/ 63<\/li>\n<li>Bomba de eje inclinado Rexroth modelo 17: A2V12 \/ 28DR A2VK12 \/ 28<\/li>\n<li>Rexroth eje inclinado bomba 18 modelo: A2FO05 \/ 10 \/ 12 \/ 16 \/ 23 \/ 28 \/ 32 \/ 45 \/ 56 \/ 63 \/<\/li>\n<\/ul>\n<p>Rexroth es uno de los fabricantes de bombas de pist\u00f3n m\u00e1s famosos del mundo.<\/p>\n<p>Elephant Fluid Power fabrica una gama completa de recambios de bombas de pist\u00f3n Rexroth para la reparaci\u00f3n de bombas en maquinaria de construcci\u00f3n y aplicaciones industriales.<\/p>\n<p>Todas las piezas de repuesto de las bombas Rexroth pison se fabrican de acuerdo con los planos de piezas originales. Elephant Fluid Power recibe muchas respuestas positivas del mercado de posventa sobre la calidad y el servicio de nuestras piezas.<\/p>\n<\/div>\n<div class=\"detail-richtext2 richtext\">\n<h2>Atributos de las piezas de bombas hidr\u00e1ulicas Rexroth<\/h2>\n<div class=\"table-over\">\n<table cellspacing=\"0\" cellpadding=\"0\">\n<colgroup>\n<col span=\"2\" \/><\/colgroup>\n<tbody>\n<tr class=\"firstRow\">\n<td>Atributo<\/td>\n<td>Especificaciones<\/td>\n<\/tr>\n<tr>\n<td>Material<\/td>\n<td>Hierro fundido\/d\u00factil, acero, bronce y otros<\/td>\n<\/tr>\n<tr>\n<td>Tipos<\/td>\n<td>Piezas de recambio para la bomba hidr\u00e1ulica de pist\u00f3n<\/td>\n<\/tr>\n<tr>\n<td>Funci\u00f3n<\/td>\n<td>Completamente intercambiable con la bomba original<\/td>\n<\/tr>\n<tr>\n<td>Nombre de la pieza<\/td>\n<td>Bloque de cilindro, pist\u00f3n, placa de retenci\u00f3n, gu\u00eda de bolas, placa de v\u00e1lvula, eje de transmisi\u00f3n, plato c\u00edclico, etc.<\/td>\n<\/tr>\n<tr>\n<td>T\u00e9cnica de procesamiento<\/td>\n<td>Corte, torno, centro de mecanizado, tratamiento t\u00e9rmico, rectificado, bru\u00f1ido, rebabado, etc.<\/td>\n<\/tr>\n<tr>\n<td>aplicaci\u00f3n<\/td>\n<td>piezas de repuesto para maquinaria de movimiento de tierras, equipos de construcci\u00f3n, maquinaria agr\u00edcola, maquinaria forestal, maquinaria minera, buques portuarios y otra maquinaria.<\/td>\n<\/tr>\n<tr>\n<td>Marca<\/td>\n<td>Elephant Fluid Power, etiqueta Neutral, o seg\u00fan los requisitos del cliente.<\/td>\n<\/tr>\n<\/tbody>\n<\/table>\n<\/div>\n<\/div>\n<div class=\"detail-richtext3 richtext\">\n<h2>Caracter\u00edsticas de las piezas de bombas hidr\u00e1ulicas Rexroth<\/h2>\n<ul class=\"list-paddingleft-2\">\n<li>Sin fallos<\/li>\n<li>Utilizaci\u00f3n de acero inoxidable, contenido de cobre 99,99%<\/li>\n<li>Compatible con Rexroth<\/li>\n<li>La diferencia de rendimiento entre la bomba reacondicionada y la bomba original es de 1-2%<\/li>\n<li>El costo es de 1 \/ 5 de Rexroth<\/li>\n<\/ul>\n<\/div>","protected":false},"excerpt":{"rendered":"<p>We produce the whole series of original Rexroth pump parts, strictly implement Rexroth&#8217;s manufacturing and testing standards, quality standards and product precision are matched with Rexroth pump parts. Our products are widely used in heavy machinery manufacturing, repair, maintenance, refurbishment, after-sales and other fields, which have been recognized by the market and favored by heavy machinery industry.<\/p>","protected":false},"featured_media":1723,"comment_status":"open","ping_status":"closed","template":"","meta":{"site-sidebar-layout":"default","site-content-layout":"default","ast-global-header-display":"","ast-main-header-display":"","ast-hfb-above-header-display":"","ast-hfb-below-header-display":"","ast-hfb-mobile-header-display":"","site-post-title":"","ast-breadcrumbs-content":"","ast-featured-img":"","footer-sml-layout":"","theme-transparent-header-meta":"default","adv-header-id-meta":"","stick-header-meta":"","header-above-stick-meta":"","header-main-stick-meta":"","header-below-stick-meta":""},"product_cat":[24],"product_tag":[],"class_list":{"0":"post-1722","1":"product","2":"type-product","3":"status-publish","4":"has-post-thumbnail","6":"product_cat-uncategorized","7":"desktop-align-left","8":"tablet-align-left","9":"mobile-align-left","11":"first","12":"instock","13":"shipping-taxable","14":"product-type-simple"},"_links":{"self":[{"href":"https:\/\/timeway-hydraulics.com\/es\/wp-json\/wp\/v2\/product\/1722","targetHints":{"allow":["GET"]}}],"collection":[{"href":"https:\/\/timeway-hydraulics.com\/es\/wp-json\/wp\/v2\/product"}],"about":[{"href":"https:\/\/timeway-hydraulics.com\/es\/wp-json\/wp\/v2\/types\/product"}],"replies":[{"embeddable":true,"href":"https:\/\/timeway-hydraulics.com\/es\/wp-json\/wp\/v2\/comments?post=1722"}],"wp:featuredmedia":[{"embeddable":true,"href":"https:\/\/timeway-hydraulics.com\/es\/wp-json\/wp\/v2\/media\/1723"}],"wp:attachment":[{"href":"https:\/\/timeway-hydraulics.com\/es\/wp-json\/wp\/v2\/media?parent=1722"}],"wp:term":[{"taxonomy":"product_cat","embeddable":true,"href":"https:\/\/timeway-hydraulics.com\/es\/wp-json\/wp\/v2\/product_cat?post=1722"},{"taxonomy":"product_tag","embeddable":true,"href":"https:\/\/timeway-hydraulics.com\/es\/wp-json\/wp\/v2\/product_tag?post=1722"}],"curies":[{"name":"wp","href":"https:\/\/api.w.org\/{rel}","templated":true}]}}