{"id":196,"date":"2023-04-23T14:43:51","date_gmt":"2023-04-23T06:43:51","guid":{"rendered":"http:\/\/timeway-hydraulics.com\/?page_id=196"},"modified":"2024-12-05T13:21:09","modified_gmt":"2024-12-05T05:21:09","slug":"news","status":"publish","type":"page","link":"https:\/\/timeway-hydraulics.com\/es\/news\/","title":{"rendered":"Noticias"},"content":{"rendered":"<div data-elementor-type=\"wp-page\" data-elementor-id=\"196\" class=\"elementor elementor-196\" data-elementor-post-type=\"page\">\n\t\t\t\t\t\t<section class=\"elementor-section elementor-top-section elementor-element elementor-element-44d62fb5 elementor-section-full_width elementor-section-height-min-height elementor-section-items-stretch elementor-section-content-middle elementor-section-height-default\" data-id=\"44d62fb5\" data-element_type=\"section\" data-e-type=\"section\" data-settings=\"{&quot;motion_fx_motion_fx_scrolling&quot;:&quot;yes&quot;,&quot;motion_fx_devices&quot;:[&quot;widescreen&quot;,&quot;desktop&quot;,&quot;laptop&quot;,&quot;tablet_extra&quot;,&quot;tablet&quot;,&quot;mobile&quot;]}\">\n\t\t\t\t\t\t<div class=\"elementor-container elementor-column-gap-no\">\n\t\t\t\t\t<div class=\"elementor-column elementor-col-50 elementor-top-column elementor-element elementor-element-6465b129\" data-id=\"6465b129\" data-element_type=\"column\" data-e-type=\"column\" data-settings=\"{&quot;background_background&quot;:&quot;classic&quot;}\">\n\t\t\t<div class=\"elementor-widget-wrap elementor-element-populated\">\n\t\t\t\t\t\t<div class=\"elementor-element elementor-element-71bf33ad animated-slow elementor-invisible elementor-widget elementor-widget-image\" data-id=\"71bf33ad\" data-element_type=\"widget\" data-e-type=\"widget\" data-settings=\"{&quot;_animation&quot;:&quot;fadeIn&quot;}\" data-widget_type=\"image.default\">\n\t\t\t\t<div class=\"elementor-widget-container\">\n\t\t\t\t\t\t\t\t\t\t\t\t\t\t\t<img fetchpriority=\"high\" decoding=\"async\" width=\"1060\" height=\"757\" src=\"https:\/\/timeway-hydraulics.com\/wp-content\/uploads\/2024\/03\/jhgjhgj.png\" class=\"attachment-full size-full wp-image-1644\" alt=\"\" srcset=\"https:\/\/timeway-hydraulics.com\/wp-content\/uploads\/2024\/03\/jhgjhgj.png 1060w, https:\/\/timeway-hydraulics.com\/wp-content\/uploads\/2024\/03\/jhgjhgj-300x214.png 300w, https:\/\/timeway-hydraulics.com\/wp-content\/uploads\/2024\/03\/jhgjhgj-1024x731.png 1024w, https:\/\/timeway-hydraulics.com\/wp-content\/uploads\/2024\/03\/jhgjhgj-768x548.png 768w, https:\/\/timeway-hydraulics.com\/wp-content\/uploads\/2024\/03\/jhgjhgj-600x428.png 600w\" sizes=\"(max-width: 1060px) 100vw, 1060px\" \/>\t\t\t\t\t\t\t\t\t\t\t\t\t\t\t<\/div>\n\t\t\t\t<\/div>\n\t\t\t\t<div class=\"elementor-element elementor-element-7db57e4 elementor-view-stacked elementor-shape-square elementor-absolute elementor-widget elementor-widget-icon\" data-id=\"7db57e4\" data-element_type=\"widget\" data-e-type=\"widget\" data-settings=\"{&quot;_position&quot;:&quot;absolute&quot;}\" data-widget_type=\"icon.default\">\n\t\t\t\t<div class=\"elementor-widget-container\">\n\t\t\t\t\t\t\t<div class=\"elementor-icon-wrapper\">\n\t\t\t<a class=\"elementor-icon\" href=\"#hero_down\">\n\t\t\t<svg xmlns=\"http:\/\/www.w3.org\/2000\/svg\" id=\"bd360ee6-57fd-4359-b2dc-7fcc99dd8348\" data-name=\"Layer 1\" width=\"34.5083\" height=\"56.5635\" viewbox=\"0 0 34.5083 56.5635\"><polygon points=\"34.01 40.394 17.134 55.427 17.134 0 16.384 0 16.384 54.952 0.519 39.782 0 40.325 16.384 55.99 16.384 56 16.395 56 16.735 56.325 16.986 56.563 34.508 40.954 34.01 40.394\"><\/polygon><\/svg>\t\t\t<\/a>\n\t\t<\/div>\n\t\t\t\t\t\t<\/div>\n\t\t\t\t<\/div>\n\t\t\t\t\t<\/div>\n\t\t<\/div>\n\t\t\t\t<div class=\"elementor-column elementor-col-50 elementor-top-column elementor-element elementor-element-723ba212\" data-id=\"723ba212\" data-element_type=\"column\" data-e-type=\"column\">\n\t\t\t<div class=\"elementor-widget-wrap elementor-element-populated\">\n\t\t\t\t\t\t<section class=\"elementor-section elementor-inner-section elementor-element elementor-element-7257f663 elementor-section-full_width elementor-section-height-default elementor-section-height-default\" data-id=\"7257f663\" data-element_type=\"section\" data-e-type=\"section\">\n\t\t\t\t\t\t<div class=\"elementor-container elementor-column-gap-no\">\n\t\t\t\t\t<div class=\"elementor-column elementor-col-100 elementor-inner-column elementor-element elementor-element-a5a89d5\" data-id=\"a5a89d5\" data-element_type=\"column\" data-e-type=\"column\">\n\t\t\t<div class=\"elementor-widget-wrap elementor-element-populated\">\n\t\t\t\t\t\t<div class=\"elementor-element elementor-element-26790cf9 elementor-widget elementor-widget-heading\" data-id=\"26790cf9\" data-element_type=\"widget\" data-e-type=\"widget\" data-widget_type=\"heading.default\">\n\t\t\t\t<div class=\"elementor-widget-container\">\n\t\t\t\t\t<h1 class=\"elementor-heading-title elementor-size-default\">Bienvenido a <br>\nel mundo de Timeway<\/h1>\t\t\t\t<\/div>\n\t\t\t\t<\/div>\n\t\t\t\t<div class=\"elementor-element elementor-element-4e9085d1 elementor-invisible elementor-widget elementor-widget-heading\" data-id=\"4e9085d1\" data-element_type=\"widget\" data-e-type=\"widget\" data-settings=\"{&quot;_animation&quot;:&quot;fadeInDown&quot;}\" data-widget_type=\"heading.default\">\n\t\t\t\t<div class=\"elementor-widget-container\">\n\t\t\t\t\t<h5 class=\"elementor-heading-title elementor-size-default\">Estamos explorando<br>\nlos mayores tesoros del mundo<\/h5>\t\t\t\t<\/div>\n\t\t\t\t<\/div>\n\t\t\t\t\t<\/div>\n\t\t<\/div>\n\t\t\t\t\t<\/div>\n\t\t<\/section>\n\t\t\t\t\t<\/div>\n\t\t<\/div>\n\t\t\t\t\t<\/div>\n\t\t<\/section>\n\t\t\t\t<section class=\"elementor-section elementor-top-section elementor-element elementor-element-8313d35 elementor-section-full_width elementor-section-height-min-height elementor-section-height-default elementor-section-items-middle\" data-id=\"8313d35\" data-element_type=\"section\" data-e-type=\"section\">\n\t\t\t\t\t\t<div class=\"elementor-container elementor-column-gap-default\">\n\t\t\t\t\t<div class=\"elementor-column elementor-col-100 elementor-top-column elementor-element elementor-element-584f060\" data-id=\"584f060\" data-element_type=\"column\" data-e-type=\"column\">\n\t\t\t<div class=\"elementor-widget-wrap elementor-element-populated\">\n\t\t\t\t\t\t<div class=\"elementor-element elementor-element-60ded75 elementor-grid-1 elementor-grid-tablet-2 elementor-grid-mobile-1 elementor-posts--thumbnail-top elementor-widget elementor-widget-posts\" data-id=\"60ded75\" data-element_type=\"widget\" data-e-type=\"widget\" data-settings=\"{&quot;classic_columns&quot;:&quot;1&quot;,&quot;classic_columns_tablet&quot;:&quot;2&quot;,&quot;classic_columns_mobile&quot;:&quot;1&quot;,&quot;classic_row_gap&quot;:{&quot;unit&quot;:&quot;px&quot;,&quot;size&quot;:35,&quot;sizes&quot;:[]},&quot;classic_row_gap_widescreen&quot;:{&quot;unit&quot;:&quot;px&quot;,&quot;size&quot;:&quot;&quot;,&quot;sizes&quot;:[]},&quot;classic_row_gap_laptop&quot;:{&quot;unit&quot;:&quot;px&quot;,&quot;size&quot;:&quot;&quot;,&quot;sizes&quot;:[]},&quot;classic_row_gap_tablet_extra&quot;:{&quot;unit&quot;:&quot;px&quot;,&quot;size&quot;:&quot;&quot;,&quot;sizes&quot;:[]},&quot;classic_row_gap_tablet&quot;:{&quot;unit&quot;:&quot;px&quot;,&quot;size&quot;:&quot;&quot;,&quot;sizes&quot;:[]},&quot;classic_row_gap_mobile&quot;:{&quot;unit&quot;:&quot;px&quot;,&quot;size&quot;:&quot;&quot;,&quot;sizes&quot;:[]}}\" data-widget_type=\"posts.classic\">\n\t\t\t\t<div class=\"elementor-widget-container\">\n\t\t\t\t\t\t\t<div class=\"elementor-posts-container elementor-posts elementor-posts--skin-classic elementor-grid\">\n\t\t\t\t<article class=\"elementor-post elementor-grid-item post-10648 post type-post status-publish format-standard hentry category-uncategorized\">\n\t\t\t\t<div class=\"elementor-post__text\">\n\t\t\t\t<h3 class=\"elementor-post__title\">\n\t\t\t<a href=\"https:\/\/timeway-hydraulics.com\/es\/pv-series-pump-rotary-group-pv16-pump-parts-for-piston-oil-pump-accessories\/\" >\n\t\t\t\tPV Series Pump Rotary Group PV16 Pump Parts for Piston Oil Pump Accessories\t\t\t<\/a>\n\t\t<\/h3>\n\t\t\t\t<div class=\"elementor-post__meta-data\">\n\t\t\t\t\t<span class=\"elementor-post-date\">\n\t\t\t2025-03-05\t\t<\/span>\n\t\t\t\t<\/div>\n\t\t\t\t<div class=\"elementor-post__excerpt\">\n\t\t\t<p>The PV Series Pump Rotary Group PV16 Pump Parts are components designed for the maintenance, repair, or rebuilding of PV16 piston pumps, which are commonly used in hydraulic systems. These pumps are part of the PV (Positive Variable Displacement) series, widely utilized in industrial, construction, and mobile equipment applications. Key<\/p>\n\t\t<\/div>\n\t\t\n\t\t<a class=\"elementor-post__read-more\" href=\"https:\/\/timeway-hydraulics.com\/es\/pv-series-pump-rotary-group-pv16-pump-parts-for-piston-oil-pump-accessories\/\" aria-label=\"M\u00e1s informaci\u00f3n sobre PV Series Pump Rotary Group PV16 Pump Parts for Piston Oil Pump Accessories\" tabindex=\"-1\" >\n\t\t\tLeer M\u00e1s \"\t\t<\/a>\n\n\t\t\t\t<\/div>\n\t\t\t\t<\/article>\n\t\t\t\t<article class=\"elementor-post elementor-grid-item post-10610 post type-post status-publish format-standard hentry category-uncategorized\">\n\t\t\t\t<div class=\"elementor-post__text\">\n\t\t\t\t<h3 class=\"elementor-post__title\">\n\t\t\t<a href=\"https:\/\/timeway-hydraulics.com\/es\/hydraulic-pump-parts-repair-kit-for-repair-cat-sbs80-piston-pump\/\" >\n\t\t\t\tKit de reparaci\u00f3n de piezas de bombas hidr\u00e1ulicas para reparar la bomba de pist\u00f3n CAT SBS80\t\t\t<\/a>\n\t\t<\/h3>\n\t\t\t\t<div class=\"elementor-post__meta-data\">\n\t\t\t\t\t<span class=\"elementor-post-date\">\n\t\t\t2025-02-27\t\t<\/span>\n\t\t\t\t<\/div>\n\t\t\t\t<div class=\"elementor-post__excerpt\">\n\t\t\t<p>The Hydraulic Pump Parts Repair Kit for CAT SBS80 Piston Pump is a specialized kit designed to repair or maintain the SBS80 piston pump used in hydraulic systems, particularly in Caterpillar (CAT) equipment. The SBS80 is a model of hydraulic piston pump commonly found in heavy machinery, construction equipment, or<\/p>\n\t\t<\/div>\n\t\t\n\t\t<a class=\"elementor-post__read-more\" href=\"https:\/\/timeway-hydraulics.com\/es\/hydraulic-pump-parts-repair-kit-for-repair-cat-sbs80-piston-pump\/\" aria-label=\"M\u00e1s informaci\u00f3n sobre Hydraulic Pump Parts Repair Kit for Repair CAT SBS80 Piston Pump\" tabindex=\"-1\" >\n\t\t\tLeer M\u00e1s \"\t\t<\/a>\n\n\t\t\t\t<\/div>\n\t\t\t\t<\/article>\n\t\t\t\t<article class=\"elementor-post elementor-grid-item post-10569 post type-post status-publish format-standard hentry category-uncategorized\">\n\t\t\t\t<div class=\"elementor-post__text\">\n\t\t\t\t<h3 class=\"elementor-post__title\">\n\t\t\t<a href=\"https:\/\/timeway-hydraulics.com\/es\/cat416e-hydraulic-pump-parts-repair-kits-for-cat-350-0666-02-piston-pump-s-n-34102848\/\" >\n\t\t\t\tCAT416E Bomba Hidr\u00e1ulica Kits de Reparaci\u00f3n para CAT 350-0666 02 Bomba de Pist\u00f3n S\/N 34102848\t\t\t<\/a>\n\t\t<\/h3>\n\t\t\t\t<div class=\"elementor-post__meta-data\">\n\t\t\t\t\t<span class=\"elementor-post-date\">\n\t\t\t2025-02-21\t\t<\/span>\n\t\t\t\t<\/div>\n\t\t\t\t<div class=\"elementor-post__excerpt\">\n\t\t\t<p>The spare parts of CAT416\u00a0hydraulic pump usually include the following main parts: Repair Kit\uff1aIncludes seals, O-rings, gaskets, and other wear components.Example part numbers: 350-0666 Repair Kit (specific to this pump model) 1W-0754 (example, verify compatibility) Piston Shoes\uff1aThese are critical components that wear out over time and need replacement during repairs.<\/p>\n\t\t<\/div>\n\t\t\n\t\t<a class=\"elementor-post__read-more\" href=\"https:\/\/timeway-hydraulics.com\/es\/cat416e-hydraulic-pump-parts-repair-kits-for-cat-350-0666-02-piston-pump-s-n-34102848\/\" aria-label=\"M\u00e1s informaci\u00f3n sobre CAT416E Hydraulic Pump Parts Repair Kits for CAT 350-0666 02 Piston Pump S\/N 34102848\" tabindex=\"-1\" >\n\t\t\tLeer M\u00e1s \"\t\t<\/a>\n\n\t\t\t\t<\/div>\n\t\t\t\t<\/article>\n\t\t\t\t<article class=\"elementor-post elementor-grid-item post-10497 post type-post status-publish format-standard hentry category-uncategorized\">\n\t\t\t\t<div class=\"elementor-post__text\">\n\t\t\t\t<h3 class=\"elementor-post__title\">\n\t\t\t<a href=\"https:\/\/timeway-hydraulics.com\/es\/hydraulic-pump-parts-cat12g-piston-pump-repair-kits-for-caterpillar-12g-motor-grader-main-pump-rebuild\/\" >\n\t\t\t\tBomba Hidr\u00e1ulica Piezas CAT12G Bomba de Pist\u00f3n Kits de Reparaci\u00f3n para Caterpillar 12G Motoniveladora Bomba Principal Reconstrucci\u00f3n\t\t\t<\/a>\n\t\t<\/h3>\n\t\t\t\t<div class=\"elementor-post__meta-data\">\n\t\t\t\t\t<span class=\"elementor-post-date\">\n\t\t\t2025-02-20\t\t<\/span>\n\t\t\t\t<\/div>\n\t\t\t\t<div class=\"elementor-post__excerpt\">\n\t\t\t<p>Identify the Pump Model The CAT 12G Motor Grader typically uses a specific piston pump model. Check the pump\u2019s identification plate or consult the equipment manual to confirm the exact pump model and serial number. Repair Kit Components Hydraulic pump repair kits for piston pumps usually include: Seals (O-rings, gaskets,<\/p>\n\t\t<\/div>\n\t\t\n\t\t<a class=\"elementor-post__read-more\" href=\"https:\/\/timeway-hydraulics.com\/es\/hydraulic-pump-parts-cat12g-piston-pump-repair-kits-for-caterpillar-12g-motor-grader-main-pump-rebuild\/\" aria-label=\"M\u00e1s informaci\u00f3n sobre Hydraulic Pump Parts CAT12G Piston Pump Repair Kits for Caterpillar 12G Motor Grader Main Pump Rebuild\" tabindex=\"-1\" >\n\t\t\tLeer M\u00e1s \"\t\t<\/a>\n\n\t\t\t\t<\/div>\n\t\t\t\t<\/article>\n\t\t\t\t<article class=\"elementor-post elementor-grid-item post-10495 post type-post status-publish format-standard hentry category-uncategorized\">\n\t\t\t\t<div class=\"elementor-post__text\">\n\t\t\t\t<h3 class=\"elementor-post__title\">\n\t\t\t<a href=\"https:\/\/timeway-hydraulics.com\/es\/hydraulic-rotary-motor-parts-for-repair-m4pv50-45-m4pv50-50-hydraulic-motor\/\" >\n\t\t\t\tPiezas de motor hidr\u00e1ulico rotativo para reparaci\u00f3n Motor hidr\u00e1ulico M4PV50-45 M4PV50-50\t\t\t<\/a>\n\t\t<\/h3>\n\t\t\t\t<div class=\"elementor-post__meta-data\">\n\t\t\t\t\t<span class=\"elementor-post-date\">\n\t\t\t2025-02-18\t\t<\/span>\n\t\t\t\t<\/div>\n\t\t\t\t<div class=\"elementor-post__excerpt\">\n\t\t\t<p>The M4PV50-45 and M4PV50-50 are models of hydraulic rotary motors, commonly used in various industrial and mobile applications. These motors are part of the M4PV series, which are known for their durability and efficiency. When it comes to repairing these motors, it\u2019s essential to identify the specific parts that need<\/p>\n\t\t<\/div>\n\t\t\n\t\t<a class=\"elementor-post__read-more\" href=\"https:\/\/timeway-hydraulics.com\/es\/hydraulic-rotary-motor-parts-for-repair-m4pv50-45-m4pv50-50-hydraulic-motor\/\" aria-label=\"M\u00e1s informaci\u00f3n sobre Hydraulic Rotary Motor Parts for Repair M4PV50-45 M4PV50-50 Hydraulic Motor\" tabindex=\"-1\" >\n\t\t\tLeer M\u00e1s \"\t\t<\/a>\n\n\t\t\t\t<\/div>\n\t\t\t\t<\/article>\n\t\t\t\t<article class=\"elementor-post elementor-grid-item post-10233 post type-post status-publish format-standard hentry category-uncategorized\">\n\t\t\t\t<div class=\"elementor-post__text\">\n\t\t\t\t<h3 class=\"elementor-post__title\">\n\t\t\t<a href=\"https:\/\/timeway-hydraulics.com\/es\/spare-parts-for-linde-bpv70-hydraulic-pump\/\" >\n\t\t\t\tPiezas de repuesto para la bomba hidr\u00e1ulica Linde BPV70\t\t\t<\/a>\n\t\t<\/h3>\n\t\t\t\t<div class=\"elementor-post__meta-data\">\n\t\t\t\t\t<span class=\"elementor-post-date\">\n\t\t\t2025-02-13\t\t<\/span>\n\t\t\t\t<\/div>\n\t\t\t\t<div class=\"elementor-post__excerpt\">\n\t\t\t<p>The spare parts of Linde BPV70 hydraulic pump usually include the following main parts: 1. Piston and cylinder block: -The piston is a key component in hydraulic pumps, responsible for reciprocating motion within the cylinder to generate hydraulic pressure. -The cylinder block is the chamber in which the plunger moves,<\/p>\n\t\t<\/div>\n\t\t\n\t\t<a class=\"elementor-post__read-more\" href=\"https:\/\/timeway-hydraulics.com\/es\/spare-parts-for-linde-bpv70-hydraulic-pump\/\" aria-label=\"M\u00e1s informaci\u00f3n sobre Spare parts for Linde BPV70 hydraulic pump\" tabindex=\"-1\" >\n\t\t\tLeer M\u00e1s \"\t\t<\/a>\n\n\t\t\t\t<\/div>\n\t\t\t\t<\/article>\n\t\t\t\t<\/div>\n\t\t\n\t\t\t\t\t\t<\/div>\n\t\t\t\t<\/div>\n\t\t\t\t\t<\/div>\n\t\t<\/div>\n\t\t\t\t\t<\/div>\n\t\t<\/section>\n\t\t\t\t<section class=\"elementor-section elementor-top-section elementor-element elementor-element-60a00529 elementor-section-full_width elementor-section-height-default elementor-section-height-default\" data-id=\"60a00529\" data-element_type=\"section\" data-e-type=\"section\" id=\"hero_down\" data-settings=\"{&quot;motion_fx_motion_fx_scrolling&quot;:&quot;yes&quot;,&quot;motion_fx_devices&quot;:[&quot;widescreen&quot;,&quot;desktop&quot;,&quot;laptop&quot;,&quot;tablet_extra&quot;,&quot;tablet&quot;,&quot;mobile&quot;]}\">\n\t\t\t\t\t\t<div class=\"elementor-container elementor-column-gap-no\">\n\t\t\t\t\t<div class=\"elementor-column elementor-col-50 elementor-top-column elementor-element elementor-element-53cfea64\" data-id=\"53cfea64\" data-element_type=\"column\" data-e-type=\"column\">\n\t\t\t<div class=\"elementor-widget-wrap elementor-element-populated\">\n\t\t\t\t\t\t<section class=\"elementor-section elementor-inner-section elementor-element elementor-element-6370a031 elementor-section-full_width elementor-section-height-default elementor-section-height-default\" data-id=\"6370a031\" data-element_type=\"section\" data-e-type=\"section\">\n\t\t\t\t\t\t<div class=\"elementor-container elementor-column-gap-no\">\n\t\t\t\t\t<div class=\"elementor-column elementor-col-50 elementor-inner-column elementor-element elementor-element-35c356\" data-id=\"35c356\" data-element_type=\"column\" data-e-type=\"column\">\n\t\t\t<div class=\"elementor-widget-wrap elementor-element-populated\">\n\t\t\t\t\t\t<div class=\"elementor-element elementor-element-58e6d434 animated-slow elementor-invisible elementor-widget elementor-widget-image\" data-id=\"58e6d434\" data-element_type=\"widget\" data-e-type=\"widget\" data-settings=\"{&quot;_animation&quot;:&quot;fadeInUp&quot;}\" data-widget_type=\"image.default\">\n\t\t\t\t<div class=\"elementor-widget-container\">\n\t\t\t\t\t\t\t\t\t\t\t\t\t\t\t<img decoding=\"async\" width=\"1480\" height=\"740\" src=\"https:\/\/timeway-hydraulics.com\/wp-content\/uploads\/2024\/03\/ygjh.png\" class=\"attachment-full size-full wp-image-1646\" alt=\"\" srcset=\"https:\/\/timeway-hydraulics.com\/wp-content\/uploads\/2024\/03\/ygjh.png 1480w, https:\/\/timeway-hydraulics.com\/wp-content\/uploads\/2024\/03\/ygjh-300x150.png 300w, https:\/\/timeway-hydraulics.com\/wp-content\/uploads\/2024\/03\/ygjh-1024x512.png 1024w, https:\/\/timeway-hydraulics.com\/wp-content\/uploads\/2024\/03\/ygjh-768x384.png 768w, https:\/\/timeway-hydraulics.com\/wp-content\/uploads\/2024\/03\/ygjh-600x300.png 600w\" sizes=\"(max-width: 1480px) 100vw, 1480px\" \/>\t\t\t\t\t\t\t\t\t\t\t\t\t\t\t<\/div>\n\t\t\t\t<\/div>\n\t\t\t\t\t<\/div>\n\t\t<\/div>\n\t\t\t\t<div class=\"elementor-column elementor-col-50 elementor-inner-column elementor-element elementor-element-23a0b30c\" data-id=\"23a0b30c\" data-element_type=\"column\" data-e-type=\"column\">\n\t\t\t<div class=\"elementor-widget-wrap elementor-element-populated\">\n\t\t\t\t\t\t<div class=\"elementor-element elementor-element-f247aaf elementor-widget elementor-widget-heading\" data-id=\"f247aaf\" data-element_type=\"widget\" data-e-type=\"widget\" data-widget_type=\"heading.default\">\n\t\t\t\t<div class=\"elementor-widget-container\">\n\t\t\t\t\t<h2 class=\"elementor-heading-title elementor-size-default\">Escuche nuestra historia y<br>m\u00e1s informaci\u00f3n sobre Timeway<\/h2>\t\t\t\t<\/div>\n\t\t\t\t<\/div>\n\t\t\t\t<div class=\"elementor-element elementor-element-3788442 elementor-widget__width-initial elementor-absolute elementor-widget elementor-widget-spacer\" data-id=\"3788442\" data-element_type=\"widget\" data-e-type=\"widget\" data-settings=\"{&quot;_position&quot;:&quot;absolute&quot;}\" data-widget_type=\"spacer.default\">\n\t\t\t\t<div class=\"elementor-widget-container\">\n\t\t\t\t\t\t\t<div class=\"elementor-spacer\">\n\t\t\t<div class=\"elementor-spacer-inner\"><\/div>\n\t\t<\/div>\n\t\t\t\t\t\t<\/div>\n\t\t\t\t<\/div>\n\t\t\t\t<div class=\"elementor-element elementor-element-333e3a13 elementor-widget__width-auto elementor-widget elementor-widget-image\" data-id=\"333e3a13\" data-element_type=\"widget\" data-e-type=\"widget\" data-widget_type=\"image.default\">\n\t\t\t\t<div class=\"elementor-widget-container\">\n\t\t\t\t\t\t\t\t\t\t\t\t\t\t\t<img decoding=\"async\" width=\"1480\" height=\"740\" src=\"https:\/\/timeway-hydraulics.com\/wp-content\/uploads\/2024\/03\/gjhg.png\" class=\"attachment-full size-full wp-image-1647\" alt=\"\" srcset=\"https:\/\/timeway-hydraulics.com\/wp-content\/uploads\/2024\/03\/gjhg.png 1480w, https:\/\/timeway-hydraulics.com\/wp-content\/uploads\/2024\/03\/gjhg-300x150.png 300w, https:\/\/timeway-hydraulics.com\/wp-content\/uploads\/2024\/03\/gjhg-1024x512.png 1024w, https:\/\/timeway-hydraulics.com\/wp-content\/uploads\/2024\/03\/gjhg-768x384.png 768w, https:\/\/timeway-hydraulics.com\/wp-content\/uploads\/2024\/03\/gjhg-600x300.png 600w\" sizes=\"(max-width: 1480px) 100vw, 1480px\" \/>\t\t\t\t\t\t\t\t\t\t\t\t\t\t\t<\/div>\n\t\t\t\t<\/div>\n\t\t\t\t\t<\/div>\n\t\t<\/div>\n\t\t\t\t\t<\/div>\n\t\t<\/section>\n\t\t\t\t\t<\/div>\n\t\t<\/div>\n\t\t\t\t<div class=\"elementor-column elementor-col-50 elementor-top-column elementor-element elementor-element-47057194\" data-id=\"47057194\" data-element_type=\"column\" data-e-type=\"column\">\n\t\t\t<div class=\"elementor-widget-wrap elementor-element-populated\">\n\t\t\t\t\t\t<div class=\"elementor-element elementor-element-d6b8063 animated-slow elementor-invisible elementor-widget elementor-widget-spacer\" data-id=\"d6b8063\" data-element_type=\"widget\" data-e-type=\"widget\" data-settings=\"{&quot;_animation&quot;:&quot;fadeInDown&quot;}\" data-widget_type=\"spacer.default\">\n\t\t\t\t<div class=\"elementor-widget-container\">\n\t\t\t\t\t\t\t<div class=\"elementor-spacer\">\n\t\t\t<div class=\"elementor-spacer-inner\"><\/div>\n\t\t<\/div>\n\t\t\t\t\t\t<\/div>\n\t\t\t\t<\/div>\n\t\t\t\t<div class=\"elementor-element elementor-element-5be644 elementor-widget elementor-widget-text-editor\" data-id=\"5be644\" data-element_type=\"widget\" data-e-type=\"widget\" data-widget_type=\"text-editor.default\">\n\t\t\t\t<div class=\"elementor-widget-container\">\n\t\t\t\t\t\t\t\t\t<p>Timeway es un fabricante l\u00edder de bombas de pist\u00f3n, reconocido por su calidad inigualable y su ingenier\u00eda de precisi\u00f3n. Nuestros grupos rotativos utilizan mano de obra de primera clase, presentando componentes con acabados impecables y una dureza excepcional. Esta dedicaci\u00f3n a la calidad est\u00e1 encabezada por el pionero de la ingenier\u00eda hidr\u00e1ulica, el Sr. Han. Bajo su liderazgo, Timeway ha desarrollado una amplia gama de componentes para bombas, que incluye accesorios totalmente de lat\u00f3n, semilat\u00f3n y acero de alta resistencia.<\/p>\t\t\t\t\t\t\t\t<\/div>\n\t\t\t\t<\/div>\n\t\t\t\t<div class=\"elementor-element elementor-element-6e4ee37 elementor-align-left elementor-widget elementor-widget-button\" data-id=\"6e4ee37\" data-element_type=\"widget\" data-e-type=\"widget\" data-widget_type=\"button.default\">\n\t\t\t\t<div class=\"elementor-widget-container\">\n\t\t\t\t\t\t\t\t\t<div class=\"elementor-button-wrapper\">\n\t\t\t\t\t<a class=\"elementor-button elementor-button-link elementor-size-sm\" href=\"https:\/\/timeway-hydraulics.com\/es\/contact-us\/\">\n\t\t\t\t\t\t<span class=\"elementor-button-content-wrapper\">\n\t\t\t\t\t\t<span class=\"elementor-button-icon\">\n\t\t\t\t<i aria-hidden=\"true\" class=\"fas fa-arrow-right\"><\/i>\t\t\t<\/span>\n\t\t\t\t\t\t\t\t\t<span class=\"elementor-button-text\">ver m\u00e1s<\/span>\n\t\t\t\t\t<\/span>\n\t\t\t\t\t<\/a>\n\t\t\t\t<\/div>\n\t\t\t\t\t\t\t\t<\/div>\n\t\t\t\t<\/div>\n\t\t\t\t\t<\/div>\n\t\t<\/div>\n\t\t\t\t\t<\/div>\n\t\t<\/section>\n\t\t\t\t<\/div>","protected":false},"excerpt":{"rendered":"<p>Welcome to the world of Timeway We are exploring the world&#8217;s greatest treasures Listen To Our story andlearn more about Timeway Timeway is a leading manufacturer of piston pumps, renowned for their unmatched quality and precision engineering. Our rotating groups utilize world-class craftsmanship, featuring components with flawless finishes and exceptional hardness. This dedication to quality &hellip;<\/p>\n<p class=\"read-more\"> <a class=\"\" href=\"https:\/\/timeway-hydraulics.com\/es\/spare-parts-for-linde-bpv70-hydraulic-pump\/\"> <span class=\"screen-reader-text\">Piezas de repuesto para la bomba hidr\u00e1ulica Linde BPV70<\/span> Leer m\u00e1s \"<\/a><\/p>","protected":false},"author":1,"featured_media":0,"parent":0,"menu_order":0,"comment_status":"closed","ping_status":"closed","template":"","meta":{"site-sidebar-layout":"no-sidebar","site-content-layout":"page-builder","ast-global-header-display":"","ast-main-header-display":"","ast-hfb-above-header-display":"","ast-hfb-below-header-display":"","ast-hfb-mobile-header-display":"","site-post-title":"disabled","ast-breadcrumbs-content":"","ast-featured-img":"disabled","footer-sml-layout":"","theme-transparent-header-meta":"","adv-header-id-meta":"","stick-header-meta":"","header-above-stick-meta":"","header-main-stick-meta":"","header-below-stick-meta":"","footnotes":""},"class_list":["post-196","page","type-page","status-publish","hentry"],"_links":{"self":[{"href":"https:\/\/timeway-hydraulics.com\/es\/wp-json\/wp\/v2\/pages\/196","targetHints":{"allow":["GET"]}}],"collection":[{"href":"https:\/\/timeway-hydraulics.com\/es\/wp-json\/wp\/v2\/pages"}],"about":[{"href":"https:\/\/timeway-hydraulics.com\/es\/wp-json\/wp\/v2\/types\/page"}],"author":[{"embeddable":true,"href":"https:\/\/timeway-hydraulics.com\/es\/wp-json\/wp\/v2\/users\/1"}],"replies":[{"embeddable":true,"href":"https:\/\/timeway-hydraulics.com\/es\/wp-json\/wp\/v2\/comments?post=196"}],"version-history":[{"count":68,"href":"https:\/\/timeway-hydraulics.com\/es\/wp-json\/wp\/v2\/pages\/196\/revisions"}],"predecessor-version":[{"id":10223,"href":"https:\/\/timeway-hydraulics.com\/es\/wp-json\/wp\/v2\/pages\/196\/revisions\/10223"}],"wp:attachment":[{"href":"https:\/\/timeway-hydraulics.com\/es\/wp-json\/wp\/v2\/media?parent=196"}],"curies":[{"name":"wp","href":"https:\/\/api.w.org\/{rel}","templated":true}]}}