{"id":157,"date":"2023-04-21T17:03:12","date_gmt":"2023-04-21T09:03:12","guid":{"rendered":"http:\/\/timeway-hydraulics.com\/?page_id=157"},"modified":"2024-06-07T20:34:46","modified_gmt":"2024-06-07T12:34:46","slug":"about","status":"publish","type":"page","link":"https:\/\/timeway-hydraulics.com\/es\/about\/","title":{"rendered":"Acerca de"},"content":{"rendered":"<div data-elementor-type=\"wp-page\" data-elementor-id=\"157\" class=\"elementor elementor-157\" data-elementor-post-type=\"page\">\n\t\t\t\t\t\t<section class=\"elementor-section elementor-top-section elementor-element elementor-element-1fc8c17 elementor-section-height-min-height elementor-section-boxed elementor-section-height-default elementor-section-items-middle\" data-id=\"1fc8c17\" data-element_type=\"section\" data-e-type=\"section\" data-settings=\"{&quot;background_background&quot;:&quot;video&quot;,&quot;background_video_link&quot;:&quot;http:\\\/\\\/timeway-hydraulics.com\\\/wp-content\\\/uploads\\\/2023\\\/05\\\/5\\u670819\\u65e5-1.mp4&quot;,&quot;background_play_on_mobile&quot;:&quot;yes&quot;}\">\n\t\t\t\t\t\t\t\t<div class=\"elementor-background-video-container\">\n\t\t\t\t\t\t\t\t\t\t\t\t\t<video class=\"elementor-background-video-hosted\" role=\"presentation\" autoplay muted playsinline loop><\/video>\n\t\t\t\t\t\t\t\t\t\t\t<\/div>\n\t\t\t\t\t\t\t\t<div class=\"elementor-container elementor-column-gap-default\">\n\t\t\t\t\t<div class=\"elementor-column elementor-col-100 elementor-top-column elementor-element elementor-element-34668c8\" data-id=\"34668c8\" data-element_type=\"column\" data-e-type=\"column\">\n\t\t\t<div class=\"elementor-widget-wrap\">\n\t\t\t\t\t\t\t<\/div>\n\t\t<\/div>\n\t\t\t\t\t<\/div>\n\t\t<\/section>\n\t\t\t\t<section class=\"elementor-section elementor-top-section elementor-element elementor-element-2c1ca9e0 elementor-section-content-middle elementor-section-boxed elementor-section-height-default elementor-section-height-default\" data-id=\"2c1ca9e0\" data-element_type=\"section\" data-e-type=\"section\">\n\t\t\t\t\t\t<div class=\"elementor-container elementor-column-gap-no\">\n\t\t\t\t\t<div class=\"elementor-column elementor-col-100 elementor-top-column elementor-element elementor-element-4bc4d0df\" data-id=\"4bc4d0df\" data-element_type=\"column\" data-e-type=\"column\">\n\t\t\t<div class=\"elementor-widget-wrap elementor-element-populated\">\n\t\t\t\t\t\t<div class=\"elementor-element elementor-element-2b5c187a elementor-widget elementor-widget-heading\" data-id=\"2b5c187a\" data-element_type=\"widget\" data-e-type=\"widget\" data-widget_type=\"heading.default\">\n\t\t\t\t<div class=\"elementor-widget-container\">\n\t\t\t\t\t<h1 class=\"elementor-heading-title elementor-size-default\">Acerca de la empresa<\/h1>\t\t\t\t<\/div>\n\t\t\t\t<\/div>\n\t\t\t\t<div class=\"elementor-element elementor-element-4f57e094 elementor-widget elementor-widget-text-editor\" data-id=\"4f57e094\" data-element_type=\"widget\" data-e-type=\"widget\" data-widget_type=\"text-editor.default\">\n\t\t\t\t<div class=\"elementor-widget-container\">\n\t\t\t\t\t\t\t\t\t<p>Changzhou Quanshi Hydraulic Equipment Co., Ltd, como titular de la marca TIMEWAY, ha estado profundamente comprometida con el campo de la tecnolog\u00eda hidr\u00e1ulica desde su fundaci\u00f3n. Nuestra sede central se encuentra en Changzhou, China, y tenemos f\u00e1bricas cooperativas avanzadas en Yixing, Taixing y Huai'an en la provincia de Jiangsu, China. Estas f\u00e1bricas son nuestro fuerte respaldo de producci\u00f3n, y adoptamos el moderno modo de gesti\u00f3n para garantizar que la capacidad de producci\u00f3n y la calidad vayan de la mano. Nos centramos en la innovaci\u00f3n tecnol\u00f3gica. Aunque nuestras organizaciones de I+D se concentran actualmente en China, seguimos prestando atenci\u00f3n y absorbiendo tecnolog\u00edas avanzadas internacionales para mantener la competitividad de los productos TIMEWAY en el mercado mundial.<\/p><p>La marca TIMEWAY abarca bombas hidr\u00e1ulicas, motores hidr\u00e1ulicos, v\u00e1lvulas hidr\u00e1ulicas, cilindros hidr\u00e1ulicos, sistemas hidr\u00e1ulicos completos y todo tipo de accesorios profesionales, que se utilizan ampliamente en las industrias de maquinaria de construcci\u00f3n, metalurgia, procesamiento de pl\u00e1sticos, construcci\u00f3n naval, energ\u00eda e\u00f3lica y miner\u00eda. No s\u00f3lo ofrecemos productos est\u00e1ndar, sino tambi\u00e9n soluciones personalizadas para satisfacer las diversas necesidades del mercado.\u00a0 \u00a0 \u00a0<\/p><p>Nos regimos estrictamente por el sistema de gesti\u00f3n de calidad ISO9001 y aplicamos estrictos procedimientos de control de calidad desde la selecci\u00f3n de las materias primas hasta la entrega de los productos acabados. El uso de equipos de ensayo avanzados garantiza que cada producto cumpla las normas m\u00e1s estrictas del sector.\u00a0<\/p>\t\t\t\t\t\t\t\t<\/div>\n\t\t\t\t<\/div>\n\t\t\t\t<div class=\"elementor-element elementor-element-f51df58 elementor-widget elementor-widget-image\" data-id=\"f51df58\" data-element_type=\"widget\" data-e-type=\"widget\" data-widget_type=\"image.default\">\n\t\t\t\t<div class=\"elementor-widget-container\">\n\t\t\t\t\t\t\t\t\t\t\t\t\t\t\t<img fetchpriority=\"high\" decoding=\"async\" width=\"1442\" height=\"771\" src=\"https:\/\/timeway-hydraulics.com\/wp-content\/uploads\/2024\/06\/51bb3f597e74418169c40926204af8f.png\" class=\"attachment-1536x1536 size-1536x1536 wp-image-6868\" alt=\"\" srcset=\"https:\/\/timeway-hydraulics.com\/wp-content\/uploads\/2024\/06\/51bb3f597e74418169c40926204af8f.png 1442w, https:\/\/timeway-hydraulics.com\/wp-content\/uploads\/2024\/06\/51bb3f597e74418169c40926204af8f-300x160.png 300w, https:\/\/timeway-hydraulics.com\/wp-content\/uploads\/2024\/06\/51bb3f597e74418169c40926204af8f-1024x548.png 1024w, https:\/\/timeway-hydraulics.com\/wp-content\/uploads\/2024\/06\/51bb3f597e74418169c40926204af8f-768x411.png 768w, https:\/\/timeway-hydraulics.com\/wp-content\/uploads\/2024\/06\/51bb3f597e74418169c40926204af8f-600x321.png 600w\" sizes=\"(max-width: 1442px) 100vw, 1442px\" \/>\t\t\t\t\t\t\t\t\t\t\t\t\t\t\t<\/div>\n\t\t\t\t<\/div>\n\t\t\t\t<section class=\"elementor-section elementor-inner-section elementor-element elementor-element-3be8aa68 elementor-section-boxed elementor-section-height-default elementor-section-height-default\" data-id=\"3be8aa68\" data-element_type=\"section\" data-e-type=\"section\">\n\t\t\t\t\t\t<div class=\"elementor-container elementor-column-gap-default\">\n\t\t\t\t\t<div class=\"elementor-column elementor-col-50 elementor-inner-column elementor-element elementor-element-21bb3a55\" data-id=\"21bb3a55\" data-element_type=\"column\" data-e-type=\"column\">\n\t\t\t<div class=\"elementor-widget-wrap elementor-element-populated\">\n\t\t\t\t\t\t<div class=\"elementor-element elementor-element-5c6a5ed3 elementor-widget__width-initial elementor-widget elementor-widget-text-editor\" data-id=\"5c6a5ed3\" data-element_type=\"widget\" data-e-type=\"widget\" data-widget_type=\"text-editor.default\">\n\t\t\t\t<div class=\"elementor-widget-container\">\n\t\t\t\t\t\t\t\t\t<p>TIMEWAY comprende la complejidad y los retos de la contrataci\u00f3n globalizada, por lo que no s\u00f3lo contamos con un equipo de comercio internacional altamente cualificado, sino que tambi\u00e9n nos comprometemos a ofrecer soluciones de contrataci\u00f3n integral para satisfacer las diversas necesidades de nuestros clientes.<\/p><p>No s\u00f3lo proporcionamos una gama completa de productos hidr\u00e1ulicos bajo nuestra propia marca TIMEWAY, sino que tambi\u00e9n llevamos a cabo servicios de adquisici\u00f3n de acuerdo con las necesidades del cliente, integrando eficazmente los recursos de la cadena de suministro global, incluyendo pero no limitado a las especificaciones espec\u00edficas de los componentes hidr\u00e1ulicos, accesorios y equipos relacionados para garantizar la compatibilidad del producto y la eficiencia del sistema.<\/p><p>Aprovechamos nuestra experiencia en el sector y nuestra amplia red de cooperaci\u00f3n para ayudar a los clientes a optimizar el proceso de adquisici\u00f3n y reducir los eslabones intermedios, con lo que se reducen considerablemente los costes generales de adquisici\u00f3n.<\/p><p>Participamos en todo el proceso, desde la consulta, la adquisici\u00f3n, la inspecci\u00f3n de mercanc\u00edas, la organizaci\u00f3n log\u00edstica hasta el servicio posventa final, para garantizar la transparencia y la alta eficiencia en cada etapa, de modo que nuestros clientes puedan disfrutar de una experiencia de servicio integral c\u00f3moda y tranquilizadora a escala mundial.<\/p>\t\t\t\t\t\t\t\t<\/div>\n\t\t\t\t<\/div>\n\t\t\t\t<div class=\"elementor-element elementor-element-406f7ec elementor-widget elementor-widget-image\" data-id=\"406f7ec\" data-element_type=\"widget\" data-e-type=\"widget\" data-widget_type=\"image.default\">\n\t\t\t\t<div class=\"elementor-widget-container\">\n\t\t\t\t\t\t\t\t\t\t\t\t\t\t\t<img decoding=\"async\" width=\"888\" height=\"858\" src=\"https:\/\/timeway-hydraulics.com\/wp-content\/uploads\/2024\/06\/2101900d3d27204ad0b148a50153364.png\" class=\"attachment-large size-large wp-image-6869\" alt=\"\" srcset=\"https:\/\/timeway-hydraulics.com\/wp-content\/uploads\/2024\/06\/2101900d3d27204ad0b148a50153364.png 888w, https:\/\/timeway-hydraulics.com\/wp-content\/uploads\/2024\/06\/2101900d3d27204ad0b148a50153364-300x290.png 300w, https:\/\/timeway-hydraulics.com\/wp-content\/uploads\/2024\/06\/2101900d3d27204ad0b148a50153364-768x742.png 768w, https:\/\/timeway-hydraulics.com\/wp-content\/uploads\/2024\/06\/2101900d3d27204ad0b148a50153364-600x580.png 600w\" sizes=\"(max-width: 888px) 100vw, 888px\" \/>\t\t\t\t\t\t\t\t\t\t\t\t\t\t\t<\/div>\n\t\t\t\t<\/div>\n\t\t\t\t\t<\/div>\n\t\t<\/div>\n\t\t\t\t<div class=\"elementor-column elementor-col-50 elementor-inner-column elementor-element elementor-element-8fa0d74\" data-id=\"8fa0d74\" data-element_type=\"column\" data-e-type=\"column\">\n\t\t\t<div class=\"elementor-widget-wrap elementor-element-populated\">\n\t\t\t\t\t\t<div class=\"elementor-element elementor-element-68fb3901 elementor-widget elementor-widget-text-editor\" data-id=\"68fb3901\" data-element_type=\"widget\" data-e-type=\"widget\" data-widget_type=\"text-editor.default\">\n\t\t\t\t<div class=\"elementor-widget-container\">\n\t\t\t\t\t\t\t\t\t<p>Adem\u00e1s, tambi\u00e9n ofrecemos servicios de consultor\u00eda sobre la cadena de suministro para ayudar a los clientes a comprender mejor la din\u00e1mica del mercado internacional, evitar riesgos y lograr una gesti\u00f3n \u00f3ptima de la cadena de suministro.<\/p><p>TIMEWAY no es s\u00f3lo su proveedor de equipos hidr\u00e1ulicos, sino tambi\u00e9n su socio de confianza en el mercado mundial.<\/p><p>En combinaci\u00f3n con la demanda del mercado, tambi\u00e9n ofrecemos servicios de consultor\u00eda sobre la cadena de suministro para ayudar a los clientes a comprender la din\u00e1mica del mercado, optimizar la estrategia de compras y lograr el perfeccionamiento y la eficiencia de la gesti\u00f3n de la cadena de suministro.<\/p><p>Changzhou Quanshi Hydraulic Equipment Co., Ltd (TIMEWAY) se ha comprometido a convertirse en el proveedor l\u00edder mundial de tecnolog\u00eda hidr\u00e1ulica y soluciones, a trav\u00e9s de la innovaci\u00f3n continua, productos de calidad y excelente servicio, y clientes de todo el mundo para promover el progreso continuo y el desarrollo de la industria hidr\u00e1ulica.<\/p><p>Le invitamos a visitar nuestro sitio web oficial o a ponerse en contacto con nosotros directamente por correo electr\u00f3nico o tel\u00e9fono para obtener m\u00e1s informaci\u00f3n sobre los productos de la marca TIMEWAY y las oportunidades de cooperaci\u00f3n. \u00danase a TIMEWAY para crear un nuevo cap\u00edtulo en la tecnolog\u00eda hidr\u00e1ulica.<\/p>\t\t\t\t\t\t\t\t<\/div>\n\t\t\t\t<\/div>\n\t\t\t\t<div class=\"elementor-element elementor-element-9681d60 elementor-widget elementor-widget-image\" data-id=\"9681d60\" data-element_type=\"widget\" data-e-type=\"widget\" data-widget_type=\"image.default\">\n\t\t\t\t<div class=\"elementor-widget-container\">\n\t\t\t\t\t\t\t\t\t\t\t\t\t\t\t<img decoding=\"async\" width=\"1022\" height=\"1024\" src=\"https:\/\/timeway-hydraulics.com\/wp-content\/uploads\/2024\/06\/d22190ab447a3d39adeeeb163dd448b-1022x1024.png\" class=\"attachment-large size-large wp-image-6870\" alt=\"\" srcset=\"https:\/\/timeway-hydraulics.com\/wp-content\/uploads\/2024\/06\/d22190ab447a3d39adeeeb163dd448b-1022x1024.png 1022w, https:\/\/timeway-hydraulics.com\/wp-content\/uploads\/2024\/06\/d22190ab447a3d39adeeeb163dd448b-300x300.png 300w, https:\/\/timeway-hydraulics.com\/wp-content\/uploads\/2024\/06\/d22190ab447a3d39adeeeb163dd448b-150x150.png 150w, https:\/\/timeway-hydraulics.com\/wp-content\/uploads\/2024\/06\/d22190ab447a3d39adeeeb163dd448b-768x769.png 768w, https:\/\/timeway-hydraulics.com\/wp-content\/uploads\/2024\/06\/d22190ab447a3d39adeeeb163dd448b-600x601.png 600w, https:\/\/timeway-hydraulics.com\/wp-content\/uploads\/2024\/06\/d22190ab447a3d39adeeeb163dd448b-100x100.png 100w, https:\/\/timeway-hydraulics.com\/wp-content\/uploads\/2024\/06\/d22190ab447a3d39adeeeb163dd448b.png 1065w\" sizes=\"(max-width: 1022px) 100vw, 1022px\" \/>\t\t\t\t\t\t\t\t\t\t\t\t\t\t\t<\/div>\n\t\t\t\t<\/div>\n\t\t\t\t\t<\/div>\n\t\t<\/div>\n\t\t\t\t\t<\/div>\n\t\t<\/section>\n\t\t\t\t\t<\/div>\n\t\t<\/div>\n\t\t\t\t\t<\/div>\n\t\t<\/section>\n\t\t\t\t<section class=\"elementor-section elementor-top-section elementor-element elementor-element-1c0504ae elementor-section-content-middle elementor-section-boxed elementor-section-height-default elementor-section-height-default\" data-id=\"1c0504ae\" data-element_type=\"section\" data-e-type=\"section\">\n\t\t\t\t\t\t<div class=\"elementor-container elementor-column-gap-no\">\n\t\t\t\t\t<div class=\"elementor-column elementor-col-33 elementor-top-column elementor-element elementor-element-660e9004\" data-id=\"660e9004\" data-element_type=\"column\" data-e-type=\"column\" data-settings=\"{&quot;background_background&quot;:&quot;classic&quot;}\">\n\t\t\t<div class=\"elementor-widget-wrap elementor-element-populated\">\n\t\t\t\t\t\t<div class=\"elementor-element elementor-element-745f93ea elementor-widget elementor-widget-text-editor\" data-id=\"745f93ea\" data-element_type=\"widget\" data-e-type=\"widget\" data-widget_type=\"text-editor.default\">\n\t\t\t\t<div class=\"elementor-widget-container\">\n\t\t\t\t\t\t\t\t\t<p>Nuestro sobre<\/p>\t\t\t\t\t\t\t\t<\/div>\n\t\t\t\t<\/div>\n\t\t\t\t<div class=\"elementor-element elementor-element-67a290e4 elementor-widget elementor-widget-heading\" data-id=\"67a290e4\" data-element_type=\"widget\" data-e-type=\"widget\" data-widget_type=\"heading.default\">\n\t\t\t\t<div class=\"elementor-widget-container\">\n\t\t\t\t\t<h3 class=\"elementor-heading-title elementor-size-default\">F\u00e1brica<\/h3>\t\t\t\t<\/div>\n\t\t\t\t<\/div>\n\t\t\t\t<div class=\"elementor-element elementor-element-78de648b elementor-widget-divider--view-line elementor-widget elementor-widget-divider\" data-id=\"78de648b\" data-element_type=\"widget\" data-e-type=\"widget\" data-widget_type=\"divider.default\">\n\t\t\t\t<div class=\"elementor-widget-container\">\n\t\t\t\t\t\t\t<div class=\"elementor-divider\">\n\t\t\t<span class=\"elementor-divider-separator\">\n\t\t\t\t\t\t<\/span>\n\t\t<\/div>\n\t\t\t\t\t\t<\/div>\n\t\t\t\t<\/div>\n\t\t\t\t\t<\/div>\n\t\t<\/div>\n\t\t\t\t<div class=\"elementor-column elementor-col-33 elementor-top-column elementor-element elementor-element-d591e67\" data-id=\"d591e67\" data-element_type=\"column\" data-e-type=\"column\" data-settings=\"{&quot;background_background&quot;:&quot;classic&quot;}\">\n\t\t\t<div class=\"elementor-widget-wrap elementor-element-populated\">\n\t\t\t\t\t\t<div class=\"elementor-element elementor-element-4dc2e898 elementor-widget elementor-widget-image\" data-id=\"4dc2e898\" data-element_type=\"widget\" data-e-type=\"widget\" data-widget_type=\"image.default\">\n\t\t\t\t<div class=\"elementor-widget-container\">\n\t\t\t\t\t\t\t\t\t\t\t\t\t\t\t<img loading=\"lazy\" decoding=\"async\" width=\"1380\" height=\"603\" src=\"https:\/\/timeway-hydraulics.com\/wp-content\/uploads\/2024\/05\/\u5fae\u4fe1\u56fe\u7247_20240508170639.png\" class=\"elementor-animation-grow attachment-full size-full wp-image-1913\" alt=\"\" srcset=\"https:\/\/timeway-hydraulics.com\/wp-content\/uploads\/2024\/05\/\u5fae\u4fe1\u56fe\u7247_20240508170639.png 1380w, https:\/\/timeway-hydraulics.com\/wp-content\/uploads\/2024\/05\/\u5fae\u4fe1\u56fe\u7247_20240508170639-300x131.png 300w, https:\/\/timeway-hydraulics.com\/wp-content\/uploads\/2024\/05\/\u5fae\u4fe1\u56fe\u7247_20240508170639-1024x447.png 1024w, https:\/\/timeway-hydraulics.com\/wp-content\/uploads\/2024\/05\/\u5fae\u4fe1\u56fe\u7247_20240508170639-768x336.png 768w, https:\/\/timeway-hydraulics.com\/wp-content\/uploads\/2024\/05\/\u5fae\u4fe1\u56fe\u7247_20240508170639-600x262.png 600w\" sizes=\"(max-width: 1380px) 100vw, 1380px\" \/>\t\t\t\t\t\t\t\t\t\t\t\t\t\t\t<\/div>\n\t\t\t\t<\/div>\n\t\t\t\t<div class=\"elementor-element elementor-element-61a80cbb elementor-widget elementor-widget-text-editor\" data-id=\"61a80cbb\" data-element_type=\"widget\" data-e-type=\"widget\" data-widget_type=\"text-editor.default\">\n\t\t\t\t<div class=\"elementor-widget-container\">\n\t\t\t\t\t\t\t\t\t<p>Timeway fabrica todas las piezas de recambio para bombas de pist\u00f3n, conjuntos rotativos de motor de pist\u00f3n y algunas piezas de bombas para marcas alemanas de bombas de pist\u00f3n.<\/p><p>Timeway Hydraulics fabrica: bombas hidr\u00e1ulicas de pist\u00f3n, reductores, bombas de paletas, motores orbitales y v\u00e1lvulas de inversi\u00f3n.<\/p>\t\t\t\t\t\t\t\t<\/div>\n\t\t\t\t<\/div>\n\t\t\t\t\t<\/div>\n\t\t<\/div>\n\t\t\t\t<div class=\"elementor-column elementor-col-33 elementor-top-column elementor-element elementor-element-7cfebf66\" data-id=\"7cfebf66\" data-element_type=\"column\" data-e-type=\"column\" data-settings=\"{&quot;background_background&quot;:&quot;classic&quot;}\">\n\t\t\t<div class=\"elementor-widget-wrap elementor-element-populated\">\n\t\t\t\t\t\t<div class=\"elementor-element elementor-element-4e913e07 elementor-widget elementor-widget-text-editor\" data-id=\"4e913e07\" data-element_type=\"widget\" data-e-type=\"widget\" data-widget_type=\"text-editor.default\">\n\t\t\t\t<div class=\"elementor-widget-container\">\n\t\t\t\t\t\t\t\t\t<p>All Time Hydraulics tiene 4 talleres de producci\u00f3n y m\u00e1s de 1500 productos en stock. Hay 30 ingenieros hidr\u00e1ulicos a su servicio las 24 horas del d\u00eda. Entrega r\u00e1pida, 15 meses de servicio de garant\u00eda de calidad de tres productos. All Time Hydraulics es siempre su experto en servicio de energ\u00eda hidr\u00e1ulica.<\/p>\t\t\t\t\t\t\t\t<\/div>\n\t\t\t\t<\/div>\n\t\t\t\t<div class=\"elementor-element elementor-element-63562d04 elementor-widget elementor-widget-image\" data-id=\"63562d04\" data-element_type=\"widget\" data-e-type=\"widget\" data-widget_type=\"image.default\">\n\t\t\t\t<div class=\"elementor-widget-container\">\n\t\t\t\t\t\t\t\t\t\t\t\t\t\t\t<img loading=\"lazy\" decoding=\"async\" width=\"1380\" height=\"789\" src=\"https:\/\/timeway-hydraulics.com\/wp-content\/uploads\/2024\/05\/\u5fae\u4fe1\u56fe\u7247_20240508170643.png\" class=\"elementor-animation-grow attachment-full size-full wp-image-1914\" alt=\"\" srcset=\"https:\/\/timeway-hydraulics.com\/wp-content\/uploads\/2024\/05\/\u5fae\u4fe1\u56fe\u7247_20240508170643.png 1380w, https:\/\/timeway-hydraulics.com\/wp-content\/uploads\/2024\/05\/\u5fae\u4fe1\u56fe\u7247_20240508170643-300x172.png 300w, https:\/\/timeway-hydraulics.com\/wp-content\/uploads\/2024\/05\/\u5fae\u4fe1\u56fe\u7247_20240508170643-1024x585.png 1024w, https:\/\/timeway-hydraulics.com\/wp-content\/uploads\/2024\/05\/\u5fae\u4fe1\u56fe\u7247_20240508170643-768x439.png 768w, https:\/\/timeway-hydraulics.com\/wp-content\/uploads\/2024\/05\/\u5fae\u4fe1\u56fe\u7247_20240508170643-600x343.png 600w\" sizes=\"(max-width: 1380px) 100vw, 1380px\" \/>\t\t\t\t\t\t\t\t\t\t\t\t\t\t\t<\/div>\n\t\t\t\t<\/div>\n\t\t\t\t\t<\/div>\n\t\t<\/div>\n\t\t\t\t\t<\/div>\n\t\t<\/section>\n\t\t\t\t<section class=\"elementor-section elementor-top-section elementor-element elementor-element-1b6670f2 elementor-section-boxed elementor-section-height-default elementor-section-height-default\" data-id=\"1b6670f2\" data-element_type=\"section\" data-e-type=\"section\" data-settings=\"{&quot;background_background&quot;:&quot;classic&quot;}\">\n\t\t\t\t\t\t<div class=\"elementor-container elementor-column-gap-default\">\n\t\t\t\t\t<div class=\"elementor-column elementor-col-100 elementor-top-column elementor-element elementor-element-5a614403\" data-id=\"5a614403\" data-element_type=\"column\" data-e-type=\"column\" data-settings=\"{&quot;background_background&quot;:&quot;classic&quot;}\">\n\t\t\t<div class=\"elementor-widget-wrap elementor-element-populated\">\n\t\t\t\t\t\t<div class=\"elementor-element elementor-element-52ed4224 elementor-widget elementor-widget-heading\" data-id=\"52ed4224\" data-element_type=\"widget\" data-e-type=\"widget\" data-widget_type=\"heading.default\">\n\t\t\t\t<div class=\"elementor-widget-container\">\n\t\t\t\t\t<h2 class=\"elementor-heading-title elementor-size-default\">Su elecci\u00f3n para bombas hidr\u00e1ulicas de calidad\nhidr\u00e1ulicas y piezas<\/h2>\t\t\t\t<\/div>\n\t\t\t\t<\/div>\n\t\t\t\t<div class=\"elementor-element elementor-element-543b5784 elementor-widget elementor-widget-text-editor\" data-id=\"543b5784\" data-element_type=\"widget\" data-e-type=\"widget\" data-widget_type=\"text-editor.default\">\n\t\t\t\t<div class=\"elementor-widget-container\">\n\t\t\t\t\t\t\t\t\t<p>Los productos son adecuados para excavadoras, m\u00e1quinas de pavimentaci\u00f3n, m\u00e1quinas de moldeo por inyecci\u00f3n, rodillos, cami\u00f3n bomba de hormig\u00f3n, hormigoneras, prensas, gr\u00faas maquinaria, maquinaria cer\u00e1mica, acero, maquinaria, maquinaria farmac\u00e9utica, construcci\u00f3n naval, maquinaria, miner\u00eda y metalurgia maquinaria, tales como equipos hidr\u00e1ulicos ......<\/p>\t\t\t\t\t\t\t\t<\/div>\n\t\t\t\t<\/div>\n\t\t\t\t<section class=\"elementor-section elementor-inner-section elementor-element elementor-element-56d5d55b elementor-section-boxed elementor-section-height-default elementor-section-height-default\" data-id=\"56d5d55b\" data-element_type=\"section\" data-e-type=\"section\">\n\t\t\t\t\t\t<div class=\"elementor-container elementor-column-gap-default\">\n\t\t\t\t\t<div class=\"elementor-column elementor-col-50 elementor-inner-column elementor-element elementor-element-4a90f697\" data-id=\"4a90f697\" data-element_type=\"column\" data-e-type=\"column\">\n\t\t\t<div class=\"elementor-widget-wrap elementor-element-populated\">\n\t\t\t\t\t\t<div class=\"elementor-element elementor-element-5f1336d3 elementor-align-right elementor-mobile-align-center elementor-widget elementor-widget-button\" data-id=\"5f1336d3\" data-element_type=\"widget\" data-e-type=\"widget\" data-widget_type=\"button.default\">\n\t\t\t\t<div class=\"elementor-widget-container\">\n\t\t\t\t\t\t\t\t\t<div class=\"elementor-button-wrapper\">\n\t\t\t\t\t<a class=\"elementor-button elementor-button-link elementor-size-sm\" href=\"https:\/\/timeway-hydraulics.com\/es\/about\/\">\n\t\t\t\t\t\t<span class=\"elementor-button-content-wrapper\">\n\t\t\t\t\t\t<span class=\"elementor-button-icon\">\n\t\t\t\t<i aria-hidden=\"true\" class=\"fas fa-arrow-right\"><\/i>\t\t\t<\/span>\n\t\t\t\t\t\t\t\t\t<span class=\"elementor-button-text\">M\u00e1s informaci\u00f3n<\/span>\n\t\t\t\t\t<\/span>\n\t\t\t\t\t<\/a>\n\t\t\t\t<\/div>\n\t\t\t\t\t\t\t\t<\/div>\n\t\t\t\t<\/div>\n\t\t\t\t\t<\/div>\n\t\t<\/div>\n\t\t\t\t<div class=\"elementor-column elementor-col-50 elementor-inner-column elementor-element elementor-element-52ccc6c7\" data-id=\"52ccc6c7\" data-element_type=\"column\" data-e-type=\"column\">\n\t\t\t<div class=\"elementor-widget-wrap elementor-element-populated\">\n\t\t\t\t\t\t<div class=\"elementor-element elementor-element-7fed6dc3 elementor-align-left elementor-mobile-align-center elementor-widget elementor-widget-button\" data-id=\"7fed6dc3\" data-element_type=\"widget\" data-e-type=\"widget\" data-widget_type=\"button.default\">\n\t\t\t\t<div class=\"elementor-widget-container\">\n\t\t\t\t\t\t\t\t\t<div class=\"elementor-button-wrapper\">\n\t\t\t\t\t<a class=\"elementor-button elementor-button-link elementor-size-sm\" href=\"#elementor-action:action=popup:open&settings=eyJpZCI6IjE5NSIsInRvZ2dsZSI6ZmFsc2V9\">\n\t\t\t\t\t\t<span class=\"elementor-button-content-wrapper\">\n\t\t\t\t\t\t<span class=\"elementor-button-icon\">\n\t\t\t\t<i aria-hidden=\"true\" class=\"fas fa-arrow-right\"><\/i>\t\t\t<\/span>\n\t\t\t\t\t\t\t\t\t<span class=\"elementor-button-text\">Presupuesto inmediato<\/span>\n\t\t\t\t\t<\/span>\n\t\t\t\t\t<\/a>\n\t\t\t\t<\/div>\n\t\t\t\t\t\t\t\t<\/div>\n\t\t\t\t<\/div>\n\t\t\t\t\t<\/div>\n\t\t<\/div>\n\t\t\t\t\t<\/div>\n\t\t<\/section>\n\t\t\t\t\t<\/div>\n\t\t<\/div>\n\t\t\t\t\t<\/div>\n\t\t<\/section>\n\t\t\t\t<\/div>","protected":false},"excerpt":{"rendered":"<p>About the company Changzhou Quanshi Hydraulic Equipment Co., Ltd, as the holder of the TIMEWAY trademark, has been deeply committed to the field of hydraulic technology since its foundation. Our headquarter is located in Changzhou, China, and we have advanced co-operative factories in Yixing, Taixing and Huai&#8217;an in Jiangsu Province, China. These factories are our &hellip;<\/p>\n<p class=\"read-more\"> <a class=\"\" href=\"https:\/\/timeway-hydraulics.com\/es\/about\/\"> <span class=\"screen-reader-text\">Acerca de<\/span> Leer m\u00e1s \"<\/a><\/p>","protected":false},"author":1,"featured_media":0,"parent":0,"menu_order":0,"comment_status":"closed","ping_status":"closed","template":"","meta":{"site-sidebar-layout":"no-sidebar","site-content-layout":"page-builder","ast-global-header-display":"","ast-main-header-display":"","ast-hfb-above-header-display":"","ast-hfb-below-header-display":"","ast-hfb-mobile-header-display":"","site-post-title":"disabled","ast-breadcrumbs-content":"","ast-featured-img":"disabled","footer-sml-layout":"","theme-transparent-header-meta":"","adv-header-id-meta":"","stick-header-meta":"","header-above-stick-meta":"","header-main-stick-meta":"","header-below-stick-meta":"","footnotes":""},"class_list":["post-157","page","type-page","status-publish","hentry"],"_links":{"self":[{"href":"https:\/\/timeway-hydraulics.com\/es\/wp-json\/wp\/v2\/pages\/157","targetHints":{"allow":["GET"]}}],"collection":[{"href":"https:\/\/timeway-hydraulics.com\/es\/wp-json\/wp\/v2\/pages"}],"about":[{"href":"https:\/\/timeway-hydraulics.com\/es\/wp-json\/wp\/v2\/types\/page"}],"author":[{"embeddable":true,"href":"https:\/\/timeway-hydraulics.com\/es\/wp-json\/wp\/v2\/users\/1"}],"replies":[{"embeddable":true,"href":"https:\/\/timeway-hydraulics.com\/es\/wp-json\/wp\/v2\/comments?post=157"}],"version-history":[{"count":64,"href":"https:\/\/timeway-hydraulics.com\/es\/wp-json\/wp\/v2\/pages\/157\/revisions"}],"predecessor-version":[{"id":6873,"href":"https:\/\/timeway-hydraulics.com\/es\/wp-json\/wp\/v2\/pages\/157\/revisions\/6873"}],"wp:attachment":[{"href":"https:\/\/timeway-hydraulics.com\/es\/wp-json\/wp\/v2\/media?parent=157"}],"curies":[{"name":"wp","href":"https:\/\/api.w.org\/{rel}","templated":true}]}}