{"id":1722,"date":"2024-03-09T16:59:48","date_gmt":"2024-03-09T08:59:48","guid":{"rendered":"https:\/\/timeway-hydraulics.com\/?post_type=product&#038;p=1722"},"modified":"2024-04-13T14:27:45","modified_gmt":"2024-04-13T06:27:45","slug":"pv16","status":"publish","type":"product","link":"https:\/\/timeway-hydraulics.com\/de\/product\/pv16\/","title":{"rendered":"PV16"},"content":{"rendered":"<div class=\"detail-richtext1 richtext\">\n<h2>Detail der Rexroth-Hydraulikpumpenteile<\/h2>\n<ul class=\"list-paddingleft-2\">\n<li>Rexroth Serie 1 Modell : A4VSO40 \/ 45 \/ 50 \/ 56 \/ 71 \/ 125 \/ 180 \/ 250 \/ 355 \/ 500 \/ 750 \/ 100<\/li>\n<li>Rexroth Senes 2 Modell : A4VG28 \/ 40 \/ 56 \/ 71 \/ 90 \/ 125 \/ 180 \/ 250<\/li>\n<li>Rexroth Serie 3 Modell : A4V40 \/ 56 \/ 1 \/ 90 \/ 125 \/ 250 A4VO130 A4VD250<\/li>\n<li>Rexroth4 Modell : A4VIG71 \/ 90<\/li>\n<li>Rexroth Serie 5 Modell : A10VSO18 \/ 28 \/ 45 \/ 71 \/ 100 \/ 140<\/li>\n<li>Rexroth Serie 6 Modell : A10V 10 \/ 28 \/ 45 \/ 60 \/ 63 \/ 85-52 \/ 53<\/li>\n<li>Rexroth Serie 7 Modell : A15VS0175 \/ 210<\/li>\n<li>Rexroth Serie 8 Modell : A20V0520 \/ 060<\/li>\n<li>Rexroth Serie 9 Modell : A11VO40 \/ 60 \/ 75 \/ 95 \/ 130 \/ 145 \/ 160 \/ 190 \/ 200 \/ 210 \/ 260<\/li>\n<li>Rexroth Serie 10 Modell : A11V0250Rexroth Serie 11 Modell : A11VG12 \/ 19 \/ 5<\/li>\n<li>Rexroth Baureihe 12 Modell : A10VG 18 \/ 28 \/ 45 \/ 63<\/li>\n<li>Rexroth Serie 14 Modell: A10F16 \/ 28 \/ 45 \/ 71<\/li>\n<li>Rexroth-Pumpe mit schr\u00e4ger Achse15 Modell: A2F<\/li>\n<li>Rexroth Schr\u00e4gachsenpumpe 15 Modell: A2FE<\/li>\n<li>Rexroth Schr\u00e4gachsenpumpe 16 Modell: A10VM18 \/ 35 \/ 63<\/li>\n<li>Rexroth Schr\u00e4gachsenpumpe 17 Modell: A2V12 \/ 28DR A2VK12 \/ 28<\/li>\n<li>Rexroth Schr\u00e4gachsenpumpe 18 Modell: A2FO05 \/ 10 \/ 12 \/ 16 \/ 23 \/ 28 \/ 32 \/ 45 \/ 56 \/ 63 \/<\/li>\n<\/ul>\n<p>Rexroth ist einer der bekanntesten Hersteller von Kolbenpumpen in der Welt.<\/p>\n<p>Elephant Fluid Power fertigt ein komplettes Sortiment an Rexroth-Kolbenpumpenersatzteilen f\u00fcr die Wiederaufbereitung oder Reparatur von Pumpen in Baumaschinen und Industrieanwendungen.<\/p>\n<p>Alle Ersatzteile f\u00fcr Rexroth-Pison-Pumpen werden in \u00dcbereinstimmung mit den Originalteilzeichnungen hergestellt. Elephant Fluid Power erh\u00e4lt viele positive R\u00fcckmeldungen aus dem After-Sales-Markt \u00fcber die Qualit\u00e4t und den Service unserer Ersatzteile.<\/p>\n<\/div>\n<div class=\"detail-richtext2 richtext\">\n<h2>Attribut der Rexroth-Hydraulikpumpenteile<\/h2>\n<div class=\"table-over\">\n<table cellspacing=\"0\" cellpadding=\"0\">\n<colgroup>\n<col span=\"2\" \/><\/colgroup>\n<tbody>\n<tr class=\"firstRow\">\n<td>Attribut<\/td>\n<td>Spezifikationen<\/td>\n<\/tr>\n<tr>\n<td>Material<\/td>\n<td>Gusseisen\/Duktil, Stahl, Bronze und andere<\/td>\n<\/tr>\n<tr>\n<td>Typen<\/td>\n<td>Ersatzteile f\u00fcr die hydraulische Kolbenpumpe<\/td>\n<\/tr>\n<tr>\n<td>Funktion<\/td>\n<td>Vollst\u00e4ndig austauschbar mit der Originalpumpe<\/td>\n<\/tr>\n<tr>\n<td>Teile Name<\/td>\n<td>Zylinderblock, Kolben, Halteplatte, Kugelf\u00fchrung, Ventilplatte, Antriebswelle, Taumelscheibe und mehr<\/td>\n<\/tr>\n<tr>\n<td>Verarbeitungstechnik<\/td>\n<td>Schneiden, Drehen, Bearbeitungszentrum, W\u00e4rmebehandlung, Schleifen, Honen, Entgraten, und so weiter<\/td>\n<\/tr>\n<tr>\n<td>Anmeldung<\/td>\n<td>Ersatzteile f\u00fcr Erdbewegungsmaschinen, Baumaschinen, Landmaschinen, Forstmaschinen, Bergbaumaschinen, Hafenschiffe und andere Maschinen.<\/td>\n<\/tr>\n<tr>\n<td>Markenzeichen<\/td>\n<td>Elephant Fluid Power, neutrales Etikett oder entsprechend den Anforderungen des Kunden<\/td>\n<\/tr>\n<\/tbody>\n<\/table>\n<\/div>\n<\/div>\n<div class=\"detail-richtext3 richtext\">\n<h2>Merkmale der Rexroth-Hydraulikpumpenteile<\/h2>\n<ul class=\"list-paddingleft-2\">\n<li>Keine Pannen<\/li>\n<li>Verwendung von rostfreiem Stahl, Kupfergehalt 99,99%<\/li>\n<li>Kompatibel mit Rexroth<\/li>\n<li>Der Wirkungsgradunterschied zwischen der \u00fcberholten Pumpe und der Originalpumpe betr\u00e4gt 1-2%<\/li>\n<li>Die Kosten sind 1 \/ 5 von Rexroth<\/li>\n<\/ul>\n<\/div>","protected":false},"excerpt":{"rendered":"<p>We produce the whole series of original Rexroth pump parts, strictly implement Rexroth&#8217;s manufacturing and testing standards, quality standards and product precision are matched with Rexroth pump parts. Our products are widely used in heavy machinery manufacturing, repair, maintenance, refurbishment, after-sales and other fields, which have been recognized by the market and favored by heavy machinery industry.<\/p>","protected":false},"featured_media":1723,"comment_status":"open","ping_status":"closed","template":"","meta":{"site-sidebar-layout":"default","site-content-layout":"default","ast-global-header-display":"","ast-main-header-display":"","ast-hfb-above-header-display":"","ast-hfb-below-header-display":"","ast-hfb-mobile-header-display":"","site-post-title":"","ast-breadcrumbs-content":"","ast-featured-img":"","footer-sml-layout":"","theme-transparent-header-meta":"default","adv-header-id-meta":"","stick-header-meta":"","header-above-stick-meta":"","header-main-stick-meta":"","header-below-stick-meta":""},"product_cat":[24],"product_tag":[],"class_list":{"0":"post-1722","1":"product","2":"type-product","3":"status-publish","4":"has-post-thumbnail","6":"product_cat-uncategorized","7":"desktop-align-left","8":"tablet-align-left","9":"mobile-align-left","11":"first","12":"instock","13":"shipping-taxable","14":"product-type-simple"},"_links":{"self":[{"href":"https:\/\/timeway-hydraulics.com\/de\/wp-json\/wp\/v2\/product\/1722","targetHints":{"allow":["GET"]}}],"collection":[{"href":"https:\/\/timeway-hydraulics.com\/de\/wp-json\/wp\/v2\/product"}],"about":[{"href":"https:\/\/timeway-hydraulics.com\/de\/wp-json\/wp\/v2\/types\/product"}],"replies":[{"embeddable":true,"href":"https:\/\/timeway-hydraulics.com\/de\/wp-json\/wp\/v2\/comments?post=1722"}],"wp:featuredmedia":[{"embeddable":true,"href":"https:\/\/timeway-hydraulics.com\/de\/wp-json\/wp\/v2\/media\/1723"}],"wp:attachment":[{"href":"https:\/\/timeway-hydraulics.com\/de\/wp-json\/wp\/v2\/media?parent=1722"}],"wp:term":[{"taxonomy":"product_cat","embeddable":true,"href":"https:\/\/timeway-hydraulics.com\/de\/wp-json\/wp\/v2\/product_cat?post=1722"},{"taxonomy":"product_tag","embeddable":true,"href":"https:\/\/timeway-hydraulics.com\/de\/wp-json\/wp\/v2\/product_tag?post=1722"}],"curies":[{"name":"wp","href":"https:\/\/api.w.org\/{rel}","templated":true}]}}