{"id":10544,"date":"2025-02-20T14:36:17","date_gmt":"2025-02-20T06:36:17","guid":{"rendered":"https:\/\/timeway-hydraulics.com\/?post_type=product&#038;p=10544"},"modified":"2025-02-20T14:38:03","modified_gmt":"2025-02-20T06:38:03","slug":"r992000842-al-a10v-o-63la9ds53r-vqc62n00-so928","status":"publish","type":"product","link":"https:\/\/timeway-hydraulics.com\/de\/product\/r992000842-al-a10v-o-63la9ds53r-vqc62n00-so928\/","title":{"rendered":"R992000842 AL A10V O 63LA9DS53R-VQC62N00 -SO928"},"content":{"rendered":"<p><!--more--><\/p>\n<h5><strong>R992000842 AL A10V O 63LA9DS53R-VQC62N00 -SO928 Hydraulic <\/strong>Kolbenpumpe<\/h5>\n<p><!--more--><\/p>\n<table style=\"border-collapse: collapse; width: 749px; height: 448px;\" border=\"0\" width=\"1039\" cellspacing=\"0\" cellpadding=\"0\">\n<tbody>\n<tr style=\"height: 14.50pt;\">\n<td class=\"et3\" style=\"height: 14.50pt; width: 129.95pt;\" width=\"259\" height=\"29\"><strong>Produktname:<\/strong><\/td>\n<td class=\"et4\" style=\"width: 389.85pt;\" colspan=\"3\" width=\"779\">Hydraulische Kolbenpumpe und Motoreinheit<\/td>\n<\/tr>\n<tr style=\"height: 14.50pt;\">\n<td class=\"et3\" style=\"height: 14.50pt;\" height=\"29\"><strong>Modell:<\/strong><\/td>\n<td class=\"et4\" colspan=\"3\">Supply All Brand Spare Parts,Plz Kindly Tell Us Your Need<\/td>\n<\/tr>\n<tr style=\"height: 14.50pt;\">\n<td class=\"et3\" style=\"height: 14.50pt;\" height=\"29\"><strong>Schl\u00fcsselwort:<\/strong><\/td>\n<td class=\"et4\" colspan=\"3\">Kolbenpumpe\/Kolbenmotor<\/td>\n<\/tr>\n<tr style=\"height: 14.50pt;\">\n<td class=\"et3\" style=\"height: 14.50pt;\" height=\"29\"><strong>Lieferzeiten:<\/strong><\/td>\n<td class=\"et4\" colspan=\"3\">1-3 Tage f\u00fcr Lagerbest\u00e4nde, 5-10 Tage f\u00fcr Nicht-Lagerbest\u00e4nde<\/td>\n<\/tr>\n<tr style=\"height: 14.50pt;\">\n<td class=\"et3\" style=\"height: 14.50pt;\" height=\"29\"><strong>Zahlungsbedingungen:<\/strong><\/td>\n<td class=\"et4\" colspan=\"3\">T\/T, Western Union, Paysend, LC, PAYPAL usw.<\/td>\n<\/tr>\n<tr style=\"height: 14.50pt;\">\n<td class=\"et3\" style=\"height: 14.50pt;\" height=\"29\"><strong>Herkunftsort:<\/strong><\/td>\n<td class=\"et4\">China<\/td>\n<td class=\"et3\"><strong>Markenname:<\/strong><\/td>\n<td class=\"et4\">TIMEWAY<\/td>\n<\/tr>\n<tr style=\"height: 14.50pt;\">\n<td class=\"et3\" style=\"height: 14.50pt;\" height=\"29\"><strong>Verwendung:<\/strong><\/td>\n<td class=\"et4\">Pumpen reparieren<\/td>\n<td class=\"et3\"><strong>Garantie:<\/strong><\/td>\n<td class=\"et4\">6-12 Monate<\/td>\n<\/tr>\n<tr style=\"height: 14.50pt;\">\n<td class=\"et3\" style=\"height: 14.50pt;\" height=\"29\"><strong>Material:<\/strong><\/td>\n<td class=\"et4\">Stahl und Kupfer<\/td>\n<td class=\"et3\"><strong>Paket:<\/strong><\/td>\n<td class=\"et4\">Holzkiste\/Karton<\/td>\n<\/tr>\n<tr style=\"height: 14.50pt;\">\n<td class=\"et3\" style=\"height: 14.50pt;\" height=\"29\"><strong>Mindestbestellmenge:<\/strong><\/td>\n<td class=\"et4\">1<\/td>\n<td class=\"et3\"><strong>Liefermethoden:<\/strong><\/td>\n<td class=\"et4\">Luft\/ Express\/ See<\/td>\n<\/tr>\n<\/tbody>\n<\/table>\n<p><span style=\"color: #008000;\"><strong>Wir liefern verschiedene Bagger-Ersatzteile k\u00f6nnen mehr Spezifikationen und Abmessungen, wenn Sie es brauchen.<\/strong><\/span><\/p>\n<table width=\"972\">\n<tbody>\n<tr>\n<td colspan=\"4\" width=\"972\"><strong>Unser Unternehmen liefert eine gro\u00dfe Anzahl von Kolbenpumpen, Motoren, Untersetzungsgetrieben und zugeh\u00f6rigen Ersatzteilen. Die wichtigsten Hersteller sind: Rexroth, Hitachi, Komatsu, Kawasaki, Caterpillar, NACHI, Toshiba, Kobelco \/ Kato usw.<\/strong><\/td>\n<\/tr>\n<tr>\n<td style=\"text-align: center;\" colspan=\"4\" width=\"972\"><span style=\"color: #008000;\"><strong>Die spezifischen Modelle sind:<\/strong><\/span><\/td>\n<\/tr>\n<tr>\n<td width=\"121\">Hitachi-Reihe:<\/td>\n<td colspan=\"3\" width=\"850\">HPV050; HPV080; ZX120-6 Hauptpumpe (HPK055); HPV091 (EX200-2\/3, EX120-2 Einzelpumpe); HPV102 (EX200-5\/6); HPV116 (EX200-1); HPV118 (ZX200-3, ZX270 Hauptpumpe) usw.<\/td>\n<\/tr>\n<tr>\n<td width=\"121\">Komatsu Bagger Hauptpumpe Serie:<\/td>\n<td colspan=\"3\" width=\"850\">HPV35 (PC60); HPV55 (PC120); HPV90 (PC200-3); HPV90 (PC200-5); PHV95 (PC200-6, PC120-6 mit Ausnahme der Pumpenwelle); HPV132 (PC300-7, PC400-6); HPV160 (PC300\/400-3\/5); HPV135; PC30UU; PC40-8 Hauptpumpe; PC50; PC60, usw.<\/td>\n<\/tr>\n<tr>\n<td width=\"121\">Serie Caterpillar:<\/td>\n<td colspan=\"3\" width=\"850\">VRD63 (CAT120) Doppelpumpe; SBS80 (CAT312C) Hauptpumpe; E200B (neu) Doppelpumpe; AP-12 Doppelpumpe; AP-14 (CAT325C); CAT320C Doppelpumpe; SPK10\/10 (E200B) Doppelpumpe; SPV10\/10 (MS180) Doppelpumpe; CAT12G; CAT14G\/16G; CAT215; CAT245; CAT330B Fahrmotor; PSV450 (AP-12) Walking; CAT992; CAT330C Walking; CAT385H.<\/td>\n<\/tr>\n<tr>\n<td width=\"121\">Serie Kayab (KYB, kayaba):<\/td>\n<td colspan=\"3\" width=\"850\">PSVD2-16E (Shanhe Intelligent 1,6-2 Tonnen); PSVD2-21C (KYB); PSVD2-21E (KYB) 4T\/SVD22 kleine Grabungshauptpumpe; PSVD2-26E\/27E (KYB); KYB-25CC (Ishikawashima 45, Kubota K040\/K045); Ishikawajima 60; PSVL-54 (KYB Kubota 6 Tonnen 155 Bagger).<\/td>\n<\/tr>\n<tr>\n<td width=\"121\">Die Nachi-Serie:<\/td>\n<td colspan=\"3\" width=\"850\">PVD-2B-32L; PVD-2B-34 zu Fu\u00df; PVD-2B-34L (kleine Grabungshauptpumpe); PVD-2B-36L\/38\/40; PVD-2B-42; PVD-2B-63; PVD45; 130; PVK-2B-505 (ZAX55 Hauptpumpe); YC35-6 Yuchai Kleinbagger-Drehmotor; YC35-6 Yuchai Kleinbagger-Fahrmotor; PCL-200-18B (Yuchai 55 Umdrehung); Bobcat 331 Bagger ( Drehung); Bobcat 337 (Schreitmotor).<\/td>\n<\/tr>\n<tr>\n<td width=\"121\">Toshiba-Serie:<\/td>\n<td colspan=\"3\" width=\"850\">SG02; SG025 (MFB40); SG04 (MFB80); SG08 (MFB160); SG12; SG20 (MFB250); PVB92 (PVC90RC08\/PVC70R) (Toshiba 8 Tonnen, Yuchai 8,5 Tonnen Bagger); PV090; PV092 (PV080 universal) ;PSVS-90.<\/td>\n<\/tr>\n<tr>\n<td width=\"121\">Reihe JEIL:<\/td>\n<td colspan=\"3\" width=\"850\">JMV-44\/22; JMV-53\/34 (6-8 Tonnen Kleinbagger-Fahrmotor); JMF-64; JMV 147\/95; JMF-151-VBR (22SM1510117); JMF-155.<\/td>\n<\/tr>\n<tr>\n<td width=\"121\">Baureihe Liebherr:<\/td>\n<td colspan=\"3\" width=\"850\">LPVD45; LPVD64; LPVD75; LPVD90; LPVD100; LPVD100 neu (914); LPVD125; LPVD125 neu; LPVD140; LPVD250; LPVD260.<\/td>\n<\/tr>\n<tr>\n<td width=\"121\">Serie Kobelco \/ Kato:<\/td>\n<td colspan=\"3\" width=\"850\">SK250-8 Hauptpumpe; SK200-1\/3 Fahrmotor; SK220-3 (MA340 Fahrmotor); SK200-6 Fahrmotor; SK200-6 Walking neu; SK320 Fahrmotor; M3V150 (SK220-2) Fahrmotor; SK430 Walking Motor; Kato 400 Baggermotor; HD450V-2 (Kato); HD3000; DH55 (Daewoo 55 Bagger-Schwenkmotor); T3X128\/Daewoo 300-7 schwenkend; Daewoo 225-7 schreitend; Daewoo DH370 schwenkend; Hyundai 60-7 schwenkend Motor; moderner 480 Schwenkmotor.<\/td>\n<\/tr>\n<tr>\n<td width=\"121\">Serie Kawasaki:<\/td>\n<td colspan=\"3\" width=\"850\">K3SP36C (SDV36) 8-Tonnen-Hauptpumpe f\u00fcr mittlere Bagger; K3V63DT (K3V63BDT); K3V112DT; K3V140DT; K3V180DT; K3V280; K3VG280; K3VG180; K3VL45; K5V80; K5V140 (Doosan 300-7); K5V160 (moderne 300-6 Hauptpumpe); M2X63; M2X96 (EX200-2); M2X120; M2X146 (EX200-5); M2X150\/170 (EX400); M2X210 (EX270\/280\/300); M5X130<\/td>\n<\/tr>\n<tr>\n<td width=\"121\">Serie Nabtesco:<\/td>\n<td colspan=\"3\" width=\"850\">GM05VL; GM05VA; GM06VL (60 Daewoo Walking); GM07VA (Daewoo DH55, Komatsu Walking 60-7); GM08 (Komatsu 60-3 \/ 5 Walking); GM09 (MSPG06-025 \/ PC60-7 Fahrmotor); GM10; GM17 (PC120-3 \/ 5 Walking); GM18; GM23; GM30H; GM35VA; GM35VL (Fahrmotoren); GM38VB (SK200-8, Kato Fahrmotor 1023-3); DNB08.<\/td>\n<\/tr>\n<tr>\n<td width=\"121\">Rexroth-Serie:<\/td>\n<td colspan=\"3\" width=\"850\">A4V40; A4V56; A4V71; A4V125; A4V250; A4VFO28; A4VSO40; A4VSO71; A4VSO125; A4VSO180; A4VSO250; A4VSO355; A4VSO500; A4VF500 \/ A4F500; A4VG28 (A4F028); A4VG50;; A4VG40; A4VG45 A4VG56; A4VG71; A4VTG71; A4VG90 (A4VT90HW \/ 32R); A4VHW90; A4VTG90-Ladepumpe (dick aufgetragen); A4VG125; A4VG125-Ladepumpe; A4VG125-Ladepumpe (allgemeiner Gebrauchstyp); A4VG125-Ladepumpe (A10VO28-Stringtyp); A4VG12-Ladepumpe (gro\u00df).<\/td>\n<\/tr>\n<tr>\n<td width=\"121\">Rexroth-Pumpenserie mit gebogener Achse:<\/td>\n<td colspan=\"3\" width=\"850\">A2F5;A2F12;A2F23;A2VK28;2VK28;A2F28;A2F55;A2F80;A2F107;A2F160;A2F200;<br \/>\nA2V225;A2F250;A2V500;A2V915;A2F355;A2F500;A2F1000;<br \/>\nA2FO10;A2FO12;A2FO16;A2FO23;A2FO28;A2FO32;A2FO45; A2FO56; A2FO63; A2FO80; A2FO90 \/ A2FE90; A2FO107; A2FO125 (A2FM125); A2FO200;; A2FO160; A2FO180 A2FO250;<br \/>\nA2FO500; A6V28; A7V55 \/ A8V55; A7V58; A7V80 \/ A8V80; A7V107 \/ A8V107; A7V160 \/ A8V160;A7V200; A7V225 ; A7V250; A7V355; A7V500; A6VM \/ A7V1000; A6VM \/ A7VO12; A7VO28; A7VO55; A7VO80; A7VO107; A7VO160; A6VM160; A6VE160; A6VM200; A6VM500; A7VO172; A7VO200; A7VO250; A7VO355; A7VO500.<\/td>\n<\/tr>\n<tr>\n<td width=\"121\">Serie Sauer:<\/td>\n<td colspan=\"3\" width=\"850\">PV20; PV21 (PVD21); PV22; PVD22 Doppelpumpe; PV23 (PVD23); PV24; SPV6 \/ 119; PV25; PV26; PV112; OPV27; MF16A; MFO35; MF500; MPVO46 \/ M46; MPR63; MPV45.<\/td>\n<\/tr>\n<tr>\n<td width=\"121\">Eaton-Serie:<\/td>\n<td colspan=\"3\" width=\"850\">3321\/3331 (Eaton 006); Eaton 3322 (EATON3322); 4621\/4621-007; 5421\/5431 (Eaton 23); Case 1460 (CASE1460); Case CS05A; Eaton 3932-243; Eaton 6423; 7621 (Eaton 24-7620); Stra\u00dfenwalze (Eaton 78462).<\/td>\n<\/tr>\n<tr>\n<td width=\"121\">Baureihe Vickers:<\/td>\n<td colspan=\"3\" width=\"850\">PVE19;TA19;PVE21;PVH45;PVH57;PVH74;PVH81;PVH98;PVH106(HPN-1398);<br \/>\nPVH131;PVH141;PVB5;PVB6;PVB10;PVB15(PVQ32 teilweise \u00fcblich);PVB20;PVB29;PVBQA29-SR;PVQ40 \/50; PVB110; TB35; B45.<\/td>\n<\/tr>\n<tr>\n<td width=\"121\">Serie LINDE:<\/td>\n<td colspan=\"3\" width=\"850\">HPR55\/75\/105\/135\/165\/210\/280 ;MPV45-01 MPV63-01; HMR75\/105\/135\/165;MPF55-01; MPR28\/45\/63\/71; HPR75\/90\/100\/130\/160;BPV35\/50\/70\/100\/200;B2PV35\/50\/75\/105\/140;<br \/>\nBMF35\/55\/75\/105\/140;BMV35\/55\/75\/105\/135;<br \/>\nBPR55\/75\/105\/140\/186\/260;HPV55T\/75\/105\/135\/165\/210; HMF28\/35\/50\/55\/75\/105\/135\/165\/210;<br \/>\nHPV130-01.<\/td>\n<\/tr>\n<tr>\n<td width=\"121\">Serie Parker:<\/td>\n<td colspan=\"3\" width=\"850\">PVP16\/23\/33\/41\/48\/60\/76\/100\/140;PVM16\/23\/28;PV016\/020\/023\/028\/032\/040\/046\/063;F11-005\/006\/012\/014\/019\/10\/28\/39\/80\/110\/150\/250;F12-030\/040\/060\/080\/110\/125\/150\/250;V12-060\/080 V14-110\/160;P2\/P3-060\/075\/105\/145;PAVC 33\/38\/65\/100<\/td>\n<\/tr>\n<\/tbody>\n<\/table>","protected":false},"excerpt":{"rendered":"","protected":false},"featured_media":10543,"comment_status":"open","ping_status":"closed","template":"","meta":{"site-sidebar-layout":"default","site-content-layout":"default","ast-global-header-display":"","ast-main-header-display":"","ast-hfb-above-header-display":"","ast-hfb-below-header-display":"","ast-hfb-mobile-header-display":"","site-post-title":"","ast-breadcrumbs-content":"","ast-featured-img":"","footer-sml-layout":"","theme-transparent-header-meta":"default","adv-header-id-meta":"","stick-header-meta":"","header-above-stick-meta":"","header-main-stick-meta":"","header-below-stick-meta":""},"product_cat":[29],"product_tag":[],"class_list":{"0":"post-10544","1":"product","2":"type-product","3":"status-publish","4":"has-post-thumbnail","6":"product_cat-piston-pumpmotor-assembly","7":"desktop-align-left","8":"tablet-align-left","9":"mobile-align-left","11":"first","12":"instock","13":"shipping-taxable","14":"product-type-simple"},"_links":{"self":[{"href":"https:\/\/timeway-hydraulics.com\/de\/wp-json\/wp\/v2\/product\/10544","targetHints":{"allow":["GET"]}}],"collection":[{"href":"https:\/\/timeway-hydraulics.com\/de\/wp-json\/wp\/v2\/product"}],"about":[{"href":"https:\/\/timeway-hydraulics.com\/de\/wp-json\/wp\/v2\/types\/product"}],"replies":[{"embeddable":true,"href":"https:\/\/timeway-hydraulics.com\/de\/wp-json\/wp\/v2\/comments?post=10544"}],"wp:featuredmedia":[{"embeddable":true,"href":"https:\/\/timeway-hydraulics.com\/de\/wp-json\/wp\/v2\/media\/10543"}],"wp:attachment":[{"href":"https:\/\/timeway-hydraulics.com\/de\/wp-json\/wp\/v2\/media?parent=10544"}],"wp:term":[{"taxonomy":"product_cat","embeddable":true,"href":"https:\/\/timeway-hydraulics.com\/de\/wp-json\/wp\/v2\/product_cat?post=10544"},{"taxonomy":"product_tag","embeddable":true,"href":"https:\/\/timeway-hydraulics.com\/de\/wp-json\/wp\/v2\/product_tag?post=10544"}],"curies":[{"name":"wp","href":"https:\/\/api.w.org\/{rel}","templated":true}]}}