{"id":157,"date":"2023-04-21T17:03:12","date_gmt":"2023-04-21T09:03:12","guid":{"rendered":"http:\/\/timeway-hydraulics.com\/?page_id=157"},"modified":"2024-06-07T20:34:46","modified_gmt":"2024-06-07T12:34:46","slug":"about","status":"publish","type":"page","link":"https:\/\/timeway-hydraulics.com\/de\/about\/","title":{"rendered":"\u00dcber"},"content":{"rendered":"<div data-elementor-type=\"wp-page\" data-elementor-id=\"157\" class=\"elementor elementor-157\" data-elementor-post-type=\"page\">\n\t\t\t\t\t\t<section class=\"elementor-section elementor-top-section elementor-element elementor-element-1fc8c17 elementor-section-height-min-height elementor-section-boxed elementor-section-height-default elementor-section-items-middle\" data-id=\"1fc8c17\" data-element_type=\"section\" data-e-type=\"section\" data-settings=\"{&quot;background_background&quot;:&quot;video&quot;,&quot;background_video_link&quot;:&quot;http:\\\/\\\/timeway-hydraulics.com\\\/wp-content\\\/uploads\\\/2023\\\/05\\\/5\\u670819\\u65e5-1.mp4&quot;,&quot;background_play_on_mobile&quot;:&quot;yes&quot;}\">\n\t\t\t\t\t\t\t\t<div class=\"elementor-background-video-container\">\n\t\t\t\t\t\t\t\t\t\t\t\t\t<video class=\"elementor-background-video-hosted\" role=\"presentation\" autoplay muted playsinline loop><\/video>\n\t\t\t\t\t\t\t\t\t\t\t<\/div>\n\t\t\t\t\t\t\t\t<div class=\"elementor-container elementor-column-gap-default\">\n\t\t\t\t\t<div class=\"elementor-column elementor-col-100 elementor-top-column elementor-element elementor-element-34668c8\" data-id=\"34668c8\" data-element_type=\"column\" data-e-type=\"column\">\n\t\t\t<div class=\"elementor-widget-wrap\">\n\t\t\t\t\t\t\t<\/div>\n\t\t<\/div>\n\t\t\t\t\t<\/div>\n\t\t<\/section>\n\t\t\t\t<section class=\"elementor-section elementor-top-section elementor-element elementor-element-2c1ca9e0 elementor-section-content-middle elementor-section-boxed elementor-section-height-default elementor-section-height-default\" data-id=\"2c1ca9e0\" data-element_type=\"section\" data-e-type=\"section\">\n\t\t\t\t\t\t<div class=\"elementor-container elementor-column-gap-no\">\n\t\t\t\t\t<div class=\"elementor-column elementor-col-100 elementor-top-column elementor-element elementor-element-4bc4d0df\" data-id=\"4bc4d0df\" data-element_type=\"column\" data-e-type=\"column\">\n\t\t\t<div class=\"elementor-widget-wrap elementor-element-populated\">\n\t\t\t\t\t\t<div class=\"elementor-element elementor-element-2b5c187a elementor-widget elementor-widget-heading\" data-id=\"2b5c187a\" data-element_type=\"widget\" data-e-type=\"widget\" data-widget_type=\"heading.default\">\n\t\t\t\t<div class=\"elementor-widget-container\">\n\t\t\t\t\t<h1 class=\"elementor-heading-title elementor-size-default\">\u00dcber das Unternehmen<\/h1>\t\t\t\t<\/div>\n\t\t\t\t<\/div>\n\t\t\t\t<div class=\"elementor-element elementor-element-4f57e094 elementor-widget elementor-widget-text-editor\" data-id=\"4f57e094\" data-element_type=\"widget\" data-e-type=\"widget\" data-widget_type=\"text-editor.default\">\n\t\t\t\t<div class=\"elementor-widget-container\">\n\t\t\t\t\t\t\t\t\t<p>Die Changzhou Quanshi Hydraulic Equipment Co. Ltd, Inhaber der Marke TIMEWAY, hat sich seit ihrer Gr\u00fcndung stark im Bereich der Hydrauliktechnologie engagiert. Unser Hauptsitz befindet sich in Changzhou, China, und wir haben fortschrittliche kooperative Fabriken in Yixing, Taixing und Huai'an in der Provinz Jiangsu, China. Diese Fabriken sind unser starker Produktionsr\u00fcckhalt, und wir setzen moderne Managementmethoden ein, um sicherzustellen, dass Produktionskapazit\u00e4t und Qualit\u00e4t Hand in Hand gehen. Wir konzentrieren uns auf technologische Innovation. Obwohl unsere F&amp;E-Organisationen derzeit in China konzentriert sind, achten wir weiterhin auf internationale Spitzentechnologien und \u00fcbernehmen diese, um die Wettbewerbsf\u00e4higkeit der TIMEWAY-Produkte auf dem globalen Markt zu erhalten.<\/p><p>Die Marke TIMEWAY umfasst Hydraulikpumpen, Hydraulikmotoren, Hydraulikventile, Hydraulikzylinder, komplette Hydrauliksysteme und alle Arten von professionellem Zubeh\u00f6r, die in den Branchen Baumaschinen, Metallurgie, Kunststoffverarbeitung, Schiffbau, Windenergie und Bergbau weit verbreitet sind. Wir bieten nicht nur Standardprodukte an, sondern auch ma\u00dfgeschneiderte L\u00f6sungen, um den vielf\u00e4ltigen Anforderungen des Marktes gerecht zu werden.\u00a0 \u00a0 \u00a0<\/p><p>Wir halten uns strikt an das Qualit\u00e4tsmanagementsystem ISO9001 und f\u00fchren von der Auswahl der Rohstoffe bis zur Auslieferung der fertigen Produkte strenge Qualit\u00e4tskontrollen durch. Der Einsatz fortschrittlicher Pr\u00fcfger\u00e4te stellt sicher, dass jedes Produkt die h\u00f6chsten Standards in der Branche erf\u00fcllt.\u00a0<\/p>\t\t\t\t\t\t\t\t<\/div>\n\t\t\t\t<\/div>\n\t\t\t\t<div class=\"elementor-element elementor-element-f51df58 elementor-widget elementor-widget-image\" data-id=\"f51df58\" data-element_type=\"widget\" data-e-type=\"widget\" data-widget_type=\"image.default\">\n\t\t\t\t<div class=\"elementor-widget-container\">\n\t\t\t\t\t\t\t\t\t\t\t\t\t\t\t<img fetchpriority=\"high\" decoding=\"async\" width=\"1442\" height=\"771\" src=\"https:\/\/timeway-hydraulics.com\/wp-content\/uploads\/2024\/06\/51bb3f597e74418169c40926204af8f.png\" class=\"attachment-1536x1536 size-1536x1536 wp-image-6868\" alt=\"\" srcset=\"https:\/\/timeway-hydraulics.com\/wp-content\/uploads\/2024\/06\/51bb3f597e74418169c40926204af8f.png 1442w, https:\/\/timeway-hydraulics.com\/wp-content\/uploads\/2024\/06\/51bb3f597e74418169c40926204af8f-300x160.png 300w, https:\/\/timeway-hydraulics.com\/wp-content\/uploads\/2024\/06\/51bb3f597e74418169c40926204af8f-1024x548.png 1024w, https:\/\/timeway-hydraulics.com\/wp-content\/uploads\/2024\/06\/51bb3f597e74418169c40926204af8f-768x411.png 768w, https:\/\/timeway-hydraulics.com\/wp-content\/uploads\/2024\/06\/51bb3f597e74418169c40926204af8f-600x321.png 600w\" sizes=\"(max-width: 1442px) 100vw, 1442px\" \/>\t\t\t\t\t\t\t\t\t\t\t\t\t\t\t<\/div>\n\t\t\t\t<\/div>\n\t\t\t\t<section class=\"elementor-section elementor-inner-section elementor-element elementor-element-3be8aa68 elementor-section-boxed elementor-section-height-default elementor-section-height-default\" data-id=\"3be8aa68\" data-element_type=\"section\" data-e-type=\"section\">\n\t\t\t\t\t\t<div class=\"elementor-container elementor-column-gap-default\">\n\t\t\t\t\t<div class=\"elementor-column elementor-col-50 elementor-inner-column elementor-element elementor-element-21bb3a55\" data-id=\"21bb3a55\" data-element_type=\"column\" data-e-type=\"column\">\n\t\t\t<div class=\"elementor-widget-wrap elementor-element-populated\">\n\t\t\t\t\t\t<div class=\"elementor-element elementor-element-5c6a5ed3 elementor-widget__width-initial elementor-widget elementor-widget-text-editor\" data-id=\"5c6a5ed3\" data-element_type=\"widget\" data-e-type=\"widget\" data-widget_type=\"text-editor.default\">\n\t\t\t\t<div class=\"elementor-widget-container\">\n\t\t\t\t\t\t\t\t\t<p>TIMEWAY ist sich der Komplexit\u00e4t und der Herausforderungen einer globalisierten Beschaffung bewusst. Daher verf\u00fcgen wir nicht nur \u00fcber ein hochqualifiziertes internationales Handelsteam, sondern bieten auch Beschaffungsl\u00f6sungen aus einer Hand, um die vielf\u00e4ltigen Bed\u00fcrfnisse unserer Kunden zu erf\u00fcllen.<\/p><p>Wir bieten nicht nur eine vollst\u00e4ndige Palette von Hydraulikprodukten unter unserem eigenen Markennamen TIMEWAY an, sondern f\u00fchren auch Beschaffungsdienstleistungen entsprechend den Kundenbed\u00fcrfnissen durch, indem wir die Ressourcen der globalen Lieferkette effektiv integrieren, einschlie\u00dflich, aber nicht beschr\u00e4nkt auf spezifische Spezifikationen von Hydraulikkomponenten, Zubeh\u00f6r und zugeh\u00f6riger Ausr\u00fcstung, um Produktkompatibilit\u00e4t und Systemeffizienz sicherzustellen.<\/p><p>Wir nutzen unsere Branchenerfahrung und unser umfangreiches Kooperationsnetzwerk, um Kunden bei der Optimierung des Beschaffungsprozesses und der Reduzierung von Zwischengliedern zu helfen und so die Gesamtbeschaffungskosten erheblich zu senken.<\/p><p>Wir sind in den gesamten Prozess involviert, von der Anfrage, Beschaffung, Wareninspektion, Logistik bis hin zum abschlie\u00dfenden Kundendienst, um Transparenz und hohe Effizienz in jeder Phase zu gew\u00e4hrleisten, so dass unsere Kunden einen bequemen und beruhigenden Service aus einer Hand auf globaler Ebene genie\u00dfen k\u00f6nnen.<\/p>\t\t\t\t\t\t\t\t<\/div>\n\t\t\t\t<\/div>\n\t\t\t\t<div class=\"elementor-element elementor-element-406f7ec elementor-widget elementor-widget-image\" data-id=\"406f7ec\" data-element_type=\"widget\" data-e-type=\"widget\" data-widget_type=\"image.default\">\n\t\t\t\t<div class=\"elementor-widget-container\">\n\t\t\t\t\t\t\t\t\t\t\t\t\t\t\t<img decoding=\"async\" width=\"888\" height=\"858\" src=\"https:\/\/timeway-hydraulics.com\/wp-content\/uploads\/2024\/06\/2101900d3d27204ad0b148a50153364.png\" class=\"attachment-large size-large wp-image-6869\" alt=\"\" srcset=\"https:\/\/timeway-hydraulics.com\/wp-content\/uploads\/2024\/06\/2101900d3d27204ad0b148a50153364.png 888w, https:\/\/timeway-hydraulics.com\/wp-content\/uploads\/2024\/06\/2101900d3d27204ad0b148a50153364-300x290.png 300w, https:\/\/timeway-hydraulics.com\/wp-content\/uploads\/2024\/06\/2101900d3d27204ad0b148a50153364-768x742.png 768w, https:\/\/timeway-hydraulics.com\/wp-content\/uploads\/2024\/06\/2101900d3d27204ad0b148a50153364-600x580.png 600w\" sizes=\"(max-width: 888px) 100vw, 888px\" \/>\t\t\t\t\t\t\t\t\t\t\t\t\t\t\t<\/div>\n\t\t\t\t<\/div>\n\t\t\t\t\t<\/div>\n\t\t<\/div>\n\t\t\t\t<div class=\"elementor-column elementor-col-50 elementor-inner-column elementor-element elementor-element-8fa0d74\" data-id=\"8fa0d74\" data-element_type=\"column\" data-e-type=\"column\">\n\t\t\t<div class=\"elementor-widget-wrap elementor-element-populated\">\n\t\t\t\t\t\t<div class=\"elementor-element elementor-element-68fb3901 elementor-widget elementor-widget-text-editor\" data-id=\"68fb3901\" data-element_type=\"widget\" data-e-type=\"widget\" data-widget_type=\"text-editor.default\">\n\t\t\t\t<div class=\"elementor-widget-container\">\n\t\t\t\t\t\t\t\t\t<p>Dar\u00fcber hinaus bieten wir auch Beratungsdienste f\u00fcr die Lieferkette an, um unseren Kunden zu helfen, die Dynamik des internationalen Marktes besser zu verstehen, Risiken zu vermeiden und ein optimales Lieferkettenmanagement zu erreichen.<\/p><p>TIMEWAY ist nicht nur Ihr Lieferant f\u00fcr hydraulische Ger\u00e4te, sondern auch Ihr zuverl\u00e4ssiger Partner auf dem globalen Markt.<\/p><p>In Verbindung mit der Marktnachfrage bieten wir auch Supply-Chain-Beratungsdienste an, um den Kunden zu helfen, die Marktdynamik zu verstehen, die Beschaffungsstrategie zu optimieren und die Verfeinerung und Effizienz des Supply-Chain-Managements zu erreichen.<\/p><p>Changzhou Quanshi Hydraulic Equipment Co., Ltd (TIMEWAY) hat sich zum Ziel gesetzt, durch kontinuierliche Innovation, Qualit\u00e4tsprodukte und exzellenten Service zum weltweit f\u00fchrenden Anbieter von Hydrauliktechnologie und -l\u00f6sungen zu werden und Kunden auf der ganzen Welt den kontinuierlichen Fortschritt und die Entwicklung der Hydraulikindustrie zu f\u00f6rdern.<\/p><p>Wir laden Sie ein, unsere offizielle Website zu besuchen oder uns direkt per E-Mail oder Telefon zu kontaktieren, um mehr \u00fcber die Produkte der Marke TIMEWAY und die M\u00f6glichkeiten der Zusammenarbeit zu erfahren. Schlagen Sie gemeinsam mit TIMEWAY ein neues Kapitel in der Hydrauliktechnik auf.<\/p>\t\t\t\t\t\t\t\t<\/div>\n\t\t\t\t<\/div>\n\t\t\t\t<div class=\"elementor-element elementor-element-9681d60 elementor-widget elementor-widget-image\" data-id=\"9681d60\" data-element_type=\"widget\" data-e-type=\"widget\" data-widget_type=\"image.default\">\n\t\t\t\t<div class=\"elementor-widget-container\">\n\t\t\t\t\t\t\t\t\t\t\t\t\t\t\t<img decoding=\"async\" width=\"1022\" height=\"1024\" src=\"https:\/\/timeway-hydraulics.com\/wp-content\/uploads\/2024\/06\/d22190ab447a3d39adeeeb163dd448b-1022x1024.png\" class=\"attachment-large size-large wp-image-6870\" alt=\"\" srcset=\"https:\/\/timeway-hydraulics.com\/wp-content\/uploads\/2024\/06\/d22190ab447a3d39adeeeb163dd448b-1022x1024.png 1022w, https:\/\/timeway-hydraulics.com\/wp-content\/uploads\/2024\/06\/d22190ab447a3d39adeeeb163dd448b-300x300.png 300w, https:\/\/timeway-hydraulics.com\/wp-content\/uploads\/2024\/06\/d22190ab447a3d39adeeeb163dd448b-150x150.png 150w, https:\/\/timeway-hydraulics.com\/wp-content\/uploads\/2024\/06\/d22190ab447a3d39adeeeb163dd448b-768x769.png 768w, https:\/\/timeway-hydraulics.com\/wp-content\/uploads\/2024\/06\/d22190ab447a3d39adeeeb163dd448b-600x601.png 600w, https:\/\/timeway-hydraulics.com\/wp-content\/uploads\/2024\/06\/d22190ab447a3d39adeeeb163dd448b-100x100.png 100w, https:\/\/timeway-hydraulics.com\/wp-content\/uploads\/2024\/06\/d22190ab447a3d39adeeeb163dd448b.png 1065w\" sizes=\"(max-width: 1022px) 100vw, 1022px\" \/>\t\t\t\t\t\t\t\t\t\t\t\t\t\t\t<\/div>\n\t\t\t\t<\/div>\n\t\t\t\t\t<\/div>\n\t\t<\/div>\n\t\t\t\t\t<\/div>\n\t\t<\/section>\n\t\t\t\t\t<\/div>\n\t\t<\/div>\n\t\t\t\t\t<\/div>\n\t\t<\/section>\n\t\t\t\t<section class=\"elementor-section elementor-top-section elementor-element elementor-element-1c0504ae elementor-section-content-middle elementor-section-boxed elementor-section-height-default elementor-section-height-default\" data-id=\"1c0504ae\" data-element_type=\"section\" data-e-type=\"section\">\n\t\t\t\t\t\t<div class=\"elementor-container elementor-column-gap-no\">\n\t\t\t\t\t<div class=\"elementor-column elementor-col-33 elementor-top-column elementor-element elementor-element-660e9004\" data-id=\"660e9004\" data-element_type=\"column\" data-e-type=\"column\" data-settings=\"{&quot;background_background&quot;:&quot;classic&quot;}\">\n\t\t\t<div class=\"elementor-widget-wrap elementor-element-populated\">\n\t\t\t\t\t\t<div class=\"elementor-element elementor-element-745f93ea elementor-widget elementor-widget-text-editor\" data-id=\"745f93ea\" data-element_type=\"widget\" data-e-type=\"widget\" data-widget_type=\"text-editor.default\">\n\t\t\t\t<div class=\"elementor-widget-container\">\n\t\t\t\t\t\t\t\t\t<p>Unser \u00fcber<\/p>\t\t\t\t\t\t\t\t<\/div>\n\t\t\t\t<\/div>\n\t\t\t\t<div class=\"elementor-element elementor-element-67a290e4 elementor-widget elementor-widget-heading\" data-id=\"67a290e4\" data-element_type=\"widget\" data-e-type=\"widget\" data-widget_type=\"heading.default\">\n\t\t\t\t<div class=\"elementor-widget-container\">\n\t\t\t\t\t<h3 class=\"elementor-heading-title elementor-size-default\">Werkschau<\/h3>\t\t\t\t<\/div>\n\t\t\t\t<\/div>\n\t\t\t\t<div class=\"elementor-element elementor-element-78de648b elementor-widget-divider--view-line elementor-widget elementor-widget-divider\" data-id=\"78de648b\" data-element_type=\"widget\" data-e-type=\"widget\" data-widget_type=\"divider.default\">\n\t\t\t\t<div class=\"elementor-widget-container\">\n\t\t\t\t\t\t\t<div class=\"elementor-divider\">\n\t\t\t<span class=\"elementor-divider-separator\">\n\t\t\t\t\t\t<\/span>\n\t\t<\/div>\n\t\t\t\t\t\t<\/div>\n\t\t\t\t<\/div>\n\t\t\t\t\t<\/div>\n\t\t<\/div>\n\t\t\t\t<div class=\"elementor-column elementor-col-33 elementor-top-column elementor-element elementor-element-d591e67\" data-id=\"d591e67\" data-element_type=\"column\" data-e-type=\"column\" data-settings=\"{&quot;background_background&quot;:&quot;classic&quot;}\">\n\t\t\t<div class=\"elementor-widget-wrap elementor-element-populated\">\n\t\t\t\t\t\t<div class=\"elementor-element elementor-element-4dc2e898 elementor-widget elementor-widget-image\" data-id=\"4dc2e898\" data-element_type=\"widget\" data-e-type=\"widget\" data-widget_type=\"image.default\">\n\t\t\t\t<div class=\"elementor-widget-container\">\n\t\t\t\t\t\t\t\t\t\t\t\t\t\t\t<img loading=\"lazy\" decoding=\"async\" width=\"1380\" height=\"603\" src=\"https:\/\/timeway-hydraulics.com\/wp-content\/uploads\/2024\/05\/\u5fae\u4fe1\u56fe\u7247_20240508170639.png\" class=\"elementor-animation-grow attachment-full size-full wp-image-1913\" alt=\"\" srcset=\"https:\/\/timeway-hydraulics.com\/wp-content\/uploads\/2024\/05\/\u5fae\u4fe1\u56fe\u7247_20240508170639.png 1380w, https:\/\/timeway-hydraulics.com\/wp-content\/uploads\/2024\/05\/\u5fae\u4fe1\u56fe\u7247_20240508170639-300x131.png 300w, https:\/\/timeway-hydraulics.com\/wp-content\/uploads\/2024\/05\/\u5fae\u4fe1\u56fe\u7247_20240508170639-1024x447.png 1024w, https:\/\/timeway-hydraulics.com\/wp-content\/uploads\/2024\/05\/\u5fae\u4fe1\u56fe\u7247_20240508170639-768x336.png 768w, https:\/\/timeway-hydraulics.com\/wp-content\/uploads\/2024\/05\/\u5fae\u4fe1\u56fe\u7247_20240508170639-600x262.png 600w\" sizes=\"(max-width: 1380px) 100vw, 1380px\" \/>\t\t\t\t\t\t\t\t\t\t\t\t\t\t\t<\/div>\n\t\t\t\t<\/div>\n\t\t\t\t<div class=\"elementor-element elementor-element-61a80cbb elementor-widget elementor-widget-text-editor\" data-id=\"61a80cbb\" data-element_type=\"widget\" data-e-type=\"widget\" data-widget_type=\"text-editor.default\">\n\t\t\t\t<div class=\"elementor-widget-container\">\n\t\t\t\t\t\t\t\t\t<p>Timeway stellt alle Ersatzteile f\u00fcr Kolbenpumpen, Kolbenmotor-Drehs\u00e4tze und einige Pumpenteile f\u00fcr deutsche Kolbenpumpenmarken her.<\/p><p>Timeway Hydraulics produziert: hydraulische Kolbenpumpen, Untersetzungsgetriebe, Fl\u00fcgelzellenpumpen, Orbitalmotoren und Umschaltventile.<\/p>\t\t\t\t\t\t\t\t<\/div>\n\t\t\t\t<\/div>\n\t\t\t\t\t<\/div>\n\t\t<\/div>\n\t\t\t\t<div class=\"elementor-column elementor-col-33 elementor-top-column elementor-element elementor-element-7cfebf66\" data-id=\"7cfebf66\" data-element_type=\"column\" data-e-type=\"column\" data-settings=\"{&quot;background_background&quot;:&quot;classic&quot;}\">\n\t\t\t<div class=\"elementor-widget-wrap elementor-element-populated\">\n\t\t\t\t\t\t<div class=\"elementor-element elementor-element-4e913e07 elementor-widget elementor-widget-text-editor\" data-id=\"4e913e07\" data-element_type=\"widget\" data-e-type=\"widget\" data-widget_type=\"text-editor.default\">\n\t\t\t\t<div class=\"elementor-widget-container\">\n\t\t\t\t\t\t\t\t\t<p>All Time Hydraulics verf\u00fcgt \u00fcber 4 Produktionsst\u00e4tten und \u00fcber 1500 Produkte auf Lager. 30 Hydraulikingenieure stehen Ihnen 24 Stunden am Tag zur Verf\u00fcgung. Schnelle Lieferung, 15 Monate Produktqualit\u00e4t und drei Garantien. All Time Hydraulics ist immer Ihr Experte f\u00fcr Hydraulikservice.<\/p>\t\t\t\t\t\t\t\t<\/div>\n\t\t\t\t<\/div>\n\t\t\t\t<div class=\"elementor-element elementor-element-63562d04 elementor-widget elementor-widget-image\" data-id=\"63562d04\" data-element_type=\"widget\" data-e-type=\"widget\" data-widget_type=\"image.default\">\n\t\t\t\t<div class=\"elementor-widget-container\">\n\t\t\t\t\t\t\t\t\t\t\t\t\t\t\t<img loading=\"lazy\" decoding=\"async\" width=\"1380\" height=\"789\" src=\"https:\/\/timeway-hydraulics.com\/wp-content\/uploads\/2024\/05\/\u5fae\u4fe1\u56fe\u7247_20240508170643.png\" class=\"elementor-animation-grow attachment-full size-full wp-image-1914\" alt=\"\" srcset=\"https:\/\/timeway-hydraulics.com\/wp-content\/uploads\/2024\/05\/\u5fae\u4fe1\u56fe\u7247_20240508170643.png 1380w, https:\/\/timeway-hydraulics.com\/wp-content\/uploads\/2024\/05\/\u5fae\u4fe1\u56fe\u7247_20240508170643-300x172.png 300w, https:\/\/timeway-hydraulics.com\/wp-content\/uploads\/2024\/05\/\u5fae\u4fe1\u56fe\u7247_20240508170643-1024x585.png 1024w, https:\/\/timeway-hydraulics.com\/wp-content\/uploads\/2024\/05\/\u5fae\u4fe1\u56fe\u7247_20240508170643-768x439.png 768w, https:\/\/timeway-hydraulics.com\/wp-content\/uploads\/2024\/05\/\u5fae\u4fe1\u56fe\u7247_20240508170643-600x343.png 600w\" sizes=\"(max-width: 1380px) 100vw, 1380px\" \/>\t\t\t\t\t\t\t\t\t\t\t\t\t\t\t<\/div>\n\t\t\t\t<\/div>\n\t\t\t\t\t<\/div>\n\t\t<\/div>\n\t\t\t\t\t<\/div>\n\t\t<\/section>\n\t\t\t\t<section class=\"elementor-section elementor-top-section elementor-element elementor-element-1b6670f2 elementor-section-boxed elementor-section-height-default elementor-section-height-default\" data-id=\"1b6670f2\" data-element_type=\"section\" data-e-type=\"section\" data-settings=\"{&quot;background_background&quot;:&quot;classic&quot;}\">\n\t\t\t\t\t\t<div class=\"elementor-container elementor-column-gap-default\">\n\t\t\t\t\t<div class=\"elementor-column elementor-col-100 elementor-top-column elementor-element elementor-element-5a614403\" data-id=\"5a614403\" data-element_type=\"column\" data-e-type=\"column\" data-settings=\"{&quot;background_background&quot;:&quot;classic&quot;}\">\n\t\t\t<div class=\"elementor-widget-wrap elementor-element-populated\">\n\t\t\t\t\t\t<div class=\"elementor-element elementor-element-52ed4224 elementor-widget elementor-widget-heading\" data-id=\"52ed4224\" data-element_type=\"widget\" data-e-type=\"widget\" data-widget_type=\"heading.default\">\n\t\t\t\t<div class=\"elementor-widget-container\">\n\t\t\t\t\t<h2 class=\"elementor-heading-title elementor-size-default\">Ihre Wahl f\u00fcr hochwertige hydraulische\nPumpen und Teile<\/h2>\t\t\t\t<\/div>\n\t\t\t\t<\/div>\n\t\t\t\t<div class=\"elementor-element elementor-element-543b5784 elementor-widget elementor-widget-text-editor\" data-id=\"543b5784\" data-element_type=\"widget\" data-e-type=\"widget\" data-widget_type=\"text-editor.default\">\n\t\t\t\t<div class=\"elementor-widget-container\">\n\t\t\t\t\t\t\t\t\t<p>Die Produkte eignen sich f\u00fcr Bagger, Pflastersteinmaschinen, Spritzgussmaschinen, Walzen, Betonpumpen, Betonmischer, Pressen, Kranmaschinen, Keramikmaschinen, Stahl, Maschinen, pharmazeutische Maschinen, Schiffbau, Maschinen, Bergbau und Metallurgie, wie z.B. hydraulische Ger\u00e4te ......<\/p>\t\t\t\t\t\t\t\t<\/div>\n\t\t\t\t<\/div>\n\t\t\t\t<section class=\"elementor-section elementor-inner-section elementor-element elementor-element-56d5d55b elementor-section-boxed elementor-section-height-default elementor-section-height-default\" data-id=\"56d5d55b\" data-element_type=\"section\" data-e-type=\"section\">\n\t\t\t\t\t\t<div class=\"elementor-container elementor-column-gap-default\">\n\t\t\t\t\t<div class=\"elementor-column elementor-col-50 elementor-inner-column elementor-element elementor-element-4a90f697\" data-id=\"4a90f697\" data-element_type=\"column\" data-e-type=\"column\">\n\t\t\t<div class=\"elementor-widget-wrap elementor-element-populated\">\n\t\t\t\t\t\t<div class=\"elementor-element elementor-element-5f1336d3 elementor-align-right elementor-mobile-align-center elementor-widget elementor-widget-button\" data-id=\"5f1336d3\" data-element_type=\"widget\" data-e-type=\"widget\" data-widget_type=\"button.default\">\n\t\t\t\t<div class=\"elementor-widget-container\">\n\t\t\t\t\t\t\t\t\t<div class=\"elementor-button-wrapper\">\n\t\t\t\t\t<a class=\"elementor-button elementor-button-link elementor-size-sm\" href=\"https:\/\/timeway-hydraulics.com\/de\/about\/\">\n\t\t\t\t\t\t<span class=\"elementor-button-content-wrapper\">\n\t\t\t\t\t\t<span class=\"elementor-button-icon\">\n\t\t\t\t<i aria-hidden=\"true\" class=\"fas fa-arrow-right\"><\/i>\t\t\t<\/span>\n\t\t\t\t\t\t\t\t\t<span class=\"elementor-button-text\">Mehr erfahren<\/span>\n\t\t\t\t\t<\/span>\n\t\t\t\t\t<\/a>\n\t\t\t\t<\/div>\n\t\t\t\t\t\t\t\t<\/div>\n\t\t\t\t<\/div>\n\t\t\t\t\t<\/div>\n\t\t<\/div>\n\t\t\t\t<div class=\"elementor-column elementor-col-50 elementor-inner-column elementor-element elementor-element-52ccc6c7\" data-id=\"52ccc6c7\" data-element_type=\"column\" data-e-type=\"column\">\n\t\t\t<div class=\"elementor-widget-wrap elementor-element-populated\">\n\t\t\t\t\t\t<div class=\"elementor-element elementor-element-7fed6dc3 elementor-align-left elementor-mobile-align-center elementor-widget elementor-widget-button\" data-id=\"7fed6dc3\" data-element_type=\"widget\" data-e-type=\"widget\" data-widget_type=\"button.default\">\n\t\t\t\t<div class=\"elementor-widget-container\">\n\t\t\t\t\t\t\t\t\t<div class=\"elementor-button-wrapper\">\n\t\t\t\t\t<a class=\"elementor-button elementor-button-link elementor-size-sm\" href=\"#elementor-action:action=popup:open&settings=eyJpZCI6IjE5NSIsInRvZ2dsZSI6ZmFsc2V9\">\n\t\t\t\t\t\t<span class=\"elementor-button-content-wrapper\">\n\t\t\t\t\t\t<span class=\"elementor-button-icon\">\n\t\t\t\t<i aria-hidden=\"true\" class=\"fas fa-arrow-right\"><\/i>\t\t\t<\/span>\n\t\t\t\t\t\t\t\t\t<span class=\"elementor-button-text\">Sofortiges Angebot anfordern<\/span>\n\t\t\t\t\t<\/span>\n\t\t\t\t\t<\/a>\n\t\t\t\t<\/div>\n\t\t\t\t\t\t\t\t<\/div>\n\t\t\t\t<\/div>\n\t\t\t\t\t<\/div>\n\t\t<\/div>\n\t\t\t\t\t<\/div>\n\t\t<\/section>\n\t\t\t\t\t<\/div>\n\t\t<\/div>\n\t\t\t\t\t<\/div>\n\t\t<\/section>\n\t\t\t\t<\/div>","protected":false},"excerpt":{"rendered":"<p>About the company Changzhou Quanshi Hydraulic Equipment Co., Ltd, as the holder of the TIMEWAY trademark, has been deeply committed to the field of hydraulic technology since its foundation. Our headquarter is located in Changzhou, China, and we have advanced co-operative factories in Yixing, Taixing and Huai&#8217;an in Jiangsu Province, China. These factories are our &hellip;<\/p>\n<p class=\"read-more\"> <a class=\"\" href=\"https:\/\/timeway-hydraulics.com\/de\/about\/\"> <span class=\"screen-reader-text\">\u00dcber<\/span> Weiterlesen &raquo;<\/a><\/p>","protected":false},"author":1,"featured_media":0,"parent":0,"menu_order":0,"comment_status":"closed","ping_status":"closed","template":"","meta":{"site-sidebar-layout":"no-sidebar","site-content-layout":"page-builder","ast-global-header-display":"","ast-main-header-display":"","ast-hfb-above-header-display":"","ast-hfb-below-header-display":"","ast-hfb-mobile-header-display":"","site-post-title":"disabled","ast-breadcrumbs-content":"","ast-featured-img":"disabled","footer-sml-layout":"","theme-transparent-header-meta":"","adv-header-id-meta":"","stick-header-meta":"","header-above-stick-meta":"","header-main-stick-meta":"","header-below-stick-meta":"","footnotes":""},"class_list":["post-157","page","type-page","status-publish","hentry"],"_links":{"self":[{"href":"https:\/\/timeway-hydraulics.com\/de\/wp-json\/wp\/v2\/pages\/157","targetHints":{"allow":["GET"]}}],"collection":[{"href":"https:\/\/timeway-hydraulics.com\/de\/wp-json\/wp\/v2\/pages"}],"about":[{"href":"https:\/\/timeway-hydraulics.com\/de\/wp-json\/wp\/v2\/types\/page"}],"author":[{"embeddable":true,"href":"https:\/\/timeway-hydraulics.com\/de\/wp-json\/wp\/v2\/users\/1"}],"replies":[{"embeddable":true,"href":"https:\/\/timeway-hydraulics.com\/de\/wp-json\/wp\/v2\/comments?post=157"}],"version-history":[{"count":64,"href":"https:\/\/timeway-hydraulics.com\/de\/wp-json\/wp\/v2\/pages\/157\/revisions"}],"predecessor-version":[{"id":6873,"href":"https:\/\/timeway-hydraulics.com\/de\/wp-json\/wp\/v2\/pages\/157\/revisions\/6873"}],"wp:attachment":[{"href":"https:\/\/timeway-hydraulics.com\/de\/wp-json\/wp\/v2\/media?parent=157"}],"curies":[{"name":"wp","href":"https:\/\/api.w.org\/{rel}","templated":true}]}}